{"id":5529,"date":"2024-02-27T12:59:01","date_gmt":"2024-02-27T11:59:01","guid":{"rendered":"https:\/\/pixidvms2dev.wpengine.com\/ch\/?page_id=5529"},"modified":"2024-02-27T12:59:01","modified_gmt":"2024-02-27T11:59:01","slug":"information-cookies","status":"publish","type":"page","link":"https:\/\/www.pixid-vms.com\/be\/fr\/information-cookies\/","title":{"rendered":"Information sur les cookies"},"content":{"rendered":"\t\t<div data-elementor-type=\"wp-page\" data-elementor-id=\"5529\" class=\"elementor elementor-5529\" data-elementor-post-type=\"page\">\n\t\t\t\t<div class=\"elementor-element elementor-element-4b685b1 e-con-full legalpage e-flex e-con e-parent\" data-id=\"4b685b1\" data-element_type=\"container\" data-e-type=\"container\" data-settings=\"{&quot;background_background&quot;:&quot;classic&quot;}\">\n\t\t<div class=\"elementor-element elementor-element-6fc733c e-flex e-con-boxed e-con e-child\" data-id=\"6fc733c\" data-element_type=\"container\" data-e-type=\"container\">\n\t\t\t\t\t<div class=\"e-con-inner\">\n\t\t\t\t<div class=\"elementor-element elementor-element-6fb3fa0 elementor-widget elementor-widget-global elementor-global-5282 elementor-widget-image\" data-id=\"6fb3fa0\" data-element_type=\"widget\" data-e-type=\"widget\" data-widget_type=\"image.default\">\n\t\t\t\t<div class=\"elementor-widget-container\">\n\t\t\t\t\t\t\t\t\t\t\t\t\t\t\t<img fetchpriority=\"high\" decoding=\"async\" width=\"480\" height=\"480\" src=\"https:\/\/www.pixid-vms.com\/be\/wp-content\/uploads\/sites\/11\/2024\/03\/24-01-favicon-pixid-1.png\" class=\"attachment-full size-full wp-image-5281\" alt=\"\" srcset=\"https:\/\/www.pixid-vms.com\/be\/wp-content\/uploads\/sites\/11\/2024\/03\/24-01-favicon-pixid-1.png 480w, https:\/\/www.pixid-vms.com\/be\/wp-content\/uploads\/sites\/11\/2024\/03\/24-01-favicon-pixid-1-300x300.png 300w, https:\/\/www.pixid-vms.com\/be\/wp-content\/uploads\/sites\/11\/2024\/03\/24-01-favicon-pixid-1-150x150.png 150w\" sizes=\"(max-width: 480px) 100vw, 480px\" \/>\t\t\t\t\t\t\t\t\t\t\t\t\t\t\t<\/div>\n\t\t\t\t<\/div>\n\t\t\t\t<div class=\"elementor-element elementor-element-e4f83a6 elementor-widget elementor-widget-heading\" data-id=\"e4f83a6\" data-element_type=\"widget\" data-e-type=\"widget\" data-widget_type=\"heading.default\">\n\t\t\t\t<div class=\"elementor-widget-container\">\n\t\t\t\t\t<h1 class=\"elementor-heading-title elementor-size-default\">Information sur les cookies<\/h1>\t\t\t\t<\/div>\n\t\t\t\t<\/div>\n\t\t\t\t<div class=\"elementor-element elementor-element-56ef3cd elementor-toc--minimized-on-tablet elementor-widget elementor-widget-table-of-contents\" data-id=\"56ef3cd\" data-element_type=\"widget\" data-e-type=\"widget\" data-settings=\"{&quot;exclude_headings_by_selector&quot;:[],&quot;marker_view&quot;:&quot;bullets&quot;,&quot;icon&quot;:{&quot;value&quot;:&quot;fas fa-caret-right&quot;,&quot;library&quot;:&quot;fa-solid&quot;},&quot;headings_by_tags&quot;:[&quot;h2&quot;,&quot;h3&quot;,&quot;h4&quot;,&quot;h5&quot;,&quot;h6&quot;],&quot;no_headings_message&quot;:&quot;No headings were found on this page.&quot;,&quot;minimize_box&quot;:&quot;yes&quot;,&quot;minimized_on&quot;:&quot;tablet&quot;,&quot;hierarchical_view&quot;:&quot;yes&quot;,&quot;min_height&quot;:{&quot;unit&quot;:&quot;px&quot;,&quot;size&quot;:&quot;&quot;,&quot;sizes&quot;:[]},&quot;min_height_laptop&quot;:{&quot;unit&quot;:&quot;px&quot;,&quot;size&quot;:&quot;&quot;,&quot;sizes&quot;:[]},&quot;min_height_tablet&quot;:{&quot;unit&quot;:&quot;px&quot;,&quot;size&quot;:&quot;&quot;,&quot;sizes&quot;:[]},&quot;min_height_mobile&quot;:{&quot;unit&quot;:&quot;px&quot;,&quot;size&quot;:&quot;&quot;,&quot;sizes&quot;:[]}}\" data-widget_type=\"table-of-contents.default\">\n\t\t\t\t<div class=\"elementor-widget-container\">\n\t\t\t\t\t\t\t\t\t<div class=\"elementor-toc__header\">\n\t\t\t\t\t\t<div class=\"elementor-toc__header-title\">\n\t\t\t\tSommaire\t\t\t<\/div>\n\t\t\t\t\t\t\t\t\t\t<div class=\"elementor-toc__toggle-button elementor-toc__toggle-button--expand\" role=\"button\" tabindex=\"0\" aria-controls=\"elementor-toc__56ef3cd\" aria-expanded=\"true\" aria-label=\"Open table of contents\"><i aria-hidden=\"true\" class=\"fas fa-chevron-down\"><\/i><\/div>\n\t\t\t\t<div class=\"elementor-toc__toggle-button elementor-toc__toggle-button--collapse\" role=\"button\" tabindex=\"0\" aria-controls=\"elementor-toc__56ef3cd\" aria-expanded=\"true\" aria-label=\"Close table of contents\"><i aria-hidden=\"true\" class=\"fas fa-chevron-up\"><\/i><\/div>\n\t\t\t\t\t<\/div>\n\t\t\t\t<div id=\"elementor-toc__56ef3cd\" class=\"elementor-toc__body\">\n\t\t\t<div class=\"elementor-toc__spinner-container\">\n\t\t\t\t<i class=\"elementor-toc__spinner eicon-animation-spin eicon-loading\" aria-hidden=\"true\"><\/i>\t\t\t<\/div>\n\t\t<\/div>\n\t\t\t\t\t\t<\/div>\n\t\t\t\t<\/div>\n\t\t\t\t<div class=\"elementor-element elementor-element-a385500 elementor-widget elementor-widget-heading\" data-id=\"a385500\" data-element_type=\"widget\" data-e-type=\"widget\" data-widget_type=\"heading.default\">\n\t\t\t\t<div class=\"elementor-widget-container\">\n\t\t\t\t\t<h2 class=\"elementor-heading-title elementor-size-default\">1- Qu\u2019est-ce que les cookies ?<\/h2>\t\t\t\t<\/div>\n\t\t\t\t<\/div>\n\t\t\t\t<div class=\"elementor-element elementor-element-ee2facb elementor-widget elementor-widget-text-editor\" data-id=\"ee2facb\" data-element_type=\"widget\" data-e-type=\"widget\" data-widget_type=\"text-editor.default\">\n\t\t\t\t<div class=\"elementor-widget-container\">\n\t\t\t\t\t\t\t\t\t<p>Les cookies correspondent \u00e0 des petits fichiers de lettres et de chiffres t\u00e9l\u00e9charg\u00e9s sur votre ordinateur, tablette ou t\u00e9l\u00e9phone lorsque vous acc\u00e9dez \u00e0 des sites web.<\/p>\n\n<p>PIXID utilise ces fichiers afin de g\u00e9rer votre session utilisateur et de r\u00e9colter des informations de navigation (navigateur utilis\u00e9, temps de connexion, pages consult\u00e9es \u2026) dans le but d\u2019\u00e9tablir des statistiques d\u2019utilisation en vue de l\u2019am\u00e9lioration de nos services.<\/p>\n\t\t\t\t\t\t\t\t<\/div>\n\t\t\t\t<\/div>\n\t\t\t\t<div class=\"elementor-element elementor-element-517f116 elementor-widget elementor-widget-heading\" data-id=\"517f116\" data-element_type=\"widget\" data-e-type=\"widget\" data-widget_type=\"heading.default\">\n\t\t\t\t<div class=\"elementor-widget-container\">\n\t\t\t\t\t<h2 class=\"elementor-heading-title elementor-size-default\">2- Comment param\u00e9trer les cookies ?<\/h2>\t\t\t\t<\/div>\n\t\t\t\t<\/div>\n\t\t\t\t<div class=\"elementor-element elementor-element-6b762b7 elementor-widget elementor-widget-text-editor\" data-id=\"6b762b7\" data-element_type=\"widget\" data-e-type=\"widget\" data-widget_type=\"text-editor.default\">\n\t\t\t\t<div class=\"elementor-widget-container\">\n\t\t\t\t\t\t\t\t\tLes param\u00e8tres par d\u00e9faut des navigateurs internet sont habituellement r\u00e9gl\u00e9s de mani\u00e8re \u00e0 accepter les cookies, mais vous pouvez facilement changer cela en modifiant les param\u00e8tres de votre navigateur. Toutefois, veuillez noter que si vous choisissez de d\u00e9sactiver les cookies, il se peut que votre navigation sur le site soit restreinte, sans que PIXID ne puisse en \u00eatre tenu responsable.\t\t\t\t\t\t\t\t<\/div>\n\t\t\t\t<\/div>\n\t\t\t\t<div class=\"elementor-element elementor-element-61bd3ac elementor-widget elementor-widget-heading\" data-id=\"61bd3ac\" data-element_type=\"widget\" data-e-type=\"widget\" data-widget_type=\"heading.default\">\n\t\t\t\t<div class=\"elementor-widget-container\">\n\t\t\t\t\t<h2 class=\"elementor-heading-title elementor-size-default\">3- Quels sont le cookies que nous utilisons ?<\/h2>\t\t\t\t<\/div>\n\t\t\t\t<\/div>\n\t\t\t\t<div class=\"elementor-element elementor-element-807bbd3 elementor-widget elementor-widget-text-editor\" data-id=\"807bbd3\" data-element_type=\"widget\" data-e-type=\"widget\" data-widget_type=\"text-editor.default\">\n\t\t\t\t<div class=\"elementor-widget-container\">\n\t\t\t\t\t\t\t\t\t<p>Voici la liste des cookies que nous pouvons utiliser :<\/p><table class=\"legal-texte\"><tbody><tr><th>Cookie<\/th><th>Identification du cookie<\/th><th>Finalit\u00e9 du cookie<\/th><\/tr><tr><td>Cookie pixid-vms.com<\/td><td>pixid-vms.com<\/td><td>Interne au framework utilis\u00e9 par le site (WordPress)<\/td><\/tr><tr><td>Google Analytics<\/td><td>google-analytics.com<\/td><td>Collecter les informations suivantes : navigateur utilis\u00e9, exp\u00e9rience utilisateur sur le site, pages vues, actions effectu\u00e9es, temps pass\u00e9 sur le site, \u2026 dans l\u2019objectif d\u2019\u00e9tablir des rapports statistiques sur l\u2019utilisation des services PIXID.<\/td><\/tr><\/tbody><\/table>\t\t\t\t\t\t\t\t<\/div>\n\t\t\t\t<\/div>\n\t\t\t\t<div class=\"elementor-element elementor-element-c88d791 elementor-widget elementor-widget-heading\" data-id=\"c88d791\" data-element_type=\"widget\" data-e-type=\"widget\" data-widget_type=\"heading.default\">\n\t\t\t\t<div class=\"elementor-widget-container\">\n\t\t\t\t\t<h2 class=\"elementor-heading-title elementor-size-default\">4- Comment supprimer mes cookies ?<\/h2>\t\t\t\t<\/div>\n\t\t\t\t<\/div>\n\t\t\t\t<div class=\"elementor-element elementor-element-be89d52 elementor-widget elementor-widget-text-editor\" data-id=\"be89d52\" data-element_type=\"widget\" data-e-type=\"widget\" data-widget_type=\"text-editor.default\">\n\t\t\t\t<div class=\"elementor-widget-container\">\n\t\t\t\t\t\t\t\t\t<p>Vous pouvez \u00e0 tout moment choisir de d\u00e9sactiver ces cookies. Votre navigateur peut \u00e9galement \u00eatre param\u00e9tr\u00e9 pour vous signaler les cookies qui sont d\u00e9pos\u00e9s dans votre ordinateur et vous demander de les accepter ou non. Vous pouvez accepter ou refuser les cookies au cas par cas ou bien les refuser syst\u00e9matiquement une fois pour toutes.<\/p>\n\n<p>Voici comment contr\u00f4ler ou emp\u00eacher l\u2019enregistrement des cookies.<\/p>\n\n<p>La configuration de chaque navigateur est diff\u00e9rente. Elle est d\u00e9crite dans le menu d\u2019aide de votre navigateur, qui vous permettra de savoir de quelle mani\u00e8re modifier vos souhaits en mati\u00e8re de cookies.<\/p>\n\n<p>Vous pouvez d\u00e9sactiver les cookies en suivant les instructions comme suit :<\/p>\n\t\t\t\t\t\t\t\t<\/div>\n\t\t\t\t<\/div>\n\t\t\t\t<div class=\"elementor-element elementor-element-b8556f4 elementor-widget elementor-widget-heading\" data-id=\"b8556f4\" data-element_type=\"widget\" data-e-type=\"widget\" data-widget_type=\"heading.default\">\n\t\t\t\t<div class=\"elementor-widget-container\">\n\t\t\t\t\t<h3 class=\"elementor-heading-title elementor-size-default\">4.1- si vous utilisez le navigateur Internet Explorer<\/h3>\t\t\t\t<\/div>\n\t\t\t\t<\/div>\n\t\t\t\t<div class=\"elementor-element elementor-element-b94e9a3 elementor-widget elementor-widget-text-editor\" data-id=\"b94e9a3\" data-element_type=\"widget\" data-e-type=\"widget\" data-widget_type=\"text-editor.default\">\n\t\t\t\t<div class=\"elementor-widget-container\">\n\t\t\t\t\t\t\t\t\t<p>Dans Internet Explorer, cliquez sur le bouton Outils, puis sur Options Internet. Sous l\u2019onglet G\u00e9n\u00e9ral, sous Historique de navigation, cliquez sur le bouton Supprimer. V\u00e9rifiez que l\u2019option Cookies est s\u00e9lectionn\u00e9e puis cliquer sur le bouton Supprimer.<\/p>\n\n<p>Sous l\u2019onglet Confidentialit\u00e9, puis sous Param\u00e8tres, d\u00e9placez le curseur vers le haut pour bloquer tous les cookies, puis cliquer sur OK.<\/p>\t\t\t\t\t\t\t\t<\/div>\n\t\t\t\t<\/div>\n\t\t\t\t<div class=\"elementor-element elementor-element-f847583 elementor-widget elementor-widget-heading\" data-id=\"f847583\" data-element_type=\"widget\" data-e-type=\"widget\" data-widget_type=\"heading.default\">\n\t\t\t\t<div class=\"elementor-widget-container\">\n\t\t\t\t\t<h3 class=\"elementor-heading-title elementor-size-default\">4.2- si vous utilisez le navigateur Firefox<\/h3>\t\t\t\t<\/div>\n\t\t\t\t<\/div>\n\t\t\t\t<div class=\"elementor-element elementor-element-3f606b3 elementor-widget elementor-widget-text-editor\" data-id=\"3f606b3\" data-element_type=\"widget\" data-e-type=\"widget\" data-widget_type=\"text-editor.default\">\n\t\t\t\t<div class=\"elementor-widget-container\">\n\t\t\t\t\t\t\t\t\tAllez dans l\u2019onglet Outils du navigateur puis s\u00e9lectionnez le menu Options. Dans la fen\u00eatre qui s\u2019affiche, choisissez Vie priv\u00e9e et cliquez sur Supprimez des cookies sp\u00e9cifiques. Rep\u00e9rez les fichiers qui contiennent le nom PIXID. S\u00e9lectionnez-les et supprimez-les.\t\t\t\t\t\t\t\t<\/div>\n\t\t\t\t<\/div>\n\t\t\t\t<div class=\"elementor-element elementor-element-48b7238 elementor-widget elementor-widget-heading\" data-id=\"48b7238\" data-element_type=\"widget\" data-e-type=\"widget\" data-widget_type=\"heading.default\">\n\t\t\t\t<div class=\"elementor-widget-container\">\n\t\t\t\t\t<h3 class=\"elementor-heading-title elementor-size-default\">4.3- si vous utilisez le navigateur Google Chrome<\/h3>\t\t\t\t<\/div>\n\t\t\t\t<\/div>\n\t\t\t\t<div class=\"elementor-element elementor-element-5716903 elementor-widget elementor-widget-text-editor\" data-id=\"5716903\" data-element_type=\"widget\" data-e-type=\"widget\" data-widget_type=\"text-editor.default\">\n\t\t\t\t<div class=\"elementor-widget-container\">\n\t\t\t\t\t\t\t\t\tDans l\u2019angle sup\u00e9rieur droit, cliquez sur Plus puis sur Param\u00e8tres. En bas de la page, cliquez sur Afficher les param\u00e8tres avanc\u00e9s. Dans la section Confidentialit\u00e9, cliquez sur Param\u00e8tres de contenu. Sous Cookies, s\u00e9lectionner le niveau de blocage de cookies que vous souhaitez. Cliquez sur Cookies et donn\u00e9es de site. S\u00e9lectionner les cookies \u00e0 supprimer et cliquez sur la croix \u00e0 droite.\t\t\t\t\t\t\t\t<\/div>\n\t\t\t\t<\/div>\n\t\t\t\t\t<\/div>\n\t\t\t\t<\/div>\n\t\t\t\t<\/div>\n\t\t\t\t<\/div>\n\t\t","protected":false},"excerpt":{"rendered":"<p>\/*! elementor &#8211; v3.21.0 &#8211; 18-04-2024 *\/ .elementor-widget-image{text-align:center}.elementor-widget-image a{display:inline-block}.elementor-widget-image a img[src$=&#8221;.svg&#8221;]{width:48px}.elementor-widget-image img{vertical-align:middle;display:inline-block} Information sur les cookies Sommaire 1- Qu\u2019est-ce que les cookies ? Les cookies correspondent \u00e0 des petits fichiers de lettres et de chiffres t\u00e9l\u00e9charg\u00e9s sur votre ordinateur, tablette ou t\u00e9l\u00e9phone lorsque vous acc\u00e9dez \u00e0 des sites web. PIXID utilise ces fichiers afin de [&hellip;]<\/p>\n","protected":false},"author":9,"featured_media":5699,"parent":0,"menu_order":0,"comment_status":"closed","ping_status":"closed","template":"","meta":{"_acf_changed":false,"footnotes":""},"class_list":["post-5529","page","type-page","status-publish","has-post-thumbnail","hentry"],"acf":[],"yoast_head":"<!-- This site is optimized with the Yoast SEO plugin v27.5 - https:\/\/yoast.com\/product\/yoast-seo-wordpress\/ -->\n<title>Information sur les cookies<\/title>\n<meta name=\"description\" content=\"D\u00e9couvrez notre politique en mati\u00e8re de cookies et comment PIXID utilise les cookies. Comprenez vos choix et pr\u00e9f\u00e9rences en mati\u00e8re de suivi en ligne.\" \/>\n<meta name=\"robots\" content=\"index, follow, max-snippet:-1, max-image-preview:large, max-video-preview:-1\" \/>\n<link rel=\"canonical\" href=\"https:\/\/www.pixid-vms.com\/be\/fr\/information-cookies\/\" \/>\n<meta property=\"og:locale\" content=\"nl_BE\" \/>\n<meta property=\"og:type\" content=\"article\" \/>\n<meta property=\"og:title\" content=\"Information sur les cookies\" \/>\n<meta property=\"og:description\" content=\"D\u00e9couvrez notre politique en mati\u00e8re de cookies et comment PIXID utilise les cookies. Comprenez vos choix et pr\u00e9f\u00e9rences en mati\u00e8re de suivi en ligne.\" \/>\n<meta property=\"og:url\" content=\"https:\/\/www.pixid-vms.com\/be\/fr\/information-cookies\/\" \/>\n<meta property=\"og:site_name\" content=\"PIXID VMS BELGIE\" \/>\n<meta property=\"og:image\" content=\"https:\/\/www.pixid-vms.com\/be\/wp-content\/uploads\/sites\/11\/2024\/03\/generic-page-1.jpg\" \/>\n\t<meta property=\"og:image:width\" content=\"1920\" \/>\n\t<meta property=\"og:image:height\" content=\"667\" \/>\n\t<meta property=\"og:image:type\" content=\"image\/jpeg\" \/>\n<meta name=\"twitter:card\" content=\"summary_large_image\" \/>\n<meta name=\"twitter:image\" content=\"https:\/\/www.pixid-vms.com\/be\/wp-content\/uploads\/sites\/11\/2024\/03\/generic-page-1.jpg\" \/>\n<meta name=\"twitter:site\" content=\"@PIXID_Group\" \/>\n<meta name=\"twitter:label1\" content=\"Geschatte leestijd\" \/>\n\t<meta name=\"twitter:data1\" content=\"3 minuten\" \/>\n<script type=\"application\/ld+json\" class=\"yoast-schema-graph\">{\"@context\":\"https:\\\/\\\/schema.org\",\"@graph\":[{\"@type\":\"WebPage\",\"@id\":\"https:\\\/\\\/www.pixid-vms.com\\\/be\\\/fr\\\/information-cookies\\\/\",\"url\":\"https:\\\/\\\/www.pixid-vms.com\\\/be\\\/fr\\\/information-cookies\\\/\",\"name\":\"Information sur les cookies\",\"isPartOf\":{\"@id\":\"https:\\\/\\\/www.pixid-vms.com\\\/be\\\/#website\"},\"primaryImageOfPage\":{\"@id\":\"https:\\\/\\\/www.pixid-vms.com\\\/be\\\/fr\\\/information-cookies\\\/#primaryimage\"},\"image\":{\"@id\":\"https:\\\/\\\/www.pixid-vms.com\\\/be\\\/fr\\\/information-cookies\\\/#primaryimage\"},\"thumbnailUrl\":\"https:\\\/\\\/www.pixid-vms.com\\\/be\\\/wp-content\\\/uploads\\\/sites\\\/11\\\/2024\\\/03\\\/thumbnail-generic-page-1.jpg\",\"datePublished\":\"2024-02-27T11:59:01+00:00\",\"description\":\"D\u00e9couvrez notre politique en mati\u00e8re de cookies et comment PIXID utilise les cookies. Comprenez vos choix et pr\u00e9f\u00e9rences en mati\u00e8re de suivi en ligne.\",\"breadcrumb\":{\"@id\":\"https:\\\/\\\/www.pixid-vms.com\\\/be\\\/fr\\\/information-cookies\\\/#breadcrumb\"},\"inLanguage\":\"nl-BE\",\"potentialAction\":[{\"@type\":\"ReadAction\",\"target\":[\"https:\\\/\\\/www.pixid-vms.com\\\/be\\\/fr\\\/information-cookies\\\/\"]}]},{\"@type\":\"ImageObject\",\"inLanguage\":\"nl-BE\",\"@id\":\"https:\\\/\\\/www.pixid-vms.com\\\/be\\\/fr\\\/information-cookies\\\/#primaryimage\",\"url\":\"https:\\\/\\\/www.pixid-vms.com\\\/be\\\/wp-content\\\/uploads\\\/sites\\\/11\\\/2024\\\/03\\\/thumbnail-generic-page-1.jpg\",\"contentUrl\":\"https:\\\/\\\/www.pixid-vms.com\\\/be\\\/wp-content\\\/uploads\\\/sites\\\/11\\\/2024\\\/03\\\/thumbnail-generic-page-1.jpg\",\"width\":300,\"height\":300},{\"@type\":\"BreadcrumbList\",\"@id\":\"https:\\\/\\\/www.pixid-vms.com\\\/be\\\/fr\\\/information-cookies\\\/#breadcrumb\",\"itemListElement\":[{\"@type\":\"ListItem\",\"position\":1,\"name\":\"Home\",\"item\":\"https:\\\/\\\/www.pixid-vms.com\\\/be\\\/\"},{\"@type\":\"ListItem\",\"position\":2,\"name\":\"Information sur les cookies\"}]},{\"@type\":\"WebSite\",\"@id\":\"https:\\\/\\\/www.pixid-vms.com\\\/be\\\/#website\",\"url\":\"https:\\\/\\\/www.pixid-vms.com\\\/be\\\/\",\"name\":\"PIXID VMS\",\"description\":\"Software voor interim-management\",\"potentialAction\":[{\"@type\":\"SearchAction\",\"target\":{\"@type\":\"EntryPoint\",\"urlTemplate\":\"https:\\\/\\\/www.pixid-vms.com\\\/be\\\/?s={search_term_string}\"},\"query-input\":{\"@type\":\"PropertyValueSpecification\",\"valueRequired\":true,\"valueName\":\"search_term_string\"}}],\"inLanguage\":\"nl-BE\"}]}<\/script>\n<!-- \/ Yoast SEO plugin. -->","yoast_head_json":{"title":"Information sur les cookies","description":"D\u00e9couvrez notre politique en mati\u00e8re de cookies et comment PIXID utilise les cookies. Comprenez vos choix et pr\u00e9f\u00e9rences en mati\u00e8re de suivi en ligne.","robots":{"index":"index","follow":"follow","max-snippet":"max-snippet:-1","max-image-preview":"max-image-preview:large","max-video-preview":"max-video-preview:-1"},"canonical":"https:\/\/www.pixid-vms.com\/be\/fr\/information-cookies\/","og_locale":"nl_BE","og_type":"article","og_title":"Information sur les cookies","og_description":"D\u00e9couvrez notre politique en mati\u00e8re de cookies et comment PIXID utilise les cookies. Comprenez vos choix et pr\u00e9f\u00e9rences en mati\u00e8re de suivi en ligne.","og_url":"https:\/\/www.pixid-vms.com\/be\/fr\/information-cookies\/","og_site_name":"PIXID VMS BELGIE","og_image":[{"width":1920,"height":667,"url":"https:\/\/www.pixid-vms.com\/be\/wp-content\/uploads\/sites\/11\/2024\/03\/generic-page-1.jpg","type":"image\/jpeg"}],"twitter_card":"summary_large_image","twitter_image":"https:\/\/www.pixid-vms.com\/be\/wp-content\/uploads\/sites\/11\/2024\/03\/generic-page-1.jpg","twitter_site":"@PIXID_Group","twitter_misc":{"Geschatte leestijd":"3 minuten"},"schema":{"@context":"https:\/\/schema.org","@graph":[{"@type":"WebPage","@id":"https:\/\/www.pixid-vms.com\/be\/fr\/information-cookies\/","url":"https:\/\/www.pixid-vms.com\/be\/fr\/information-cookies\/","name":"Information sur les cookies","isPartOf":{"@id":"https:\/\/www.pixid-vms.com\/be\/#website"},"primaryImageOfPage":{"@id":"https:\/\/www.pixid-vms.com\/be\/fr\/information-cookies\/#primaryimage"},"image":{"@id":"https:\/\/www.pixid-vms.com\/be\/fr\/information-cookies\/#primaryimage"},"thumbnailUrl":"https:\/\/www.pixid-vms.com\/be\/wp-content\/uploads\/sites\/11\/2024\/03\/thumbnail-generic-page-1.jpg","datePublished":"2024-02-27T11:59:01+00:00","description":"D\u00e9couvrez notre politique en mati\u00e8re de cookies et comment PIXID utilise les cookies. Comprenez vos choix et pr\u00e9f\u00e9rences en mati\u00e8re de suivi en ligne.","breadcrumb":{"@id":"https:\/\/www.pixid-vms.com\/be\/fr\/information-cookies\/#breadcrumb"},"inLanguage":"nl-BE","potentialAction":[{"@type":"ReadAction","target":["https:\/\/www.pixid-vms.com\/be\/fr\/information-cookies\/"]}]},{"@type":"ImageObject","inLanguage":"nl-BE","@id":"https:\/\/www.pixid-vms.com\/be\/fr\/information-cookies\/#primaryimage","url":"https:\/\/www.pixid-vms.com\/be\/wp-content\/uploads\/sites\/11\/2024\/03\/thumbnail-generic-page-1.jpg","contentUrl":"https:\/\/www.pixid-vms.com\/be\/wp-content\/uploads\/sites\/11\/2024\/03\/thumbnail-generic-page-1.jpg","width":300,"height":300},{"@type":"BreadcrumbList","@id":"https:\/\/www.pixid-vms.com\/be\/fr\/information-cookies\/#breadcrumb","itemListElement":[{"@type":"ListItem","position":1,"name":"Home","item":"https:\/\/www.pixid-vms.com\/be\/"},{"@type":"ListItem","position":2,"name":"Information sur les cookies"}]},{"@type":"WebSite","@id":"https:\/\/www.pixid-vms.com\/be\/#website","url":"https:\/\/www.pixid-vms.com\/be\/","name":"PIXID VMS","description":"Software voor interim-management","potentialAction":[{"@type":"SearchAction","target":{"@type":"EntryPoint","urlTemplate":"https:\/\/www.pixid-vms.com\/be\/?s={search_term_string}"},"query-input":{"@type":"PropertyValueSpecification","valueRequired":true,"valueName":"search_term_string"}}],"inLanguage":"nl-BE"}]}},"lang":"fr","translations":{"fr":5529,"nl":5275},"pll_sync_post":[],"_links":{"self":[{"href":"https:\/\/www.pixid-vms.com\/be\/wp-json\/wp\/v2\/pages\/5529","targetHints":{"allow":["GET"]}}],"collection":[{"href":"https:\/\/www.pixid-vms.com\/be\/wp-json\/wp\/v2\/pages"}],"about":[{"href":"https:\/\/www.pixid-vms.com\/be\/wp-json\/wp\/v2\/types\/page"}],"author":[{"embeddable":true,"href":"https:\/\/www.pixid-vms.com\/be\/wp-json\/wp\/v2\/users\/9"}],"replies":[{"embeddable":true,"href":"https:\/\/www.pixid-vms.com\/be\/wp-json\/wp\/v2\/comments?post=5529"}],"version-history":[{"count":0,"href":"https:\/\/www.pixid-vms.com\/be\/wp-json\/wp\/v2\/pages\/5529\/revisions"}],"wp:featuredmedia":[{"embeddable":true,"href":"https:\/\/www.pixid-vms.com\/be\/wp-json\/wp\/v2\/media\/5699"}],"wp:attachment":[{"href":"https:\/\/www.pixid-vms.com\/be\/wp-json\/wp\/v2\/media?parent=5529"}],"curies":[{"name":"wp","href":"https:\/\/api.w.org\/{rel}","templated":true}]}}