{"id":5973,"date":"2024-12-16T17:36:41","date_gmt":"2024-12-16T16:36:41","guid":{"rendered":"https:\/\/www.pixid-vms.com\/be\/?page_id=5973"},"modified":"2025-01-15T14:19:30","modified_gmt":"2025-01-15T13:19:30","slug":"cas-clients","status":"publish","type":"page","link":"https:\/\/www.pixid-vms.com\/be\/fr\/cas-clients\/","title":{"rendered":"Cas clients"},"content":{"rendered":"<div style=\"margin-top: 0px; margin-bottom: 0px;\" class=\"sharethis-inline-share-buttons\" ><\/div>\t\t<div data-elementor-type=\"wp-page\" data-elementor-id=\"5973\" class=\"elementor elementor-5973\" data-elementor-post-type=\"page\">\n\t\t\t\t<div class=\"elementor-element elementor-element-7df6b65a e-con-full e-flex e-con e-parent\" data-id=\"7df6b65a\" data-element_type=\"container\" data-e-type=\"container\" data-settings=\"{&quot;background_background&quot;:&quot;classic&quot;}\">\n\t\t<div class=\"elementor-element elementor-element-4ec466ce e-flex e-con-boxed e-con e-child\" data-id=\"4ec466ce\" data-element_type=\"container\" data-e-type=\"container\">\n\t\t\t\t\t<div class=\"e-con-inner\">\n\t\t<div class=\"elementor-element elementor-element-aab2060 e-con-full e-flex e-con e-child\" data-id=\"aab2060\" data-element_type=\"container\" data-e-type=\"container\">\n\t\t\t\t<div class=\"elementor-element elementor-element-3692300e elementor-widget elementor-widget-heading\" data-id=\"3692300e\" data-element_type=\"widget\" data-e-type=\"widget\" data-widget_type=\"heading.default\">\n\t\t\t\t<div class=\"elementor-widget-container\">\n\t\t\t\t\t<h1 class=\"elementor-heading-title elementor-size-default\">Cas clients<\/h1>\t\t\t\t<\/div>\n\t\t\t\t<\/div>\n\t\t\t\t<div class=\"elementor-element elementor-element-59c5da40 form-message elementor-hidden-mobile elementor-widget elementor-widget-text-editor\" data-id=\"59c5da40\" data-element_type=\"widget\" data-e-type=\"widget\" data-widget_type=\"text-editor.default\">\n\t\t\t\t<div class=\"elementor-widget-container\">\n\t\t\t\t\t\t\t\t\tD\u00e9couvrez comment Pixid VMS aide les agences et les entreprises \u00e0 optimiser leur gestion de l\u2019int\u00e9rim gr\u00e2ce aux t\u00e9moignages de nos clients.\n\t\t\t\t\t\t\t\t<\/div>\n\t\t\t\t<\/div>\n\t\t\t\t<\/div>\n\t\t\t\t\t<\/div>\n\t\t\t\t<\/div>\n\t\t\t\t<\/div>\n\t\t<div class=\"elementor-element elementor-element-767dba2 e-con-full e-flex e-con e-parent\" data-id=\"767dba2\" data-element_type=\"container\" data-e-type=\"container\">\n\t\t<div class=\"elementor-element elementor-element-5b6cd84d e-flex e-con-boxed e-con e-child\" data-id=\"5b6cd84d\" data-element_type=\"container\" data-e-type=\"container\">\n\t\t\t\t\t<div class=\"e-con-inner\">\n\t\t\t\t<div class=\"elementor-element elementor-element-225848c elementor-widget elementor-widget-global elementor-global-5282 elementor-widget-image\" data-id=\"225848c\" data-element_type=\"widget\" data-e-type=\"widget\" data-widget_type=\"image.default\">\n\t\t\t\t<div class=\"elementor-widget-container\">\n\t\t\t\t\t\t\t\t\t\t\t\t\t\t\t<img fetchpriority=\"high\" decoding=\"async\" width=\"480\" height=\"480\" src=\"https:\/\/www.pixid-vms.com\/be\/wp-content\/uploads\/sites\/11\/2024\/03\/24-01-favicon-pixid-1.png\" class=\"attachment-full size-full wp-image-5281\" alt=\"\" srcset=\"https:\/\/www.pixid-vms.com\/be\/wp-content\/uploads\/sites\/11\/2024\/03\/24-01-favicon-pixid-1.png 480w, https:\/\/www.pixid-vms.com\/be\/wp-content\/uploads\/sites\/11\/2024\/03\/24-01-favicon-pixid-1-300x300.png 300w, https:\/\/www.pixid-vms.com\/be\/wp-content\/uploads\/sites\/11\/2024\/03\/24-01-favicon-pixid-1-150x150.png 150w\" sizes=\"(max-width: 480px) 100vw, 480px\" \/>\t\t\t\t\t\t\t\t\t\t\t\t\t\t\t<\/div>\n\t\t\t\t<\/div>\n\t\t\t\t<div class=\"elementor-element elementor-element-69714eb3 case-study elementor-posts__hover-none elementor-grid-3 elementor-grid-tablet-2 elementor-grid-mobile-1 elementor-posts--thumbnail-top elementor-card-shadow-yes elementor-widget elementor-widget-posts\" data-id=\"69714eb3\" data-element_type=\"widget\" data-e-type=\"widget\" data-settings=\"{&quot;pagination_type&quot;:&quot;prev_next&quot;,&quot;cards_columns&quot;:&quot;3&quot;,&quot;cards_columns_tablet&quot;:&quot;2&quot;,&quot;cards_columns_mobile&quot;:&quot;1&quot;,&quot;cards_row_gap&quot;:{&quot;unit&quot;:&quot;px&quot;,&quot;size&quot;:35,&quot;sizes&quot;:[]},&quot;cards_row_gap_laptop&quot;:{&quot;unit&quot;:&quot;px&quot;,&quot;size&quot;:&quot;&quot;,&quot;sizes&quot;:[]},&quot;cards_row_gap_tablet&quot;:{&quot;unit&quot;:&quot;px&quot;,&quot;size&quot;:&quot;&quot;,&quot;sizes&quot;:[]},&quot;cards_row_gap_mobile&quot;:{&quot;unit&quot;:&quot;px&quot;,&quot;size&quot;:&quot;&quot;,&quot;sizes&quot;:[]}}\" data-widget_type=\"posts.cards\">\n\t\t\t\t<div class=\"elementor-widget-container\">\n\t\t\t\t\t\t\t<div class=\"elementor-posts-container elementor-posts elementor-posts--skin-cards elementor-grid\" role=\"list\">\n\t\t\t\t<article class=\"elementor-post elementor-grid-item post-6606 post type-post status-publish format-standard has-post-thumbnail hentry category-cas-clients-fr\" role=\"listitem\">\n\t\t\t<div class=\"elementor-post__card\">\n\t\t\t\t<a class=\"elementor-post__thumbnail__link\" href=\"https:\/\/www.pixid-vms.com\/be\/fr\/cas-clients-fr\/randstad-external-management-suede\/\" tabindex=\"-1\" ><div class=\"elementor-post__thumbnail\"><img decoding=\"async\" width=\"696\" height=\"696\" src=\"https:\/\/www.pixid-vms.com\/be\/wp-content\/uploads\/sites\/11\/2025\/09\/Randstad-SE-case-study-logo.png\" class=\"attachment-full size-full wp-image-6538\" alt=\"\" srcset=\"https:\/\/www.pixid-vms.com\/be\/wp-content\/uploads\/sites\/11\/2025\/09\/Randstad-SE-case-study-logo.png 696w, https:\/\/www.pixid-vms.com\/be\/wp-content\/uploads\/sites\/11\/2025\/09\/Randstad-SE-case-study-logo-300x300.png 300w, https:\/\/www.pixid-vms.com\/be\/wp-content\/uploads\/sites\/11\/2025\/09\/Randstad-SE-case-study-logo-150x150.png 150w\" sizes=\"(max-width: 696px) 100vw, 696px\" \/><\/div><\/a>\n\t\t\t\t<div class=\"elementor-post__text\">\n\t\t\t\t<h3 class=\"elementor-post__title\">\n\t\t\t<a href=\"https:\/\/www.pixid-vms.com\/be\/fr\/cas-clients-fr\/randstad-external-management-suede\/\" >\n\t\t\t\tRandstad External Management Su\u00e8de\t\t\t<\/a>\n\t\t<\/h3>\n\t\t\t\t<div class=\"elementor-post__excerpt\">\n\t\t\t<p>Randstad Su\u00e8de a choisi Pixid VMS pour mettre en place un service d\u2019int\u00e9rim neutre vis-\u00e0-vis des fournisseurs. R\u00e9sultats : efficacit\u00e9 accrue, neutralit\u00e9 garantie et ouverture de nouveaux march\u00e9s.<\/p>\n\t\t<\/div>\n\t\t\t\t\t<div class=\"elementor-post__read-more-wrapper\">\n\t\t\n\t\t<a class=\"elementor-post__read-more\" href=\"https:\/\/www.pixid-vms.com\/be\/fr\/cas-clients-fr\/randstad-external-management-suede\/\" aria-label=\"Read more about Randstad External Management Su\u00e8de\" tabindex=\"-1\" >\n\t\t\ten savoir +\t\t<\/a>\n\n\t\t\t\t\t<\/div>\n\t\t\t\t<\/div>\n\t\t\t\t\t<\/div>\n\t\t<\/article>\n\t\t\t\t<article class=\"elementor-post elementor-grid-item post-6532 post type-post status-publish format-standard has-post-thumbnail hentry category-cas-clients-fr\" role=\"listitem\">\n\t\t\t<div class=\"elementor-post__card\">\n\t\t\t\t<a class=\"elementor-post__thumbnail__link\" href=\"https:\/\/www.pixid-vms.com\/be\/fr\/cas-clients-fr\/manpower-suisse-interim\/\" tabindex=\"-1\" ><div class=\"elementor-post__thumbnail\"><img decoding=\"async\" width=\"696\" height=\"696\" src=\"https:\/\/www.pixid-vms.com\/be\/wp-content\/uploads\/sites\/11\/2025\/09\/manpower-ch-casestudy.png\" class=\"attachment-full size-full wp-image-6521\" alt=\"\" srcset=\"https:\/\/www.pixid-vms.com\/be\/wp-content\/uploads\/sites\/11\/2025\/09\/manpower-ch-casestudy.png 696w, https:\/\/www.pixid-vms.com\/be\/wp-content\/uploads\/sites\/11\/2025\/09\/manpower-ch-casestudy-300x300.png 300w, https:\/\/www.pixid-vms.com\/be\/wp-content\/uploads\/sites\/11\/2025\/09\/manpower-ch-casestudy-150x150.png 150w\" sizes=\"(max-width: 696px) 100vw, 696px\" \/><\/div><\/a>\n\t\t\t\t<div class=\"elementor-post__text\">\n\t\t\t\t<h3 class=\"elementor-post__title\">\n\t\t\t<a href=\"https:\/\/www.pixid-vms.com\/be\/fr\/cas-clients-fr\/manpower-suisse-interim\/\" >\n\t\t\t\tManpower Suisse\t\t\t<\/a>\n\t\t<\/h3>\n\t\t\t\t<div class=\"elementor-post__excerpt\">\n\t\t\t<p>Le contrat d\u2019int\u00e9rim induit une relation tripartite entre l\u2019entreprise de travail temporaire (ETT), l\u2019entreprise [\u2026]<\/p>\n\t\t<\/div>\n\t\t\t\t\t<div class=\"elementor-post__read-more-wrapper\">\n\t\t\n\t\t<a class=\"elementor-post__read-more\" href=\"https:\/\/www.pixid-vms.com\/be\/fr\/cas-clients-fr\/manpower-suisse-interim\/\" aria-label=\"Read more about Manpower Suisse\" tabindex=\"-1\" >\n\t\t\ten savoir +\t\t<\/a>\n\n\t\t\t\t\t<\/div>\n\t\t\t\t<\/div>\n\t\t\t\t\t<\/div>\n\t\t<\/article>\n\t\t\t\t<article class=\"elementor-post elementor-grid-item post-6296 post type-post status-publish format-standard has-post-thumbnail hentry category-cas-clients-fr\" role=\"listitem\">\n\t\t\t<div class=\"elementor-post__card\">\n\t\t\t\t<a class=\"elementor-post__thumbnail__link\" href=\"https:\/\/www.pixid-vms.com\/be\/fr\/cas-clients-fr\/fed-group-gestion-interim-modernisee-avec-pixid\/\" tabindex=\"-1\" ><div class=\"elementor-post__thumbnail\"><img loading=\"lazy\" decoding=\"async\" width=\"696\" height=\"696\" src=\"https:\/\/www.pixid-vms.com\/be\/wp-content\/uploads\/sites\/11\/2025\/07\/fed-group-casestudy.png\" class=\"attachment-full size-full wp-image-6498\" alt=\"\" srcset=\"https:\/\/www.pixid-vms.com\/be\/wp-content\/uploads\/sites\/11\/2025\/07\/fed-group-casestudy.png 696w, https:\/\/www.pixid-vms.com\/be\/wp-content\/uploads\/sites\/11\/2025\/07\/fed-group-casestudy-300x300.png 300w, https:\/\/www.pixid-vms.com\/be\/wp-content\/uploads\/sites\/11\/2025\/07\/fed-group-casestudy-150x150.png 150w\" sizes=\"(max-width: 696px) 100vw, 696px\" \/><\/div><\/a>\n\t\t\t\t<div class=\"elementor-post__text\">\n\t\t\t\t<h3 class=\"elementor-post__title\">\n\t\t\t<a href=\"https:\/\/www.pixid-vms.com\/be\/fr\/cas-clients-fr\/fed-group-gestion-interim-modernisee-avec-pixid\/\" >\n\t\t\t\tFed Group : gestion int\u00e9rim modernis\u00e9e avec Pixid\t\t\t<\/a>\n\t\t<\/h3>\n\t\t\t\t<div class=\"elementor-post__excerpt\">\n\t\t\t<p>Fed Group digitalise la gestion de l\u2019int\u00e9rim avec Pixid. Plus d\u2019efficacit\u00e9, des int\u00e9rimaires satisfaits, moins d\u2019administratif et des clients convaincus.<\/p>\n\t\t<\/div>\n\t\t\t\t\t<div class=\"elementor-post__read-more-wrapper\">\n\t\t\n\t\t<a class=\"elementor-post__read-more\" href=\"https:\/\/www.pixid-vms.com\/be\/fr\/cas-clients-fr\/fed-group-gestion-interim-modernisee-avec-pixid\/\" aria-label=\"Read more about Fed Group : gestion int\u00e9rim modernis\u00e9e avec Pixid\" tabindex=\"-1\" >\n\t\t\ten savoir +\t\t<\/a>\n\n\t\t\t\t\t<\/div>\n\t\t\t\t<\/div>\n\t\t\t\t\t<\/div>\n\t\t<\/article>\n\t\t\t\t<article class=\"elementor-post elementor-grid-item post-6221 post type-post status-publish format-standard has-post-thumbnail hentry category-cas-clients-fr\" role=\"listitem\">\n\t\t\t<div class=\"elementor-post__card\">\n\t\t\t\t<a class=\"elementor-post__thumbnail__link\" href=\"https:\/\/www.pixid-vms.com\/be\/fr\/cas-clients-fr\/loreal-optimise-gestion-interim-avec-pixid\/\" tabindex=\"-1\" ><div class=\"elementor-post__thumbnail\"><img loading=\"lazy\" decoding=\"async\" width=\"696\" height=\"696\" src=\"https:\/\/www.pixid-vms.com\/be\/wp-content\/uploads\/sites\/11\/2025\/05\/loreal-casestudy.png\" class=\"attachment-full size-full wp-image-6495\" alt=\"\" srcset=\"https:\/\/www.pixid-vms.com\/be\/wp-content\/uploads\/sites\/11\/2025\/05\/loreal-casestudy.png 696w, https:\/\/www.pixid-vms.com\/be\/wp-content\/uploads\/sites\/11\/2025\/05\/loreal-casestudy-300x300.png 300w, https:\/\/www.pixid-vms.com\/be\/wp-content\/uploads\/sites\/11\/2025\/05\/loreal-casestudy-150x150.png 150w\" sizes=\"(max-width: 696px) 100vw, 696px\" \/><\/div><\/a>\n\t\t\t\t<div class=\"elementor-post__text\">\n\t\t\t\t<h3 class=\"elementor-post__title\">\n\t\t\t<a href=\"https:\/\/www.pixid-vms.com\/be\/fr\/cas-clients-fr\/loreal-optimise-gestion-interim-avec-pixid\/\" >\n\t\t\t\tL&#8217;Or\u00e9al optimise gestion int\u00e9rim avec Pixid\t\t\t<\/a>\n\t\t<\/h3>\n\t\t\t\t<div class=\"elementor-post__excerpt\">\n\t\t\t<p>D\u00e9couvrez comment L&#8217;Or\u00e9al a r\u00e9volutionn\u00e9 sa gestion de l&#8217;int\u00e9rim pour plus de performance et d&#8217;autonomie. <\/p>\n\t\t<\/div>\n\t\t\t\t\t<div class=\"elementor-post__read-more-wrapper\">\n\t\t\n\t\t<a class=\"elementor-post__read-more\" href=\"https:\/\/www.pixid-vms.com\/be\/fr\/cas-clients-fr\/loreal-optimise-gestion-interim-avec-pixid\/\" aria-label=\"Read more about L&#8217;Or\u00e9al optimise gestion int\u00e9rim avec Pixid\" tabindex=\"-1\" >\n\t\t\ten savoir +\t\t<\/a>\n\n\t\t\t\t\t<\/div>\n\t\t\t\t<\/div>\n\t\t\t\t\t<\/div>\n\t\t<\/article>\n\t\t\t\t<article class=\"elementor-post elementor-grid-item post-6202 post type-post status-publish format-standard has-post-thumbnail hentry category-cas-clients-fr\" role=\"listitem\">\n\t\t\t<div class=\"elementor-post__card\">\n\t\t\t\t<a class=\"elementor-post__thumbnail__link\" href=\"https:\/\/www.pixid-vms.com\/be\/fr\/cas-clients-fr\/gestion-interim-argedis-pixid\/\" tabindex=\"-1\" ><div class=\"elementor-post__thumbnail\"><img loading=\"lazy\" decoding=\"async\" width=\"696\" height=\"696\" src=\"https:\/\/www.pixid-vms.com\/be\/wp-content\/uploads\/sites\/11\/2025\/05\/argedis-casestudy.png\" class=\"attachment-full size-full wp-image-6496\" alt=\"\" srcset=\"https:\/\/www.pixid-vms.com\/be\/wp-content\/uploads\/sites\/11\/2025\/05\/argedis-casestudy.png 696w, https:\/\/www.pixid-vms.com\/be\/wp-content\/uploads\/sites\/11\/2025\/05\/argedis-casestudy-300x300.png 300w, https:\/\/www.pixid-vms.com\/be\/wp-content\/uploads\/sites\/11\/2025\/05\/argedis-casestudy-150x150.png 150w\" sizes=\"(max-width: 696px) 100vw, 696px\" \/><\/div><\/a>\n\t\t\t\t<div class=\"elementor-post__text\">\n\t\t\t\t<h3 class=\"elementor-post__title\">\n\t\t\t<a href=\"https:\/\/www.pixid-vms.com\/be\/fr\/cas-clients-fr\/gestion-interim-argedis-pixid\/\" >\n\t\t\t\tGestion Int\u00e9rim Argedis Pixid\t\t\t<\/a>\n\t\t<\/h3>\n\t\t\t\t<div class=\"elementor-post__excerpt\">\n\t\t\t<p>Face aux d\u00e9fis du recrutement int\u00e9rim local et d&#8217;un manque de visibilit\u00e9 nationale, Argedis (TotalEnergies) a choisi Pixid. La plateforme a centralis\u00e9 la gestion tout en offrant de l&#8217;autonomie aux sites, apportant efficacit\u00e9 et tra\u00e7abilit\u00e9, crucial pour les pics d&#8217;activit\u00e9.<\/p>\n\t\t<\/div>\n\t\t\t\t\t<div class=\"elementor-post__read-more-wrapper\">\n\t\t\n\t\t<a class=\"elementor-post__read-more\" href=\"https:\/\/www.pixid-vms.com\/be\/fr\/cas-clients-fr\/gestion-interim-argedis-pixid\/\" aria-label=\"Read more about Gestion Int\u00e9rim Argedis Pixid\" tabindex=\"-1\" >\n\t\t\ten savoir +\t\t<\/a>\n\n\t\t\t\t\t<\/div>\n\t\t\t\t<\/div>\n\t\t\t\t\t<\/div>\n\t\t<\/article>\n\t\t\t\t<article class=\"elementor-post elementor-grid-item post-6039 post type-post status-publish format-standard has-post-thumbnail hentry category-cas-clients-fr\" role=\"listitem\">\n\t\t\t<div class=\"elementor-post__card\">\n\t\t\t\t<a class=\"elementor-post__thumbnail__link\" href=\"https:\/\/www.pixid-vms.com\/be\/fr\/cas-clients-fr\/leader-interim\/\" tabindex=\"-1\" ><div class=\"elementor-post__thumbnail\"><img loading=\"lazy\" decoding=\"async\" width=\"696\" height=\"696\" src=\"https:\/\/www.pixid-vms.com\/be\/wp-content\/uploads\/sites\/11\/2025\/02\/Leader-case-study.png\" class=\"attachment-full size-full wp-image-6024\" alt=\"Leader logo\" srcset=\"https:\/\/www.pixid-vms.com\/be\/wp-content\/uploads\/sites\/11\/2025\/02\/Leader-case-study.png 696w, https:\/\/www.pixid-vms.com\/be\/wp-content\/uploads\/sites\/11\/2025\/02\/Leader-case-study-300x300.png 300w, https:\/\/www.pixid-vms.com\/be\/wp-content\/uploads\/sites\/11\/2025\/02\/Leader-case-study-150x150.png 150w, https:\/\/www.pixid-vms.com\/be\/wp-content\/uploads\/sites\/11\/2025\/02\/Leader-case-study-400x400.png 400w, https:\/\/www.pixid-vms.com\/be\/wp-content\/uploads\/sites\/11\/2025\/02\/Leader-case-study-600x600.png 600w\" sizes=\"(max-width: 696px) 100vw, 696px\" \/><\/div><\/a>\n\t\t\t\t<div class=\"elementor-post__text\">\n\t\t\t\t<h3 class=\"elementor-post__title\">\n\t\t\t<a href=\"https:\/\/www.pixid-vms.com\/be\/fr\/cas-clients-fr\/leader-interim\/\" >\n\t\t\t\tLeader Interim\t\t\t<\/a>\n\t\t<\/h3>\n\t\t\t\t<div class=\"elementor-post__excerpt\">\n\t\t\t<p>Leader Int\u00e9rim a optimis\u00e9 ses processus aupr\u00e8s des int\u00e9rimaires et des entreprises clientes sur l\u2019ensemble de son r\u00e9seau d\u2019agences gr\u00e2ce \u00e0 une solution innovante.<\/p>\n\t\t<\/div>\n\t\t\t\t\t<div class=\"elementor-post__read-more-wrapper\">\n\t\t\n\t\t<a class=\"elementor-post__read-more\" href=\"https:\/\/www.pixid-vms.com\/be\/fr\/cas-clients-fr\/leader-interim\/\" aria-label=\"Read more about Leader Interim\" tabindex=\"-1\" >\n\t\t\ten savoir +\t\t<\/a>\n\n\t\t\t\t\t<\/div>\n\t\t\t\t<\/div>\n\t\t\t\t\t<\/div>\n\t\t<\/article>\n\t\t\t\t<\/div>\n\t\t\n\t\t\t\t<div class=\"e-load-more-anchor\" data-page=\"1\" data-max-page=\"2\" data-next-page=\"https:\/\/www.pixid-vms.com\/be\/wp-json\/wp\/v2\/pages\/5973\/page\/2\/\"><\/div>\n\t\t\t\t<nav class=\"elementor-pagination\" aria-label=\"Pagination\">\n\t\t\t<span class=\"page-numbers prev\">&laquo; Previous<\/span>\n<a class=\"page-numbers next\" href=\"https:\/\/www.pixid-vms.com\/be\/wp-json\/wp\/v2\/pages\/5973\/page\/2\/\">Next &raquo;<\/a>\t\t<\/nav>\n\t\t\t\t\t\t<\/div>\n\t\t\t\t<\/div>\n\t\t\t\t\t<\/div>\n\t\t\t\t<\/div>\n\t\t\t\t<\/div>\n\t\t\t\t<\/div>\n\t\t","protected":false},"excerpt":{"rendered":"<p>Cas clients D\u00e9couvrez comment Pixid VMS aide les agences et les entreprises \u00e0 optimiser leur gestion de l\u2019int\u00e9rim gr\u00e2ce aux t\u00e9moignages de nos clients.<\/p>\n","protected":false},"author":9,"featured_media":5878,"parent":0,"menu_order":0,"comment_status":"closed","ping_status":"closed","template":"","meta":{"_acf_changed":false,"footnotes":""},"class_list":["post-5973","page","type-page","status-publish","has-post-thumbnail","hentry"],"acf":[],"yoast_head":"<!-- This site is optimized with the Yoast SEO plugin v27.5 - https:\/\/yoast.com\/product\/yoast-seo-wordpress\/ -->\n<title>Cas clients<\/title>\n<meta name=\"description\" content=\"D\u00e9couvrez comment Pixid VMS aide les agences et les entreprises \u00e0 optimiser leur gestion de l&#039;int\u00e9rim gr\u00e2ce aux t\u00e9moignages de nos clients.\" \/>\n<meta name=\"robots\" content=\"index, follow, max-snippet:-1, max-image-preview:large, max-video-preview:-1\" \/>\n<link rel=\"canonical\" href=\"https:\/\/www.pixid-vms.com\/be\/fr\/cas-clients\/\" \/>\n<meta property=\"og:locale\" content=\"nl_BE\" \/>\n<meta property=\"og:type\" content=\"article\" \/>\n<meta property=\"og:title\" content=\"Cas clients\" \/>\n<meta property=\"og:description\" content=\"D\u00e9couvrez comment Pixid VMS aide les agences et les entreprises \u00e0 optimiser leur gestion de l&#039;int\u00e9rim gr\u00e2ce aux t\u00e9moignages de nos clients.\" \/>\n<meta property=\"og:url\" content=\"https:\/\/www.pixid-vms.com\/be\/fr\/cas-clients\/\" \/>\n<meta property=\"og:site_name\" content=\"PIXID VMS BELGIE\" \/>\n<meta property=\"article:modified_time\" content=\"2025-01-15T13:19:30+00:00\" \/>\n<meta property=\"og:image\" content=\"https:\/\/www.pixid-vms.com\/be\/wp-content\/uploads\/sites\/11\/2024\/11\/client-sucess-stories.jpg\" \/>\n\t<meta property=\"og:image:width\" content=\"1920\" \/>\n\t<meta property=\"og:image:height\" content=\"667\" \/>\n\t<meta property=\"og:image:type\" content=\"image\/jpeg\" \/>\n<meta name=\"twitter:card\" content=\"summary_large_image\" \/>\n<meta name=\"twitter:image\" content=\"https:\/\/www.pixid-vms.com\/be\/wp-content\/uploads\/sites\/11\/2024\/11\/client-sucess-stories.jpg\" \/>\n<meta name=\"twitter:site\" content=\"@PIXID_Group\" \/>\n<meta name=\"twitter:label1\" content=\"Geschatte leestijd\" \/>\n\t<meta name=\"twitter:data1\" content=\"1 minuut\" \/>\n<script type=\"application\/ld+json\" class=\"yoast-schema-graph\">{\"@context\":\"https:\\\/\\\/schema.org\",\"@graph\":[{\"@type\":\"WebPage\",\"@id\":\"https:\\\/\\\/www.pixid-vms.com\\\/be\\\/fr\\\/cas-clients\\\/\",\"url\":\"https:\\\/\\\/www.pixid-vms.com\\\/be\\\/fr\\\/cas-clients\\\/\",\"name\":\"Cas clients\",\"isPartOf\":{\"@id\":\"https:\\\/\\\/www.pixid-vms.com\\\/be\\\/#website\"},\"primaryImageOfPage\":{\"@id\":\"https:\\\/\\\/www.pixid-vms.com\\\/be\\\/fr\\\/cas-clients\\\/#primaryimage\"},\"image\":{\"@id\":\"https:\\\/\\\/www.pixid-vms.com\\\/be\\\/fr\\\/cas-clients\\\/#primaryimage\"},\"thumbnailUrl\":\"https:\\\/\\\/www.pixid-vms.com\\\/be\\\/wp-content\\\/uploads\\\/sites\\\/11\\\/2024\\\/11\\\/thumbnail-client-sucess-stories.jpg\",\"datePublished\":\"2024-12-16T16:36:41+00:00\",\"dateModified\":\"2025-01-15T13:19:30+00:00\",\"description\":\"D\u00e9couvrez comment Pixid VMS aide les agences et les entreprises \u00e0 optimiser leur gestion de l'int\u00e9rim gr\u00e2ce aux t\u00e9moignages de nos clients.\",\"breadcrumb\":{\"@id\":\"https:\\\/\\\/www.pixid-vms.com\\\/be\\\/fr\\\/cas-clients\\\/#breadcrumb\"},\"inLanguage\":\"nl-BE\",\"potentialAction\":[{\"@type\":\"ReadAction\",\"target\":[\"https:\\\/\\\/www.pixid-vms.com\\\/be\\\/fr\\\/cas-clients\\\/\"]}]},{\"@type\":\"ImageObject\",\"inLanguage\":\"nl-BE\",\"@id\":\"https:\\\/\\\/www.pixid-vms.com\\\/be\\\/fr\\\/cas-clients\\\/#primaryimage\",\"url\":\"https:\\\/\\\/www.pixid-vms.com\\\/be\\\/wp-content\\\/uploads\\\/sites\\\/11\\\/2024\\\/11\\\/thumbnail-client-sucess-stories.jpg\",\"contentUrl\":\"https:\\\/\\\/www.pixid-vms.com\\\/be\\\/wp-content\\\/uploads\\\/sites\\\/11\\\/2024\\\/11\\\/thumbnail-client-sucess-stories.jpg\",\"width\":300,\"height\":300},{\"@type\":\"BreadcrumbList\",\"@id\":\"https:\\\/\\\/www.pixid-vms.com\\\/be\\\/fr\\\/cas-clients\\\/#breadcrumb\",\"itemListElement\":[{\"@type\":\"ListItem\",\"position\":1,\"name\":\"Home\",\"item\":\"https:\\\/\\\/www.pixid-vms.com\\\/be\\\/\"},{\"@type\":\"ListItem\",\"position\":2,\"name\":\"Cas clients\"}]},{\"@type\":\"WebSite\",\"@id\":\"https:\\\/\\\/www.pixid-vms.com\\\/be\\\/#website\",\"url\":\"https:\\\/\\\/www.pixid-vms.com\\\/be\\\/\",\"name\":\"PIXID VMS\",\"description\":\"Software voor interim-management\",\"potentialAction\":[{\"@type\":\"SearchAction\",\"target\":{\"@type\":\"EntryPoint\",\"urlTemplate\":\"https:\\\/\\\/www.pixid-vms.com\\\/be\\\/?s={search_term_string}\"},\"query-input\":{\"@type\":\"PropertyValueSpecification\",\"valueRequired\":true,\"valueName\":\"search_term_string\"}}],\"inLanguage\":\"nl-BE\"}]}<\/script>\n<!-- \/ Yoast SEO plugin. -->","yoast_head_json":{"title":"Cas clients","description":"D\u00e9couvrez comment Pixid VMS aide les agences et les entreprises \u00e0 optimiser leur gestion de l'int\u00e9rim gr\u00e2ce aux t\u00e9moignages de nos clients.","robots":{"index":"index","follow":"follow","max-snippet":"max-snippet:-1","max-image-preview":"max-image-preview:large","max-video-preview":"max-video-preview:-1"},"canonical":"https:\/\/www.pixid-vms.com\/be\/fr\/cas-clients\/","og_locale":"nl_BE","og_type":"article","og_title":"Cas clients","og_description":"D\u00e9couvrez comment Pixid VMS aide les agences et les entreprises \u00e0 optimiser leur gestion de l'int\u00e9rim gr\u00e2ce aux t\u00e9moignages de nos clients.","og_url":"https:\/\/www.pixid-vms.com\/be\/fr\/cas-clients\/","og_site_name":"PIXID VMS BELGIE","article_modified_time":"2025-01-15T13:19:30+00:00","og_image":[{"width":1920,"height":667,"url":"https:\/\/www.pixid-vms.com\/be\/wp-content\/uploads\/sites\/11\/2024\/11\/client-sucess-stories.jpg","type":"image\/jpeg"}],"twitter_card":"summary_large_image","twitter_image":"https:\/\/www.pixid-vms.com\/be\/wp-content\/uploads\/sites\/11\/2024\/11\/client-sucess-stories.jpg","twitter_site":"@PIXID_Group","twitter_misc":{"Geschatte leestijd":"1 minuut"},"schema":{"@context":"https:\/\/schema.org","@graph":[{"@type":"WebPage","@id":"https:\/\/www.pixid-vms.com\/be\/fr\/cas-clients\/","url":"https:\/\/www.pixid-vms.com\/be\/fr\/cas-clients\/","name":"Cas clients","isPartOf":{"@id":"https:\/\/www.pixid-vms.com\/be\/#website"},"primaryImageOfPage":{"@id":"https:\/\/www.pixid-vms.com\/be\/fr\/cas-clients\/#primaryimage"},"image":{"@id":"https:\/\/www.pixid-vms.com\/be\/fr\/cas-clients\/#primaryimage"},"thumbnailUrl":"https:\/\/www.pixid-vms.com\/be\/wp-content\/uploads\/sites\/11\/2024\/11\/thumbnail-client-sucess-stories.jpg","datePublished":"2024-12-16T16:36:41+00:00","dateModified":"2025-01-15T13:19:30+00:00","description":"D\u00e9couvrez comment Pixid VMS aide les agences et les entreprises \u00e0 optimiser leur gestion de l'int\u00e9rim gr\u00e2ce aux t\u00e9moignages de nos clients.","breadcrumb":{"@id":"https:\/\/www.pixid-vms.com\/be\/fr\/cas-clients\/#breadcrumb"},"inLanguage":"nl-BE","potentialAction":[{"@type":"ReadAction","target":["https:\/\/www.pixid-vms.com\/be\/fr\/cas-clients\/"]}]},{"@type":"ImageObject","inLanguage":"nl-BE","@id":"https:\/\/www.pixid-vms.com\/be\/fr\/cas-clients\/#primaryimage","url":"https:\/\/www.pixid-vms.com\/be\/wp-content\/uploads\/sites\/11\/2024\/11\/thumbnail-client-sucess-stories.jpg","contentUrl":"https:\/\/www.pixid-vms.com\/be\/wp-content\/uploads\/sites\/11\/2024\/11\/thumbnail-client-sucess-stories.jpg","width":300,"height":300},{"@type":"BreadcrumbList","@id":"https:\/\/www.pixid-vms.com\/be\/fr\/cas-clients\/#breadcrumb","itemListElement":[{"@type":"ListItem","position":1,"name":"Home","item":"https:\/\/www.pixid-vms.com\/be\/"},{"@type":"ListItem","position":2,"name":"Cas clients"}]},{"@type":"WebSite","@id":"https:\/\/www.pixid-vms.com\/be\/#website","url":"https:\/\/www.pixid-vms.com\/be\/","name":"PIXID VMS","description":"Software voor interim-management","potentialAction":[{"@type":"SearchAction","target":{"@type":"EntryPoint","urlTemplate":"https:\/\/www.pixid-vms.com\/be\/?s={search_term_string}"},"query-input":{"@type":"PropertyValueSpecification","valueRequired":true,"valueName":"search_term_string"}}],"inLanguage":"nl-BE"}]}},"lang":"fr","translations":{"fr":5973,"nl":5877},"pll_sync_post":[],"_links":{"self":[{"href":"https:\/\/www.pixid-vms.com\/be\/wp-json\/wp\/v2\/pages\/5973","targetHints":{"allow":["GET"]}}],"collection":[{"href":"https:\/\/www.pixid-vms.com\/be\/wp-json\/wp\/v2\/pages"}],"about":[{"href":"https:\/\/www.pixid-vms.com\/be\/wp-json\/wp\/v2\/types\/page"}],"author":[{"embeddable":true,"href":"https:\/\/www.pixid-vms.com\/be\/wp-json\/wp\/v2\/users\/9"}],"replies":[{"embeddable":true,"href":"https:\/\/www.pixid-vms.com\/be\/wp-json\/wp\/v2\/comments?post=5973"}],"version-history":[{"count":0,"href":"https:\/\/www.pixid-vms.com\/be\/wp-json\/wp\/v2\/pages\/5973\/revisions"}],"wp:featuredmedia":[{"embeddable":true,"href":"https:\/\/www.pixid-vms.com\/be\/wp-json\/wp\/v2\/media\/5878"}],"wp:attachment":[{"href":"https:\/\/www.pixid-vms.com\/be\/wp-json\/wp\/v2\/media?parent=5973"}],"curies":[{"name":"wp","href":"https:\/\/api.w.org\/{rel}","templated":true}]}}