{"id":6258,"date":"2025-05-26T16:55:52","date_gmt":"2025-05-26T15:55:52","guid":{"rendered":"https:\/\/www.pixid-vms.com\/be\/?page_id=6258"},"modified":"2025-07-31T15:42:45","modified_gmt":"2025-07-31T14:42:45","slug":"livres-blancs","status":"publish","type":"page","link":"https:\/\/www.pixid-vms.com\/be\/fr\/livres-blancs\/","title":{"rendered":"Livres blancs : Recrutement, Transformation digitale &amp; Gestion des talents"},"content":{"rendered":"\t\t<div data-elementor-type=\"wp-page\" data-elementor-id=\"6258\" class=\"elementor elementor-6258\" data-elementor-post-type=\"page\">\n\t\t\t\t<div class=\"elementor-element elementor-element-143500eb e-con-full e-flex e-con e-parent\" data-id=\"143500eb\" data-element_type=\"container\" data-e-type=\"container\" data-settings=\"{&quot;background_background&quot;:&quot;classic&quot;}\">\n\t\t<div class=\"elementor-element elementor-element-59ff0971 e-flex e-con-boxed e-con e-child\" data-id=\"59ff0971\" data-element_type=\"container\" data-e-type=\"container\">\n\t\t\t\t\t<div class=\"e-con-inner\">\n\t\t<div class=\"elementor-element elementor-element-49506af1 e-con-full e-flex e-con e-child\" data-id=\"49506af1\" data-element_type=\"container\" data-e-type=\"container\">\n\t\t\t\t<div class=\"elementor-element elementor-element-19ef6c76 elementor-widget elementor-widget-heading\" data-id=\"19ef6c76\" data-element_type=\"widget\" data-e-type=\"widget\" data-widget_type=\"heading.default\">\n\t\t\t\t<div class=\"elementor-widget-container\">\n\t\t\t\t\t<h1 class=\"elementor-heading-title elementor-size-default\">Livres blancs<\/h1>\t\t\t\t<\/div>\n\t\t\t\t<\/div>\n\t\t\t\t<div class=\"elementor-element elementor-element-49e548a9 form-message elementor-hidden-mobile elementor-widget elementor-widget-text-editor\" data-id=\"49e548a9\" data-element_type=\"widget\" data-e-type=\"widget\" data-widget_type=\"text-editor.default\">\n\t\t\t\t<div class=\"elementor-widget-container\">\n\t\t\t\t\t\t\t\t\tD\u00e9couvrez tous nos livres blancs, qui offrent une expertise sur l\u2019\u00e9volution du secteur de l\u2019int\u00e9rim, la transformation digitale et la gestion des effectifs. Chaque document met en lumi\u00e8re les tendances cl\u00e9s, les enjeux actuels et les solutions innovantes propos\u00e9es par Pixid VMS pour accompagner les agences d\u2019int\u00e9rim, MSP et entreprises. Restez inform\u00e9 et inspir\u00e9 par les derni\u00e8res r\u00e9flexions de nos experts.\t\t\t\t\t\t\t\t<\/div>\n\t\t\t\t<\/div>\n\t\t\t\t<\/div>\n\t\t\t\t\t<\/div>\n\t\t\t\t<\/div>\n\t\t\t\t<\/div>\n\t\t<div class=\"elementor-element elementor-element-76427ecf e-con-full e-flex e-con e-parent\" data-id=\"76427ecf\" data-element_type=\"container\" data-e-type=\"container\">\n\t\t<div class=\"elementor-element elementor-element-36db5d7a e-flex e-con-boxed e-con e-child\" data-id=\"36db5d7a\" data-element_type=\"container\" data-e-type=\"container\">\n\t\t\t\t\t<div class=\"e-con-inner\">\n\t\t\t\t<div class=\"elementor-element elementor-element-2f601ab elementor-widget elementor-widget-global elementor-global-5282 elementor-widget-image\" data-id=\"2f601ab\" data-element_type=\"widget\" data-e-type=\"widget\" data-widget_type=\"image.default\">\n\t\t\t\t<div class=\"elementor-widget-container\">\n\t\t\t\t\t\t\t\t\t\t\t\t\t\t\t<img fetchpriority=\"high\" decoding=\"async\" width=\"480\" height=\"480\" src=\"https:\/\/www.pixid-vms.com\/be\/wp-content\/uploads\/sites\/11\/2024\/03\/24-01-favicon-pixid-1.png\" class=\"attachment-full size-full wp-image-5281\" alt=\"\" srcset=\"https:\/\/www.pixid-vms.com\/be\/wp-content\/uploads\/sites\/11\/2024\/03\/24-01-favicon-pixid-1.png 480w, https:\/\/www.pixid-vms.com\/be\/wp-content\/uploads\/sites\/11\/2024\/03\/24-01-favicon-pixid-1-300x300.png 300w, https:\/\/www.pixid-vms.com\/be\/wp-content\/uploads\/sites\/11\/2024\/03\/24-01-favicon-pixid-1-150x150.png 150w\" sizes=\"(max-width: 480px) 100vw, 480px\" \/>\t\t\t\t\t\t\t\t\t\t\t\t\t\t\t<\/div>\n\t\t\t\t<\/div>\n\t\t\t\t<div class=\"elementor-element elementor-element-1139de20 white-paper elementor-posts__hover-none elementor-grid-3 elementor-grid-tablet-2 elementor-grid-mobile-1 elementor-posts--thumbnail-top elementor-card-shadow-yes elementor-widget elementor-widget-posts\" data-id=\"1139de20\" data-element_type=\"widget\" data-e-type=\"widget\" data-settings=\"{&quot;pagination_type&quot;:&quot;prev_next&quot;,&quot;cards_columns&quot;:&quot;3&quot;,&quot;cards_columns_tablet&quot;:&quot;2&quot;,&quot;cards_columns_mobile&quot;:&quot;1&quot;,&quot;cards_row_gap&quot;:{&quot;unit&quot;:&quot;px&quot;,&quot;size&quot;:35,&quot;sizes&quot;:[]},&quot;cards_row_gap_laptop&quot;:{&quot;unit&quot;:&quot;px&quot;,&quot;size&quot;:&quot;&quot;,&quot;sizes&quot;:[]},&quot;cards_row_gap_tablet&quot;:{&quot;unit&quot;:&quot;px&quot;,&quot;size&quot;:&quot;&quot;,&quot;sizes&quot;:[]},&quot;cards_row_gap_mobile&quot;:{&quot;unit&quot;:&quot;px&quot;,&quot;size&quot;:&quot;&quot;,&quot;sizes&quot;:[]}}\" data-widget_type=\"posts.cards\">\n\t\t\t\t<div class=\"elementor-widget-container\">\n\t\t\t\t\t\t\t<div class=\"elementor-posts-container elementor-posts elementor-posts--skin-cards elementor-grid\" role=\"list\">\n\t\t\t\t<article class=\"elementor-post elementor-grid-item post-6372 white-paper type-white-paper status-publish format-standard has-post-thumbnail hentry\" role=\"listitem\">\n\t\t\t<div class=\"elementor-post__card\">\n\t\t\t\t<a class=\"elementor-post__thumbnail__link\" href=\"https:\/\/www.pixid-vms.com\/be\/fr\/livres-blancs\/comment-choisir-le-bon-outil-de-gestion-de-linterim-vms\/\" tabindex=\"-1\" ><div class=\"elementor-post__thumbnail\"><img decoding=\"async\" width=\"300\" height=\"300\" src=\"https:\/\/www.pixid-vms.com\/be\/wp-content\/uploads\/sites\/11\/2025\/07\/Comment-choisir-le-bon-outil-de-gestion-interim-VMS-thumbnail.png\" class=\"attachment-full size-full wp-image-6373\" alt=\"\" srcset=\"https:\/\/www.pixid-vms.com\/be\/wp-content\/uploads\/sites\/11\/2025\/07\/Comment-choisir-le-bon-outil-de-gestion-interim-VMS-thumbnail.png 300w, https:\/\/www.pixid-vms.com\/be\/wp-content\/uploads\/sites\/11\/2025\/07\/Comment-choisir-le-bon-outil-de-gestion-interim-VMS-thumbnail-150x150.png 150w\" sizes=\"(max-width: 300px) 100vw, 300px\" \/><\/div><\/a>\n\t\t\t\t<div class=\"elementor-post__text\">\n\t\t\t\t<h3 class=\"elementor-post__title\">\n\t\t\t<a href=\"https:\/\/www.pixid-vms.com\/be\/fr\/livres-blancs\/comment-choisir-le-bon-outil-de-gestion-de-linterim-vms\/\" >\n\t\t\t\tComment choisir le bon outil de gestion de l&#8217;int\u00e9rim (VMS) ?\t\t\t<\/a>\n\t\t<\/h3>\n\t\t\t\t<div class=\"elementor-post__excerpt\">\n\t\t\t<p>Optimisez la gestion de vos effectifs temporaires et ressources externes. D\u00e9couvrez comment un VMS peut transformer l\u2019efficacit\u00e9, r\u00e9duire les co\u00fbts et garantir la conformit\u00e9 dans un march\u00e9 du travail europ\u00e9en en mutation.<\/p>\n\t\t<\/div>\n\t\t\t\t\t<div class=\"elementor-post__read-more-wrapper\">\n\t\t\n\t\t<a class=\"elementor-post__read-more\" href=\"https:\/\/www.pixid-vms.com\/be\/fr\/livres-blancs\/comment-choisir-le-bon-outil-de-gestion-de-linterim-vms\/\" aria-label=\"Read more about Comment choisir le bon outil de gestion de l&#8217;int\u00e9rim (VMS) ?\" tabindex=\"-1\" >\n\t\t\ten savoir +\t\t<\/a>\n\n\t\t\t\t\t<\/div>\n\t\t\t\t<\/div>\n\t\t\t\t\t<\/div>\n\t\t<\/article>\n\t\t\t\t<article class=\"elementor-post elementor-grid-item post-6370 white-paper type-white-paper status-publish format-standard has-post-thumbnail hentry\" role=\"listitem\">\n\t\t\t<div class=\"elementor-post__card\">\n\t\t\t\t<a class=\"elementor-post__thumbnail__link\" href=\"https:\/\/www.pixid-vms.com\/be\/whitepapers\/hoe-kiest-u-het-juiste-vendor-management-systeem\/\" tabindex=\"-1\" ><div class=\"elementor-post__thumbnail\"><img decoding=\"async\" width=\"300\" height=\"300\" src=\"https:\/\/www.pixid-vms.com\/be\/wp-content\/uploads\/sites\/11\/2025\/07\/Hoe-kiest-u-het-juiste-Vendor-Management-Systeem-thumbnail.png\" class=\"attachment-full size-full wp-image-6371\" alt=\"\" srcset=\"https:\/\/www.pixid-vms.com\/be\/wp-content\/uploads\/sites\/11\/2025\/07\/Hoe-kiest-u-het-juiste-Vendor-Management-Systeem-thumbnail.png 300w, https:\/\/www.pixid-vms.com\/be\/wp-content\/uploads\/sites\/11\/2025\/07\/Hoe-kiest-u-het-juiste-Vendor-Management-Systeem-thumbnail-150x150.png 150w\" sizes=\"(max-width: 300px) 100vw, 300px\" \/><\/div><\/a>\n\t\t\t\t<div class=\"elementor-post__text\">\n\t\t\t\t<h3 class=\"elementor-post__title\">\n\t\t\t<a href=\"https:\/\/www.pixid-vms.com\/be\/whitepapers\/hoe-kiest-u-het-juiste-vendor-management-systeem\/\" >\n\t\t\t\tHoe kiest u het juiste Vendor Management Systeem?\t\t\t<\/a>\n\t\t<\/h3>\n\t\t\t\t<div class=\"elementor-post__excerpt\">\n\t\t\t<p>    Optimaliseer het beheer van tijdelijk personeel met een VMS. Leer hoe digitalisering processen stroomlijnt, kosten verlaagt en compliance waarborgt \u2013 essentieel voor uitzendbureaus en bedrijven in het moderne Europese arbeidslandschap.<\/p>\n\t\t<\/div>\n\t\t\t\t\t<div class=\"elementor-post__read-more-wrapper\">\n\t\t\n\t\t<a class=\"elementor-post__read-more\" href=\"https:\/\/www.pixid-vms.com\/be\/whitepapers\/hoe-kiest-u-het-juiste-vendor-management-systeem\/\" aria-label=\"Read more about Hoe kiest u het juiste Vendor Management Systeem?\" tabindex=\"-1\" >\n\t\t\ten savoir +\t\t<\/a>\n\n\t\t\t\t\t<\/div>\n\t\t\t\t<\/div>\n\t\t\t\t\t<\/div>\n\t\t<\/article>\n\t\t\t\t<\/div>\n\t\t\n\t\t\t\t\t\t<\/div>\n\t\t\t\t<\/div>\n\t\t\t\t\t<\/div>\n\t\t\t\t<\/div>\n\t\t\t\t<\/div>\n\t\t\t\t<\/div>\n\t\t","protected":false},"excerpt":{"rendered":"<p>Livres blancs D\u00e9couvrez tous nos livres blancs, qui offrent une expertise sur l\u2019\u00e9volution du secteur de l\u2019int\u00e9rim, la transformation digitale et la gestion des effectifs. Chaque document met en lumi\u00e8re les tendances cl\u00e9s, les enjeux actuels et les solutions innovantes propos\u00e9es par Pixid VMS pour accompagner les agences d\u2019int\u00e9rim, MSP et entreprises. Restez inform\u00e9 et [&hellip;]<\/p>\n","protected":false},"author":9,"featured_media":6259,"parent":0,"menu_order":0,"comment_status":"closed","ping_status":"closed","template":"","meta":{"_acf_changed":false,"footnotes":""},"class_list":["post-6258","page","type-page","status-publish","has-post-thumbnail","hentry"],"acf":[],"yoast_head":"<!-- This site is optimized with the Yoast SEO plugin v27.3 - https:\/\/yoast.com\/product\/yoast-seo-wordpress\/ -->\n<title>Livres blancs : Recrutement, Int\u00e9rim &amp; Digital RH<\/title>\n<meta name=\"description\" content=\"D\u00e9couvrez les livres blancs de Pixid VMS pour des analyses d\u2019experts sur les tendances du secteur de l\u2019int\u00e9rim, le recrutement et les RH.\" \/>\n<meta name=\"robots\" content=\"index, follow, max-snippet:-1, max-image-preview:large, max-video-preview:-1\" \/>\n<link rel=\"canonical\" href=\"https:\/\/www.pixid-vms.com\/be\/fr\/livres-blancs\/\" \/>\n<meta property=\"og:locale\" content=\"nl_BE\" \/>\n<meta property=\"og:type\" content=\"article\" \/>\n<meta property=\"og:title\" content=\"Livres blancs : Recrutement, Int\u00e9rim &amp; Digital RH\" \/>\n<meta property=\"og:description\" content=\"D\u00e9couvrez les livres blancs de Pixid VMS pour des analyses d\u2019experts sur les tendances du secteur de l\u2019int\u00e9rim, le recrutement et les RH.\" \/>\n<meta property=\"og:url\" content=\"https:\/\/www.pixid-vms.com\/be\/fr\/livres-blancs\/\" \/>\n<meta property=\"og:site_name\" content=\"PIXID VMS BELGIE\" \/>\n<meta property=\"article:modified_time\" content=\"2025-07-31T14:42:45+00:00\" \/>\n<meta property=\"og:image\" content=\"https:\/\/www.pixid-vms.com\/be\/wp-content\/uploads\/sites\/11\/2025\/05\/white-papers.jpg\" \/>\n\t<meta property=\"og:image:width\" content=\"1920\" \/>\n\t<meta property=\"og:image:height\" content=\"667\" \/>\n\t<meta property=\"og:image:type\" content=\"image\/jpeg\" \/>\n<meta name=\"twitter:card\" content=\"summary_large_image\" \/>\n<meta name=\"twitter:image\" content=\"https:\/\/www.pixid-vms.com\/be\/wp-content\/uploads\/sites\/11\/2025\/05\/white-papers.jpg\" \/>\n<meta name=\"twitter:site\" content=\"@PIXID_Group\" \/>\n<meta name=\"twitter:label1\" content=\"Geschatte leestijd\" \/>\n\t<meta name=\"twitter:data1\" content=\"1 minuut\" \/>\n<script type=\"application\/ld+json\" class=\"yoast-schema-graph\">{\"@context\":\"https:\\\/\\\/schema.org\",\"@graph\":[{\"@type\":\"WebPage\",\"@id\":\"https:\\\/\\\/www.pixid-vms.com\\\/be\\\/fr\\\/livres-blancs\\\/\",\"url\":\"https:\\\/\\\/www.pixid-vms.com\\\/be\\\/fr\\\/livres-blancs\\\/\",\"name\":\"Livres blancs : Recrutement, Int\u00e9rim & Digital RH\",\"isPartOf\":{\"@id\":\"https:\\\/\\\/www.pixid-vms.com\\\/be\\\/#website\"},\"primaryImageOfPage\":{\"@id\":\"https:\\\/\\\/www.pixid-vms.com\\\/be\\\/fr\\\/livres-blancs\\\/#primaryimage\"},\"image\":{\"@id\":\"https:\\\/\\\/www.pixid-vms.com\\\/be\\\/fr\\\/livres-blancs\\\/#primaryimage\"},\"thumbnailUrl\":\"https:\\\/\\\/www.pixid-vms.com\\\/be\\\/wp-content\\\/uploads\\\/sites\\\/11\\\/2025\\\/05\\\/thumbnail-white-paper.jpg\",\"datePublished\":\"2025-05-26T15:55:52+00:00\",\"dateModified\":\"2025-07-31T14:42:45+00:00\",\"description\":\"D\u00e9couvrez les livres blancs de Pixid VMS pour des analyses d\u2019experts sur les tendances du secteur de l\u2019int\u00e9rim, le recrutement et les RH.\",\"breadcrumb\":{\"@id\":\"https:\\\/\\\/www.pixid-vms.com\\\/be\\\/fr\\\/livres-blancs\\\/#breadcrumb\"},\"inLanguage\":\"nl-BE\",\"potentialAction\":[{\"@type\":\"ReadAction\",\"target\":[\"https:\\\/\\\/www.pixid-vms.com\\\/be\\\/fr\\\/livres-blancs\\\/\"]}]},{\"@type\":\"ImageObject\",\"inLanguage\":\"nl-BE\",\"@id\":\"https:\\\/\\\/www.pixid-vms.com\\\/be\\\/fr\\\/livres-blancs\\\/#primaryimage\",\"url\":\"https:\\\/\\\/www.pixid-vms.com\\\/be\\\/wp-content\\\/uploads\\\/sites\\\/11\\\/2025\\\/05\\\/thumbnail-white-paper.jpg\",\"contentUrl\":\"https:\\\/\\\/www.pixid-vms.com\\\/be\\\/wp-content\\\/uploads\\\/sites\\\/11\\\/2025\\\/05\\\/thumbnail-white-paper.jpg\",\"width\":300,\"height\":300},{\"@type\":\"BreadcrumbList\",\"@id\":\"https:\\\/\\\/www.pixid-vms.com\\\/be\\\/fr\\\/livres-blancs\\\/#breadcrumb\",\"itemListElement\":[{\"@type\":\"ListItem\",\"position\":1,\"name\":\"Home\",\"item\":\"https:\\\/\\\/www.pixid-vms.com\\\/be\\\/\"},{\"@type\":\"ListItem\",\"position\":2,\"name\":\"Livres blancs : Recrutement, Transformation digitale &amp; Gestion des talents\"}]},{\"@type\":\"WebSite\",\"@id\":\"https:\\\/\\\/www.pixid-vms.com\\\/be\\\/#website\",\"url\":\"https:\\\/\\\/www.pixid-vms.com\\\/be\\\/\",\"name\":\"PIXID VMS\",\"description\":\"Software voor interim-management\",\"potentialAction\":[{\"@type\":\"SearchAction\",\"target\":{\"@type\":\"EntryPoint\",\"urlTemplate\":\"https:\\\/\\\/www.pixid-vms.com\\\/be\\\/?s={search_term_string}\"},\"query-input\":{\"@type\":\"PropertyValueSpecification\",\"valueRequired\":true,\"valueName\":\"search_term_string\"}}],\"inLanguage\":\"nl-BE\"}]}<\/script>\n<!-- \/ Yoast SEO plugin. -->","yoast_head_json":{"title":"Livres blancs : Recrutement, Int\u00e9rim & Digital RH","description":"D\u00e9couvrez les livres blancs de Pixid VMS pour des analyses d\u2019experts sur les tendances du secteur de l\u2019int\u00e9rim, le recrutement et les RH.","robots":{"index":"index","follow":"follow","max-snippet":"max-snippet:-1","max-image-preview":"max-image-preview:large","max-video-preview":"max-video-preview:-1"},"canonical":"https:\/\/www.pixid-vms.com\/be\/fr\/livres-blancs\/","og_locale":"nl_BE","og_type":"article","og_title":"Livres blancs : Recrutement, Int\u00e9rim & Digital RH","og_description":"D\u00e9couvrez les livres blancs de Pixid VMS pour des analyses d\u2019experts sur les tendances du secteur de l\u2019int\u00e9rim, le recrutement et les RH.","og_url":"https:\/\/www.pixid-vms.com\/be\/fr\/livres-blancs\/","og_site_name":"PIXID VMS BELGIE","article_modified_time":"2025-07-31T14:42:45+00:00","og_image":[{"width":1920,"height":667,"url":"https:\/\/www.pixid-vms.com\/be\/wp-content\/uploads\/sites\/11\/2025\/05\/white-papers.jpg","type":"image\/jpeg"}],"twitter_card":"summary_large_image","twitter_image":"https:\/\/www.pixid-vms.com\/be\/wp-content\/uploads\/sites\/11\/2025\/05\/white-papers.jpg","twitter_site":"@PIXID_Group","twitter_misc":{"Geschatte leestijd":"1 minuut"},"schema":{"@context":"https:\/\/schema.org","@graph":[{"@type":"WebPage","@id":"https:\/\/www.pixid-vms.com\/be\/fr\/livres-blancs\/","url":"https:\/\/www.pixid-vms.com\/be\/fr\/livres-blancs\/","name":"Livres blancs : Recrutement, Int\u00e9rim & Digital RH","isPartOf":{"@id":"https:\/\/www.pixid-vms.com\/be\/#website"},"primaryImageOfPage":{"@id":"https:\/\/www.pixid-vms.com\/be\/fr\/livres-blancs\/#primaryimage"},"image":{"@id":"https:\/\/www.pixid-vms.com\/be\/fr\/livres-blancs\/#primaryimage"},"thumbnailUrl":"https:\/\/www.pixid-vms.com\/be\/wp-content\/uploads\/sites\/11\/2025\/05\/thumbnail-white-paper.jpg","datePublished":"2025-05-26T15:55:52+00:00","dateModified":"2025-07-31T14:42:45+00:00","description":"D\u00e9couvrez les livres blancs de Pixid VMS pour des analyses d\u2019experts sur les tendances du secteur de l\u2019int\u00e9rim, le recrutement et les RH.","breadcrumb":{"@id":"https:\/\/www.pixid-vms.com\/be\/fr\/livres-blancs\/#breadcrumb"},"inLanguage":"nl-BE","potentialAction":[{"@type":"ReadAction","target":["https:\/\/www.pixid-vms.com\/be\/fr\/livres-blancs\/"]}]},{"@type":"ImageObject","inLanguage":"nl-BE","@id":"https:\/\/www.pixid-vms.com\/be\/fr\/livres-blancs\/#primaryimage","url":"https:\/\/www.pixid-vms.com\/be\/wp-content\/uploads\/sites\/11\/2025\/05\/thumbnail-white-paper.jpg","contentUrl":"https:\/\/www.pixid-vms.com\/be\/wp-content\/uploads\/sites\/11\/2025\/05\/thumbnail-white-paper.jpg","width":300,"height":300},{"@type":"BreadcrumbList","@id":"https:\/\/www.pixid-vms.com\/be\/fr\/livres-blancs\/#breadcrumb","itemListElement":[{"@type":"ListItem","position":1,"name":"Home","item":"https:\/\/www.pixid-vms.com\/be\/"},{"@type":"ListItem","position":2,"name":"Livres blancs : Recrutement, Transformation digitale &amp; Gestion des talents"}]},{"@type":"WebSite","@id":"https:\/\/www.pixid-vms.com\/be\/#website","url":"https:\/\/www.pixid-vms.com\/be\/","name":"PIXID VMS","description":"Software voor interim-management","potentialAction":[{"@type":"SearchAction","target":{"@type":"EntryPoint","urlTemplate":"https:\/\/www.pixid-vms.com\/be\/?s={search_term_string}"},"query-input":{"@type":"PropertyValueSpecification","valueRequired":true,"valueName":"search_term_string"}}],"inLanguage":"nl-BE"}]}},"lang":"fr","translations":{"fr":6258,"nl":6398},"pll_sync_post":[],"_links":{"self":[{"href":"https:\/\/www.pixid-vms.com\/be\/wp-json\/wp\/v2\/pages\/6258","targetHints":{"allow":["GET"]}}],"collection":[{"href":"https:\/\/www.pixid-vms.com\/be\/wp-json\/wp\/v2\/pages"}],"about":[{"href":"https:\/\/www.pixid-vms.com\/be\/wp-json\/wp\/v2\/types\/page"}],"author":[{"embeddable":true,"href":"https:\/\/www.pixid-vms.com\/be\/wp-json\/wp\/v2\/users\/9"}],"replies":[{"embeddable":true,"href":"https:\/\/www.pixid-vms.com\/be\/wp-json\/wp\/v2\/comments?post=6258"}],"version-history":[{"count":0,"href":"https:\/\/www.pixid-vms.com\/be\/wp-json\/wp\/v2\/pages\/6258\/revisions"}],"wp:featuredmedia":[{"embeddable":true,"href":"https:\/\/www.pixid-vms.com\/be\/wp-json\/wp\/v2\/media\/6259"}],"wp:attachment":[{"href":"https:\/\/www.pixid-vms.com\/be\/wp-json\/wp\/v2\/media?parent=6258"}],"curies":[{"name":"wp","href":"https:\/\/api.w.org\/{rel}","templated":true}]}}