{"id":6398,"date":"2025-07-31T15:46:48","date_gmt":"2025-07-31T14:46:48","guid":{"rendered":"https:\/\/www.pixid-vms.com\/be\/?page_id=6398"},"modified":"2025-07-31T15:48:43","modified_gmt":"2025-07-31T14:48:43","slug":"whitepapers","status":"publish","type":"page","link":"https:\/\/www.pixid-vms.com\/be\/whitepapers\/","title":{"rendered":"Whitepapers: Personeelswerving, Digitale Transformatie &amp; Workforce"},"content":{"rendered":"\t\t<div data-elementor-type=\"wp-page\" data-elementor-id=\"6398\" class=\"elementor elementor-6398\" data-elementor-post-type=\"page\">\n\t\t\t\t<div class=\"elementor-element elementor-element-143500eb e-con-full e-flex e-con e-parent\" data-id=\"143500eb\" data-element_type=\"container\" data-e-type=\"container\" data-settings=\"{&quot;background_background&quot;:&quot;classic&quot;}\">\n\t\t<div class=\"elementor-element elementor-element-59ff0971 e-flex e-con-boxed e-con e-child\" data-id=\"59ff0971\" data-element_type=\"container\" data-e-type=\"container\">\n\t\t\t\t\t<div class=\"e-con-inner\">\n\t\t<div class=\"elementor-element elementor-element-49506af1 e-con-full e-flex e-con e-child\" data-id=\"49506af1\" data-element_type=\"container\" data-e-type=\"container\">\n\t\t\t\t<div class=\"elementor-element elementor-element-19ef6c76 elementor-widget elementor-widget-heading\" data-id=\"19ef6c76\" data-element_type=\"widget\" data-e-type=\"widget\" data-widget_type=\"heading.default\">\n\t\t\t\t<div class=\"elementor-widget-container\">\n\t\t\t\t\t<h1 class=\"elementor-heading-title elementor-size-default\">Whitepapers<\/h1>\t\t\t\t<\/div>\n\t\t\t\t<\/div>\n\t\t\t\t<div class=\"elementor-element elementor-element-49e548a9 form-message elementor-hidden-mobile elementor-widget elementor-widget-text-editor\" data-id=\"49e548a9\" data-element_type=\"widget\" data-e-type=\"widget\" data-widget_type=\"text-editor.default\">\n\t\t\t\t<div class=\"elementor-widget-container\">\n\t\t\t\t\t\t\t\t\tOntdek al onze whitepapers met deskundige inzichten in de evoluerende uitzendbranche, digitale transformatie en workforce management. Elk document belicht belangrijke trends, uitdagingen en de innovatieve oplossingen van Pixid Group, ontwikkeld ter ondersteuning van uitzendbureaus, MSP\u2019s en bedrijven. Blijf op de hoogte en laat u inspireren door de nieuwste inzichten van onze experts.\t\t\t\t\t\t\t\t<\/div>\n\t\t\t\t<\/div>\n\t\t\t\t<\/div>\n\t\t\t\t\t<\/div>\n\t\t\t\t<\/div>\n\t\t\t\t<\/div>\n\t\t<div class=\"elementor-element elementor-element-76427ecf e-con-full e-flex e-con e-parent\" data-id=\"76427ecf\" data-element_type=\"container\" data-e-type=\"container\">\n\t\t<div class=\"elementor-element elementor-element-36db5d7a e-flex e-con-boxed e-con e-child\" data-id=\"36db5d7a\" data-element_type=\"container\" data-e-type=\"container\">\n\t\t\t\t\t<div class=\"e-con-inner\">\n\t\t\t\t<div class=\"elementor-element elementor-element-2f601ab elementor-widget elementor-widget-global elementor-global-5282 elementor-widget-image\" data-id=\"2f601ab\" data-element_type=\"widget\" data-e-type=\"widget\" data-widget_type=\"image.default\">\n\t\t\t\t<div class=\"elementor-widget-container\">\n\t\t\t\t\t\t\t\t\t\t\t\t\t\t\t<img fetchpriority=\"high\" decoding=\"async\" width=\"480\" height=\"480\" src=\"https:\/\/www.pixid-vms.com\/be\/wp-content\/uploads\/sites\/11\/2024\/03\/24-01-favicon-pixid-1.png\" class=\"attachment-full size-full wp-image-5281\" alt=\"\" srcset=\"https:\/\/www.pixid-vms.com\/be\/wp-content\/uploads\/sites\/11\/2024\/03\/24-01-favicon-pixid-1.png 480w, https:\/\/www.pixid-vms.com\/be\/wp-content\/uploads\/sites\/11\/2024\/03\/24-01-favicon-pixid-1-300x300.png 300w, https:\/\/www.pixid-vms.com\/be\/wp-content\/uploads\/sites\/11\/2024\/03\/24-01-favicon-pixid-1-150x150.png 150w\" sizes=\"(max-width: 480px) 100vw, 480px\" \/>\t\t\t\t\t\t\t\t\t\t\t\t\t\t\t<\/div>\n\t\t\t\t<\/div>\n\t\t\t\t<div class=\"elementor-element elementor-element-1139de20 white-paper elementor-posts__hover-none elementor-grid-3 elementor-grid-tablet-2 elementor-grid-mobile-1 elementor-posts--thumbnail-top elementor-card-shadow-yes elementor-widget elementor-widget-posts\" data-id=\"1139de20\" data-element_type=\"widget\" data-e-type=\"widget\" data-settings=\"{&quot;pagination_type&quot;:&quot;prev_next&quot;,&quot;cards_columns&quot;:&quot;3&quot;,&quot;cards_columns_tablet&quot;:&quot;2&quot;,&quot;cards_columns_mobile&quot;:&quot;1&quot;,&quot;cards_row_gap&quot;:{&quot;unit&quot;:&quot;px&quot;,&quot;size&quot;:35,&quot;sizes&quot;:[]},&quot;cards_row_gap_laptop&quot;:{&quot;unit&quot;:&quot;px&quot;,&quot;size&quot;:&quot;&quot;,&quot;sizes&quot;:[]},&quot;cards_row_gap_tablet&quot;:{&quot;unit&quot;:&quot;px&quot;,&quot;size&quot;:&quot;&quot;,&quot;sizes&quot;:[]},&quot;cards_row_gap_mobile&quot;:{&quot;unit&quot;:&quot;px&quot;,&quot;size&quot;:&quot;&quot;,&quot;sizes&quot;:[]}}\" data-widget_type=\"posts.cards\">\n\t\t\t\t<div class=\"elementor-widget-container\">\n\t\t\t\t\t\t\t<div class=\"elementor-posts-container elementor-posts elementor-posts--skin-cards elementor-grid\" role=\"list\">\n\t\t\t\t<article class=\"elementor-post elementor-grid-item post-6372 white-paper type-white-paper status-publish format-standard has-post-thumbnail hentry\" role=\"listitem\">\n\t\t\t<div class=\"elementor-post__card\">\n\t\t\t\t<a class=\"elementor-post__thumbnail__link\" href=\"https:\/\/www.pixid-vms.com\/be\/fr\/livres-blancs\/comment-choisir-le-bon-outil-de-gestion-de-linterim-vms\/\" tabindex=\"-1\" ><div class=\"elementor-post__thumbnail\"><img decoding=\"async\" width=\"300\" height=\"300\" src=\"https:\/\/www.pixid-vms.com\/be\/wp-content\/uploads\/sites\/11\/2025\/07\/Comment-choisir-le-bon-outil-de-gestion-interim-VMS-thumbnail.png\" class=\"attachment-full size-full wp-image-6373\" alt=\"\" srcset=\"https:\/\/www.pixid-vms.com\/be\/wp-content\/uploads\/sites\/11\/2025\/07\/Comment-choisir-le-bon-outil-de-gestion-interim-VMS-thumbnail.png 300w, https:\/\/www.pixid-vms.com\/be\/wp-content\/uploads\/sites\/11\/2025\/07\/Comment-choisir-le-bon-outil-de-gestion-interim-VMS-thumbnail-150x150.png 150w\" sizes=\"(max-width: 300px) 100vw, 300px\" \/><\/div><\/a>\n\t\t\t\t<div class=\"elementor-post__text\">\n\t\t\t\t<h3 class=\"elementor-post__title\">\n\t\t\t<a href=\"https:\/\/www.pixid-vms.com\/be\/fr\/livres-blancs\/comment-choisir-le-bon-outil-de-gestion-de-linterim-vms\/\" >\n\t\t\t\tComment choisir le bon outil de gestion de l&#8217;int\u00e9rim (VMS) ?\t\t\t<\/a>\n\t\t<\/h3>\n\t\t\t\t<div class=\"elementor-post__excerpt\">\n\t\t\t<p>Optimisez la gestion de vos effectifs temporaires et ressources externes. D\u00e9couvrez comment un VMS peut transformer l\u2019efficacit\u00e9, r\u00e9duire les co\u00fbts et garantir la conformit\u00e9 dans un march\u00e9 du travail europ\u00e9en en mutation.<\/p>\n\t\t<\/div>\n\t\t\t\t\t<div class=\"elementor-post__read-more-wrapper\">\n\t\t\n\t\t<a class=\"elementor-post__read-more\" href=\"https:\/\/www.pixid-vms.com\/be\/fr\/livres-blancs\/comment-choisir-le-bon-outil-de-gestion-de-linterim-vms\/\" aria-label=\"Read more about Comment choisir le bon outil de gestion de l&#8217;int\u00e9rim (VMS) ?\" tabindex=\"-1\" >\n\t\t\tMeer lezen +\t\t<\/a>\n\n\t\t\t\t\t<\/div>\n\t\t\t\t<\/div>\n\t\t\t\t\t<\/div>\n\t\t<\/article>\n\t\t\t\t<article class=\"elementor-post elementor-grid-item post-6370 white-paper type-white-paper status-publish format-standard has-post-thumbnail hentry\" role=\"listitem\">\n\t\t\t<div class=\"elementor-post__card\">\n\t\t\t\t<a class=\"elementor-post__thumbnail__link\" href=\"https:\/\/www.pixid-vms.com\/be\/whitepapers\/hoe-kiest-u-het-juiste-vendor-management-systeem\/\" tabindex=\"-1\" ><div class=\"elementor-post__thumbnail\"><img decoding=\"async\" width=\"300\" height=\"300\" src=\"https:\/\/www.pixid-vms.com\/be\/wp-content\/uploads\/sites\/11\/2025\/07\/Hoe-kiest-u-het-juiste-Vendor-Management-Systeem-thumbnail.png\" class=\"attachment-full size-full wp-image-6371\" alt=\"\" srcset=\"https:\/\/www.pixid-vms.com\/be\/wp-content\/uploads\/sites\/11\/2025\/07\/Hoe-kiest-u-het-juiste-Vendor-Management-Systeem-thumbnail.png 300w, https:\/\/www.pixid-vms.com\/be\/wp-content\/uploads\/sites\/11\/2025\/07\/Hoe-kiest-u-het-juiste-Vendor-Management-Systeem-thumbnail-150x150.png 150w\" sizes=\"(max-width: 300px) 100vw, 300px\" \/><\/div><\/a>\n\t\t\t\t<div class=\"elementor-post__text\">\n\t\t\t\t<h3 class=\"elementor-post__title\">\n\t\t\t<a href=\"https:\/\/www.pixid-vms.com\/be\/whitepapers\/hoe-kiest-u-het-juiste-vendor-management-systeem\/\" >\n\t\t\t\tHoe kiest u het juiste Vendor Management Systeem?\t\t\t<\/a>\n\t\t<\/h3>\n\t\t\t\t<div class=\"elementor-post__excerpt\">\n\t\t\t<p>    Optimaliseer het beheer van tijdelijk personeel met een VMS. Leer hoe digitalisering processen stroomlijnt, kosten verlaagt en compliance waarborgt \u2013 essentieel voor uitzendbureaus en bedrijven in het moderne Europese arbeidslandschap.<\/p>\n\t\t<\/div>\n\t\t\t\t\t<div class=\"elementor-post__read-more-wrapper\">\n\t\t\n\t\t<a class=\"elementor-post__read-more\" href=\"https:\/\/www.pixid-vms.com\/be\/whitepapers\/hoe-kiest-u-het-juiste-vendor-management-systeem\/\" aria-label=\"Read more about Hoe kiest u het juiste Vendor Management Systeem?\" tabindex=\"-1\" >\n\t\t\tMeer lezen +\t\t<\/a>\n\n\t\t\t\t\t<\/div>\n\t\t\t\t<\/div>\n\t\t\t\t\t<\/div>\n\t\t<\/article>\n\t\t\t\t<\/div>\n\t\t\n\t\t\t\t\t\t<\/div>\n\t\t\t\t<\/div>\n\t\t\t\t\t<\/div>\n\t\t\t\t<\/div>\n\t\t\t\t<\/div>\n\t\t\t\t<\/div>\n\t\t","protected":false},"excerpt":{"rendered":"<p>Whitepapers Ontdek al onze whitepapers met deskundige inzichten in de evoluerende uitzendbranche, digitale transformatie en workforce management. Elk document belicht belangrijke trends, uitdagingen en de innovatieve oplossingen van Pixid Group, ontwikkeld ter ondersteuning van uitzendbureaus, MSP\u2019s en bedrijven. Blijf op de hoogte en laat u inspireren door de nieuwste inzichten van onze experts.<\/p>\n","protected":false},"author":9,"featured_media":6259,"parent":0,"menu_order":0,"comment_status":"closed","ping_status":"closed","template":"","meta":{"_acf_changed":false,"footnotes":""},"class_list":["post-6398","page","type-page","status-publish","has-post-thumbnail","hentry"],"acf":[],"yoast_head":"<!-- This site is optimized with the Yoast SEO plugin v27.3 - https:\/\/yoast.com\/product\/yoast-seo-wordpress\/ -->\n<title>Whitepapers: Werving &amp; Beheer van Externe Arbeidskrachten<\/title>\n<meta name=\"description\" content=\"Ontdek de whitepapers van Pixid VMS voor deskundige inzichten in trends in de uitzendbranche, digitale transformatie en workforce management.\" \/>\n<meta name=\"robots\" content=\"index, follow, max-snippet:-1, max-image-preview:large, max-video-preview:-1\" \/>\n<link rel=\"canonical\" href=\"https:\/\/www.pixid-vms.com\/be\/whitepapers\/\" \/>\n<meta property=\"og:locale\" content=\"nl_BE\" \/>\n<meta property=\"og:type\" content=\"article\" \/>\n<meta property=\"og:title\" content=\"Whitepapers: Werving &amp; Beheer van Externe Arbeidskrachten\" \/>\n<meta property=\"og:description\" content=\"Ontdek de whitepapers van Pixid VMS voor deskundige inzichten in trends in de uitzendbranche, digitale transformatie en workforce management.\" \/>\n<meta property=\"og:url\" content=\"https:\/\/www.pixid-vms.com\/be\/whitepapers\/\" \/>\n<meta property=\"og:site_name\" content=\"PIXID VMS BELGIE\" \/>\n<meta property=\"article:modified_time\" content=\"2025-07-31T14:48:43+00:00\" \/>\n<meta property=\"og:image\" content=\"https:\/\/www.pixid-vms.com\/be\/wp-content\/uploads\/sites\/11\/2025\/05\/white-papers.jpg\" \/>\n\t<meta property=\"og:image:width\" content=\"1920\" \/>\n\t<meta property=\"og:image:height\" content=\"667\" \/>\n\t<meta property=\"og:image:type\" content=\"image\/jpeg\" \/>\n<meta name=\"twitter:card\" content=\"summary_large_image\" \/>\n<meta name=\"twitter:image\" content=\"https:\/\/www.pixid-vms.com\/be\/wp-content\/uploads\/sites\/11\/2025\/05\/white-papers.jpg\" \/>\n<meta name=\"twitter:site\" content=\"@PIXID_Group\" \/>\n<meta name=\"twitter:label1\" content=\"Geschatte leestijd\" \/>\n\t<meta name=\"twitter:data1\" content=\"1 minuut\" \/>\n<script type=\"application\/ld+json\" class=\"yoast-schema-graph\">{\"@context\":\"https:\\\/\\\/schema.org\",\"@graph\":[{\"@type\":\"WebPage\",\"@id\":\"https:\\\/\\\/www.pixid-vms.com\\\/be\\\/whitepapers\\\/\",\"url\":\"https:\\\/\\\/www.pixid-vms.com\\\/be\\\/whitepapers\\\/\",\"name\":\"Whitepapers: Werving & Beheer van Externe Arbeidskrachten\",\"isPartOf\":{\"@id\":\"https:\\\/\\\/www.pixid-vms.com\\\/be\\\/#website\"},\"primaryImageOfPage\":{\"@id\":\"https:\\\/\\\/www.pixid-vms.com\\\/be\\\/whitepapers\\\/#primaryimage\"},\"image\":{\"@id\":\"https:\\\/\\\/www.pixid-vms.com\\\/be\\\/whitepapers\\\/#primaryimage\"},\"thumbnailUrl\":\"https:\\\/\\\/www.pixid-vms.com\\\/be\\\/wp-content\\\/uploads\\\/sites\\\/11\\\/2025\\\/05\\\/thumbnail-white-paper.jpg\",\"datePublished\":\"2025-07-31T14:46:48+00:00\",\"dateModified\":\"2025-07-31T14:48:43+00:00\",\"description\":\"Ontdek de whitepapers van Pixid VMS voor deskundige inzichten in trends in de uitzendbranche, digitale transformatie en workforce management.\",\"breadcrumb\":{\"@id\":\"https:\\\/\\\/www.pixid-vms.com\\\/be\\\/whitepapers\\\/#breadcrumb\"},\"inLanguage\":\"nl-BE\",\"potentialAction\":[{\"@type\":\"ReadAction\",\"target\":[\"https:\\\/\\\/www.pixid-vms.com\\\/be\\\/whitepapers\\\/\"]}]},{\"@type\":\"ImageObject\",\"inLanguage\":\"nl-BE\",\"@id\":\"https:\\\/\\\/www.pixid-vms.com\\\/be\\\/whitepapers\\\/#primaryimage\",\"url\":\"https:\\\/\\\/www.pixid-vms.com\\\/be\\\/wp-content\\\/uploads\\\/sites\\\/11\\\/2025\\\/05\\\/thumbnail-white-paper.jpg\",\"contentUrl\":\"https:\\\/\\\/www.pixid-vms.com\\\/be\\\/wp-content\\\/uploads\\\/sites\\\/11\\\/2025\\\/05\\\/thumbnail-white-paper.jpg\",\"width\":300,\"height\":300},{\"@type\":\"BreadcrumbList\",\"@id\":\"https:\\\/\\\/www.pixid-vms.com\\\/be\\\/whitepapers\\\/#breadcrumb\",\"itemListElement\":[{\"@type\":\"ListItem\",\"position\":1,\"name\":\"Home\",\"item\":\"https:\\\/\\\/www.pixid-vms.com\\\/be\\\/\"},{\"@type\":\"ListItem\",\"position\":2,\"name\":\"Whitepapers: Personeelswerving, Digitale Transformatie &amp; Workforce\"}]},{\"@type\":\"WebSite\",\"@id\":\"https:\\\/\\\/www.pixid-vms.com\\\/be\\\/#website\",\"url\":\"https:\\\/\\\/www.pixid-vms.com\\\/be\\\/\",\"name\":\"PIXID VMS\",\"description\":\"Software voor interim-management\",\"potentialAction\":[{\"@type\":\"SearchAction\",\"target\":{\"@type\":\"EntryPoint\",\"urlTemplate\":\"https:\\\/\\\/www.pixid-vms.com\\\/be\\\/?s={search_term_string}\"},\"query-input\":{\"@type\":\"PropertyValueSpecification\",\"valueRequired\":true,\"valueName\":\"search_term_string\"}}],\"inLanguage\":\"nl-BE\"}]}<\/script>\n<!-- \/ Yoast SEO plugin. -->","yoast_head_json":{"title":"Whitepapers: Werving & Beheer van Externe Arbeidskrachten","description":"Ontdek de whitepapers van Pixid VMS voor deskundige inzichten in trends in de uitzendbranche, digitale transformatie en workforce management.","robots":{"index":"index","follow":"follow","max-snippet":"max-snippet:-1","max-image-preview":"max-image-preview:large","max-video-preview":"max-video-preview:-1"},"canonical":"https:\/\/www.pixid-vms.com\/be\/whitepapers\/","og_locale":"nl_BE","og_type":"article","og_title":"Whitepapers: Werving & Beheer van Externe Arbeidskrachten","og_description":"Ontdek de whitepapers van Pixid VMS voor deskundige inzichten in trends in de uitzendbranche, digitale transformatie en workforce management.","og_url":"https:\/\/www.pixid-vms.com\/be\/whitepapers\/","og_site_name":"PIXID VMS BELGIE","article_modified_time":"2025-07-31T14:48:43+00:00","og_image":[{"width":1920,"height":667,"url":"https:\/\/www.pixid-vms.com\/be\/wp-content\/uploads\/sites\/11\/2025\/05\/white-papers.jpg","type":"image\/jpeg"}],"twitter_card":"summary_large_image","twitter_image":"https:\/\/www.pixid-vms.com\/be\/wp-content\/uploads\/sites\/11\/2025\/05\/white-papers.jpg","twitter_site":"@PIXID_Group","twitter_misc":{"Geschatte leestijd":"1 minuut"},"schema":{"@context":"https:\/\/schema.org","@graph":[{"@type":"WebPage","@id":"https:\/\/www.pixid-vms.com\/be\/whitepapers\/","url":"https:\/\/www.pixid-vms.com\/be\/whitepapers\/","name":"Whitepapers: Werving & Beheer van Externe Arbeidskrachten","isPartOf":{"@id":"https:\/\/www.pixid-vms.com\/be\/#website"},"primaryImageOfPage":{"@id":"https:\/\/www.pixid-vms.com\/be\/whitepapers\/#primaryimage"},"image":{"@id":"https:\/\/www.pixid-vms.com\/be\/whitepapers\/#primaryimage"},"thumbnailUrl":"https:\/\/www.pixid-vms.com\/be\/wp-content\/uploads\/sites\/11\/2025\/05\/thumbnail-white-paper.jpg","datePublished":"2025-07-31T14:46:48+00:00","dateModified":"2025-07-31T14:48:43+00:00","description":"Ontdek de whitepapers van Pixid VMS voor deskundige inzichten in trends in de uitzendbranche, digitale transformatie en workforce management.","breadcrumb":{"@id":"https:\/\/www.pixid-vms.com\/be\/whitepapers\/#breadcrumb"},"inLanguage":"nl-BE","potentialAction":[{"@type":"ReadAction","target":["https:\/\/www.pixid-vms.com\/be\/whitepapers\/"]}]},{"@type":"ImageObject","inLanguage":"nl-BE","@id":"https:\/\/www.pixid-vms.com\/be\/whitepapers\/#primaryimage","url":"https:\/\/www.pixid-vms.com\/be\/wp-content\/uploads\/sites\/11\/2025\/05\/thumbnail-white-paper.jpg","contentUrl":"https:\/\/www.pixid-vms.com\/be\/wp-content\/uploads\/sites\/11\/2025\/05\/thumbnail-white-paper.jpg","width":300,"height":300},{"@type":"BreadcrumbList","@id":"https:\/\/www.pixid-vms.com\/be\/whitepapers\/#breadcrumb","itemListElement":[{"@type":"ListItem","position":1,"name":"Home","item":"https:\/\/www.pixid-vms.com\/be\/"},{"@type":"ListItem","position":2,"name":"Whitepapers: Personeelswerving, Digitale Transformatie &amp; Workforce"}]},{"@type":"WebSite","@id":"https:\/\/www.pixid-vms.com\/be\/#website","url":"https:\/\/www.pixid-vms.com\/be\/","name":"PIXID VMS","description":"Software voor interim-management","potentialAction":[{"@type":"SearchAction","target":{"@type":"EntryPoint","urlTemplate":"https:\/\/www.pixid-vms.com\/be\/?s={search_term_string}"},"query-input":{"@type":"PropertyValueSpecification","valueRequired":true,"valueName":"search_term_string"}}],"inLanguage":"nl-BE"}]}},"lang":"nl","translations":{"nl":6398,"fr":6258},"pll_sync_post":[],"_links":{"self":[{"href":"https:\/\/www.pixid-vms.com\/be\/wp-json\/wp\/v2\/pages\/6398","targetHints":{"allow":["GET"]}}],"collection":[{"href":"https:\/\/www.pixid-vms.com\/be\/wp-json\/wp\/v2\/pages"}],"about":[{"href":"https:\/\/www.pixid-vms.com\/be\/wp-json\/wp\/v2\/types\/page"}],"author":[{"embeddable":true,"href":"https:\/\/www.pixid-vms.com\/be\/wp-json\/wp\/v2\/users\/9"}],"replies":[{"embeddable":true,"href":"https:\/\/www.pixid-vms.com\/be\/wp-json\/wp\/v2\/comments?post=6398"}],"version-history":[{"count":0,"href":"https:\/\/www.pixid-vms.com\/be\/wp-json\/wp\/v2\/pages\/6398\/revisions"}],"wp:featuredmedia":[{"embeddable":true,"href":"https:\/\/www.pixid-vms.com\/be\/wp-json\/wp\/v2\/media\/6259"}],"wp:attachment":[{"href":"https:\/\/www.pixid-vms.com\/be\/wp-json\/wp\/v2\/media?parent=6398"}],"curies":[{"name":"wp","href":"https:\/\/api.w.org\/{rel}","templated":true}]}}