{"id":201,"date":"2022-10-29T12:38:35","date_gmt":"2022-10-29T12:38:35","guid":{"rendered":"https:\/\/www.pixid-vms.com\/ch\/?page_id=201"},"modified":"2024-03-19T15:58:52","modified_gmt":"2024-03-19T14:58:52","slug":"impressum","status":"publish","type":"page","link":"https:\/\/www.pixid-vms.com\/ch\/impressum\/","title":{"rendered":"PIXID VMS impressum"},"content":{"rendered":"\t\t<div data-elementor-type=\"wp-page\" data-elementor-id=\"201\" class=\"elementor elementor-201\" data-elementor-post-type=\"page\">\n\t\t\t\t<div class=\"elementor-element elementor-element-13949bf8 e-con-full e-flex e-con e-parent\" data-id=\"13949bf8\" data-element_type=\"container\" data-settings=\"{&quot;background_background&quot;:&quot;classic&quot;}\">\n\t\t<div class=\"elementor-element elementor-element-6a729319 e-flex e-con-boxed e-con e-child\" data-id=\"6a729319\" data-element_type=\"container\">\n\t\t\t\t\t<div class=\"e-con-inner\">\n\t\t\t\t<div class=\"elementor-element elementor-element-96828ee elementor-widget elementor-widget-global elementor-global-5298 elementor-widget-image\" data-id=\"96828ee\" data-element_type=\"widget\" data-widget_type=\"image.default\">\n\t\t\t\t<div class=\"elementor-widget-container\">\n\t\t\t\t\t\t\t\t\t\t\t\t\t\t\t<img fetchpriority=\"high\" decoding=\"async\" width=\"480\" height=\"480\" src=\"https:\/\/www.pixid-vms.com\/ch\/wp-content\/uploads\/sites\/7\/2024\/01\/24-01-favicon-pixid.png\" class=\"attachment-full size-full wp-image-5277\" alt=\"\" srcset=\"https:\/\/www.pixid-vms.com\/ch\/wp-content\/uploads\/sites\/7\/2024\/01\/24-01-favicon-pixid.png 480w, https:\/\/www.pixid-vms.com\/ch\/wp-content\/uploads\/sites\/7\/2024\/01\/24-01-favicon-pixid-300x300.png 300w, https:\/\/www.pixid-vms.com\/ch\/wp-content\/uploads\/sites\/7\/2024\/01\/24-01-favicon-pixid-150x150.png 150w\" sizes=\"(max-width: 480px) 100vw, 480px\" \/>\t\t\t\t\t\t\t\t\t\t\t\t\t\t\t<\/div>\n\t\t\t\t<\/div>\n\t\t\t\t<div class=\"elementor-element elementor-element-3f8a7e83 elementor-widget elementor-widget-heading\" data-id=\"3f8a7e83\" data-element_type=\"widget\" data-widget_type=\"heading.default\">\n\t\t\t\t<div class=\"elementor-widget-container\">\n\t\t\t\t\t<h1 class=\"elementor-heading-title elementor-size-default\">Impressum<\/h1>\t\t\t\t<\/div>\n\t\t\t\t<\/div>\n\t\t\t\t<div class=\"elementor-element elementor-element-58ce7084 elementor-widget elementor-widget-heading\" data-id=\"58ce7084\" data-element_type=\"widget\" data-widget_type=\"heading.default\">\n\t\t\t\t<div class=\"elementor-widget-container\">\n\t\t\t\t\t<h2 class=\"elementor-heading-title elementor-size-default\">Ver\u00f6ffentlichung<\/h2>\t\t\t\t<\/div>\n\t\t\t\t<\/div>\n\t\t\t\t<div class=\"elementor-element elementor-element-31c93cfe elementor-widget elementor-widget-text-editor\" data-id=\"31c93cfe\" data-element_type=\"widget\" data-widget_type=\"text-editor.default\">\n\t\t\t\t<div class=\"elementor-widget-container\">\n\t\t\t\t\t\t\t\t\t<p>Die Website <a href=\"https:\/\/www.pixid-vms.com\/ch\/\">www.pixid-vms.com\/ch\/<\/a> wird von der Firma PIXID ver\u00f6ffentlicht, einer Gesellschaft mit einem Kapital von 300.000,00 EUR, eingetragen im Handelsregister von Nanterre unter der Nummer B 479 730 046.<\/p>\n<p>Hauptsitz : 53-55 rue du Capitaine Guynemer, 92400 Courbevoie FRANKREICH<br \/>Telefonnummer: +33 1 41 16 34 00<br \/>Gesetzlicher Vertreter : M. Etienne COLELLA, Gesch\u00e4ftsf\u00fchrer<br \/>Direktor des Verlags : M. Etienne COLELLA<\/p>\t\t\t\t\t\t\t\t<\/div>\n\t\t\t\t<\/div>\n\t\t\t\t<div class=\"elementor-element elementor-element-2ced593a elementor-widget elementor-widget-heading\" data-id=\"2ced593a\" data-element_type=\"widget\" data-widget_type=\"heading.default\">\n\t\t\t\t<div class=\"elementor-widget-container\">\n\t\t\t\t\t<h2 class=\"elementor-heading-title elementor-size-default\">Unterbringung<\/h2>\t\t\t\t<\/div>\n\t\t\t\t<\/div>\n\t\t\t\t<div class=\"elementor-element elementor-element-78682650 elementor-widget elementor-widget-text-editor\" data-id=\"78682650\" data-element_type=\"widget\" data-widget_type=\"text-editor.default\">\n\t\t\t\t<div class=\"elementor-widget-container\">\n\t\t\t\t\t\t\t\t\t<p>Die Website wird von der Firma WP Engine gehostet.<\/p>\n<p>Hauptsitz: Irongate House, 22-30 Duke&#8217;s Place &#8211; London, EC3A 7LP Vereinigtes K\u00f6nigreich<\/p>\n\t\t\t\t\t\t\t\t<\/div>\n\t\t\t\t<\/div>\n\t\t\t\t<div class=\"elementor-element elementor-element-102907a3 elementor-widget elementor-widget-heading\" data-id=\"102907a3\" data-element_type=\"widget\" data-widget_type=\"heading.default\">\n\t\t\t\t<div class=\"elementor-widget-container\">\n\t\t\t\t\t<h2 class=\"elementor-heading-title elementor-size-default\">Rechtlicher Hinweis<\/h2>\t\t\t\t<\/div>\n\t\t\t\t<\/div>\n\t\t\t\t<div class=\"elementor-element elementor-element-5300fb9e elementor-widget elementor-widget-text-editor\" data-id=\"5300fb9e\" data-element_type=\"widget\" data-widget_type=\"text-editor.default\">\n\t\t\t\t<div class=\"elementor-widget-container\">\n\t\t\t\t\t\t\t\t\t<p>IXID verpflichtet sich, alle Gesetze bez\u00fcglich der Erstellung und des Betriebs einer Website einzuhalten. Der Herausgeber m\u00f6chte die Nutzer seiner Website auf die folgenden Punkte aufmerksam machen:<\/p>\n<ul>\n<li>Diese Website in deutscher, franz\u00f6sischer und italienischer Sprache ist eine Informations-Website f\u00fcr die Kunden, die Mitarbeiter von PIXID VMS und f\u00fcr &#171;Surfer&#187;. Diese Website unterliegt dem franz\u00f6sischen Recht. Indem Sie auf dieser Website surfen, akzeptieren Sie die Verwendung von Cookies oder anderen Tracern, die Ihre Navigation auf unserer Website erleichtern und\/oder uns helfen, statistische Besuche durchzuf\u00fchren. Sie k\u00f6nnen Ihren Browser so einstellen, dass er die Installation von Cookies ablehnt, dies kann jedoch Ihre Navigation auf unserer Website einschr\u00e4nken. Der Surfer best\u00e4tigt, dass er sich mit der vorliegenden Charta vertraut gemacht hat und erkl\u00e4rt sich bereit, sie zu befolgen.<\/li>\n<li>Er wird daran erinnert, dass die Vertraulichkeit des Datenaustauschs im Internet nicht gew\u00e4hrleistet ist und dass es in der Verantwortung des Surfers liegt, alle geeigneten Ma\u00dfnahmen zum Schutz seiner eigenen Daten und\/oder Software zu treffen. Sofern nicht ausdr\u00fccklich anders angegeben, ist der gesamte Inhalt der Website, einschlie\u00dflich der Texte und Bilder sowie deren Layout, Eigentum von PIXID. Alle auf dieser Website verwendeten oder erw\u00e4hnten Marken oder Warenzeichen geh\u00f6ren ihren jeweiligen Eigent\u00fcmern.<\/li>\n<li>Kein Inhalt der Website kann so ausgelegt werden, dass dadurch irgendwelche Rechte bez\u00fcglich des Inhalts, der durch Urheberrechte, Patente, Marken, Warenzeichen und andere spezifische Interessen von PIXID VMS oder einer dritten Partei gesch\u00fctzt ist, \u00fcbertragen werden.<\/li>\n<\/ul>\t\t\t\t\t\t\t\t<\/div>\n\t\t\t\t<\/div>\n\t\t\t\t\t<\/div>\n\t\t\t\t<\/div>\n\t\t\t\t<\/div>\n\t\t\t\t<\/div>\n\t\t","protected":false},"excerpt":{"rendered":"<p>Impressum Ver\u00f6ffentlichung Die Website www.pixid-vms.com\/ch\/ wird von der Firma PIXID ver\u00f6ffentlicht, einer Gesellschaft mit einem Kapital von 300.000,00 EUR, eingetragen im Handelsregister von Nanterre unter der Nummer B 479 730 046. Hauptsitz : 53-55 rue du Capitaine Guynemer, 92400 Courbevoie FRANKREICHTelefonnummer: +33 1 41 16 34 00Gesetzlicher Vertreter : M. Etienne COLELLA, Gesch\u00e4ftsf\u00fchrerDirektor des Verlags [&hellip;]<\/p>\n","protected":false},"author":9,"featured_media":5673,"parent":0,"menu_order":0,"comment_status":"closed","ping_status":"closed","template":"","meta":{"_acf_changed":false,"footnotes":""},"class_list":["post-201","page","type-page","status-publish","has-post-thumbnail","hentry"],"acf":[],"yoast_head":"<!-- This site is optimized with the Yoast SEO plugin v27.2 - https:\/\/yoast.com\/product\/yoast-seo-wordpress\/ -->\n<title>PIXID VMS impressum<\/title>\n<meta name=\"description\" content=\"Erkunden Sie die rechtlichen Informationen der PIXID-Gruppe, einschlie\u00dflich Richtlinien und Einzelheiten zur Einhaltung. Erfahren Sie, wie wir Transparenz und die Einhaltung von Vorschriften sicherstellen.\" \/>\n<meta name=\"robots\" content=\"index, follow, max-snippet:-1, max-image-preview:large, max-video-preview:-1\" \/>\n<link rel=\"canonical\" href=\"https:\/\/www.pixid-vms.com\/ch\/impressum\/\" \/>\n<meta property=\"og:locale\" content=\"de_DE\" \/>\n<meta property=\"og:type\" content=\"article\" \/>\n<meta property=\"og:title\" content=\"PIXID VMS impressum\" \/>\n<meta property=\"og:description\" content=\"Erkunden Sie die rechtlichen Informationen der PIXID-Gruppe, einschlie\u00dflich Richtlinien und Einzelheiten zur Einhaltung. Erfahren Sie, wie wir Transparenz und die Einhaltung von Vorschriften sicherstellen.\" \/>\n<meta property=\"og:url\" content=\"https:\/\/www.pixid-vms.com\/ch\/impressum\/\" \/>\n<meta property=\"og:site_name\" content=\"PIXID VMS SCHWEIZ\" \/>\n<meta property=\"article:modified_time\" content=\"2024-03-19T14:58:52+00:00\" \/>\n<meta property=\"og:image\" content=\"https:\/\/www.pixid-vms.com\/ch\/wp-content\/uploads\/sites\/7\/2024\/03\/generic-page.jpg\" \/>\n\t<meta property=\"og:image:width\" content=\"1920\" \/>\n\t<meta property=\"og:image:height\" content=\"667\" \/>\n\t<meta property=\"og:image:type\" content=\"image\/jpeg\" \/>\n<meta name=\"twitter:card\" content=\"summary_large_image\" \/>\n<meta name=\"twitter:image\" content=\"https:\/\/www.pixid-vms.com\/ch\/wp-content\/uploads\/sites\/7\/2024\/03\/generic-page.jpg\" \/>\n<meta name=\"twitter:site\" content=\"@PIXID_Group\" \/>\n<meta name=\"twitter:label1\" content=\"Gesch\u00e4tzte Lesezeit\" \/>\n\t<meta name=\"twitter:data1\" content=\"2 Minuten\" \/>\n<script type=\"application\/ld+json\" class=\"yoast-schema-graph\">{\"@context\":\"https:\/\/schema.org\",\"@graph\":[{\"@type\":\"WebPage\",\"@id\":\"https:\/\/www.pixid-vms.com\/ch\/impressum\/\",\"url\":\"https:\/\/www.pixid-vms.com\/ch\/impressum\/\",\"name\":\"PIXID VMS impressum\",\"isPartOf\":{\"@id\":\"https:\/\/www.pixid-vms.com\/ch\/#website\"},\"primaryImageOfPage\":{\"@id\":\"https:\/\/www.pixid-vms.com\/ch\/impressum\/#primaryimage\"},\"image\":{\"@id\":\"https:\/\/www.pixid-vms.com\/ch\/impressum\/#primaryimage\"},\"thumbnailUrl\":\"https:\/\/www.pixid-vms.com\/ch\/wp-content\/uploads\/sites\/7\/2024\/03\/thumbnail-generic-page.jpg\",\"datePublished\":\"2022-10-29T12:38:35+00:00\",\"dateModified\":\"2024-03-19T14:58:52+00:00\",\"description\":\"Erkunden Sie die rechtlichen Informationen der PIXID-Gruppe, einschlie\u00dflich Richtlinien und Einzelheiten zur Einhaltung. Erfahren Sie, wie wir Transparenz und die Einhaltung von Vorschriften sicherstellen.\",\"breadcrumb\":{\"@id\":\"https:\/\/www.pixid-vms.com\/ch\/impressum\/#breadcrumb\"},\"inLanguage\":\"de-CH\",\"potentialAction\":[{\"@type\":\"ReadAction\",\"target\":[\"https:\/\/www.pixid-vms.com\/ch\/impressum\/\"]}]},{\"@type\":\"ImageObject\",\"inLanguage\":\"de-CH\",\"@id\":\"https:\/\/www.pixid-vms.com\/ch\/impressum\/#primaryimage\",\"url\":\"https:\/\/www.pixid-vms.com\/ch\/wp-content\/uploads\/sites\/7\/2024\/03\/thumbnail-generic-page.jpg\",\"contentUrl\":\"https:\/\/www.pixid-vms.com\/ch\/wp-content\/uploads\/sites\/7\/2024\/03\/thumbnail-generic-page.jpg\",\"width\":300,\"height\":300},{\"@type\":\"BreadcrumbList\",\"@id\":\"https:\/\/www.pixid-vms.com\/ch\/impressum\/#breadcrumb\",\"itemListElement\":[{\"@type\":\"ListItem\",\"position\":1,\"name\":\"Home\",\"item\":\"https:\/\/www.pixid-vms.com\/ch\/\"},{\"@type\":\"ListItem\",\"position\":2,\"name\":\"PIXID VMS impressum\"}]},{\"@type\":\"WebSite\",\"@id\":\"https:\/\/www.pixid-vms.com\/ch\/#website\",\"url\":\"https:\/\/www.pixid-vms.com\/ch\/\",\"name\":\"PIXID VMS SCHWEIZ\",\"description\":\"External workforce management\",\"publisher\":{\"@id\":\"https:\/\/www.pixid-vms.com\/ch\/#organization\"},\"potentialAction\":[{\"@type\":\"SearchAction\",\"target\":{\"@type\":\"EntryPoint\",\"urlTemplate\":\"https:\/\/www.pixid-vms.com\/ch\/?s={search_term_string}\"},\"query-input\":{\"@type\":\"PropertyValueSpecification\",\"valueRequired\":true,\"valueName\":\"search_term_string\"}}],\"inLanguage\":\"de-CH\"},{\"@type\":\"Organization\",\"@id\":\"https:\/\/www.pixid-vms.com\/ch\/#organization\",\"name\":\"PIXID VMS\",\"url\":\"https:\/\/www.pixid-vms.com\/ch\/\",\"logo\":{\"@type\":\"ImageObject\",\"inLanguage\":\"de-CH\",\"@id\":\"https:\/\/www.pixid-vms.com\/ch\/#\/schema\/logo\/image\/\",\"url\":\"https:\/\/www.pixid-vms.com\/ch\/wp-content\/uploads\/sites\/7\/2022\/10\/PIXIDVMS-logo-colour.png\",\"contentUrl\":\"https:\/\/www.pixid-vms.com\/ch\/wp-content\/uploads\/sites\/7\/2022\/10\/PIXIDVMS-logo-colour.png\",\"width\":3238,\"height\":625,\"caption\":\"PIXID VMS\"},\"image\":{\"@id\":\"https:\/\/www.pixid-vms.com\/ch\/#\/schema\/logo\/image\/\"},\"sameAs\":[\"https:\/\/x.com\/PIXID_Group\",\"https:\/\/www.linkedin.com\/company\/pixid\/\"]}]}<\/script>\n<!-- \/ Yoast SEO plugin. -->","yoast_head_json":{"title":"PIXID VMS impressum","description":"Erkunden Sie die rechtlichen Informationen der PIXID-Gruppe, einschlie\u00dflich Richtlinien und Einzelheiten zur Einhaltung. Erfahren Sie, wie wir Transparenz und die Einhaltung von Vorschriften sicherstellen.","robots":{"index":"index","follow":"follow","max-snippet":"max-snippet:-1","max-image-preview":"max-image-preview:large","max-video-preview":"max-video-preview:-1"},"canonical":"https:\/\/www.pixid-vms.com\/ch\/impressum\/","og_locale":"de_DE","og_type":"article","og_title":"PIXID VMS impressum","og_description":"Erkunden Sie die rechtlichen Informationen der PIXID-Gruppe, einschlie\u00dflich Richtlinien und Einzelheiten zur Einhaltung. Erfahren Sie, wie wir Transparenz und die Einhaltung von Vorschriften sicherstellen.","og_url":"https:\/\/www.pixid-vms.com\/ch\/impressum\/","og_site_name":"PIXID VMS SCHWEIZ","article_modified_time":"2024-03-19T14:58:52+00:00","og_image":[{"width":1920,"height":667,"url":"https:\/\/www.pixid-vms.com\/ch\/wp-content\/uploads\/sites\/7\/2024\/03\/generic-page.jpg","type":"image\/jpeg"}],"twitter_card":"summary_large_image","twitter_image":"https:\/\/www.pixid-vms.com\/ch\/wp-content\/uploads\/sites\/7\/2024\/03\/generic-page.jpg","twitter_site":"@PIXID_Group","twitter_misc":{"Gesch\u00e4tzte Lesezeit":"2 Minuten"},"schema":{"@context":"https:\/\/schema.org","@graph":[{"@type":"WebPage","@id":"https:\/\/www.pixid-vms.com\/ch\/impressum\/","url":"https:\/\/www.pixid-vms.com\/ch\/impressum\/","name":"PIXID VMS impressum","isPartOf":{"@id":"https:\/\/www.pixid-vms.com\/ch\/#website"},"primaryImageOfPage":{"@id":"https:\/\/www.pixid-vms.com\/ch\/impressum\/#primaryimage"},"image":{"@id":"https:\/\/www.pixid-vms.com\/ch\/impressum\/#primaryimage"},"thumbnailUrl":"https:\/\/www.pixid-vms.com\/ch\/wp-content\/uploads\/sites\/7\/2024\/03\/thumbnail-generic-page.jpg","datePublished":"2022-10-29T12:38:35+00:00","dateModified":"2024-03-19T14:58:52+00:00","description":"Erkunden Sie die rechtlichen Informationen der PIXID-Gruppe, einschlie\u00dflich Richtlinien und Einzelheiten zur Einhaltung. Erfahren Sie, wie wir Transparenz und die Einhaltung von Vorschriften sicherstellen.","breadcrumb":{"@id":"https:\/\/www.pixid-vms.com\/ch\/impressum\/#breadcrumb"},"inLanguage":"de-CH","potentialAction":[{"@type":"ReadAction","target":["https:\/\/www.pixid-vms.com\/ch\/impressum\/"]}]},{"@type":"ImageObject","inLanguage":"de-CH","@id":"https:\/\/www.pixid-vms.com\/ch\/impressum\/#primaryimage","url":"https:\/\/www.pixid-vms.com\/ch\/wp-content\/uploads\/sites\/7\/2024\/03\/thumbnail-generic-page.jpg","contentUrl":"https:\/\/www.pixid-vms.com\/ch\/wp-content\/uploads\/sites\/7\/2024\/03\/thumbnail-generic-page.jpg","width":300,"height":300},{"@type":"BreadcrumbList","@id":"https:\/\/www.pixid-vms.com\/ch\/impressum\/#breadcrumb","itemListElement":[{"@type":"ListItem","position":1,"name":"Home","item":"https:\/\/www.pixid-vms.com\/ch\/"},{"@type":"ListItem","position":2,"name":"PIXID VMS impressum"}]},{"@type":"WebSite","@id":"https:\/\/www.pixid-vms.com\/ch\/#website","url":"https:\/\/www.pixid-vms.com\/ch\/","name":"PIXID VMS SCHWEIZ","description":"External workforce management","publisher":{"@id":"https:\/\/www.pixid-vms.com\/ch\/#organization"},"potentialAction":[{"@type":"SearchAction","target":{"@type":"EntryPoint","urlTemplate":"https:\/\/www.pixid-vms.com\/ch\/?s={search_term_string}"},"query-input":{"@type":"PropertyValueSpecification","valueRequired":true,"valueName":"search_term_string"}}],"inLanguage":"de-CH"},{"@type":"Organization","@id":"https:\/\/www.pixid-vms.com\/ch\/#organization","name":"PIXID VMS","url":"https:\/\/www.pixid-vms.com\/ch\/","logo":{"@type":"ImageObject","inLanguage":"de-CH","@id":"https:\/\/www.pixid-vms.com\/ch\/#\/schema\/logo\/image\/","url":"https:\/\/www.pixid-vms.com\/ch\/wp-content\/uploads\/sites\/7\/2022\/10\/PIXIDVMS-logo-colour.png","contentUrl":"https:\/\/www.pixid-vms.com\/ch\/wp-content\/uploads\/sites\/7\/2022\/10\/PIXIDVMS-logo-colour.png","width":3238,"height":625,"caption":"PIXID VMS"},"image":{"@id":"https:\/\/www.pixid-vms.com\/ch\/#\/schema\/logo\/image\/"},"sameAs":["https:\/\/x.com\/PIXID_Group","https:\/\/www.linkedin.com\/company\/pixid\/"]}]}},"lang":"de","translations":{"de":201,"fr":5531,"it":5530},"pll_sync_post":[],"_links":{"self":[{"href":"https:\/\/www.pixid-vms.com\/ch\/wp-json\/wp\/v2\/pages\/201","targetHints":{"allow":["GET"]}}],"collection":[{"href":"https:\/\/www.pixid-vms.com\/ch\/wp-json\/wp\/v2\/pages"}],"about":[{"href":"https:\/\/www.pixid-vms.com\/ch\/wp-json\/wp\/v2\/types\/page"}],"author":[{"embeddable":true,"href":"https:\/\/www.pixid-vms.com\/ch\/wp-json\/wp\/v2\/users\/9"}],"replies":[{"embeddable":true,"href":"https:\/\/www.pixid-vms.com\/ch\/wp-json\/wp\/v2\/comments?post=201"}],"version-history":[{"count":0,"href":"https:\/\/www.pixid-vms.com\/ch\/wp-json\/wp\/v2\/pages\/201\/revisions"}],"wp:featuredmedia":[{"embeddable":true,"href":"https:\/\/www.pixid-vms.com\/ch\/wp-json\/wp\/v2\/media\/5673"}],"wp:attachment":[{"href":"https:\/\/www.pixid-vms.com\/ch\/wp-json\/wp\/v2\/media?parent=201"}],"curies":[{"name":"wp","href":"https:\/\/api.w.org\/{rel}","templated":true}]}}