{"id":5531,"date":"2024-02-27T13:00:00","date_gmt":"2024-02-27T12:00:00","guid":{"rendered":"https:\/\/www.pixid-vms.com\/ch\/?page_id=5531"},"modified":"2024-03-19T17:34:16","modified_gmt":"2024-03-19T16:34:16","slug":"mentions-legales","status":"publish","type":"page","link":"https:\/\/www.pixid-vms.com\/ch\/fr\/mentions-legales\/","title":{"rendered":"Mentions l\u00e9gales PIXID VMS"},"content":{"rendered":"\t\t<div data-elementor-type=\"wp-page\" data-elementor-id=\"5531\" class=\"elementor elementor-5531\" data-elementor-post-type=\"page\">\n\t\t\t\t<div class=\"elementor-element elementor-element-65f5ab6 e-con-full e-flex e-con e-parent\" data-id=\"65f5ab6\" data-element_type=\"container\" data-e-type=\"container\" data-settings=\"{&quot;background_background&quot;:&quot;classic&quot;}\">\n\t\t<div class=\"elementor-element elementor-element-6a450de e-flex e-con-boxed e-con e-child\" data-id=\"6a450de\" data-element_type=\"container\" data-e-type=\"container\">\n\t\t\t\t\t<div class=\"e-con-inner\">\n\t\t\t\t<div class=\"elementor-element elementor-element-ba1ecc3 elementor-widget elementor-widget-global elementor-global-5298 elementor-widget-image\" data-id=\"ba1ecc3\" data-element_type=\"widget\" data-e-type=\"widget\" data-widget_type=\"image.default\">\n\t\t\t\t<div class=\"elementor-widget-container\">\n\t\t\t\t\t\t\t\t\t\t\t\t\t\t\t<img fetchpriority=\"high\" decoding=\"async\" width=\"480\" height=\"480\" src=\"https:\/\/www.pixid-vms.com\/ch\/wp-content\/uploads\/sites\/7\/2024\/01\/24-01-favicon-pixid.png\" class=\"attachment-full size-full wp-image-5277\" alt=\"\" srcset=\"https:\/\/www.pixid-vms.com\/ch\/wp-content\/uploads\/sites\/7\/2024\/01\/24-01-favicon-pixid.png 480w, https:\/\/www.pixid-vms.com\/ch\/wp-content\/uploads\/sites\/7\/2024\/01\/24-01-favicon-pixid-300x300.png 300w, https:\/\/www.pixid-vms.com\/ch\/wp-content\/uploads\/sites\/7\/2024\/01\/24-01-favicon-pixid-150x150.png 150w\" sizes=\"(max-width: 480px) 100vw, 480px\" \/>\t\t\t\t\t\t\t\t\t\t\t\t\t\t\t<\/div>\n\t\t\t\t<\/div>\n\t\t\t\t<div class=\"elementor-element elementor-element-74ce985 elementor-widget elementor-widget-heading\" data-id=\"74ce985\" data-element_type=\"widget\" data-e-type=\"widget\" data-widget_type=\"heading.default\">\n\t\t\t\t<div class=\"elementor-widget-container\">\n\t\t\t\t\t<h1 class=\"elementor-heading-title elementor-size-default\">Mentions l\u00e9gales<\/h1>\t\t\t\t<\/div>\n\t\t\t\t<\/div>\n\t\t\t\t<div class=\"elementor-element elementor-element-91be7e7 elementor-widget elementor-widget-heading\" data-id=\"91be7e7\" data-element_type=\"widget\" data-e-type=\"widget\" data-widget_type=\"heading.default\">\n\t\t\t\t<div class=\"elementor-widget-container\">\n\t\t\t\t\t<h2 class=\"elementor-heading-title elementor-size-default\">Publication<\/h2>\t\t\t\t<\/div>\n\t\t\t\t<\/div>\n\t\t\t\t<div class=\"elementor-element elementor-element-b4a69ae elementor-widget elementor-widget-text-editor\" data-id=\"b4a69ae\" data-element_type=\"widget\" data-e-type=\"widget\" data-widget_type=\"text-editor.default\">\n\t\t\t\t<div class=\"elementor-widget-container\">\n\t\t\t\t\t\t\t\t\t<p>Le site <a href=\"https:\/\/www.pixid-vms.com\/ch\/fr\/\">www.pixid-vms.com\/ch\/fr\/<\/a> Soci\u00e9t\u00e9 par Actions Simplifi\u00e9e au capital de 300.000,00 EUR, immatricul\u00e9 au RCS de Nanterre sous le num\u00e9ro unique d\u2019identification B 479 730 046.<\/p><p>Si\u00e8ge Social : 53-55 rue du Capitaine Guynemer, 92400 Courbevoie FRANCE<br \/>T\u00e9l\u00e9phone : 01 41 16 34 00<br \/>Repr\u00e9sentant l\u00e9gal : M. Etienne COLELLA, Pr\u00e9sident<br \/>Directeur de la publication : M. Etienne COLELLA<\/p>\t\t\t\t\t\t\t\t<\/div>\n\t\t\t\t<\/div>\n\t\t\t\t<div class=\"elementor-element elementor-element-a80f49c elementor-widget elementor-widget-heading\" data-id=\"a80f49c\" data-element_type=\"widget\" data-e-type=\"widget\" data-widget_type=\"heading.default\">\n\t\t\t\t<div class=\"elementor-widget-container\">\n\t\t\t\t\t<h2 class=\"elementor-heading-title elementor-size-default\">H\u00e9bergement<\/h2>\t\t\t\t<\/div>\n\t\t\t\t<\/div>\n\t\t\t\t<div class=\"elementor-element elementor-element-af63946 elementor-widget elementor-widget-text-editor\" data-id=\"af63946\" data-element_type=\"widget\" data-e-type=\"widget\" data-widget_type=\"text-editor.default\">\n\t\t\t\t<div class=\"elementor-widget-container\">\n\t\t\t\t\t\t\t\t\tLe site est h\u00e9berg\u00e9 par la soci\u00e9t\u00e9 WP Engine.\n<br>\nSi\u00e8ge social : Irongate House, 22-30 Duke&#8217;s Place &#8211; Londres, EC3A 7LP Royaume-Uni\t\t\t\t\t\t\t\t<\/div>\n\t\t\t\t<\/div>\n\t\t\t\t<div class=\"elementor-element elementor-element-ea5fe2f elementor-widget elementor-widget-heading\" data-id=\"ea5fe2f\" data-element_type=\"widget\" data-e-type=\"widget\" data-widget_type=\"heading.default\">\n\t\t\t\t<div class=\"elementor-widget-container\">\n\t\t\t\t\t<h2 class=\"elementor-heading-title elementor-size-default\">Avertissement l\u00e9gal<\/h2>\t\t\t\t<\/div>\n\t\t\t\t<\/div>\n\t\t\t\t<div class=\"elementor-element elementor-element-f76fa58 elementor-widget elementor-widget-text-editor\" data-id=\"f76fa58\" data-element_type=\"widget\" data-e-type=\"widget\" data-widget_type=\"text-editor.default\">\n\t\t\t\t<div class=\"elementor-widget-container\">\n\t\t\t\t\t\t\t\t\t<p>PIXID s\u2019engage \u00e0 respecter l\u2019ensemble des lois concernant la mise en place et l\u2019activit\u00e9 d\u2019un site Internet. L\u2019\u00e9diteur attire l\u2019attention des usagers de son site sur les points ci-apr\u00e8s :<\/p>\n\n<p>Ce site, de langue allemande, fran\u00e7aise et italienne est un site d\u2019information qui s\u2019adresse aussi bien aux clients, aux collaborateurs et candidats de PIXID, qu\u2019aux \u00abinternautes\u00bb. Ce site est soumis \u00e0 la loi fran\u00e7aise. En poursuivant votre navigation sur ce site, vous acceptez l\u2019utilisation de Cookies ou autres traceurs destin\u00e9s \u00e0 faciliter votre navigation sur notre site et\/ou \u00e0 nous permettre de r\u00e9aliser des statistiques de visites. Vous pouvez configurer votre navigateur afin de refuser l\u2019installation de tout cookie, cela peut n\u00e9anmoins restreindre votre navigation sur notre site. L\u2019internaute reconna\u00eet avoir pris connaissance de la pr\u00e9sente charte et s\u2019engage \u00e0 la respecter.<\/p>\n\n<p>Il est rappel\u00e9 que le secret des correspondances n\u2019est pas garanti sur le r\u00e9seau Internet et qu\u2019il appartient \u00e0 chaque internaute de prendre toutes les mesures appropri\u00e9es de fa\u00e7on \u00e0 prot\u00e9ger ses propres donn\u00e9es et\/ou logiciels. Sauf mention contraire express, tous les \u00e9l\u00e9ments contenus dans ce site, y compris le texte et les images ainsi que leur agencement, sont la propri\u00e9t\u00e9 de PIXID. Toutes les marques utilis\u00e9es ou mentionn\u00e9es dans ce site appartiennent \u00e0 leurs propri\u00e9taires respectifs.<\/p>\n\n<p>Aucun \u00e9l\u00e9ment contenu dans ce site ne sera interpr\u00e9t\u00e9 comme conf\u00e9rant, de quelque fa\u00e7on que ce soit, le moindre droit sur les contenus prot\u00e9g\u00e9s par le copyright, les brevets, marques ou autres int\u00e9r\u00eats propres \u00e0 PIXID ou \u00e0 un tiers.<\/p>\n\t\t\t\t\t\t\t\t<\/div>\n\t\t\t\t<\/div>\n\t\t\t\t\t<\/div>\n\t\t\t\t<\/div>\n\t\t\t\t<\/div>\n\t\t\t\t<\/div>\n\t\t","protected":false},"excerpt":{"rendered":"<p>Mentions l\u00e9gales Publication Le site www.pixid-vms.com\/ch\/fr\/ Soci\u00e9t\u00e9 par Actions Simplifi\u00e9e au capital de 300.000,00 EUR, immatricul\u00e9 au RCS de Nanterre sous le num\u00e9ro unique d\u2019identification B 479 730 046. Si\u00e8ge Social : 53-55 rue du Capitaine Guynemer, 92400 Courbevoie FRANCET\u00e9l\u00e9phone : 01 41 16 34 00Repr\u00e9sentant l\u00e9gal : M. Etienne COLELLA, Pr\u00e9sidentDirecteur de la publication [&hellip;]<\/p>\n","protected":false},"author":9,"featured_media":5699,"parent":0,"menu_order":0,"comment_status":"closed","ping_status":"closed","template":"","meta":{"_acf_changed":false,"footnotes":""},"class_list":["post-5531","page","type-page","status-publish","has-post-thumbnail","hentry"],"acf":[],"yoast_head":"<!-- This site is optimized with the Yoast SEO plugin v27.3 - https:\/\/yoast.com\/product\/yoast-seo-wordpress\/ -->\n<title>Mentions l\u00e9gales PIXID VMS<\/title>\n<meta name=\"description\" content=\"D\u00e9couvrez les mentions legales du groupe PIXID, et sa politique de conformit\u00e9 en respect des r\u00e9glementations en cours.\" \/>\n<meta name=\"robots\" content=\"index, follow, max-snippet:-1, max-image-preview:large, max-video-preview:-1\" \/>\n<link rel=\"canonical\" href=\"https:\/\/www.pixid-vms.com\/ch\/fr\/mentions-legales\/\" \/>\n<meta property=\"og:locale\" content=\"de_DE\" \/>\n<meta property=\"og:type\" content=\"article\" \/>\n<meta property=\"og:title\" content=\"Mentions l\u00e9gales PIXID VMS\" \/>\n<meta property=\"og:description\" content=\"D\u00e9couvrez les mentions legales du groupe PIXID, et sa politique de conformit\u00e9 en respect des r\u00e9glementations en cours.\" \/>\n<meta property=\"og:url\" content=\"https:\/\/www.pixid-vms.com\/ch\/fr\/mentions-legales\/\" \/>\n<meta property=\"og:site_name\" content=\"PIXID VMS SCHWEIZ\" \/>\n<meta property=\"article:modified_time\" content=\"2024-03-19T16:34:16+00:00\" \/>\n<meta property=\"og:image\" content=\"https:\/\/www.pixid-vms.com\/ch\/wp-content\/uploads\/sites\/7\/2024\/03\/generic-page-1.jpg\" \/>\n\t<meta property=\"og:image:width\" content=\"1920\" \/>\n\t<meta property=\"og:image:height\" content=\"667\" \/>\n\t<meta property=\"og:image:type\" content=\"image\/jpeg\" \/>\n<meta name=\"twitter:card\" content=\"summary_large_image\" \/>\n<meta name=\"twitter:image\" content=\"https:\/\/www.pixid-vms.com\/ch\/wp-content\/uploads\/sites\/7\/2024\/03\/generic-page-1.jpg\" \/>\n<meta name=\"twitter:site\" content=\"@PIXID_Group\" \/>\n<meta name=\"twitter:label1\" content=\"Gesch\u00e4tzte Lesezeit\" \/>\n\t<meta name=\"twitter:data1\" content=\"3 Minuten\" \/>\n<script type=\"application\/ld+json\" class=\"yoast-schema-graph\">{\"@context\":\"https:\\\/\\\/schema.org\",\"@graph\":[{\"@type\":\"WebPage\",\"@id\":\"https:\\\/\\\/www.pixid-vms.com\\\/ch\\\/fr\\\/mentions-legales\\\/\",\"url\":\"https:\\\/\\\/www.pixid-vms.com\\\/ch\\\/fr\\\/mentions-legales\\\/\",\"name\":\"Mentions l\u00e9gales PIXID VMS\",\"isPartOf\":{\"@id\":\"https:\\\/\\\/www.pixid-vms.com\\\/ch\\\/#website\"},\"primaryImageOfPage\":{\"@id\":\"https:\\\/\\\/www.pixid-vms.com\\\/ch\\\/fr\\\/mentions-legales\\\/#primaryimage\"},\"image\":{\"@id\":\"https:\\\/\\\/www.pixid-vms.com\\\/ch\\\/fr\\\/mentions-legales\\\/#primaryimage\"},\"thumbnailUrl\":\"https:\\\/\\\/www.pixid-vms.com\\\/ch\\\/wp-content\\\/uploads\\\/sites\\\/7\\\/2024\\\/03\\\/thumbnail-generic-page-1.jpg\",\"datePublished\":\"2024-02-27T12:00:00+00:00\",\"dateModified\":\"2024-03-19T16:34:16+00:00\",\"description\":\"D\u00e9couvrez les mentions legales du groupe PIXID, et sa politique de conformit\u00e9 en respect des r\u00e9glementations en cours.\",\"breadcrumb\":{\"@id\":\"https:\\\/\\\/www.pixid-vms.com\\\/ch\\\/fr\\\/mentions-legales\\\/#breadcrumb\"},\"inLanguage\":\"de-CH\",\"potentialAction\":[{\"@type\":\"ReadAction\",\"target\":[\"https:\\\/\\\/www.pixid-vms.com\\\/ch\\\/fr\\\/mentions-legales\\\/\"]}]},{\"@type\":\"ImageObject\",\"inLanguage\":\"de-CH\",\"@id\":\"https:\\\/\\\/www.pixid-vms.com\\\/ch\\\/fr\\\/mentions-legales\\\/#primaryimage\",\"url\":\"https:\\\/\\\/www.pixid-vms.com\\\/ch\\\/wp-content\\\/uploads\\\/sites\\\/7\\\/2024\\\/03\\\/thumbnail-generic-page-1.jpg\",\"contentUrl\":\"https:\\\/\\\/www.pixid-vms.com\\\/ch\\\/wp-content\\\/uploads\\\/sites\\\/7\\\/2024\\\/03\\\/thumbnail-generic-page-1.jpg\",\"width\":300,\"height\":300},{\"@type\":\"BreadcrumbList\",\"@id\":\"https:\\\/\\\/www.pixid-vms.com\\\/ch\\\/fr\\\/mentions-legales\\\/#breadcrumb\",\"itemListElement\":[{\"@type\":\"ListItem\",\"position\":1,\"name\":\"Home\",\"item\":\"https:\\\/\\\/www.pixid-vms.com\\\/ch\\\/\"},{\"@type\":\"ListItem\",\"position\":2,\"name\":\"Mentions l\u00e9gales PIXID VMS\"}]},{\"@type\":\"WebSite\",\"@id\":\"https:\\\/\\\/www.pixid-vms.com\\\/ch\\\/#website\",\"url\":\"https:\\\/\\\/www.pixid-vms.com\\\/ch\\\/\",\"name\":\"PIXID VMS SCHWEIZ\",\"description\":\"External workforce management\",\"publisher\":{\"@id\":\"https:\\\/\\\/www.pixid-vms.com\\\/ch\\\/#organization\"},\"potentialAction\":[{\"@type\":\"SearchAction\",\"target\":{\"@type\":\"EntryPoint\",\"urlTemplate\":\"https:\\\/\\\/www.pixid-vms.com\\\/ch\\\/?s={search_term_string}\"},\"query-input\":{\"@type\":\"PropertyValueSpecification\",\"valueRequired\":true,\"valueName\":\"search_term_string\"}}],\"inLanguage\":\"de-CH\"},{\"@type\":\"Organization\",\"@id\":\"https:\\\/\\\/www.pixid-vms.com\\\/ch\\\/#organization\",\"name\":\"PIXID VMS\",\"url\":\"https:\\\/\\\/www.pixid-vms.com\\\/ch\\\/\",\"logo\":{\"@type\":\"ImageObject\",\"inLanguage\":\"de-CH\",\"@id\":\"https:\\\/\\\/www.pixid-vms.com\\\/ch\\\/#\\\/schema\\\/logo\\\/image\\\/\",\"url\":\"https:\\\/\\\/www.pixid-vms.com\\\/ch\\\/wp-content\\\/uploads\\\/sites\\\/7\\\/2022\\\/10\\\/PIXIDVMS-logo-colour.png\",\"contentUrl\":\"https:\\\/\\\/www.pixid-vms.com\\\/ch\\\/wp-content\\\/uploads\\\/sites\\\/7\\\/2022\\\/10\\\/PIXIDVMS-logo-colour.png\",\"width\":3238,\"height\":625,\"caption\":\"PIXID VMS\"},\"image\":{\"@id\":\"https:\\\/\\\/www.pixid-vms.com\\\/ch\\\/#\\\/schema\\\/logo\\\/image\\\/\"},\"sameAs\":[\"https:\\\/\\\/x.com\\\/PIXID_Group\",\"https:\\\/\\\/www.linkedin.com\\\/company\\\/pixid\\\/\"]}]}<\/script>\n<!-- \/ Yoast SEO plugin. -->","yoast_head_json":{"title":"Mentions l\u00e9gales PIXID VMS","description":"D\u00e9couvrez les mentions legales du groupe PIXID, et sa politique de conformit\u00e9 en respect des r\u00e9glementations en cours.","robots":{"index":"index","follow":"follow","max-snippet":"max-snippet:-1","max-image-preview":"max-image-preview:large","max-video-preview":"max-video-preview:-1"},"canonical":"https:\/\/www.pixid-vms.com\/ch\/fr\/mentions-legales\/","og_locale":"de_DE","og_type":"article","og_title":"Mentions l\u00e9gales PIXID VMS","og_description":"D\u00e9couvrez les mentions legales du groupe PIXID, et sa politique de conformit\u00e9 en respect des r\u00e9glementations en cours.","og_url":"https:\/\/www.pixid-vms.com\/ch\/fr\/mentions-legales\/","og_site_name":"PIXID VMS SCHWEIZ","article_modified_time":"2024-03-19T16:34:16+00:00","og_image":[{"width":1920,"height":667,"url":"https:\/\/www.pixid-vms.com\/ch\/wp-content\/uploads\/sites\/7\/2024\/03\/generic-page-1.jpg","type":"image\/jpeg"}],"twitter_card":"summary_large_image","twitter_image":"https:\/\/www.pixid-vms.com\/ch\/wp-content\/uploads\/sites\/7\/2024\/03\/generic-page-1.jpg","twitter_site":"@PIXID_Group","twitter_misc":{"Gesch\u00e4tzte Lesezeit":"3 Minuten"},"schema":{"@context":"https:\/\/schema.org","@graph":[{"@type":"WebPage","@id":"https:\/\/www.pixid-vms.com\/ch\/fr\/mentions-legales\/","url":"https:\/\/www.pixid-vms.com\/ch\/fr\/mentions-legales\/","name":"Mentions l\u00e9gales PIXID VMS","isPartOf":{"@id":"https:\/\/www.pixid-vms.com\/ch\/#website"},"primaryImageOfPage":{"@id":"https:\/\/www.pixid-vms.com\/ch\/fr\/mentions-legales\/#primaryimage"},"image":{"@id":"https:\/\/www.pixid-vms.com\/ch\/fr\/mentions-legales\/#primaryimage"},"thumbnailUrl":"https:\/\/www.pixid-vms.com\/ch\/wp-content\/uploads\/sites\/7\/2024\/03\/thumbnail-generic-page-1.jpg","datePublished":"2024-02-27T12:00:00+00:00","dateModified":"2024-03-19T16:34:16+00:00","description":"D\u00e9couvrez les mentions legales du groupe PIXID, et sa politique de conformit\u00e9 en respect des r\u00e9glementations en cours.","breadcrumb":{"@id":"https:\/\/www.pixid-vms.com\/ch\/fr\/mentions-legales\/#breadcrumb"},"inLanguage":"de-CH","potentialAction":[{"@type":"ReadAction","target":["https:\/\/www.pixid-vms.com\/ch\/fr\/mentions-legales\/"]}]},{"@type":"ImageObject","inLanguage":"de-CH","@id":"https:\/\/www.pixid-vms.com\/ch\/fr\/mentions-legales\/#primaryimage","url":"https:\/\/www.pixid-vms.com\/ch\/wp-content\/uploads\/sites\/7\/2024\/03\/thumbnail-generic-page-1.jpg","contentUrl":"https:\/\/www.pixid-vms.com\/ch\/wp-content\/uploads\/sites\/7\/2024\/03\/thumbnail-generic-page-1.jpg","width":300,"height":300},{"@type":"BreadcrumbList","@id":"https:\/\/www.pixid-vms.com\/ch\/fr\/mentions-legales\/#breadcrumb","itemListElement":[{"@type":"ListItem","position":1,"name":"Home","item":"https:\/\/www.pixid-vms.com\/ch\/"},{"@type":"ListItem","position":2,"name":"Mentions l\u00e9gales PIXID VMS"}]},{"@type":"WebSite","@id":"https:\/\/www.pixid-vms.com\/ch\/#website","url":"https:\/\/www.pixid-vms.com\/ch\/","name":"PIXID VMS SCHWEIZ","description":"External workforce management","publisher":{"@id":"https:\/\/www.pixid-vms.com\/ch\/#organization"},"potentialAction":[{"@type":"SearchAction","target":{"@type":"EntryPoint","urlTemplate":"https:\/\/www.pixid-vms.com\/ch\/?s={search_term_string}"},"query-input":{"@type":"PropertyValueSpecification","valueRequired":true,"valueName":"search_term_string"}}],"inLanguage":"de-CH"},{"@type":"Organization","@id":"https:\/\/www.pixid-vms.com\/ch\/#organization","name":"PIXID VMS","url":"https:\/\/www.pixid-vms.com\/ch\/","logo":{"@type":"ImageObject","inLanguage":"de-CH","@id":"https:\/\/www.pixid-vms.com\/ch\/#\/schema\/logo\/image\/","url":"https:\/\/www.pixid-vms.com\/ch\/wp-content\/uploads\/sites\/7\/2022\/10\/PIXIDVMS-logo-colour.png","contentUrl":"https:\/\/www.pixid-vms.com\/ch\/wp-content\/uploads\/sites\/7\/2022\/10\/PIXIDVMS-logo-colour.png","width":3238,"height":625,"caption":"PIXID VMS"},"image":{"@id":"https:\/\/www.pixid-vms.com\/ch\/#\/schema\/logo\/image\/"},"sameAs":["https:\/\/x.com\/PIXID_Group","https:\/\/www.linkedin.com\/company\/pixid\/"]}]}},"lang":"fr","translations":{"fr":5531,"de":201,"it":5530},"pll_sync_post":[],"_links":{"self":[{"href":"https:\/\/www.pixid-vms.com\/ch\/wp-json\/wp\/v2\/pages\/5531","targetHints":{"allow":["GET"]}}],"collection":[{"href":"https:\/\/www.pixid-vms.com\/ch\/wp-json\/wp\/v2\/pages"}],"about":[{"href":"https:\/\/www.pixid-vms.com\/ch\/wp-json\/wp\/v2\/types\/page"}],"author":[{"embeddable":true,"href":"https:\/\/www.pixid-vms.com\/ch\/wp-json\/wp\/v2\/users\/9"}],"replies":[{"embeddable":true,"href":"https:\/\/www.pixid-vms.com\/ch\/wp-json\/wp\/v2\/comments?post=5531"}],"version-history":[{"count":0,"href":"https:\/\/www.pixid-vms.com\/ch\/wp-json\/wp\/v2\/pages\/5531\/revisions"}],"wp:featuredmedia":[{"embeddable":true,"href":"https:\/\/www.pixid-vms.com\/ch\/wp-json\/wp\/v2\/media\/5699"}],"wp:attachment":[{"href":"https:\/\/www.pixid-vms.com\/ch\/wp-json\/wp\/v2\/media?parent=5531"}],"curies":[{"name":"wp","href":"https:\/\/api.w.org\/{rel}","templated":true}]}}