{"id":5977,"date":"2025-01-15T15:54:29","date_gmt":"2025-01-15T14:54:29","guid":{"rendered":"https:\/\/www.pixid-vms.com\/ch\/?page_id=5977"},"modified":"2025-01-15T15:54:30","modified_gmt":"2025-01-15T14:54:30","slug":"client-stories-it","status":"publish","type":"page","link":"https:\/\/www.pixid-vms.com\/ch\/it\/client-stories-it\/","title":{"rendered":"Testimonianze dei clienti"},"content":{"rendered":"<div style=\"margin-top: 0px; margin-bottom: 0px;\" class=\"sharethis-inline-share-buttons\" ><\/div>\t\t<div data-elementor-type=\"wp-page\" data-elementor-id=\"5977\" class=\"elementor elementor-5977\" data-elementor-post-type=\"page\">\n\t\t\t\t<div class=\"elementor-element elementor-element-60cd0995 e-con-full e-flex e-con e-parent\" data-id=\"60cd0995\" data-element_type=\"container\" data-e-type=\"container\" data-settings=\"{&quot;background_background&quot;:&quot;classic&quot;}\">\n\t\t<div class=\"elementor-element elementor-element-486ac54e e-flex e-con-boxed e-con e-child\" data-id=\"486ac54e\" data-element_type=\"container\" data-e-type=\"container\">\n\t\t\t\t\t<div class=\"e-con-inner\">\n\t\t<div class=\"elementor-element elementor-element-1bfee4e1 e-con-full e-flex e-con e-child\" data-id=\"1bfee4e1\" data-element_type=\"container\" data-e-type=\"container\">\n\t\t\t\t<div class=\"elementor-element elementor-element-37374331 elementor-widget elementor-widget-heading\" data-id=\"37374331\" data-element_type=\"widget\" data-e-type=\"widget\" data-widget_type=\"heading.default\">\n\t\t\t\t<div class=\"elementor-widget-container\">\n\t\t\t\t\t<h1 class=\"elementor-heading-title elementor-size-default\">Testimonianze dei clienti<\/h1>\t\t\t\t<\/div>\n\t\t\t\t<\/div>\n\t\t\t\t<div class=\"elementor-element elementor-element-69f23b49 form-message elementor-hidden-mobile elementor-widget elementor-widget-text-editor\" data-id=\"69f23b49\" data-element_type=\"widget\" data-e-type=\"widget\" data-widget_type=\"text-editor.default\">\n\t\t\t\t<div class=\"elementor-widget-container\">\n\t\t\t\t\t\t\t\t\t<p>Scoprite come Pixid VMS aiuta le agenzie e le organizzazioni a ottimizzare la gestione della forza lavoro estesa grazie alle testimonianze dei nostri clienti.<\/p>\t\t\t\t\t\t\t\t<\/div>\n\t\t\t\t<\/div>\n\t\t\t\t<\/div>\n\t\t\t\t\t<\/div>\n\t\t\t\t<\/div>\n\t\t\t\t<\/div>\n\t\t<div class=\"elementor-element elementor-element-2fbac970 e-con-full e-flex e-con e-parent\" data-id=\"2fbac970\" data-element_type=\"container\" data-e-type=\"container\">\n\t\t<div class=\"elementor-element elementor-element-14a71c58 e-flex e-con-boxed e-con e-child\" data-id=\"14a71c58\" data-element_type=\"container\" data-e-type=\"container\">\n\t\t\t\t\t<div class=\"e-con-inner\">\n\t\t\t\t<div class=\"elementor-element elementor-element-439229d elementor-widget elementor-widget-global elementor-global-5298 elementor-widget-image\" data-id=\"439229d\" data-element_type=\"widget\" data-e-type=\"widget\" data-widget_type=\"image.default\">\n\t\t\t\t<div class=\"elementor-widget-container\">\n\t\t\t\t\t\t\t\t\t\t\t\t\t\t\t<img fetchpriority=\"high\" decoding=\"async\" width=\"480\" height=\"480\" src=\"https:\/\/www.pixid-vms.com\/ch\/wp-content\/uploads\/sites\/7\/2024\/01\/24-01-favicon-pixid.png\" class=\"attachment-full size-full wp-image-5277\" alt=\"\" srcset=\"https:\/\/www.pixid-vms.com\/ch\/wp-content\/uploads\/sites\/7\/2024\/01\/24-01-favicon-pixid.png 480w, https:\/\/www.pixid-vms.com\/ch\/wp-content\/uploads\/sites\/7\/2024\/01\/24-01-favicon-pixid-300x300.png 300w, https:\/\/www.pixid-vms.com\/ch\/wp-content\/uploads\/sites\/7\/2024\/01\/24-01-favicon-pixid-150x150.png 150w\" sizes=\"(max-width: 480px) 100vw, 480px\" \/>\t\t\t\t\t\t\t\t\t\t\t\t\t\t\t<\/div>\n\t\t\t\t<\/div>\n\t\t\t\t<div class=\"elementor-element elementor-element-105044be case-study elementor-posts__hover-none elementor-grid-3 elementor-grid-tablet-2 elementor-grid-mobile-1 elementor-posts--thumbnail-top elementor-card-shadow-yes elementor-widget elementor-widget-posts\" data-id=\"105044be\" data-element_type=\"widget\" data-e-type=\"widget\" data-settings=\"{&quot;pagination_type&quot;:&quot;prev_next&quot;,&quot;cards_columns&quot;:&quot;3&quot;,&quot;cards_columns_tablet&quot;:&quot;2&quot;,&quot;cards_columns_mobile&quot;:&quot;1&quot;,&quot;cards_row_gap&quot;:{&quot;unit&quot;:&quot;px&quot;,&quot;size&quot;:35,&quot;sizes&quot;:[]},&quot;cards_row_gap_laptop&quot;:{&quot;unit&quot;:&quot;px&quot;,&quot;size&quot;:&quot;&quot;,&quot;sizes&quot;:[]},&quot;cards_row_gap_tablet&quot;:{&quot;unit&quot;:&quot;px&quot;,&quot;size&quot;:&quot;&quot;,&quot;sizes&quot;:[]},&quot;cards_row_gap_mobile&quot;:{&quot;unit&quot;:&quot;px&quot;,&quot;size&quot;:&quot;&quot;,&quot;sizes&quot;:[]}}\" data-widget_type=\"posts.cards\">\n\t\t\t\t<div class=\"elementor-widget-container\">\n\t\t\t\t\t\t\t<div class=\"elementor-posts-container elementor-posts elementor-posts--skin-cards elementor-grid\" role=\"list\">\n\t\t\t\t<article class=\"elementor-post elementor-grid-item post-6688 post type-post status-publish format-standard has-post-thumbnail hentry category-client-stories-it\" role=\"listitem\">\n\t\t\t<div class=\"elementor-post__card\">\n\t\t\t\t<a class=\"elementor-post__thumbnail__link\" href=\"https:\/\/www.pixid-vms.com\/ch\/it\/client-stories-it\/manpower-svizzera\/\" tabindex=\"-1\" ><div class=\"elementor-post__thumbnail\"><img decoding=\"async\" width=\"696\" height=\"696\" src=\"https:\/\/www.pixid-vms.com\/ch\/wp-content\/uploads\/sites\/7\/2025\/08\/Manpower-CH-case-study-logo-1.png\" class=\"attachment-full size-full wp-image-6631\" alt=\"\" srcset=\"https:\/\/www.pixid-vms.com\/ch\/wp-content\/uploads\/sites\/7\/2025\/08\/Manpower-CH-case-study-logo-1.png 696w, https:\/\/www.pixid-vms.com\/ch\/wp-content\/uploads\/sites\/7\/2025\/08\/Manpower-CH-case-study-logo-1-300x300.png 300w, https:\/\/www.pixid-vms.com\/ch\/wp-content\/uploads\/sites\/7\/2025\/08\/Manpower-CH-case-study-logo-1-150x150.png 150w\" sizes=\"(max-width: 696px) 100vw, 696px\" \/><\/div><\/a>\n\t\t\t\t<div class=\"elementor-post__text\">\n\t\t\t\t<h3 class=\"elementor-post__title\">\n\t\t\t<a href=\"https:\/\/www.pixid-vms.com\/ch\/it\/client-stories-it\/manpower-svizzera\/\" >\n\t\t\t\tManpower Svizzera\t\t\t<\/a>\n\t\t<\/h3>\n\t\t\t\t<div class=\"elementor-post__excerpt\">\n\t\t\t<p>Grazie a Pixid VMS, Manpower Svizzera offre alle medie imprese una soluzione rapida e semplice per gestire il personale temporaneo<\/p>\n\t\t<\/div>\n\t\t\t\t\t<div class=\"elementor-post__read-more-wrapper\">\n\t\t\n\t\t<a class=\"elementor-post__read-more\" href=\"https:\/\/www.pixid-vms.com\/ch\/it\/client-stories-it\/manpower-svizzera\/\" aria-label=\"Read more about Manpower Svizzera\" tabindex=\"-1\" >\n\t\t\tLeggi Tutto +\t\t<\/a>\n\n\t\t\t\t\t<\/div>\n\t\t\t\t<\/div>\n\t\t\t\t\t<\/div>\n\t\t<\/article>\n\t\t\t\t<article class=\"elementor-post elementor-grid-item post-6102 post type-post status-publish format-standard has-post-thumbnail hentry category-client-stories-it\" role=\"listitem\">\n\t\t\t<div class=\"elementor-post__card\">\n\t\t\t\t<a class=\"elementor-post__thumbnail__link\" href=\"https:\/\/www.pixid-vms.com\/ch\/it\/client-stories-it\/leader-interim-successo-con-pixid\/\" tabindex=\"-1\" ><div class=\"elementor-post__thumbnail\"><img decoding=\"async\" width=\"696\" height=\"696\" src=\"https:\/\/www.pixid-vms.com\/ch\/wp-content\/uploads\/sites\/7\/2025\/02\/Leader-case-study.png\" class=\"attachment-full size-full wp-image-6020\" alt=\"Leader logo\" srcset=\"https:\/\/www.pixid-vms.com\/ch\/wp-content\/uploads\/sites\/7\/2025\/02\/Leader-case-study.png 696w, https:\/\/www.pixid-vms.com\/ch\/wp-content\/uploads\/sites\/7\/2025\/02\/Leader-case-study-300x300.png 300w, https:\/\/www.pixid-vms.com\/ch\/wp-content\/uploads\/sites\/7\/2025\/02\/Leader-case-study-150x150.png 150w, https:\/\/www.pixid-vms.com\/ch\/wp-content\/uploads\/sites\/7\/2025\/02\/Leader-case-study-400x400.png 400w, https:\/\/www.pixid-vms.com\/ch\/wp-content\/uploads\/sites\/7\/2025\/02\/Leader-case-study-600x600.png 600w\" sizes=\"(max-width: 696px) 100vw, 696px\" \/><\/div><\/a>\n\t\t\t\t<div class=\"elementor-post__text\">\n\t\t\t\t<h3 class=\"elementor-post__title\">\n\t\t\t<a href=\"https:\/\/www.pixid-vms.com\/ch\/it\/client-stories-it\/leader-interim-successo-con-pixid\/\" >\n\t\t\t\tLeader Interim: Successo con Pixid\t\t\t<\/a>\n\t\t<\/h3>\n\t\t\t\t<div class=\"elementor-post__excerpt\">\n\t\t\t<p>Scopri come Leader Group ha trasformato la gestione del lavoro temporaneo con PIXID. Digitalizzazione, efficienza e sicurezza: un caso di successo da non perdere!<\/p>\n\t\t<\/div>\n\t\t\t\t\t<div class=\"elementor-post__read-more-wrapper\">\n\t\t\n\t\t<a class=\"elementor-post__read-more\" href=\"https:\/\/www.pixid-vms.com\/ch\/it\/client-stories-it\/leader-interim-successo-con-pixid\/\" aria-label=\"Read more about Leader Interim: Successo con Pixid\" tabindex=\"-1\" >\n\t\t\tLeggi Tutto +\t\t<\/a>\n\n\t\t\t\t\t<\/div>\n\t\t\t\t<\/div>\n\t\t\t\t\t<\/div>\n\t\t<\/article>\n\t\t\t\t<article class=\"elementor-post elementor-grid-item post-5961 post type-post status-publish format-standard has-post-thumbnail hentry category-client-stories-it\" role=\"listitem\">\n\t\t\t<div class=\"elementor-post__card\">\n\t\t\t\t<a class=\"elementor-post__thumbnail__link\" href=\"https:\/\/www.pixid-vms.com\/ch\/it\/client-stories-it\/invivo-pixid-gestione-temporanei\/\" tabindex=\"-1\" ><div class=\"elementor-post__thumbnail\"><img loading=\"lazy\" decoding=\"async\" width=\"696\" height=\"696\" src=\"https:\/\/www.pixid-vms.com\/ch\/wp-content\/uploads\/sites\/7\/2024\/12\/invivo-logo-1.png\" class=\"attachment-full size-full wp-image-5918\" alt=\"\" srcset=\"https:\/\/www.pixid-vms.com\/ch\/wp-content\/uploads\/sites\/7\/2024\/12\/invivo-logo-1.png 696w, https:\/\/www.pixid-vms.com\/ch\/wp-content\/uploads\/sites\/7\/2024\/12\/invivo-logo-1-300x300.png 300w, https:\/\/www.pixid-vms.com\/ch\/wp-content\/uploads\/sites\/7\/2024\/12\/invivo-logo-1-150x150.png 150w, https:\/\/www.pixid-vms.com\/ch\/wp-content\/uploads\/sites\/7\/2024\/12\/invivo-logo-1-400x400.png 400w, https:\/\/www.pixid-vms.com\/ch\/wp-content\/uploads\/sites\/7\/2024\/12\/invivo-logo-1-600x600.png 600w\" sizes=\"(max-width: 696px) 100vw, 696px\" \/><\/div><\/a>\n\t\t\t\t<div class=\"elementor-post__text\">\n\t\t\t\t<h3 class=\"elementor-post__title\">\n\t\t\t<a href=\"https:\/\/www.pixid-vms.com\/ch\/it\/client-stories-it\/invivo-pixid-gestione-temporanei\/\" >\n\t\t\t\tGruppo InVivo: Trasformare la gestione della forza lavoro temporanea con Pixid\t\t\t<\/a>\n\t\t<\/h3>\n\t\t\t\t<div class=\"elementor-post__excerpt\">\n\t\t\t<p>La Sfida: Garantire la sicurezza dei processi e ridurre i costi della forza lavoro temporanea.<br \/>\nFr\u00e9d\u00e9rique P\u00e9terl\u00e9, Controller della Gestione Sociale, gestisce la forza lavoro contingente e l&#8217;amministrazione di PIXID dal 2020. Attualmente, InVivo gestisce circa 290 FTE (Full-Time Equivalents) mensilmente con PIXID in tre entit\u00e0 [&#8230;]<\/p>\n\t\t<\/div>\n\t\t\t\t\t<div class=\"elementor-post__read-more-wrapper\">\n\t\t\n\t\t<a class=\"elementor-post__read-more\" href=\"https:\/\/www.pixid-vms.com\/ch\/it\/client-stories-it\/invivo-pixid-gestione-temporanei\/\" aria-label=\"Read more about Gruppo InVivo: Trasformare la gestione della forza lavoro temporanea con Pixid\" tabindex=\"-1\" >\n\t\t\tLeggi Tutto +\t\t<\/a>\n\n\t\t\t\t\t<\/div>\n\t\t\t\t<\/div>\n\t\t\t\t\t<\/div>\n\t\t<\/article>\n\t\t\t\t<article class=\"elementor-post elementor-grid-item post-5957 post type-post status-publish format-standard has-post-thumbnail hentry category-client-stories-it\" role=\"listitem\">\n\t\t\t<div class=\"elementor-post__card\">\n\t\t\t\t<a class=\"elementor-post__thumbnail__link\" href=\"https:\/\/www.pixid-vms.com\/ch\/it\/client-stories-it\/vygon-gestione-personale-temporaneo\/\" tabindex=\"-1\" ><div class=\"elementor-post__thumbnail\"><img loading=\"lazy\" decoding=\"async\" width=\"694\" height=\"694\" src=\"https:\/\/www.pixid-vms.com\/ch\/wp-content\/uploads\/sites\/7\/2024\/11\/Vygon-cas-client.png\" class=\"attachment-full size-full wp-image-5847\" alt=\"\" srcset=\"https:\/\/www.pixid-vms.com\/ch\/wp-content\/uploads\/sites\/7\/2024\/11\/Vygon-cas-client.png 694w, https:\/\/www.pixid-vms.com\/ch\/wp-content\/uploads\/sites\/7\/2024\/11\/Vygon-cas-client-300x300.png 300w, https:\/\/www.pixid-vms.com\/ch\/wp-content\/uploads\/sites\/7\/2024\/11\/Vygon-cas-client-150x150.png 150w\" sizes=\"(max-width: 694px) 100vw, 694px\" \/><\/div><\/a>\n\t\t\t\t<div class=\"elementor-post__text\">\n\t\t\t\t<h3 class=\"elementor-post__title\">\n\t\t\t<a href=\"https:\/\/www.pixid-vms.com\/ch\/it\/client-stories-it\/vygon-gestione-personale-temporaneo\/\" >\n\t\t\t\tVYGON &#8211; Semplificare la gestione della forza lavoro contingente con Pixid VMS\t\t\t<\/a>\n\t\t<\/h3>\n\t\t\t\t<div class=\"elementor-post__excerpt\">\n\t\t\t<p>Scopri come VYGON ha semplificato la gestione della forza lavoro temporanea con Pixid, riducendo i tempi amministrativi e aumentando la produttivit\u00e0. Un caso di successo da leggere!<\/p>\n\t\t<\/div>\n\t\t\t\t\t<div class=\"elementor-post__read-more-wrapper\">\n\t\t\n\t\t<a class=\"elementor-post__read-more\" href=\"https:\/\/www.pixid-vms.com\/ch\/it\/client-stories-it\/vygon-gestione-personale-temporaneo\/\" aria-label=\"Read more about VYGON &#8211; Semplificare la gestione della forza lavoro contingente con Pixid VMS\" tabindex=\"-1\" >\n\t\t\tLeggi Tutto +\t\t<\/a>\n\n\t\t\t\t\t<\/div>\n\t\t\t\t<\/div>\n\t\t\t\t\t<\/div>\n\t\t<\/article>\n\t\t\t\t<\/div>\n\t\t\n\t\t\t\t\t\t<\/div>\n\t\t\t\t<\/div>\n\t\t\t\t\t<\/div>\n\t\t\t\t<\/div>\n\t\t\t\t<\/div>\n\t\t\t\t<\/div>\n\t\t","protected":false},"excerpt":{"rendered":"<p>Fallstudien Entdecken Sie, wie Pixid VMS Agenturen und Organisationen dabei hilft, das External workforce management zu optimieren, dank der Erfahrungsberichte unserer Kunden.<\/p>\n","protected":false},"author":9,"featured_media":5845,"parent":0,"menu_order":0,"comment_status":"closed","ping_status":"closed","template":"","meta":{"_acf_changed":false,"footnotes":""},"class_list":["post-5977","page","type-page","status-publish","has-post-thumbnail","hentry"],"acf":[],"yoast_head":"<!-- This site is optimized with the Yoast SEO plugin v27.4 - https:\/\/yoast.com\/product\/yoast-seo-wordpress\/ -->\n<title>Testimonianze dei clienti<\/title>\n<meta name=\"description\" content=\"Scoprite come Pixid VMS aiuta le agenzie e le organizzazioni a ottimizzare la gestione della forza lavoro estesa grazie alle testimonianze clienti.\" \/>\n<meta name=\"robots\" content=\"index, follow, max-snippet:-1, max-image-preview:large, max-video-preview:-1\" \/>\n<link rel=\"canonical\" href=\"https:\/\/www.pixid-vms.com\/ch\/it\/client-stories-it\/\" \/>\n<meta property=\"og:locale\" content=\"de_DE\" \/>\n<meta property=\"og:type\" content=\"article\" \/>\n<meta property=\"og:title\" content=\"Testimonianze dei clienti\" \/>\n<meta property=\"og:description\" content=\"Scoprite come Pixid VMS aiuta le agenzie e le organizzazioni a ottimizzare la gestione della forza lavoro estesa grazie alle testimonianze clienti.\" \/>\n<meta property=\"og:url\" content=\"https:\/\/www.pixid-vms.com\/ch\/it\/client-stories-it\/\" \/>\n<meta property=\"og:site_name\" content=\"PIXID VMS SCHWEIZ\" \/>\n<meta property=\"article:modified_time\" content=\"2025-01-15T14:54:30+00:00\" \/>\n<meta property=\"og:image\" content=\"https:\/\/www.pixid-vms.com\/ch\/wp-content\/uploads\/sites\/7\/2025\/01\/client-sucess-stories.jpg\" \/>\n\t<meta property=\"og:image:width\" content=\"1920\" \/>\n\t<meta property=\"og:image:height\" content=\"667\" \/>\n\t<meta property=\"og:image:type\" content=\"image\/jpeg\" \/>\n<meta name=\"twitter:card\" content=\"summary_large_image\" \/>\n<meta name=\"twitter:image\" content=\"https:\/\/www.pixid-vms.com\/ch\/wp-content\/uploads\/sites\/7\/2025\/01\/client-sucess-stories.jpg\" \/>\n<meta name=\"twitter:site\" content=\"@PIXID_Group\" \/>\n<meta name=\"twitter:label1\" content=\"Gesch\u00e4tzte Lesezeit\" \/>\n\t<meta name=\"twitter:data1\" content=\"1 Minute\" \/>\n<script type=\"application\/ld+json\" class=\"yoast-schema-graph\">{\"@context\":\"https:\\\/\\\/schema.org\",\"@graph\":[{\"@type\":\"WebPage\",\"@id\":\"https:\\\/\\\/www.pixid-vms.com\\\/ch\\\/it\\\/client-stories-it\\\/\",\"url\":\"https:\\\/\\\/www.pixid-vms.com\\\/ch\\\/it\\\/client-stories-it\\\/\",\"name\":\"Testimonianze dei clienti\",\"isPartOf\":{\"@id\":\"https:\\\/\\\/www.pixid-vms.com\\\/ch\\\/#website\"},\"primaryImageOfPage\":{\"@id\":\"https:\\\/\\\/www.pixid-vms.com\\\/ch\\\/it\\\/client-stories-it\\\/#primaryimage\"},\"image\":{\"@id\":\"https:\\\/\\\/www.pixid-vms.com\\\/ch\\\/it\\\/client-stories-it\\\/#primaryimage\"},\"thumbnailUrl\":\"https:\\\/\\\/www.pixid-vms.com\\\/ch\\\/wp-content\\\/uploads\\\/sites\\\/7\\\/2024\\\/11\\\/thumbnail-client-sucess-stories.jpg\",\"datePublished\":\"2025-01-15T14:54:29+00:00\",\"dateModified\":\"2025-01-15T14:54:30+00:00\",\"description\":\"Scoprite come Pixid VMS aiuta le agenzie e le organizzazioni a ottimizzare la gestione della forza lavoro estesa grazie alle testimonianze clienti.\",\"breadcrumb\":{\"@id\":\"https:\\\/\\\/www.pixid-vms.com\\\/ch\\\/it\\\/client-stories-it\\\/#breadcrumb\"},\"inLanguage\":\"de-CH\",\"potentialAction\":[{\"@type\":\"ReadAction\",\"target\":[\"https:\\\/\\\/www.pixid-vms.com\\\/ch\\\/it\\\/client-stories-it\\\/\"]}]},{\"@type\":\"ImageObject\",\"inLanguage\":\"de-CH\",\"@id\":\"https:\\\/\\\/www.pixid-vms.com\\\/ch\\\/it\\\/client-stories-it\\\/#primaryimage\",\"url\":\"https:\\\/\\\/www.pixid-vms.com\\\/ch\\\/wp-content\\\/uploads\\\/sites\\\/7\\\/2024\\\/11\\\/thumbnail-client-sucess-stories.jpg\",\"contentUrl\":\"https:\\\/\\\/www.pixid-vms.com\\\/ch\\\/wp-content\\\/uploads\\\/sites\\\/7\\\/2024\\\/11\\\/thumbnail-client-sucess-stories.jpg\",\"width\":300,\"height\":300},{\"@type\":\"BreadcrumbList\",\"@id\":\"https:\\\/\\\/www.pixid-vms.com\\\/ch\\\/it\\\/client-stories-it\\\/#breadcrumb\",\"itemListElement\":[{\"@type\":\"ListItem\",\"position\":1,\"name\":\"Home\",\"item\":\"https:\\\/\\\/www.pixid-vms.com\\\/ch\\\/\"},{\"@type\":\"ListItem\",\"position\":2,\"name\":\"Testimonianze dei clienti\"}]},{\"@type\":\"WebSite\",\"@id\":\"https:\\\/\\\/www.pixid-vms.com\\\/ch\\\/#website\",\"url\":\"https:\\\/\\\/www.pixid-vms.com\\\/ch\\\/\",\"name\":\"PIXID VMS SCHWEIZ\",\"description\":\"External workforce management\",\"publisher\":{\"@id\":\"https:\\\/\\\/www.pixid-vms.com\\\/ch\\\/#organization\"},\"potentialAction\":[{\"@type\":\"SearchAction\",\"target\":{\"@type\":\"EntryPoint\",\"urlTemplate\":\"https:\\\/\\\/www.pixid-vms.com\\\/ch\\\/?s={search_term_string}\"},\"query-input\":{\"@type\":\"PropertyValueSpecification\",\"valueRequired\":true,\"valueName\":\"search_term_string\"}}],\"inLanguage\":\"de-CH\"},{\"@type\":\"Organization\",\"@id\":\"https:\\\/\\\/www.pixid-vms.com\\\/ch\\\/#organization\",\"name\":\"PIXID VMS\",\"url\":\"https:\\\/\\\/www.pixid-vms.com\\\/ch\\\/\",\"logo\":{\"@type\":\"ImageObject\",\"inLanguage\":\"de-CH\",\"@id\":\"https:\\\/\\\/www.pixid-vms.com\\\/ch\\\/#\\\/schema\\\/logo\\\/image\\\/\",\"url\":\"https:\\\/\\\/www.pixid-vms.com\\\/ch\\\/wp-content\\\/uploads\\\/sites\\\/7\\\/2022\\\/10\\\/PIXIDVMS-logo-colour.png\",\"contentUrl\":\"https:\\\/\\\/www.pixid-vms.com\\\/ch\\\/wp-content\\\/uploads\\\/sites\\\/7\\\/2022\\\/10\\\/PIXIDVMS-logo-colour.png\",\"width\":3238,\"height\":625,\"caption\":\"PIXID VMS\"},\"image\":{\"@id\":\"https:\\\/\\\/www.pixid-vms.com\\\/ch\\\/#\\\/schema\\\/logo\\\/image\\\/\"},\"sameAs\":[\"https:\\\/\\\/x.com\\\/PIXID_Group\",\"https:\\\/\\\/www.linkedin.com\\\/company\\\/pixid\\\/\"]}]}<\/script>\n<!-- \/ Yoast SEO plugin. -->","yoast_head_json":{"title":"Testimonianze dei clienti","description":"Scoprite come Pixid VMS aiuta le agenzie e le organizzazioni a ottimizzare la gestione della forza lavoro estesa grazie alle testimonianze clienti.","robots":{"index":"index","follow":"follow","max-snippet":"max-snippet:-1","max-image-preview":"max-image-preview:large","max-video-preview":"max-video-preview:-1"},"canonical":"https:\/\/www.pixid-vms.com\/ch\/it\/client-stories-it\/","og_locale":"de_DE","og_type":"article","og_title":"Testimonianze dei clienti","og_description":"Scoprite come Pixid VMS aiuta le agenzie e le organizzazioni a ottimizzare la gestione della forza lavoro estesa grazie alle testimonianze clienti.","og_url":"https:\/\/www.pixid-vms.com\/ch\/it\/client-stories-it\/","og_site_name":"PIXID VMS SCHWEIZ","article_modified_time":"2025-01-15T14:54:30+00:00","og_image":[{"width":1920,"height":667,"url":"https:\/\/www.pixid-vms.com\/ch\/wp-content\/uploads\/sites\/7\/2025\/01\/client-sucess-stories.jpg","type":"image\/jpeg"}],"twitter_card":"summary_large_image","twitter_image":"https:\/\/www.pixid-vms.com\/ch\/wp-content\/uploads\/sites\/7\/2025\/01\/client-sucess-stories.jpg","twitter_site":"@PIXID_Group","twitter_misc":{"Gesch\u00e4tzte Lesezeit":"1 Minute"},"schema":{"@context":"https:\/\/schema.org","@graph":[{"@type":"WebPage","@id":"https:\/\/www.pixid-vms.com\/ch\/it\/client-stories-it\/","url":"https:\/\/www.pixid-vms.com\/ch\/it\/client-stories-it\/","name":"Testimonianze dei clienti","isPartOf":{"@id":"https:\/\/www.pixid-vms.com\/ch\/#website"},"primaryImageOfPage":{"@id":"https:\/\/www.pixid-vms.com\/ch\/it\/client-stories-it\/#primaryimage"},"image":{"@id":"https:\/\/www.pixid-vms.com\/ch\/it\/client-stories-it\/#primaryimage"},"thumbnailUrl":"https:\/\/www.pixid-vms.com\/ch\/wp-content\/uploads\/sites\/7\/2024\/11\/thumbnail-client-sucess-stories.jpg","datePublished":"2025-01-15T14:54:29+00:00","dateModified":"2025-01-15T14:54:30+00:00","description":"Scoprite come Pixid VMS aiuta le agenzie e le organizzazioni a ottimizzare la gestione della forza lavoro estesa grazie alle testimonianze clienti.","breadcrumb":{"@id":"https:\/\/www.pixid-vms.com\/ch\/it\/client-stories-it\/#breadcrumb"},"inLanguage":"de-CH","potentialAction":[{"@type":"ReadAction","target":["https:\/\/www.pixid-vms.com\/ch\/it\/client-stories-it\/"]}]},{"@type":"ImageObject","inLanguage":"de-CH","@id":"https:\/\/www.pixid-vms.com\/ch\/it\/client-stories-it\/#primaryimage","url":"https:\/\/www.pixid-vms.com\/ch\/wp-content\/uploads\/sites\/7\/2024\/11\/thumbnail-client-sucess-stories.jpg","contentUrl":"https:\/\/www.pixid-vms.com\/ch\/wp-content\/uploads\/sites\/7\/2024\/11\/thumbnail-client-sucess-stories.jpg","width":300,"height":300},{"@type":"BreadcrumbList","@id":"https:\/\/www.pixid-vms.com\/ch\/it\/client-stories-it\/#breadcrumb","itemListElement":[{"@type":"ListItem","position":1,"name":"Home","item":"https:\/\/www.pixid-vms.com\/ch\/"},{"@type":"ListItem","position":2,"name":"Testimonianze dei clienti"}]},{"@type":"WebSite","@id":"https:\/\/www.pixid-vms.com\/ch\/#website","url":"https:\/\/www.pixid-vms.com\/ch\/","name":"PIXID VMS SCHWEIZ","description":"External workforce management","publisher":{"@id":"https:\/\/www.pixid-vms.com\/ch\/#organization"},"potentialAction":[{"@type":"SearchAction","target":{"@type":"EntryPoint","urlTemplate":"https:\/\/www.pixid-vms.com\/ch\/?s={search_term_string}"},"query-input":{"@type":"PropertyValueSpecification","valueRequired":true,"valueName":"search_term_string"}}],"inLanguage":"de-CH"},{"@type":"Organization","@id":"https:\/\/www.pixid-vms.com\/ch\/#organization","name":"PIXID VMS","url":"https:\/\/www.pixid-vms.com\/ch\/","logo":{"@type":"ImageObject","inLanguage":"de-CH","@id":"https:\/\/www.pixid-vms.com\/ch\/#\/schema\/logo\/image\/","url":"https:\/\/www.pixid-vms.com\/ch\/wp-content\/uploads\/sites\/7\/2022\/10\/PIXIDVMS-logo-colour.png","contentUrl":"https:\/\/www.pixid-vms.com\/ch\/wp-content\/uploads\/sites\/7\/2022\/10\/PIXIDVMS-logo-colour.png","width":3238,"height":625,"caption":"PIXID VMS"},"image":{"@id":"https:\/\/www.pixid-vms.com\/ch\/#\/schema\/logo\/image\/"},"sameAs":["https:\/\/x.com\/PIXID_Group","https:\/\/www.linkedin.com\/company\/pixid\/"]}]}},"lang":"it","translations":{"it":5977,"de":5844,"fr":5966},"pll_sync_post":[],"_links":{"self":[{"href":"https:\/\/www.pixid-vms.com\/ch\/wp-json\/wp\/v2\/pages\/5977","targetHints":{"allow":["GET"]}}],"collection":[{"href":"https:\/\/www.pixid-vms.com\/ch\/wp-json\/wp\/v2\/pages"}],"about":[{"href":"https:\/\/www.pixid-vms.com\/ch\/wp-json\/wp\/v2\/types\/page"}],"author":[{"embeddable":true,"href":"https:\/\/www.pixid-vms.com\/ch\/wp-json\/wp\/v2\/users\/9"}],"replies":[{"embeddable":true,"href":"https:\/\/www.pixid-vms.com\/ch\/wp-json\/wp\/v2\/comments?post=5977"}],"version-history":[{"count":0,"href":"https:\/\/www.pixid-vms.com\/ch\/wp-json\/wp\/v2\/pages\/5977\/revisions"}],"wp:featuredmedia":[{"embeddable":true,"href":"https:\/\/www.pixid-vms.com\/ch\/wp-json\/wp\/v2\/media\/5845"}],"wp:attachment":[{"href":"https:\/\/www.pixid-vms.com\/ch\/wp-json\/wp\/v2\/media?parent=5977"}],"curies":[{"name":"wp","href":"https:\/\/api.w.org\/{rel}","templated":true}]}}