{"id":6279,"date":"2025-07-31T16:24:09","date_gmt":"2025-07-31T15:24:09","guid":{"rendered":"https:\/\/www.pixid-vms.com\/ch\/?page_id=6279"},"modified":"2025-07-31T16:25:01","modified_gmt":"2025-07-31T15:25:01","slug":"livres-blancs","status":"publish","type":"page","link":"https:\/\/www.pixid-vms.com\/ch\/fr\/livres-blancs\/","title":{"rendered":"Livres blancs : Recrutement, Transformation digitale &amp; Gestion des talents"},"content":{"rendered":"\t\t<div data-elementor-type=\"wp-page\" data-elementor-id=\"6279\" class=\"elementor elementor-6279\" data-elementor-post-type=\"page\">\n\t\t\t\t<div class=\"elementor-element elementor-element-31acd6ed e-con-full e-flex e-con e-parent\" data-id=\"31acd6ed\" data-element_type=\"container\" data-e-type=\"container\" data-settings=\"{&quot;background_background&quot;:&quot;classic&quot;}\">\n\t\t<div class=\"elementor-element elementor-element-1aa44317 e-flex e-con-boxed e-con e-child\" data-id=\"1aa44317\" data-element_type=\"container\" data-e-type=\"container\">\n\t\t\t\t\t<div class=\"e-con-inner\">\n\t\t<div class=\"elementor-element elementor-element-32cc7b2b e-con-full e-flex e-con e-child\" data-id=\"32cc7b2b\" data-element_type=\"container\" data-e-type=\"container\">\n\t\t\t\t<div class=\"elementor-element elementor-element-3bed60d3 elementor-widget elementor-widget-heading\" data-id=\"3bed60d3\" data-element_type=\"widget\" data-e-type=\"widget\" data-widget_type=\"heading.default\">\n\t\t\t\t<div class=\"elementor-widget-container\">\n\t\t\t\t\t<h1 class=\"elementor-heading-title elementor-size-default\">Livres blancs<\/h1>\t\t\t\t<\/div>\n\t\t\t\t<\/div>\n\t\t\t\t<div class=\"elementor-element elementor-element-589b8f3a form-message elementor-hidden-mobile elementor-widget elementor-widget-text-editor\" data-id=\"589b8f3a\" data-element_type=\"widget\" data-e-type=\"widget\" data-widget_type=\"text-editor.default\">\n\t\t\t\t<div class=\"elementor-widget-container\">\n\t\t\t\t\t\t\t\t\tD\u00e9couvrez tous nos livres blancs, qui offrent une expertise sur l\u2019\u00e9volution du secteur de l\u2019int\u00e9rim, la transformation digitale et la gestion des effectifs. Chaque document met en lumi\u00e8re les tendances cl\u00e9s, les enjeux actuels et les solutions innovantes propos\u00e9es par Pixid VMS pour accompagner les agences d\u2019int\u00e9rim, MSP et entreprises. Restez inform\u00e9 et inspir\u00e9 par les derni\u00e8res r\u00e9flexions de nos experts.\t\t\t\t\t\t\t\t<\/div>\n\t\t\t\t<\/div>\n\t\t\t\t<\/div>\n\t\t\t\t\t<\/div>\n\t\t\t\t<\/div>\n\t\t\t\t<\/div>\n\t\t<div class=\"elementor-element elementor-element-5d995108 e-con-full e-flex e-con e-parent\" data-id=\"5d995108\" data-element_type=\"container\" data-e-type=\"container\">\n\t\t<div class=\"elementor-element elementor-element-3a805bf2 e-flex e-con-boxed e-con e-child\" data-id=\"3a805bf2\" data-element_type=\"container\" data-e-type=\"container\">\n\t\t\t\t\t<div class=\"e-con-inner\">\n\t\t\t\t<div class=\"elementor-element elementor-element-fd0cda8 elementor-widget elementor-widget-global elementor-global-5298 elementor-widget-image\" data-id=\"fd0cda8\" data-element_type=\"widget\" data-e-type=\"widget\" data-widget_type=\"image.default\">\n\t\t\t\t<div class=\"elementor-widget-container\">\n\t\t\t\t\t\t\t\t\t\t\t\t\t\t\t<img fetchpriority=\"high\" decoding=\"async\" width=\"480\" height=\"480\" src=\"https:\/\/www.pixid-vms.com\/ch\/wp-content\/uploads\/sites\/7\/2024\/01\/24-01-favicon-pixid.png\" class=\"attachment-full size-full wp-image-5277\" alt=\"\" srcset=\"https:\/\/www.pixid-vms.com\/ch\/wp-content\/uploads\/sites\/7\/2024\/01\/24-01-favicon-pixid.png 480w, https:\/\/www.pixid-vms.com\/ch\/wp-content\/uploads\/sites\/7\/2024\/01\/24-01-favicon-pixid-300x300.png 300w, https:\/\/www.pixid-vms.com\/ch\/wp-content\/uploads\/sites\/7\/2024\/01\/24-01-favicon-pixid-150x150.png 150w\" sizes=\"(max-width: 480px) 100vw, 480px\" \/>\t\t\t\t\t\t\t\t\t\t\t\t\t\t\t<\/div>\n\t\t\t\t<\/div>\n\t\t\t\t<div class=\"elementor-element elementor-element-2aa00e78 white-paper elementor-posts__hover-none elementor-grid-3 elementor-grid-tablet-2 elementor-grid-mobile-1 elementor-posts--thumbnail-top elementor-card-shadow-yes elementor-widget elementor-widget-posts\" data-id=\"2aa00e78\" data-element_type=\"widget\" data-e-type=\"widget\" data-settings=\"{&quot;pagination_type&quot;:&quot;prev_next&quot;,&quot;cards_columns&quot;:&quot;3&quot;,&quot;cards_columns_tablet&quot;:&quot;2&quot;,&quot;cards_columns_mobile&quot;:&quot;1&quot;,&quot;cards_row_gap&quot;:{&quot;unit&quot;:&quot;px&quot;,&quot;size&quot;:35,&quot;sizes&quot;:[]},&quot;cards_row_gap_laptop&quot;:{&quot;unit&quot;:&quot;px&quot;,&quot;size&quot;:&quot;&quot;,&quot;sizes&quot;:[]},&quot;cards_row_gap_tablet&quot;:{&quot;unit&quot;:&quot;px&quot;,&quot;size&quot;:&quot;&quot;,&quot;sizes&quot;:[]},&quot;cards_row_gap_mobile&quot;:{&quot;unit&quot;:&quot;px&quot;,&quot;size&quot;:&quot;&quot;,&quot;sizes&quot;:[]}}\" data-widget_type=\"posts.cards\">\n\t\t\t\t<div class=\"elementor-widget-container\">\n\t\t\t\t\t\t\t<div class=\"elementor-posts-container elementor-posts elementor-posts--skin-cards elementor-grid\" role=\"list\">\n\t\t\t\t<article class=\"elementor-post elementor-grid-item post-6413 white-paper type-white-paper status-publish format-standard has-post-thumbnail hentry\" role=\"listitem\">\n\t\t\t<div class=\"elementor-post__card\">\n\t\t\t\t<a class=\"elementor-post__thumbnail__link\" href=\"https:\/\/www.pixid-vms.com\/ch\/whitepapers\/wie-man-das-richtige-vendor-management-system-vms-auswaehlt\/\" tabindex=\"-1\" ><div class=\"elementor-post__thumbnail\"><img decoding=\"async\" width=\"300\" height=\"300\" src=\"https:\/\/www.pixid-vms.com\/ch\/wp-content\/uploads\/sites\/7\/2025\/07\/Wie-man-das-richtige-Vendor-Management-System-VMS-auswahlt-thumbnail.png\" class=\"attachment-full size-full wp-image-6443\" alt=\"Pixid Wnitepaper VMS thumbnail image\" srcset=\"https:\/\/www.pixid-vms.com\/ch\/wp-content\/uploads\/sites\/7\/2025\/07\/Wie-man-das-richtige-Vendor-Management-System-VMS-auswahlt-thumbnail.png 300w, https:\/\/www.pixid-vms.com\/ch\/wp-content\/uploads\/sites\/7\/2025\/07\/Wie-man-das-richtige-Vendor-Management-System-VMS-auswahlt-thumbnail-150x150.png 150w\" sizes=\"(max-width: 300px) 100vw, 300px\" \/><\/div><\/a>\n\t\t\t\t<div class=\"elementor-post__text\">\n\t\t\t\t<h3 class=\"elementor-post__title\">\n\t\t\t<a href=\"https:\/\/www.pixid-vms.com\/ch\/whitepapers\/wie-man-das-richtige-vendor-management-system-vms-auswaehlt\/\" >\n\t\t\t\tWie man das richtige Vendor Management System (VMS) ausw\u00e4hlt\t\t\t<\/a>\n\t\t<\/h3>\n\t\t\t\t<div class=\"elementor-post__excerpt\">\n\t\t\t<p>Optimieren Sie Ihr Zeitarbeits- und Fremdpersonalmanagement. Erfahren Sie, wie ein VMS Effizienz steigert, Kosten senkt und Compliance im dynamischen europ\u00e4ischen Arbeitsmarkt sichert.<\/p>\n\t\t<\/div>\n\t\t\t\t\t<div class=\"elementor-post__read-more-wrapper\">\n\t\t\n\t\t<a class=\"elementor-post__read-more\" href=\"https:\/\/www.pixid-vms.com\/ch\/whitepapers\/wie-man-das-richtige-vendor-management-system-vms-auswaehlt\/\" aria-label=\"Read more about Wie man das richtige Vendor Management System (VMS) ausw\u00e4hlt\" tabindex=\"-1\" >\n\t\t\ten savoir +\t\t<\/a>\n\n\t\t\t\t\t<\/div>\n\t\t\t\t<\/div>\n\t\t\t\t\t<\/div>\n\t\t<\/article>\n\t\t\t\t<article class=\"elementor-post elementor-grid-item post-6452 white-paper type-white-paper status-publish format-standard has-post-thumbnail hentry\" role=\"listitem\">\n\t\t\t<div class=\"elementor-post__card\">\n\t\t\t\t<a class=\"elementor-post__thumbnail__link\" href=\"https:\/\/www.pixid-vms.com\/ch\/fr\/livres-blancs\/comment-choisir-le-bon-outil-de-gestion-de-linterim-vms\/\" tabindex=\"-1\" ><div class=\"elementor-post__thumbnail\"><img decoding=\"async\" width=\"300\" height=\"300\" src=\"https:\/\/www.pixid-vms.com\/ch\/wp-content\/uploads\/sites\/7\/2025\/07\/Comment-choisir-le-bon-outil-de-gestion-interim-VMS-thumbnail.png\" class=\"attachment-full size-full wp-image-6470\" alt=\"\" srcset=\"https:\/\/www.pixid-vms.com\/ch\/wp-content\/uploads\/sites\/7\/2025\/07\/Comment-choisir-le-bon-outil-de-gestion-interim-VMS-thumbnail.png 300w, https:\/\/www.pixid-vms.com\/ch\/wp-content\/uploads\/sites\/7\/2025\/07\/Comment-choisir-le-bon-outil-de-gestion-interim-VMS-thumbnail-150x150.png 150w\" sizes=\"(max-width: 300px) 100vw, 300px\" \/><\/div><\/a>\n\t\t\t\t<div class=\"elementor-post__text\">\n\t\t\t\t<h3 class=\"elementor-post__title\">\n\t\t\t<a href=\"https:\/\/www.pixid-vms.com\/ch\/fr\/livres-blancs\/comment-choisir-le-bon-outil-de-gestion-de-linterim-vms\/\" >\n\t\t\t\tComment choisir le bon outil de gestion de l&#8217;int\u00e9rim (VMS) ?\t\t\t<\/a>\n\t\t<\/h3>\n\t\t\t\t<div class=\"elementor-post__excerpt\">\n\t\t\t<p>Optimisez la gestion de vos effectifs temporaires et ressources externes. D\u00e9couvrez comment un VMS peut transformer l\u2019efficacit\u00e9, r\u00e9duire les co\u00fbts et garantir la conformit\u00e9 dans un march\u00e9 du travail europ\u00e9en en mutation.<\/p>\n\t\t<\/div>\n\t\t\t\t\t<div class=\"elementor-post__read-more-wrapper\">\n\t\t\n\t\t<a class=\"elementor-post__read-more\" href=\"https:\/\/www.pixid-vms.com\/ch\/fr\/livres-blancs\/comment-choisir-le-bon-outil-de-gestion-de-linterim-vms\/\" aria-label=\"Read more about Comment choisir le bon outil de gestion de l&#8217;int\u00e9rim (VMS) ?\" tabindex=\"-1\" >\n\t\t\ten savoir +\t\t<\/a>\n\n\t\t\t\t\t<\/div>\n\t\t\t\t<\/div>\n\t\t\t\t\t<\/div>\n\t\t<\/article>\n\t\t\t\t<article class=\"elementor-post elementor-grid-item post-6411 white-paper type-white-paper status-publish format-standard has-post-thumbnail hentry\" role=\"listitem\">\n\t\t\t<div class=\"elementor-post__card\">\n\t\t\t\t<a class=\"elementor-post__thumbnail__link\" href=\"https:\/\/www.pixid-vms.com\/ch\/it\/white-paper\/come-scegliere-il-giusto-sistema-di-gestione-dei-fornitori-vms\/\" tabindex=\"-1\" ><div class=\"elementor-post__thumbnail\"><img loading=\"lazy\" decoding=\"async\" width=\"300\" height=\"300\" src=\"https:\/\/www.pixid-vms.com\/ch\/wp-content\/uploads\/sites\/7\/2025\/07\/Thumbnail_How-to-Choose-VMS_IT.png\" class=\"attachment-full size-full wp-image-6412\" alt=\"\" srcset=\"https:\/\/www.pixid-vms.com\/ch\/wp-content\/uploads\/sites\/7\/2025\/07\/Thumbnail_How-to-Choose-VMS_IT.png 300w, https:\/\/www.pixid-vms.com\/ch\/wp-content\/uploads\/sites\/7\/2025\/07\/Thumbnail_How-to-Choose-VMS_IT-150x150.png 150w\" sizes=\"(max-width: 300px) 100vw, 300px\" \/><\/div><\/a>\n\t\t\t\t<div class=\"elementor-post__text\">\n\t\t\t\t<h3 class=\"elementor-post__title\">\n\t\t\t<a href=\"https:\/\/www.pixid-vms.com\/ch\/it\/white-paper\/come-scegliere-il-giusto-sistema-di-gestione-dei-fornitori-vms\/\" >\n\t\t\t\tCome scegliere il giusto sistema di gestione dei fornitori (VMS)\t\t\t<\/a>\n\t\t<\/h3>\n\t\t\t\t<div class=\"elementor-post__excerpt\">\n\t\t\t<p>Scopri i consigli degli esperti Pixid per scegliere il sistema di gestione fornitori (VMS) pi\u00f9 adatto a migliorare l\u2019efficienza, ridurre i costi amministrativi e garantire la conformit\u00e0 nella gestione del personale temporaneo in Europa.<\/p>\n\t\t<\/div>\n\t\t\t\t\t<div class=\"elementor-post__read-more-wrapper\">\n\t\t\n\t\t<a class=\"elementor-post__read-more\" href=\"https:\/\/www.pixid-vms.com\/ch\/it\/white-paper\/come-scegliere-il-giusto-sistema-di-gestione-dei-fornitori-vms\/\" aria-label=\"Read more about Come scegliere il giusto sistema di gestione dei fornitori (VMS)\" tabindex=\"-1\" >\n\t\t\ten savoir +\t\t<\/a>\n\n\t\t\t\t\t<\/div>\n\t\t\t\t<\/div>\n\t\t\t\t\t<\/div>\n\t\t<\/article>\n\t\t\t\t<\/div>\n\t\t\n\t\t\t\t\t\t<\/div>\n\t\t\t\t<\/div>\n\t\t\t\t\t<\/div>\n\t\t\t\t<\/div>\n\t\t\t\t<\/div>\n\t\t\t\t<\/div>\n\t\t","protected":false},"excerpt":{"rendered":"<p>Livres blancs D\u00e9couvrez tous nos livres blancs, qui offrent une expertise sur l\u2019\u00e9volution du secteur de l\u2019int\u00e9rim, la transformation digitale et la gestion des effectifs. Chaque document met en lumi\u00e8re les tendances cl\u00e9s, les enjeux actuels et les solutions innovantes propos\u00e9es par Pixid VMS pour accompagner les agences d\u2019int\u00e9rim, MSP et entreprises. Restez inform\u00e9 et [&hellip;]<\/p>\n","protected":false},"author":9,"featured_media":6299,"parent":0,"menu_order":0,"comment_status":"closed","ping_status":"closed","template":"","meta":{"_acf_changed":false,"footnotes":""},"class_list":["post-6279","page","type-page","status-publish","has-post-thumbnail","hentry"],"acf":[],"yoast_head":"<!-- This site is optimized with the Yoast SEO plugin v27.4 - https:\/\/yoast.com\/product\/yoast-seo-wordpress\/ -->\n<title>Livres blancs : Recrutement, Int\u00e9rim &amp; Digital RH<\/title>\n<meta name=\"description\" content=\"D\u00e9couvrez les livres blancs de Pixid VMS pour des analyses d\u2019experts sur les tendances du secteur de l\u2019int\u00e9rim, le recrutement et les RH.\" \/>\n<meta name=\"robots\" content=\"index, follow, max-snippet:-1, max-image-preview:large, max-video-preview:-1\" \/>\n<link rel=\"canonical\" href=\"https:\/\/www.pixid-vms.com\/ch\/fr\/livres-blancs\/\" \/>\n<meta property=\"og:locale\" content=\"de_DE\" \/>\n<meta property=\"og:type\" content=\"article\" \/>\n<meta property=\"og:title\" content=\"Livres blancs : Recrutement, Int\u00e9rim &amp; Digital RH\" \/>\n<meta property=\"og:description\" content=\"D\u00e9couvrez les livres blancs de Pixid VMS pour des analyses d\u2019experts sur les tendances du secteur de l\u2019int\u00e9rim, le recrutement et les RH.\" \/>\n<meta property=\"og:url\" content=\"https:\/\/www.pixid-vms.com\/ch\/fr\/livres-blancs\/\" \/>\n<meta property=\"og:site_name\" content=\"PIXID VMS SCHWEIZ\" \/>\n<meta property=\"article:modified_time\" content=\"2025-07-31T15:25:01+00:00\" \/>\n<meta property=\"og:image\" content=\"https:\/\/www.pixid-vms.com\/ch\/wp-content\/uploads\/sites\/7\/2025\/05\/white-papers.jpg\" \/>\n\t<meta property=\"og:image:width\" content=\"1920\" \/>\n\t<meta property=\"og:image:height\" content=\"667\" \/>\n\t<meta property=\"og:image:type\" content=\"image\/jpeg\" \/>\n<meta name=\"twitter:card\" content=\"summary_large_image\" \/>\n<meta name=\"twitter:image\" content=\"https:\/\/www.pixid-vms.com\/ch\/wp-content\/uploads\/sites\/7\/2025\/05\/white-papers.jpg\" \/>\n<meta name=\"twitter:site\" content=\"@PIXID_Group\" \/>\n<meta name=\"twitter:label1\" content=\"Gesch\u00e4tzte Lesezeit\" \/>\n\t<meta name=\"twitter:data1\" content=\"1 Minute\" \/>\n<script type=\"application\/ld+json\" class=\"yoast-schema-graph\">{\"@context\":\"https:\\\/\\\/schema.org\",\"@graph\":[{\"@type\":\"WebPage\",\"@id\":\"https:\\\/\\\/www.pixid-vms.com\\\/ch\\\/fr\\\/livres-blancs\\\/\",\"url\":\"https:\\\/\\\/www.pixid-vms.com\\\/ch\\\/fr\\\/livres-blancs\\\/\",\"name\":\"Livres blancs : Recrutement, Int\u00e9rim & Digital RH\",\"isPartOf\":{\"@id\":\"https:\\\/\\\/www.pixid-vms.com\\\/ch\\\/#website\"},\"primaryImageOfPage\":{\"@id\":\"https:\\\/\\\/www.pixid-vms.com\\\/ch\\\/fr\\\/livres-blancs\\\/#primaryimage\"},\"image\":{\"@id\":\"https:\\\/\\\/www.pixid-vms.com\\\/ch\\\/fr\\\/livres-blancs\\\/#primaryimage\"},\"thumbnailUrl\":\"https:\\\/\\\/www.pixid-vms.com\\\/ch\\\/wp-content\\\/uploads\\\/sites\\\/7\\\/2025\\\/05\\\/thumbnail-white-paper.jpg\",\"datePublished\":\"2025-07-31T15:24:09+00:00\",\"dateModified\":\"2025-07-31T15:25:01+00:00\",\"description\":\"D\u00e9couvrez les livres blancs de Pixid VMS pour des analyses d\u2019experts sur les tendances du secteur de l\u2019int\u00e9rim, le recrutement et les RH.\",\"breadcrumb\":{\"@id\":\"https:\\\/\\\/www.pixid-vms.com\\\/ch\\\/fr\\\/livres-blancs\\\/#breadcrumb\"},\"inLanguage\":\"de-CH\",\"potentialAction\":[{\"@type\":\"ReadAction\",\"target\":[\"https:\\\/\\\/www.pixid-vms.com\\\/ch\\\/fr\\\/livres-blancs\\\/\"]}]},{\"@type\":\"ImageObject\",\"inLanguage\":\"de-CH\",\"@id\":\"https:\\\/\\\/www.pixid-vms.com\\\/ch\\\/fr\\\/livres-blancs\\\/#primaryimage\",\"url\":\"https:\\\/\\\/www.pixid-vms.com\\\/ch\\\/wp-content\\\/uploads\\\/sites\\\/7\\\/2025\\\/05\\\/thumbnail-white-paper.jpg\",\"contentUrl\":\"https:\\\/\\\/www.pixid-vms.com\\\/ch\\\/wp-content\\\/uploads\\\/sites\\\/7\\\/2025\\\/05\\\/thumbnail-white-paper.jpg\",\"width\":300,\"height\":300},{\"@type\":\"BreadcrumbList\",\"@id\":\"https:\\\/\\\/www.pixid-vms.com\\\/ch\\\/fr\\\/livres-blancs\\\/#breadcrumb\",\"itemListElement\":[{\"@type\":\"ListItem\",\"position\":1,\"name\":\"Home\",\"item\":\"https:\\\/\\\/www.pixid-vms.com\\\/ch\\\/\"},{\"@type\":\"ListItem\",\"position\":2,\"name\":\"Livres blancs : Recrutement, Transformation digitale &amp; Gestion des talents\"}]},{\"@type\":\"WebSite\",\"@id\":\"https:\\\/\\\/www.pixid-vms.com\\\/ch\\\/#website\",\"url\":\"https:\\\/\\\/www.pixid-vms.com\\\/ch\\\/\",\"name\":\"PIXID VMS SCHWEIZ\",\"description\":\"External workforce management\",\"publisher\":{\"@id\":\"https:\\\/\\\/www.pixid-vms.com\\\/ch\\\/#organization\"},\"potentialAction\":[{\"@type\":\"SearchAction\",\"target\":{\"@type\":\"EntryPoint\",\"urlTemplate\":\"https:\\\/\\\/www.pixid-vms.com\\\/ch\\\/?s={search_term_string}\"},\"query-input\":{\"@type\":\"PropertyValueSpecification\",\"valueRequired\":true,\"valueName\":\"search_term_string\"}}],\"inLanguage\":\"de-CH\"},{\"@type\":\"Organization\",\"@id\":\"https:\\\/\\\/www.pixid-vms.com\\\/ch\\\/#organization\",\"name\":\"PIXID VMS\",\"url\":\"https:\\\/\\\/www.pixid-vms.com\\\/ch\\\/\",\"logo\":{\"@type\":\"ImageObject\",\"inLanguage\":\"de-CH\",\"@id\":\"https:\\\/\\\/www.pixid-vms.com\\\/ch\\\/#\\\/schema\\\/logo\\\/image\\\/\",\"url\":\"https:\\\/\\\/www.pixid-vms.com\\\/ch\\\/wp-content\\\/uploads\\\/sites\\\/7\\\/2022\\\/10\\\/PIXIDVMS-logo-colour.png\",\"contentUrl\":\"https:\\\/\\\/www.pixid-vms.com\\\/ch\\\/wp-content\\\/uploads\\\/sites\\\/7\\\/2022\\\/10\\\/PIXIDVMS-logo-colour.png\",\"width\":3238,\"height\":625,\"caption\":\"PIXID VMS\"},\"image\":{\"@id\":\"https:\\\/\\\/www.pixid-vms.com\\\/ch\\\/#\\\/schema\\\/logo\\\/image\\\/\"},\"sameAs\":[\"https:\\\/\\\/x.com\\\/PIXID_Group\",\"https:\\\/\\\/www.linkedin.com\\\/company\\\/pixid\\\/\"]}]}<\/script>\n<!-- \/ Yoast SEO plugin. -->","yoast_head_json":{"title":"Livres blancs : Recrutement, Int\u00e9rim & Digital RH","description":"D\u00e9couvrez les livres blancs de Pixid VMS pour des analyses d\u2019experts sur les tendances du secteur de l\u2019int\u00e9rim, le recrutement et les RH.","robots":{"index":"index","follow":"follow","max-snippet":"max-snippet:-1","max-image-preview":"max-image-preview:large","max-video-preview":"max-video-preview:-1"},"canonical":"https:\/\/www.pixid-vms.com\/ch\/fr\/livres-blancs\/","og_locale":"de_DE","og_type":"article","og_title":"Livres blancs : Recrutement, Int\u00e9rim & Digital RH","og_description":"D\u00e9couvrez les livres blancs de Pixid VMS pour des analyses d\u2019experts sur les tendances du secteur de l\u2019int\u00e9rim, le recrutement et les RH.","og_url":"https:\/\/www.pixid-vms.com\/ch\/fr\/livres-blancs\/","og_site_name":"PIXID VMS SCHWEIZ","article_modified_time":"2025-07-31T15:25:01+00:00","og_image":[{"width":1920,"height":667,"url":"https:\/\/www.pixid-vms.com\/ch\/wp-content\/uploads\/sites\/7\/2025\/05\/white-papers.jpg","type":"image\/jpeg"}],"twitter_card":"summary_large_image","twitter_image":"https:\/\/www.pixid-vms.com\/ch\/wp-content\/uploads\/sites\/7\/2025\/05\/white-papers.jpg","twitter_site":"@PIXID_Group","twitter_misc":{"Gesch\u00e4tzte Lesezeit":"1 Minute"},"schema":{"@context":"https:\/\/schema.org","@graph":[{"@type":"WebPage","@id":"https:\/\/www.pixid-vms.com\/ch\/fr\/livres-blancs\/","url":"https:\/\/www.pixid-vms.com\/ch\/fr\/livres-blancs\/","name":"Livres blancs : Recrutement, Int\u00e9rim & Digital RH","isPartOf":{"@id":"https:\/\/www.pixid-vms.com\/ch\/#website"},"primaryImageOfPage":{"@id":"https:\/\/www.pixid-vms.com\/ch\/fr\/livres-blancs\/#primaryimage"},"image":{"@id":"https:\/\/www.pixid-vms.com\/ch\/fr\/livres-blancs\/#primaryimage"},"thumbnailUrl":"https:\/\/www.pixid-vms.com\/ch\/wp-content\/uploads\/sites\/7\/2025\/05\/thumbnail-white-paper.jpg","datePublished":"2025-07-31T15:24:09+00:00","dateModified":"2025-07-31T15:25:01+00:00","description":"D\u00e9couvrez les livres blancs de Pixid VMS pour des analyses d\u2019experts sur les tendances du secteur de l\u2019int\u00e9rim, le recrutement et les RH.","breadcrumb":{"@id":"https:\/\/www.pixid-vms.com\/ch\/fr\/livres-blancs\/#breadcrumb"},"inLanguage":"de-CH","potentialAction":[{"@type":"ReadAction","target":["https:\/\/www.pixid-vms.com\/ch\/fr\/livres-blancs\/"]}]},{"@type":"ImageObject","inLanguage":"de-CH","@id":"https:\/\/www.pixid-vms.com\/ch\/fr\/livres-blancs\/#primaryimage","url":"https:\/\/www.pixid-vms.com\/ch\/wp-content\/uploads\/sites\/7\/2025\/05\/thumbnail-white-paper.jpg","contentUrl":"https:\/\/www.pixid-vms.com\/ch\/wp-content\/uploads\/sites\/7\/2025\/05\/thumbnail-white-paper.jpg","width":300,"height":300},{"@type":"BreadcrumbList","@id":"https:\/\/www.pixid-vms.com\/ch\/fr\/livres-blancs\/#breadcrumb","itemListElement":[{"@type":"ListItem","position":1,"name":"Home","item":"https:\/\/www.pixid-vms.com\/ch\/"},{"@type":"ListItem","position":2,"name":"Livres blancs : Recrutement, Transformation digitale &amp; Gestion des talents"}]},{"@type":"WebSite","@id":"https:\/\/www.pixid-vms.com\/ch\/#website","url":"https:\/\/www.pixid-vms.com\/ch\/","name":"PIXID VMS SCHWEIZ","description":"External workforce management","publisher":{"@id":"https:\/\/www.pixid-vms.com\/ch\/#organization"},"potentialAction":[{"@type":"SearchAction","target":{"@type":"EntryPoint","urlTemplate":"https:\/\/www.pixid-vms.com\/ch\/?s={search_term_string}"},"query-input":{"@type":"PropertyValueSpecification","valueRequired":true,"valueName":"search_term_string"}}],"inLanguage":"de-CH"},{"@type":"Organization","@id":"https:\/\/www.pixid-vms.com\/ch\/#organization","name":"PIXID VMS","url":"https:\/\/www.pixid-vms.com\/ch\/","logo":{"@type":"ImageObject","inLanguage":"de-CH","@id":"https:\/\/www.pixid-vms.com\/ch\/#\/schema\/logo\/image\/","url":"https:\/\/www.pixid-vms.com\/ch\/wp-content\/uploads\/sites\/7\/2022\/10\/PIXIDVMS-logo-colour.png","contentUrl":"https:\/\/www.pixid-vms.com\/ch\/wp-content\/uploads\/sites\/7\/2022\/10\/PIXIDVMS-logo-colour.png","width":3238,"height":625,"caption":"PIXID VMS"},"image":{"@id":"https:\/\/www.pixid-vms.com\/ch\/#\/schema\/logo\/image\/"},"sameAs":["https:\/\/x.com\/PIXID_Group","https:\/\/www.linkedin.com\/company\/pixid\/"]}]}},"lang":"fr","translations":{"fr":6279,"it":6298,"de":6374},"pll_sync_post":[],"_links":{"self":[{"href":"https:\/\/www.pixid-vms.com\/ch\/wp-json\/wp\/v2\/pages\/6279","targetHints":{"allow":["GET"]}}],"collection":[{"href":"https:\/\/www.pixid-vms.com\/ch\/wp-json\/wp\/v2\/pages"}],"about":[{"href":"https:\/\/www.pixid-vms.com\/ch\/wp-json\/wp\/v2\/types\/page"}],"author":[{"embeddable":true,"href":"https:\/\/www.pixid-vms.com\/ch\/wp-json\/wp\/v2\/users\/9"}],"replies":[{"embeddable":true,"href":"https:\/\/www.pixid-vms.com\/ch\/wp-json\/wp\/v2\/comments?post=6279"}],"version-history":[{"count":0,"href":"https:\/\/www.pixid-vms.com\/ch\/wp-json\/wp\/v2\/pages\/6279\/revisions"}],"wp:featuredmedia":[{"embeddable":true,"href":"https:\/\/www.pixid-vms.com\/ch\/wp-json\/wp\/v2\/media\/6299"}],"wp:attachment":[{"href":"https:\/\/www.pixid-vms.com\/ch\/wp-json\/wp\/v2\/media?parent=6279"}],"curies":[{"name":"wp","href":"https:\/\/api.w.org\/{rel}","templated":true}]}}