{"id":6298,"date":"2025-05-28T10:17:55","date_gmt":"2025-05-28T09:17:55","guid":{"rendered":"https:\/\/www.pixid-vms.com\/ch\/?page_id=6298"},"modified":"2025-07-31T16:29:24","modified_gmt":"2025-07-31T15:29:24","slug":"white-paper","status":"publish","type":"page","link":"https:\/\/www.pixid-vms.com\/ch\/it\/white-paper\/","title":{"rendered":"White paper: Staffing, Trasformazione Digitale &amp; Gestione del Personale"},"content":{"rendered":"\t\t<div data-elementor-type=\"wp-page\" data-elementor-id=\"6298\" class=\"elementor elementor-6298\" data-elementor-post-type=\"page\">\n\t\t\t\t<div class=\"elementor-element elementor-element-52e43b01 e-con-full e-flex e-con e-parent\" data-id=\"52e43b01\" data-element_type=\"container\" data-e-type=\"container\" data-settings=\"{&quot;background_background&quot;:&quot;classic&quot;}\">\n\t\t<div class=\"elementor-element elementor-element-3710bb83 e-flex e-con-boxed e-con e-child\" data-id=\"3710bb83\" data-element_type=\"container\" data-e-type=\"container\">\n\t\t\t\t\t<div class=\"e-con-inner\">\n\t\t<div class=\"elementor-element elementor-element-3d5d4389 e-con-full e-flex e-con e-child\" data-id=\"3d5d4389\" data-element_type=\"container\" data-e-type=\"container\">\n\t\t\t\t<div class=\"elementor-element elementor-element-f2f5b03 elementor-widget elementor-widget-heading\" data-id=\"f2f5b03\" data-element_type=\"widget\" data-e-type=\"widget\" data-widget_type=\"heading.default\">\n\t\t\t\t<div class=\"elementor-widget-container\">\n\t\t\t\t\t<h1 class=\"elementor-heading-title elementor-size-default\">White Papers<\/h1>\t\t\t\t<\/div>\n\t\t\t\t<\/div>\n\t\t\t\t<div class=\"elementor-element elementor-element-68ff4dc4 form-message elementor-hidden-mobile elementor-widget elementor-widget-text-editor\" data-id=\"68ff4dc4\" data-element_type=\"widget\" data-e-type=\"widget\" data-widget_type=\"text-editor.default\">\n\t\t\t\t<div class=\"elementor-widget-container\">\n\t\t\t\t\t\t\t\t\tScopri tutti i nostri white paper con approfondimenti esperti sul settore del lavoro in somministrazione, la trasformazione digitale e la gestione della forza lavoro. Ogni documento evidenzia tendenze chiave, sfide e soluzioni innovative sviluppate dal Gruppo Pixid per supportare agenzie per il lavoro, MSP e aziende. Rimani aggiornato e lasciati ispirare dalle ultime riflessioni dei nostri esperti.\t\t\t\t\t\t\t\t<\/div>\n\t\t\t\t<\/div>\n\t\t\t\t<\/div>\n\t\t\t\t\t<\/div>\n\t\t\t\t<\/div>\n\t\t\t\t<\/div>\n\t\t<div class=\"elementor-element elementor-element-70a6bb42 e-con-full e-flex e-con e-parent\" data-id=\"70a6bb42\" data-element_type=\"container\" data-e-type=\"container\">\n\t\t<div class=\"elementor-element elementor-element-5309f125 e-flex e-con-boxed e-con e-child\" data-id=\"5309f125\" data-element_type=\"container\" data-e-type=\"container\">\n\t\t\t\t\t<div class=\"e-con-inner\">\n\t\t\t\t<div class=\"elementor-element elementor-element-1b0fc8d elementor-widget elementor-widget-global elementor-global-5298 elementor-widget-image\" data-id=\"1b0fc8d\" data-element_type=\"widget\" data-e-type=\"widget\" data-widget_type=\"image.default\">\n\t\t\t\t<div class=\"elementor-widget-container\">\n\t\t\t\t\t\t\t\t\t\t\t\t\t\t\t<img fetchpriority=\"high\" decoding=\"async\" width=\"480\" height=\"480\" src=\"https:\/\/www.pixid-vms.com\/ch\/wp-content\/uploads\/sites\/7\/2024\/01\/24-01-favicon-pixid.png\" class=\"attachment-full size-full wp-image-5277\" alt=\"\" srcset=\"https:\/\/www.pixid-vms.com\/ch\/wp-content\/uploads\/sites\/7\/2024\/01\/24-01-favicon-pixid.png 480w, https:\/\/www.pixid-vms.com\/ch\/wp-content\/uploads\/sites\/7\/2024\/01\/24-01-favicon-pixid-300x300.png 300w, https:\/\/www.pixid-vms.com\/ch\/wp-content\/uploads\/sites\/7\/2024\/01\/24-01-favicon-pixid-150x150.png 150w\" sizes=\"(max-width: 480px) 100vw, 480px\" \/>\t\t\t\t\t\t\t\t\t\t\t\t\t\t\t<\/div>\n\t\t\t\t<\/div>\n\t\t\t\t<div class=\"elementor-element elementor-element-25994a3d white-paper elementor-posts__hover-none elementor-grid-3 elementor-grid-tablet-2 elementor-grid-mobile-1 elementor-posts--thumbnail-top elementor-card-shadow-yes elementor-widget elementor-widget-posts\" data-id=\"25994a3d\" data-element_type=\"widget\" data-e-type=\"widget\" data-settings=\"{&quot;pagination_type&quot;:&quot;prev_next&quot;,&quot;cards_columns&quot;:&quot;3&quot;,&quot;cards_columns_tablet&quot;:&quot;2&quot;,&quot;cards_columns_mobile&quot;:&quot;1&quot;,&quot;cards_row_gap&quot;:{&quot;unit&quot;:&quot;px&quot;,&quot;size&quot;:35,&quot;sizes&quot;:[]},&quot;cards_row_gap_laptop&quot;:{&quot;unit&quot;:&quot;px&quot;,&quot;size&quot;:&quot;&quot;,&quot;sizes&quot;:[]},&quot;cards_row_gap_tablet&quot;:{&quot;unit&quot;:&quot;px&quot;,&quot;size&quot;:&quot;&quot;,&quot;sizes&quot;:[]},&quot;cards_row_gap_mobile&quot;:{&quot;unit&quot;:&quot;px&quot;,&quot;size&quot;:&quot;&quot;,&quot;sizes&quot;:[]}}\" data-widget_type=\"posts.cards\">\n\t\t\t\t<div class=\"elementor-widget-container\">\n\t\t\t\t\t\t\t<div class=\"elementor-posts-container elementor-posts elementor-posts--skin-cards elementor-grid\" role=\"list\">\n\t\t\t\t<article class=\"elementor-post elementor-grid-item post-6413 white-paper type-white-paper status-publish format-standard has-post-thumbnail hentry\" role=\"listitem\">\n\t\t\t<div class=\"elementor-post__card\">\n\t\t\t\t<a class=\"elementor-post__thumbnail__link\" href=\"https:\/\/www.pixid-vms.com\/ch\/whitepapers\/wie-man-das-richtige-vendor-management-system-vms-auswaehlt\/\" tabindex=\"-1\" ><div class=\"elementor-post__thumbnail\"><img decoding=\"async\" width=\"300\" height=\"300\" src=\"https:\/\/www.pixid-vms.com\/ch\/wp-content\/uploads\/sites\/7\/2025\/07\/Wie-man-das-richtige-Vendor-Management-System-VMS-auswahlt-thumbnail.png\" class=\"attachment-full size-full wp-image-6443\" alt=\"Pixid Wnitepaper VMS thumbnail image\" srcset=\"https:\/\/www.pixid-vms.com\/ch\/wp-content\/uploads\/sites\/7\/2025\/07\/Wie-man-das-richtige-Vendor-Management-System-VMS-auswahlt-thumbnail.png 300w, https:\/\/www.pixid-vms.com\/ch\/wp-content\/uploads\/sites\/7\/2025\/07\/Wie-man-das-richtige-Vendor-Management-System-VMS-auswahlt-thumbnail-150x150.png 150w\" sizes=\"(max-width: 300px) 100vw, 300px\" \/><\/div><\/a>\n\t\t\t\t<div class=\"elementor-post__text\">\n\t\t\t\t<h3 class=\"elementor-post__title\">\n\t\t\t<a href=\"https:\/\/www.pixid-vms.com\/ch\/whitepapers\/wie-man-das-richtige-vendor-management-system-vms-auswaehlt\/\" >\n\t\t\t\tWie man das richtige Vendor Management System (VMS) ausw\u00e4hlt\t\t\t<\/a>\n\t\t<\/h3>\n\t\t\t\t<div class=\"elementor-post__excerpt\">\n\t\t\t<p>Optimieren Sie Ihr Zeitarbeits- und Fremdpersonalmanagement. Erfahren Sie, wie ein VMS Effizienz steigert, Kosten senkt und Compliance im dynamischen europ\u00e4ischen Arbeitsmarkt sichert.<\/p>\n\t\t<\/div>\n\t\t\t\t\t<div class=\"elementor-post__read-more-wrapper\">\n\t\t\n\t\t<a class=\"elementor-post__read-more\" href=\"https:\/\/www.pixid-vms.com\/ch\/whitepapers\/wie-man-das-richtige-vendor-management-system-vms-auswaehlt\/\" aria-label=\"Read more about Wie man das richtige Vendor Management System (VMS) ausw\u00e4hlt\" tabindex=\"-1\" >\n\t\t\tleggi tutto +\t\t<\/a>\n\n\t\t\t\t\t<\/div>\n\t\t\t\t<\/div>\n\t\t\t\t\t<\/div>\n\t\t<\/article>\n\t\t\t\t<article class=\"elementor-post elementor-grid-item post-6452 white-paper type-white-paper status-publish format-standard has-post-thumbnail hentry\" role=\"listitem\">\n\t\t\t<div class=\"elementor-post__card\">\n\t\t\t\t<a class=\"elementor-post__thumbnail__link\" href=\"https:\/\/www.pixid-vms.com\/ch\/fr\/livres-blancs\/comment-choisir-le-bon-outil-de-gestion-de-linterim-vms\/\" tabindex=\"-1\" ><div class=\"elementor-post__thumbnail\"><img decoding=\"async\" width=\"300\" height=\"300\" src=\"https:\/\/www.pixid-vms.com\/ch\/wp-content\/uploads\/sites\/7\/2025\/07\/Comment-choisir-le-bon-outil-de-gestion-interim-VMS-thumbnail.png\" class=\"attachment-full size-full wp-image-6470\" alt=\"\" srcset=\"https:\/\/www.pixid-vms.com\/ch\/wp-content\/uploads\/sites\/7\/2025\/07\/Comment-choisir-le-bon-outil-de-gestion-interim-VMS-thumbnail.png 300w, https:\/\/www.pixid-vms.com\/ch\/wp-content\/uploads\/sites\/7\/2025\/07\/Comment-choisir-le-bon-outil-de-gestion-interim-VMS-thumbnail-150x150.png 150w\" sizes=\"(max-width: 300px) 100vw, 300px\" \/><\/div><\/a>\n\t\t\t\t<div class=\"elementor-post__text\">\n\t\t\t\t<h3 class=\"elementor-post__title\">\n\t\t\t<a href=\"https:\/\/www.pixid-vms.com\/ch\/fr\/livres-blancs\/comment-choisir-le-bon-outil-de-gestion-de-linterim-vms\/\" >\n\t\t\t\tComment choisir le bon outil de gestion de l&#8217;int\u00e9rim (VMS) ?\t\t\t<\/a>\n\t\t<\/h3>\n\t\t\t\t<div class=\"elementor-post__excerpt\">\n\t\t\t<p>Optimisez la gestion de vos effectifs temporaires et ressources externes. D\u00e9couvrez comment un VMS peut transformer l\u2019efficacit\u00e9, r\u00e9duire les co\u00fbts et garantir la conformit\u00e9 dans un march\u00e9 du travail europ\u00e9en en mutation.<\/p>\n\t\t<\/div>\n\t\t\t\t\t<div class=\"elementor-post__read-more-wrapper\">\n\t\t\n\t\t<a class=\"elementor-post__read-more\" href=\"https:\/\/www.pixid-vms.com\/ch\/fr\/livres-blancs\/comment-choisir-le-bon-outil-de-gestion-de-linterim-vms\/\" aria-label=\"Read more about Comment choisir le bon outil de gestion de l&#8217;int\u00e9rim (VMS) ?\" tabindex=\"-1\" >\n\t\t\tleggi tutto +\t\t<\/a>\n\n\t\t\t\t\t<\/div>\n\t\t\t\t<\/div>\n\t\t\t\t\t<\/div>\n\t\t<\/article>\n\t\t\t\t<article class=\"elementor-post elementor-grid-item post-6411 white-paper type-white-paper status-publish format-standard has-post-thumbnail hentry\" role=\"listitem\">\n\t\t\t<div class=\"elementor-post__card\">\n\t\t\t\t<a class=\"elementor-post__thumbnail__link\" href=\"https:\/\/www.pixid-vms.com\/ch\/it\/white-paper\/come-scegliere-il-giusto-sistema-di-gestione-dei-fornitori-vms\/\" tabindex=\"-1\" ><div class=\"elementor-post__thumbnail\"><img loading=\"lazy\" decoding=\"async\" width=\"300\" height=\"300\" src=\"https:\/\/www.pixid-vms.com\/ch\/wp-content\/uploads\/sites\/7\/2025\/07\/Thumbnail_How-to-Choose-VMS_IT.png\" class=\"attachment-full size-full wp-image-6412\" alt=\"\" srcset=\"https:\/\/www.pixid-vms.com\/ch\/wp-content\/uploads\/sites\/7\/2025\/07\/Thumbnail_How-to-Choose-VMS_IT.png 300w, https:\/\/www.pixid-vms.com\/ch\/wp-content\/uploads\/sites\/7\/2025\/07\/Thumbnail_How-to-Choose-VMS_IT-150x150.png 150w\" sizes=\"(max-width: 300px) 100vw, 300px\" \/><\/div><\/a>\n\t\t\t\t<div class=\"elementor-post__text\">\n\t\t\t\t<h3 class=\"elementor-post__title\">\n\t\t\t<a href=\"https:\/\/www.pixid-vms.com\/ch\/it\/white-paper\/come-scegliere-il-giusto-sistema-di-gestione-dei-fornitori-vms\/\" >\n\t\t\t\tCome scegliere il giusto sistema di gestione dei fornitori (VMS)\t\t\t<\/a>\n\t\t<\/h3>\n\t\t\t\t<div class=\"elementor-post__excerpt\">\n\t\t\t<p>Scopri i consigli degli esperti Pixid per scegliere il sistema di gestione fornitori (VMS) pi\u00f9 adatto a migliorare l\u2019efficienza, ridurre i costi amministrativi e garantire la conformit\u00e0 nella gestione del personale temporaneo in Europa.<\/p>\n\t\t<\/div>\n\t\t\t\t\t<div class=\"elementor-post__read-more-wrapper\">\n\t\t\n\t\t<a class=\"elementor-post__read-more\" href=\"https:\/\/www.pixid-vms.com\/ch\/it\/white-paper\/come-scegliere-il-giusto-sistema-di-gestione-dei-fornitori-vms\/\" aria-label=\"Read more about Come scegliere il giusto sistema di gestione dei fornitori (VMS)\" tabindex=\"-1\" >\n\t\t\tleggi tutto +\t\t<\/a>\n\n\t\t\t\t\t<\/div>\n\t\t\t\t<\/div>\n\t\t\t\t\t<\/div>\n\t\t<\/article>\n\t\t\t\t<\/div>\n\t\t\n\t\t\t\t\t\t<\/div>\n\t\t\t\t<\/div>\n\t\t\t\t\t<\/div>\n\t\t\t\t<\/div>\n\t\t\t\t<\/div>\n\t\t\t\t<\/div>\n\t\t","protected":false},"excerpt":{"rendered":"<p>White Papers Scopri tutti i nostri white paper con approfondimenti esperti sul settore del lavoro in somministrazione, la trasformazione digitale e la gestione della forza lavoro. Ogni documento evidenzia tendenze chiave, sfide e soluzioni innovative sviluppate dal Gruppo Pixid per supportare agenzie per il lavoro, MSP e aziende. Rimani aggiornato e lasciati ispirare dalle ultime [&hellip;]<\/p>\n","protected":false},"author":9,"featured_media":6299,"parent":0,"menu_order":0,"comment_status":"closed","ping_status":"closed","template":"","meta":{"_acf_changed":false,"footnotes":""},"class_list":["post-6298","page","type-page","status-publish","has-post-thumbnail","hentry"],"acf":[],"yoast_head":"<!-- This site is optimized with the Yoast SEO plugin v27.5 - https:\/\/yoast.com\/product\/yoast-seo-wordpress\/ -->\n<title>White Paper: Staffing &amp; Gestione della forza lavoro<\/title>\n<meta name=\"description\" content=\"Esplora i white paper di Pixid VMS per approfondimenti esperti su staffing, trasformazione digitale e gestione della forza lavoro.\" \/>\n<meta name=\"robots\" content=\"index, follow, max-snippet:-1, max-image-preview:large, max-video-preview:-1\" \/>\n<link rel=\"canonical\" href=\"https:\/\/www.pixid-vms.com\/ch\/it\/white-paper\/\" \/>\n<meta property=\"og:locale\" content=\"de_DE\" \/>\n<meta property=\"og:type\" content=\"article\" \/>\n<meta property=\"og:title\" content=\"White Paper: Staffing &amp; Gestione della forza lavoro\" \/>\n<meta property=\"og:description\" content=\"Esplora i white paper di Pixid VMS per approfondimenti esperti su staffing, trasformazione digitale e gestione della forza lavoro.\" \/>\n<meta property=\"og:url\" content=\"https:\/\/www.pixid-vms.com\/ch\/it\/white-paper\/\" \/>\n<meta property=\"og:site_name\" content=\"PIXID VMS SCHWEIZ\" \/>\n<meta property=\"article:modified_time\" content=\"2025-07-31T15:29:24+00:00\" \/>\n<meta property=\"og:image\" content=\"https:\/\/www.pixid-vms.com\/ch\/wp-content\/uploads\/sites\/7\/2025\/05\/white-papers.jpg\" \/>\n\t<meta property=\"og:image:width\" content=\"1920\" \/>\n\t<meta property=\"og:image:height\" content=\"667\" \/>\n\t<meta property=\"og:image:type\" content=\"image\/jpeg\" \/>\n<meta name=\"twitter:card\" content=\"summary_large_image\" \/>\n<meta name=\"twitter:image\" content=\"https:\/\/www.pixid-vms.com\/ch\/wp-content\/uploads\/sites\/7\/2025\/05\/white-papers.jpg\" \/>\n<meta name=\"twitter:site\" content=\"@PIXID_Group\" \/>\n<meta name=\"twitter:label1\" content=\"Gesch\u00e4tzte Lesezeit\" \/>\n\t<meta name=\"twitter:data1\" content=\"1 Minute\" \/>\n<script type=\"application\/ld+json\" class=\"yoast-schema-graph\">{\"@context\":\"https:\\\/\\\/schema.org\",\"@graph\":[{\"@type\":\"WebPage\",\"@id\":\"https:\\\/\\\/www.pixid-vms.com\\\/ch\\\/it\\\/white-paper\\\/\",\"url\":\"https:\\\/\\\/www.pixid-vms.com\\\/ch\\\/it\\\/white-paper\\\/\",\"name\":\"White Paper: Staffing & Gestione della forza lavoro\",\"isPartOf\":{\"@id\":\"https:\\\/\\\/www.pixid-vms.com\\\/ch\\\/#website\"},\"primaryImageOfPage\":{\"@id\":\"https:\\\/\\\/www.pixid-vms.com\\\/ch\\\/it\\\/white-paper\\\/#primaryimage\"},\"image\":{\"@id\":\"https:\\\/\\\/www.pixid-vms.com\\\/ch\\\/it\\\/white-paper\\\/#primaryimage\"},\"thumbnailUrl\":\"https:\\\/\\\/www.pixid-vms.com\\\/ch\\\/wp-content\\\/uploads\\\/sites\\\/7\\\/2025\\\/05\\\/thumbnail-white-paper.jpg\",\"datePublished\":\"2025-05-28T09:17:55+00:00\",\"dateModified\":\"2025-07-31T15:29:24+00:00\",\"description\":\"Esplora i white paper di Pixid VMS per approfondimenti esperti su staffing, trasformazione digitale e gestione della forza lavoro.\",\"breadcrumb\":{\"@id\":\"https:\\\/\\\/www.pixid-vms.com\\\/ch\\\/it\\\/white-paper\\\/#breadcrumb\"},\"inLanguage\":\"de-CH\",\"potentialAction\":[{\"@type\":\"ReadAction\",\"target\":[\"https:\\\/\\\/www.pixid-vms.com\\\/ch\\\/it\\\/white-paper\\\/\"]}]},{\"@type\":\"ImageObject\",\"inLanguage\":\"de-CH\",\"@id\":\"https:\\\/\\\/www.pixid-vms.com\\\/ch\\\/it\\\/white-paper\\\/#primaryimage\",\"url\":\"https:\\\/\\\/www.pixid-vms.com\\\/ch\\\/wp-content\\\/uploads\\\/sites\\\/7\\\/2025\\\/05\\\/thumbnail-white-paper.jpg\",\"contentUrl\":\"https:\\\/\\\/www.pixid-vms.com\\\/ch\\\/wp-content\\\/uploads\\\/sites\\\/7\\\/2025\\\/05\\\/thumbnail-white-paper.jpg\",\"width\":300,\"height\":300},{\"@type\":\"BreadcrumbList\",\"@id\":\"https:\\\/\\\/www.pixid-vms.com\\\/ch\\\/it\\\/white-paper\\\/#breadcrumb\",\"itemListElement\":[{\"@type\":\"ListItem\",\"position\":1,\"name\":\"Home\",\"item\":\"https:\\\/\\\/www.pixid-vms.com\\\/ch\\\/\"},{\"@type\":\"ListItem\",\"position\":2,\"name\":\"White paper: Staffing, Trasformazione Digitale &amp; Gestione del Personale\"}]},{\"@type\":\"WebSite\",\"@id\":\"https:\\\/\\\/www.pixid-vms.com\\\/ch\\\/#website\",\"url\":\"https:\\\/\\\/www.pixid-vms.com\\\/ch\\\/\",\"name\":\"PIXID VMS SCHWEIZ\",\"description\":\"External workforce management\",\"publisher\":{\"@id\":\"https:\\\/\\\/www.pixid-vms.com\\\/ch\\\/#organization\"},\"potentialAction\":[{\"@type\":\"SearchAction\",\"target\":{\"@type\":\"EntryPoint\",\"urlTemplate\":\"https:\\\/\\\/www.pixid-vms.com\\\/ch\\\/?s={search_term_string}\"},\"query-input\":{\"@type\":\"PropertyValueSpecification\",\"valueRequired\":true,\"valueName\":\"search_term_string\"}}],\"inLanguage\":\"de-CH\"},{\"@type\":\"Organization\",\"@id\":\"https:\\\/\\\/www.pixid-vms.com\\\/ch\\\/#organization\",\"name\":\"PIXID VMS\",\"url\":\"https:\\\/\\\/www.pixid-vms.com\\\/ch\\\/\",\"logo\":{\"@type\":\"ImageObject\",\"inLanguage\":\"de-CH\",\"@id\":\"https:\\\/\\\/www.pixid-vms.com\\\/ch\\\/#\\\/schema\\\/logo\\\/image\\\/\",\"url\":\"https:\\\/\\\/www.pixid-vms.com\\\/ch\\\/wp-content\\\/uploads\\\/sites\\\/7\\\/2022\\\/10\\\/PIXIDVMS-logo-colour.png\",\"contentUrl\":\"https:\\\/\\\/www.pixid-vms.com\\\/ch\\\/wp-content\\\/uploads\\\/sites\\\/7\\\/2022\\\/10\\\/PIXIDVMS-logo-colour.png\",\"width\":3238,\"height\":625,\"caption\":\"PIXID VMS\"},\"image\":{\"@id\":\"https:\\\/\\\/www.pixid-vms.com\\\/ch\\\/#\\\/schema\\\/logo\\\/image\\\/\"},\"sameAs\":[\"https:\\\/\\\/x.com\\\/PIXID_Group\",\"https:\\\/\\\/www.linkedin.com\\\/company\\\/pixid\\\/\"]}]}<\/script>\n<!-- \/ Yoast SEO plugin. -->","yoast_head_json":{"title":"White Paper: Staffing & Gestione della forza lavoro","description":"Esplora i white paper di Pixid VMS per approfondimenti esperti su staffing, trasformazione digitale e gestione della forza lavoro.","robots":{"index":"index","follow":"follow","max-snippet":"max-snippet:-1","max-image-preview":"max-image-preview:large","max-video-preview":"max-video-preview:-1"},"canonical":"https:\/\/www.pixid-vms.com\/ch\/it\/white-paper\/","og_locale":"de_DE","og_type":"article","og_title":"White Paper: Staffing & Gestione della forza lavoro","og_description":"Esplora i white paper di Pixid VMS per approfondimenti esperti su staffing, trasformazione digitale e gestione della forza lavoro.","og_url":"https:\/\/www.pixid-vms.com\/ch\/it\/white-paper\/","og_site_name":"PIXID VMS SCHWEIZ","article_modified_time":"2025-07-31T15:29:24+00:00","og_image":[{"width":1920,"height":667,"url":"https:\/\/www.pixid-vms.com\/ch\/wp-content\/uploads\/sites\/7\/2025\/05\/white-papers.jpg","type":"image\/jpeg"}],"twitter_card":"summary_large_image","twitter_image":"https:\/\/www.pixid-vms.com\/ch\/wp-content\/uploads\/sites\/7\/2025\/05\/white-papers.jpg","twitter_site":"@PIXID_Group","twitter_misc":{"Gesch\u00e4tzte Lesezeit":"1 Minute"},"schema":{"@context":"https:\/\/schema.org","@graph":[{"@type":"WebPage","@id":"https:\/\/www.pixid-vms.com\/ch\/it\/white-paper\/","url":"https:\/\/www.pixid-vms.com\/ch\/it\/white-paper\/","name":"White Paper: Staffing & Gestione della forza lavoro","isPartOf":{"@id":"https:\/\/www.pixid-vms.com\/ch\/#website"},"primaryImageOfPage":{"@id":"https:\/\/www.pixid-vms.com\/ch\/it\/white-paper\/#primaryimage"},"image":{"@id":"https:\/\/www.pixid-vms.com\/ch\/it\/white-paper\/#primaryimage"},"thumbnailUrl":"https:\/\/www.pixid-vms.com\/ch\/wp-content\/uploads\/sites\/7\/2025\/05\/thumbnail-white-paper.jpg","datePublished":"2025-05-28T09:17:55+00:00","dateModified":"2025-07-31T15:29:24+00:00","description":"Esplora i white paper di Pixid VMS per approfondimenti esperti su staffing, trasformazione digitale e gestione della forza lavoro.","breadcrumb":{"@id":"https:\/\/www.pixid-vms.com\/ch\/it\/white-paper\/#breadcrumb"},"inLanguage":"de-CH","potentialAction":[{"@type":"ReadAction","target":["https:\/\/www.pixid-vms.com\/ch\/it\/white-paper\/"]}]},{"@type":"ImageObject","inLanguage":"de-CH","@id":"https:\/\/www.pixid-vms.com\/ch\/it\/white-paper\/#primaryimage","url":"https:\/\/www.pixid-vms.com\/ch\/wp-content\/uploads\/sites\/7\/2025\/05\/thumbnail-white-paper.jpg","contentUrl":"https:\/\/www.pixid-vms.com\/ch\/wp-content\/uploads\/sites\/7\/2025\/05\/thumbnail-white-paper.jpg","width":300,"height":300},{"@type":"BreadcrumbList","@id":"https:\/\/www.pixid-vms.com\/ch\/it\/white-paper\/#breadcrumb","itemListElement":[{"@type":"ListItem","position":1,"name":"Home","item":"https:\/\/www.pixid-vms.com\/ch\/"},{"@type":"ListItem","position":2,"name":"White paper: Staffing, Trasformazione Digitale &amp; Gestione del Personale"}]},{"@type":"WebSite","@id":"https:\/\/www.pixid-vms.com\/ch\/#website","url":"https:\/\/www.pixid-vms.com\/ch\/","name":"PIXID VMS SCHWEIZ","description":"External workforce management","publisher":{"@id":"https:\/\/www.pixid-vms.com\/ch\/#organization"},"potentialAction":[{"@type":"SearchAction","target":{"@type":"EntryPoint","urlTemplate":"https:\/\/www.pixid-vms.com\/ch\/?s={search_term_string}"},"query-input":{"@type":"PropertyValueSpecification","valueRequired":true,"valueName":"search_term_string"}}],"inLanguage":"de-CH"},{"@type":"Organization","@id":"https:\/\/www.pixid-vms.com\/ch\/#organization","name":"PIXID VMS","url":"https:\/\/www.pixid-vms.com\/ch\/","logo":{"@type":"ImageObject","inLanguage":"de-CH","@id":"https:\/\/www.pixid-vms.com\/ch\/#\/schema\/logo\/image\/","url":"https:\/\/www.pixid-vms.com\/ch\/wp-content\/uploads\/sites\/7\/2022\/10\/PIXIDVMS-logo-colour.png","contentUrl":"https:\/\/www.pixid-vms.com\/ch\/wp-content\/uploads\/sites\/7\/2022\/10\/PIXIDVMS-logo-colour.png","width":3238,"height":625,"caption":"PIXID VMS"},"image":{"@id":"https:\/\/www.pixid-vms.com\/ch\/#\/schema\/logo\/image\/"},"sameAs":["https:\/\/x.com\/PIXID_Group","https:\/\/www.linkedin.com\/company\/pixid\/"]}]}},"lang":"it","translations":{"it":6298,"fr":6279,"de":6374},"pll_sync_post":[],"_links":{"self":[{"href":"https:\/\/www.pixid-vms.com\/ch\/wp-json\/wp\/v2\/pages\/6298","targetHints":{"allow":["GET"]}}],"collection":[{"href":"https:\/\/www.pixid-vms.com\/ch\/wp-json\/wp\/v2\/pages"}],"about":[{"href":"https:\/\/www.pixid-vms.com\/ch\/wp-json\/wp\/v2\/types\/page"}],"author":[{"embeddable":true,"href":"https:\/\/www.pixid-vms.com\/ch\/wp-json\/wp\/v2\/users\/9"}],"replies":[{"embeddable":true,"href":"https:\/\/www.pixid-vms.com\/ch\/wp-json\/wp\/v2\/comments?post=6298"}],"version-history":[{"count":0,"href":"https:\/\/www.pixid-vms.com\/ch\/wp-json\/wp\/v2\/pages\/6298\/revisions"}],"wp:featuredmedia":[{"embeddable":true,"href":"https:\/\/www.pixid-vms.com\/ch\/wp-json\/wp\/v2\/media\/6299"}],"wp:attachment":[{"href":"https:\/\/www.pixid-vms.com\/ch\/wp-json\/wp\/v2\/media?parent=6298"}],"curies":[{"name":"wp","href":"https:\/\/api.w.org\/{rel}","templated":true}]}}