{"id":5121,"date":"2020-06-16T09:58:06","date_gmt":"2020-06-16T09:58:06","guid":{"rendered":"https:\/\/pixiddotfr.wpengine.com\/?page_id=5121"},"modified":"2024-05-03T16:04:12","modified_gmt":"2024-05-03T14:04:12","slug":"verwendung-cookies","status":"publish","type":"page","link":"https:\/\/www.pixid-vms.com\/de\/verwendung-cookies\/","title":{"rendered":"Informationen \u00fcber unsere Cookie-Politik"},"content":{"rendered":"\t\t<div data-elementor-type=\"wp-page\" data-elementor-id=\"5121\" class=\"elementor elementor-5121\" data-elementor-post-type=\"page\">\n\t\t\t\t<div class=\"elementor-element elementor-element-6bb48598 e-con-full legalpage e-flex e-con e-parent\" data-id=\"6bb48598\" data-element_type=\"container\" data-e-type=\"container\" data-settings=\"{&quot;background_background&quot;:&quot;classic&quot;}\">\n\t\t<div class=\"elementor-element elementor-element-2f7fb36b e-flex e-con-boxed e-con e-child\" data-id=\"2f7fb36b\" data-element_type=\"container\" data-e-type=\"container\">\n\t\t\t\t\t<div class=\"e-con-inner\">\n\t\t\t\t<div class=\"elementor-element elementor-element-676074c elementor-widget elementor-widget-global elementor-global-5298 elementor-widget-image\" data-id=\"676074c\" data-element_type=\"widget\" data-e-type=\"widget\" data-widget_type=\"image.default\">\n\t\t\t\t<div class=\"elementor-widget-container\">\n\t\t\t\t\t\t\t\t\t\t\t\t\t\t\t<img fetchpriority=\"high\" decoding=\"async\" width=\"480\" height=\"480\" src=\"https:\/\/www.pixid-vms.com\/de\/wp-content\/uploads\/sites\/12\/2024\/05\/24-01-favicon-pixid.png\" class=\"attachment-full size-full wp-image-5749\" alt=\"\" srcset=\"https:\/\/www.pixid-vms.com\/de\/wp-content\/uploads\/sites\/12\/2024\/05\/24-01-favicon-pixid.png 480w, https:\/\/www.pixid-vms.com\/de\/wp-content\/uploads\/sites\/12\/2024\/05\/24-01-favicon-pixid-300x300.png 300w, https:\/\/www.pixid-vms.com\/de\/wp-content\/uploads\/sites\/12\/2024\/05\/24-01-favicon-pixid-150x150.png 150w\" sizes=\"(max-width: 480px) 100vw, 480px\" \/>\t\t\t\t\t\t\t\t\t\t\t\t\t\t\t<\/div>\n\t\t\t\t<\/div>\n\t\t\t\t<div class=\"elementor-element elementor-element-32eade15 elementor-widget elementor-widget-heading\" data-id=\"32eade15\" data-element_type=\"widget\" data-e-type=\"widget\" data-widget_type=\"heading.default\">\n\t\t\t\t<div class=\"elementor-widget-container\">\n\t\t\t\t\t<h1 class=\"elementor-heading-title elementor-size-default\">Informationen \u00fcber Cookies<\/h1>\t\t\t\t<\/div>\n\t\t\t\t<\/div>\n\t\t\t\t<div class=\"elementor-element elementor-element-3de7c02a elementor-toc--minimized-on-tablet elementor-widget elementor-widget-table-of-contents\" data-id=\"3de7c02a\" data-element_type=\"widget\" data-e-type=\"widget\" data-settings=\"{&quot;exclude_headings_by_selector&quot;:[],&quot;marker_view&quot;:&quot;bullets&quot;,&quot;icon&quot;:{&quot;value&quot;:&quot;fas fa-caret-right&quot;,&quot;library&quot;:&quot;fa-solid&quot;},&quot;headings_by_tags&quot;:[&quot;h2&quot;,&quot;h3&quot;,&quot;h4&quot;,&quot;h5&quot;,&quot;h6&quot;],&quot;no_headings_message&quot;:&quot;Es wurden keine \\u00dcberschriften auf dieser Seite gefunden.&quot;,&quot;minimize_box&quot;:&quot;yes&quot;,&quot;minimized_on&quot;:&quot;tablet&quot;,&quot;hierarchical_view&quot;:&quot;yes&quot;,&quot;min_height&quot;:{&quot;unit&quot;:&quot;px&quot;,&quot;size&quot;:&quot;&quot;,&quot;sizes&quot;:[]},&quot;min_height_laptop&quot;:{&quot;unit&quot;:&quot;px&quot;,&quot;size&quot;:&quot;&quot;,&quot;sizes&quot;:[]},&quot;min_height_tablet&quot;:{&quot;unit&quot;:&quot;px&quot;,&quot;size&quot;:&quot;&quot;,&quot;sizes&quot;:[]},&quot;min_height_mobile&quot;:{&quot;unit&quot;:&quot;px&quot;,&quot;size&quot;:&quot;&quot;,&quot;sizes&quot;:[]}}\" data-widget_type=\"table-of-contents.default\">\n\t\t\t\t<div class=\"elementor-widget-container\">\n\t\t\t\t\t\t\t\t\t<div class=\"elementor-toc__header\">\n\t\t\t\t\t\t<div class=\"elementor-toc__header-title\">\n\t\t\t\tInhaltsverzeichnis\t\t\t<\/div>\n\t\t\t\t\t\t\t\t\t\t<div class=\"elementor-toc__toggle-button elementor-toc__toggle-button--expand\" role=\"button\" tabindex=\"0\" aria-controls=\"elementor-toc__3de7c02a\" aria-expanded=\"true\" aria-label=\"Inhaltsverzeichnis \u00f6ffnen\"><i aria-hidden=\"true\" class=\"fas fa-chevron-down\"><\/i><\/div>\n\t\t\t\t<div class=\"elementor-toc__toggle-button elementor-toc__toggle-button--collapse\" role=\"button\" tabindex=\"0\" aria-controls=\"elementor-toc__3de7c02a\" aria-expanded=\"true\" aria-label=\"Inhaltsverzeichnis schlie\u00dfen\"><i aria-hidden=\"true\" class=\"fas fa-chevron-up\"><\/i><\/div>\n\t\t\t\t\t<\/div>\n\t\t\t\t<div id=\"elementor-toc__3de7c02a\" class=\"elementor-toc__body\">\n\t\t\t<div class=\"elementor-toc__spinner-container\">\n\t\t\t\t<i class=\"elementor-toc__spinner eicon-animation-spin eicon-loading\" aria-hidden=\"true\"><\/i>\t\t\t<\/div>\n\t\t<\/div>\n\t\t\t\t\t\t<\/div>\n\t\t\t\t<\/div>\n\t\t\t\t<div class=\"elementor-element elementor-element-54ba1b16 elementor-widget elementor-widget-heading\" data-id=\"54ba1b16\" data-element_type=\"widget\" data-e-type=\"widget\" data-widget_type=\"heading.default\">\n\t\t\t\t<div class=\"elementor-widget-container\">\n\t\t\t\t\t<h2 class=\"elementor-heading-title elementor-size-default\">1- Was sind Cookies?<\/h2>\t\t\t\t<\/div>\n\t\t\t\t<\/div>\n\t\t\t\t<div class=\"elementor-element elementor-element-782a876f elementor-widget elementor-widget-text-editor\" data-id=\"782a876f\" data-element_type=\"widget\" data-e-type=\"widget\" data-widget_type=\"text-editor.default\">\n\t\t\t\t<div class=\"elementor-widget-container\">\n\t\t\t\t\t\t\t\t\t<p>Cookies sind kleine Dateien mit Buchstaben und Zahlen, die bei jedem Zugriff auf eine Website auf Ihren Computer, Ihr Tablet oder Ihr Mobiltelefon heruntergeladen werden.<\/p><p>PIXID VMS verwendet diese Dateien, um Ihre Benutzersitzung zu verwalten und Informationen \u00fcber Ihren Browser zu sammeln (verwendeter Browser, Dauer der Anmeldung, aufgerufene Seiten usw.), um Benutzerstatistiken zu erstellen und so unsere Dienstleistungen zu verbessern.<\/p>\t\t\t\t\t\t\t\t<\/div>\n\t\t\t\t<\/div>\n\t\t\t\t<div class=\"elementor-element elementor-element-5e0ea82b elementor-widget elementor-widget-heading\" data-id=\"5e0ea82b\" data-element_type=\"widget\" data-e-type=\"widget\" data-widget_type=\"heading.default\">\n\t\t\t\t<div class=\"elementor-widget-container\">\n\t\t\t\t\t<h2 class=\"elementor-heading-title elementor-size-default\">2- Wie man Cookies konfiguriert<\/h2>\t\t\t\t<\/div>\n\t\t\t\t<\/div>\n\t\t\t\t<div class=\"elementor-element elementor-element-4d588957 elementor-widget elementor-widget-text-editor\" data-id=\"4d588957\" data-element_type=\"widget\" data-e-type=\"widget\" data-widget_type=\"text-editor.default\">\n\t\t\t\t<div class=\"elementor-widget-container\">\n\t\t\t\t\t\t\t\t\t<p>Die Standardeinstellungen der Internetbrowser sind normalerweise so eingestellt, dass sie Cookies akzeptieren, aber dies kann leicht ge\u00e4ndert werden, indem Sie die Einstellungen Ihres Browsers \u00e4ndern. Bitte beachten Sie jedoch, dass bei der Deaktivierung von Cookies Ihre Nutzung der Website eingeschr\u00e4nkt sein kann, wof\u00fcr PIXID VMS nicht verantwortlich gemacht werden kann.<\/p>\t\t\t\t\t\t\t\t<\/div>\n\t\t\t\t<\/div>\n\t\t\t\t<div class=\"elementor-element elementor-element-53513375 elementor-widget elementor-widget-heading\" data-id=\"53513375\" data-element_type=\"widget\" data-e-type=\"widget\" data-widget_type=\"heading.default\">\n\t\t\t\t<div class=\"elementor-widget-container\">\n\t\t\t\t\t<h2 class=\"elementor-heading-title elementor-size-default\">3- Welche Cookies verwenden wir?<\/h2>\t\t\t\t<\/div>\n\t\t\t\t<\/div>\n\t\t\t\t<div class=\"elementor-element elementor-element-31d1c7cb elementor-widget elementor-widget-text-editor\" data-id=\"31d1c7cb\" data-element_type=\"widget\" data-e-type=\"widget\" data-widget_type=\"text-editor.default\">\n\t\t\t\t<div class=\"elementor-widget-container\">\n\t\t\t\t\t\t\t\t\t<p>Nachstehend finden Sie eine Liste der Cookies, die wir verwenden k\u00f6nnen:<\/p><table><tbody><tr style=\"font-weight: bold; text-align: center;\"><td width=\"150px;\">Cookie<\/td><td width=\"200px;\">Cookie ID<\/td><td>Cookie-Zweck<\/td><\/tr><tr><td style=\"font-weight: bold;\">Cookie pixid-vms.com<\/td><td>pixid-vms.com<\/td><td>Internes Cookie des von der Website verwendeten Frameworks (WordPress)<\/td><\/tr><tr><td style=\"font-weight: bold;\">Google Analytics<\/td><td>google-analytics.com<\/td><td>Zur Erfassung der folgenden Informationen: verwendeter Browser, Benutzererfahrung auf der Website, aufgerufene Seiten, durchgef\u00fchrte Aktionen, auf der Website verbrachte Zeit, um statistische Berichte \u00fcber die Nutzung der PIXID-Dienste zu erstellen.<\/td><\/tr><\/tbody><\/table>\t\t\t\t\t\t\t\t<\/div>\n\t\t\t\t<\/div>\n\t\t\t\t<div class=\"elementor-element elementor-element-2bf19f3e elementor-widget elementor-widget-heading\" data-id=\"2bf19f3e\" data-element_type=\"widget\" data-e-type=\"widget\" data-widget_type=\"heading.default\">\n\t\t\t\t<div class=\"elementor-widget-container\">\n\t\t\t\t\t<h2 class=\"elementor-heading-title elementor-size-default\">4- Wie kann ich meine Cookies l\u00f6schen?<\/h2>\t\t\t\t<\/div>\n\t\t\t\t<\/div>\n\t\t\t\t<div class=\"elementor-element elementor-element-4da0e67e elementor-widget elementor-widget-text-editor\" data-id=\"4da0e67e\" data-element_type=\"widget\" data-e-type=\"widget\" data-widget_type=\"text-editor.default\">\n\t\t\t\t<div class=\"elementor-widget-container\">\n\t\t\t\t\t\t\t\t\t<p>Sie haben jederzeit die M\u00f6glichkeit, Cookies zu deaktivieren. Ihr Browser kann auch so konfiguriert werden, dass er Sie \u00fcber die auf Ihrem Computer gespeicherten Cookies benachrichtigt und Sie fragt, ob Sie diese akzeptieren m\u00f6chten oder nicht. Sie k\u00f6nnen Cookies entweder von Fall zu Fall annehmen oder ablehnen, oder Sie k\u00f6nnen sich daf\u00fcr entscheiden, sie systematisch abzulehnen.<\/p><p><strong>Hier erfahren Sie, wie Sie Cookies kontrollieren oder ihre Speicherung verhindern k\u00f6nnen:<\/strong><\/p><p>Die Einstellungen sind f\u00fcr jeden Browser unterschiedlich. Diese sind im Hilfemen\u00fc Ihres Browsers beschrieben, wo Sie Informationen dar\u00fcber finden, wie Sie Ihre Einstellungen in Bezug auf Cookies \u00e4ndern k\u00f6nnen.<\/p><p>Sie k\u00f6nnen die Cookies deaktivieren, indem Sie diese Anweisungen befolgen:<\/p>\t\t\t\t\t\t\t\t<\/div>\n\t\t\t\t<\/div>\n\t\t\t\t<div class=\"elementor-element elementor-element-2935867e elementor-widget elementor-widget-heading\" data-id=\"2935867e\" data-element_type=\"widget\" data-e-type=\"widget\" data-widget_type=\"heading.default\">\n\t\t\t\t<div class=\"elementor-widget-container\">\n\t\t\t\t\t<h3 class=\"elementor-heading-title elementor-size-default\">4.1 mit dem Internet Explorer<\/h3>\t\t\t\t<\/div>\n\t\t\t\t<\/div>\n\t\t\t\t<div class=\"elementor-element elementor-element-2a28d920 elementor-widget elementor-widget-text-editor\" data-id=\"2a28d920\" data-element_type=\"widget\" data-e-type=\"widget\" data-widget_type=\"text-editor.default\">\n\t\t\t\t<div class=\"elementor-widget-container\">\n\t\t\t\t\t\t\t\t\t<p>Klicken Sie im Internet Explorer auf die Schaltfl\u00e4che Extras und dann auf Internetoptionen. Gehen Sie auf die Registerkarte Allgemein und dann auf Browserverlauf und klicken Sie auf die Schaltfl\u00e4che L\u00f6schen. Vergewissern Sie sich, dass die Option Cookies und Website-Daten ausgew\u00e4hlt ist, und klicken Sie dann auf die Schaltfl\u00e4che L\u00f6schen.<\/p><p>Gehen Sie auf die Registerkarte Datenschutz, dann auf Einstellungen und bewegen Sie den Cursor nach oben, um alle Cookies zu blockieren. Klicken Sie nun auf OK.<\/p>\t\t\t\t\t\t\t\t<\/div>\n\t\t\t\t<\/div>\n\t\t\t\t<div class=\"elementor-element elementor-element-1458e381 elementor-widget elementor-widget-heading\" data-id=\"1458e381\" data-element_type=\"widget\" data-e-type=\"widget\" data-widget_type=\"heading.default\">\n\t\t\t\t<div class=\"elementor-widget-container\">\n\t\t\t\t\t<h3 class=\"elementor-heading-title elementor-size-default\">4.2 mit Firefox<\/h3>\t\t\t\t<\/div>\n\t\t\t\t<\/div>\n\t\t\t\t<div class=\"elementor-element elementor-element-748be23 elementor-widget elementor-widget-text-editor\" data-id=\"748be23\" data-element_type=\"widget\" data-e-type=\"widget\" data-widget_type=\"text-editor.default\">\n\t\t\t\t<div class=\"elementor-widget-container\">\n\t\t\t\t\t\t\t\t\tGehen Sie im Browser auf die Registerkarte Extras und w\u00e4hlen Sie dann das Men\u00fc Optionen. W\u00e4hlen Sie im angezeigten Fenster Datenschutz und klicken Sie dann auf Einzelne Cookies entfernen. Identifizieren Sie die Dateien, die den Namen PIXID enthalten. W\u00e4hlen Sie sie aus und l\u00f6schen Sie sie.\t\t\t\t\t\t\t\t<\/div>\n\t\t\t\t<\/div>\n\t\t\t\t<div class=\"elementor-element elementor-element-1766b676 elementor-widget elementor-widget-heading\" data-id=\"1766b676\" data-element_type=\"widget\" data-e-type=\"widget\" data-widget_type=\"heading.default\">\n\t\t\t\t<div class=\"elementor-widget-container\">\n\t\t\t\t\t<h3 class=\"elementor-heading-title elementor-size-default\">4.3 mit Google Chrome<\/h3>\t\t\t\t<\/div>\n\t\t\t\t<\/div>\n\t\t\t\t<div class=\"elementor-element elementor-element-4c026d6f elementor-widget elementor-widget-text-editor\" data-id=\"4c026d6f\" data-element_type=\"widget\" data-e-type=\"widget\" data-widget_type=\"text-editor.default\">\n\t\t\t\t<div class=\"elementor-widget-container\">\n\t\t\t\t\t\t\t\t\tKlicken Sie in der rechten oberen Ecke auf die drei Punkte und dann auf Einstellungen. Klicken Sie unten auf der Seite auf Erweitert. Im Abschnitt Datenschutz und Sicherheit klicken Sie auf Inhaltseinstellungen. W\u00e4hlen Sie unter Cookies die gew\u00fcnschte Blockierungsstufe aus. Klicken Sie auf Alle Cookies und Website-Daten. W\u00e4hlen Sie die Cookies aus, die Sie l\u00f6schen m\u00f6chten, und klicken Sie dann auf das Kreuz auf der rechten Seite.\t\t\t\t\t\t\t\t<\/div>\n\t\t\t\t<\/div>\n\t\t\t\t\t<\/div>\n\t\t\t\t<\/div>\n\t\t\t\t<\/div>\n\t\t\t\t<\/div>\n\t\t","protected":false},"excerpt":{"rendered":"<p>Informationen \u00fcber Cookies Inhaltsverzeichnis 1- Was sind Cookies? Cookies sind kleine Dateien mit Buchstaben und Zahlen, die bei jedem Zugriff auf eine Website auf Ihren Computer, Ihr Tablet oder Ihr Mobiltelefon heruntergeladen werden. PIXID VMS verwendet diese Dateien, um Ihre Benutzersitzung zu verwalten und Informationen \u00fcber Ihren Browser zu sammeln (verwendeter Browser, Dauer der Anmeldung, [&hellip;]<\/p>\n","protected":false},"author":9,"featured_media":5771,"parent":0,"menu_order":0,"comment_status":"closed","ping_status":"closed","template":"","meta":{"_acf_changed":false,"footnotes":""},"class_list":["post-5121","page","type-page","status-publish","has-post-thumbnail","hentry"],"acf":[],"yoast_head":"<!-- This site is optimized with the Yoast SEO plugin v27.4 - https:\/\/yoast.com\/product\/yoast-seo-wordpress\/ -->\n<title>Informationen \u00fcber unsere Cookie-Politik<\/title>\n<meta name=\"description\" content=\"Entdecken Sie unsere Cookie-Richtlinie und wie PIXID Cookies verwendet. Verstehen Sie Ihre Auswahlm\u00f6glichkeiten und Pr\u00e4ferenzen bez\u00fcglich Online-Tracking.\" \/>\n<meta name=\"robots\" content=\"index, follow, max-snippet:-1, max-image-preview:large, max-video-preview:-1\" \/>\n<link rel=\"canonical\" href=\"https:\/\/www.pixid-vms.com\/de\/verwendung-cookies\/\" \/>\n<meta property=\"og:locale\" content=\"de_DE\" \/>\n<meta property=\"og:type\" content=\"article\" \/>\n<meta property=\"og:title\" content=\"Informationen \u00fcber unsere Cookie-Politik\" \/>\n<meta property=\"og:description\" content=\"Entdecken Sie unsere Cookie-Richtlinie und wie PIXID Cookies verwendet. Verstehen Sie Ihre Auswahlm\u00f6glichkeiten und Pr\u00e4ferenzen bez\u00fcglich Online-Tracking.\" \/>\n<meta property=\"og:url\" content=\"https:\/\/www.pixid-vms.com\/de\/verwendung-cookies\/\" \/>\n<meta property=\"og:site_name\" content=\"PIXID VMS DEUTSCHLAND\" \/>\n<meta property=\"article:modified_time\" content=\"2024-05-03T14:04:12+00:00\" \/>\n<meta property=\"og:image\" content=\"https:\/\/www.pixid-vms.com\/de\/wp-content\/uploads\/sites\/12\/2024\/05\/generic-page.jpg\" \/>\n\t<meta property=\"og:image:width\" content=\"1920\" \/>\n\t<meta property=\"og:image:height\" content=\"667\" \/>\n\t<meta property=\"og:image:type\" content=\"image\/jpeg\" \/>\n<meta name=\"twitter:card\" content=\"summary_large_image\" \/>\n<meta name=\"twitter:image\" content=\"https:\/\/www.pixid-vms.com\/de\/wp-content\/uploads\/sites\/12\/2024\/05\/generic-page.jpg\" \/>\n<meta name=\"twitter:site\" content=\"@PIXID_Group\" \/>\n<meta name=\"twitter:label1\" content=\"Gesch\u00e4tzte Lesezeit\" \/>\n\t<meta name=\"twitter:data1\" content=\"4 Minuten\" \/>\n<script type=\"application\/ld+json\" class=\"yoast-schema-graph\">{\"@context\":\"https:\\\/\\\/schema.org\",\"@graph\":[{\"@type\":\"WebPage\",\"@id\":\"https:\\\/\\\/www.pixid-vms.com\\\/de\\\/verwendung-cookies\\\/\",\"url\":\"https:\\\/\\\/www.pixid-vms.com\\\/de\\\/verwendung-cookies\\\/\",\"name\":\"Informationen \u00fcber unsere Cookie-Politik\",\"isPartOf\":{\"@id\":\"https:\\\/\\\/www.pixid-vms.com\\\/de\\\/#website\"},\"primaryImageOfPage\":{\"@id\":\"https:\\\/\\\/www.pixid-vms.com\\\/de\\\/verwendung-cookies\\\/#primaryimage\"},\"image\":{\"@id\":\"https:\\\/\\\/www.pixid-vms.com\\\/de\\\/verwendung-cookies\\\/#primaryimage\"},\"thumbnailUrl\":\"https:\\\/\\\/www.pixid-vms.com\\\/de\\\/wp-content\\\/uploads\\\/sites\\\/12\\\/2024\\\/05\\\/thumbnail-generic-page.jpg\",\"datePublished\":\"2020-06-16T09:58:06+00:00\",\"dateModified\":\"2024-05-03T14:04:12+00:00\",\"description\":\"Entdecken Sie unsere Cookie-Richtlinie und wie PIXID Cookies verwendet. Verstehen Sie Ihre Auswahlm\u00f6glichkeiten und Pr\u00e4ferenzen bez\u00fcglich Online-Tracking.\",\"breadcrumb\":{\"@id\":\"https:\\\/\\\/www.pixid-vms.com\\\/de\\\/verwendung-cookies\\\/#breadcrumb\"},\"inLanguage\":\"de-DE\",\"potentialAction\":[{\"@type\":\"ReadAction\",\"target\":[\"https:\\\/\\\/www.pixid-vms.com\\\/de\\\/verwendung-cookies\\\/\"]}]},{\"@type\":\"ImageObject\",\"inLanguage\":\"de-DE\",\"@id\":\"https:\\\/\\\/www.pixid-vms.com\\\/de\\\/verwendung-cookies\\\/#primaryimage\",\"url\":\"https:\\\/\\\/www.pixid-vms.com\\\/de\\\/wp-content\\\/uploads\\\/sites\\\/12\\\/2024\\\/05\\\/thumbnail-generic-page.jpg\",\"contentUrl\":\"https:\\\/\\\/www.pixid-vms.com\\\/de\\\/wp-content\\\/uploads\\\/sites\\\/12\\\/2024\\\/05\\\/thumbnail-generic-page.jpg\",\"width\":300,\"height\":300},{\"@type\":\"BreadcrumbList\",\"@id\":\"https:\\\/\\\/www.pixid-vms.com\\\/de\\\/verwendung-cookies\\\/#breadcrumb\",\"itemListElement\":[{\"@type\":\"ListItem\",\"position\":1,\"name\":\"Home\",\"item\":\"https:\\\/\\\/www.pixid-vms.com\\\/de\\\/\"},{\"@type\":\"ListItem\",\"position\":2,\"name\":\"Informationen \u00fcber unsere Cookie-Politik\"}]},{\"@type\":\"WebSite\",\"@id\":\"https:\\\/\\\/www.pixid-vms.com\\\/de\\\/#website\",\"url\":\"https:\\\/\\\/www.pixid-vms.com\\\/de\\\/\",\"name\":\"PIXID VMS DEUTSCHLAND\",\"description\":\"External workforce management\",\"publisher\":{\"@id\":\"https:\\\/\\\/www.pixid-vms.com\\\/de\\\/#organization\"},\"potentialAction\":[{\"@type\":\"SearchAction\",\"target\":{\"@type\":\"EntryPoint\",\"urlTemplate\":\"https:\\\/\\\/www.pixid-vms.com\\\/de\\\/?s={search_term_string}\"},\"query-input\":{\"@type\":\"PropertyValueSpecification\",\"valueRequired\":true,\"valueName\":\"search_term_string\"}}],\"inLanguage\":\"de-DE\"},{\"@type\":\"Organization\",\"@id\":\"https:\\\/\\\/www.pixid-vms.com\\\/de\\\/#organization\",\"name\":\"PIXID VMS\",\"url\":\"https:\\\/\\\/www.pixid-vms.com\\\/de\\\/\",\"logo\":{\"@type\":\"ImageObject\",\"inLanguage\":\"de-DE\",\"@id\":\"https:\\\/\\\/www.pixid-vms.com\\\/de\\\/#\\\/schema\\\/logo\\\/image\\\/\",\"url\":\"https:\\\/\\\/www.pixid-vms.com\\\/de\\\/wp-content\\\/uploads\\\/sites\\\/12\\\/2024\\\/05\\\/PIXIDVMS-logo-colour.png\",\"contentUrl\":\"https:\\\/\\\/www.pixid-vms.com\\\/de\\\/wp-content\\\/uploads\\\/sites\\\/12\\\/2024\\\/05\\\/PIXIDVMS-logo-colour.png\",\"width\":3238,\"height\":625,\"caption\":\"PIXID VMS\"},\"image\":{\"@id\":\"https:\\\/\\\/www.pixid-vms.com\\\/de\\\/#\\\/schema\\\/logo\\\/image\\\/\"},\"sameAs\":[\"https:\\\/\\\/x.com\\\/PIXID_Group\",\"https:\\\/\\\/www.linkedin.com\\\/company\\\/pixid\\\/\"]}]}<\/script>\n<!-- \/ Yoast SEO plugin. -->","yoast_head_json":{"title":"Informationen \u00fcber unsere Cookie-Politik","description":"Entdecken Sie unsere Cookie-Richtlinie und wie PIXID Cookies verwendet. Verstehen Sie Ihre Auswahlm\u00f6glichkeiten und Pr\u00e4ferenzen bez\u00fcglich Online-Tracking.","robots":{"index":"index","follow":"follow","max-snippet":"max-snippet:-1","max-image-preview":"max-image-preview:large","max-video-preview":"max-video-preview:-1"},"canonical":"https:\/\/www.pixid-vms.com\/de\/verwendung-cookies\/","og_locale":"de_DE","og_type":"article","og_title":"Informationen \u00fcber unsere Cookie-Politik","og_description":"Entdecken Sie unsere Cookie-Richtlinie und wie PIXID Cookies verwendet. Verstehen Sie Ihre Auswahlm\u00f6glichkeiten und Pr\u00e4ferenzen bez\u00fcglich Online-Tracking.","og_url":"https:\/\/www.pixid-vms.com\/de\/verwendung-cookies\/","og_site_name":"PIXID VMS DEUTSCHLAND","article_modified_time":"2024-05-03T14:04:12+00:00","og_image":[{"width":1920,"height":667,"url":"https:\/\/www.pixid-vms.com\/de\/wp-content\/uploads\/sites\/12\/2024\/05\/generic-page.jpg","type":"image\/jpeg"}],"twitter_card":"summary_large_image","twitter_image":"https:\/\/www.pixid-vms.com\/de\/wp-content\/uploads\/sites\/12\/2024\/05\/generic-page.jpg","twitter_site":"@PIXID_Group","twitter_misc":{"Gesch\u00e4tzte Lesezeit":"4 Minuten"},"schema":{"@context":"https:\/\/schema.org","@graph":[{"@type":"WebPage","@id":"https:\/\/www.pixid-vms.com\/de\/verwendung-cookies\/","url":"https:\/\/www.pixid-vms.com\/de\/verwendung-cookies\/","name":"Informationen \u00fcber unsere Cookie-Politik","isPartOf":{"@id":"https:\/\/www.pixid-vms.com\/de\/#website"},"primaryImageOfPage":{"@id":"https:\/\/www.pixid-vms.com\/de\/verwendung-cookies\/#primaryimage"},"image":{"@id":"https:\/\/www.pixid-vms.com\/de\/verwendung-cookies\/#primaryimage"},"thumbnailUrl":"https:\/\/www.pixid-vms.com\/de\/wp-content\/uploads\/sites\/12\/2024\/05\/thumbnail-generic-page.jpg","datePublished":"2020-06-16T09:58:06+00:00","dateModified":"2024-05-03T14:04:12+00:00","description":"Entdecken Sie unsere Cookie-Richtlinie und wie PIXID Cookies verwendet. Verstehen Sie Ihre Auswahlm\u00f6glichkeiten und Pr\u00e4ferenzen bez\u00fcglich Online-Tracking.","breadcrumb":{"@id":"https:\/\/www.pixid-vms.com\/de\/verwendung-cookies\/#breadcrumb"},"inLanguage":"de-DE","potentialAction":[{"@type":"ReadAction","target":["https:\/\/www.pixid-vms.com\/de\/verwendung-cookies\/"]}]},{"@type":"ImageObject","inLanguage":"de-DE","@id":"https:\/\/www.pixid-vms.com\/de\/verwendung-cookies\/#primaryimage","url":"https:\/\/www.pixid-vms.com\/de\/wp-content\/uploads\/sites\/12\/2024\/05\/thumbnail-generic-page.jpg","contentUrl":"https:\/\/www.pixid-vms.com\/de\/wp-content\/uploads\/sites\/12\/2024\/05\/thumbnail-generic-page.jpg","width":300,"height":300},{"@type":"BreadcrumbList","@id":"https:\/\/www.pixid-vms.com\/de\/verwendung-cookies\/#breadcrumb","itemListElement":[{"@type":"ListItem","position":1,"name":"Home","item":"https:\/\/www.pixid-vms.com\/de\/"},{"@type":"ListItem","position":2,"name":"Informationen \u00fcber unsere Cookie-Politik"}]},{"@type":"WebSite","@id":"https:\/\/www.pixid-vms.com\/de\/#website","url":"https:\/\/www.pixid-vms.com\/de\/","name":"PIXID VMS DEUTSCHLAND","description":"External workforce management","publisher":{"@id":"https:\/\/www.pixid-vms.com\/de\/#organization"},"potentialAction":[{"@type":"SearchAction","target":{"@type":"EntryPoint","urlTemplate":"https:\/\/www.pixid-vms.com\/de\/?s={search_term_string}"},"query-input":{"@type":"PropertyValueSpecification","valueRequired":true,"valueName":"search_term_string"}}],"inLanguage":"de-DE"},{"@type":"Organization","@id":"https:\/\/www.pixid-vms.com\/de\/#organization","name":"PIXID VMS","url":"https:\/\/www.pixid-vms.com\/de\/","logo":{"@type":"ImageObject","inLanguage":"de-DE","@id":"https:\/\/www.pixid-vms.com\/de\/#\/schema\/logo\/image\/","url":"https:\/\/www.pixid-vms.com\/de\/wp-content\/uploads\/sites\/12\/2024\/05\/PIXIDVMS-logo-colour.png","contentUrl":"https:\/\/www.pixid-vms.com\/de\/wp-content\/uploads\/sites\/12\/2024\/05\/PIXIDVMS-logo-colour.png","width":3238,"height":625,"caption":"PIXID VMS"},"image":{"@id":"https:\/\/www.pixid-vms.com\/de\/#\/schema\/logo\/image\/"},"sameAs":["https:\/\/x.com\/PIXID_Group","https:\/\/www.linkedin.com\/company\/pixid\/"]}]}},"lang":false,"translations":[],"_links":{"self":[{"href":"https:\/\/www.pixid-vms.com\/de\/wp-json\/wp\/v2\/pages\/5121","targetHints":{"allow":["GET"]}}],"collection":[{"href":"https:\/\/www.pixid-vms.com\/de\/wp-json\/wp\/v2\/pages"}],"about":[{"href":"https:\/\/www.pixid-vms.com\/de\/wp-json\/wp\/v2\/types\/page"}],"author":[{"embeddable":true,"href":"https:\/\/www.pixid-vms.com\/de\/wp-json\/wp\/v2\/users\/9"}],"replies":[{"embeddable":true,"href":"https:\/\/www.pixid-vms.com\/de\/wp-json\/wp\/v2\/comments?post=5121"}],"version-history":[{"count":0,"href":"https:\/\/www.pixid-vms.com\/de\/wp-json\/wp\/v2\/pages\/5121\/revisions"}],"wp:featuredmedia":[{"embeddable":true,"href":"https:\/\/www.pixid-vms.com\/de\/wp-json\/wp\/v2\/media\/5771"}],"wp:attachment":[{"href":"https:\/\/www.pixid-vms.com\/de\/wp-json\/wp\/v2\/media?parent=5121"}],"curies":[{"name":"wp","href":"https:\/\/api.w.org\/{rel}","templated":true}]}}