{"id":11720,"date":"2025-07-31T15:21:30","date_gmt":"2025-07-31T14:21:30","guid":{"rendered":"https:\/\/www.pixid-vms.com\/es\/?page_id=11720"},"modified":"2025-07-31T15:31:17","modified_gmt":"2025-07-31T14:31:17","slug":"libros-blancos","status":"publish","type":"page","link":"https:\/\/www.pixid-vms.com\/es\/libros-blancos\/","title":{"rendered":"Libros blancos: Contrataci\u00f3n, Transformaci\u00f3n Digital y Gesti\u00f3n del Talento"},"content":{"rendered":"\t\t<div data-elementor-type=\"wp-page\" data-elementor-id=\"11720\" class=\"elementor elementor-11720\" data-elementor-post-type=\"page\">\n\t\t\t\t<div class=\"has_eae_slider elementor-element elementor-element-2593df20 e-con-full e-flex e-con e-parent\" data-eae-slider=\"1904\" data-id=\"2593df20\" data-element_type=\"container\" data-e-type=\"container\" data-settings=\"{&quot;background_background&quot;:&quot;classic&quot;}\">\n\t\t<div class=\"has_eae_slider elementor-element elementor-element-3c081b1a e-flex e-con-boxed e-con e-child\" data-eae-slider=\"19703\" data-id=\"3c081b1a\" data-element_type=\"container\" data-e-type=\"container\">\n\t\t\t\t\t<div class=\"e-con-inner\">\n\t\t<div class=\"has_eae_slider elementor-element elementor-element-30f0cf14 e-con-full e-flex e-con e-child\" data-eae-slider=\"61187\" data-id=\"30f0cf14\" data-element_type=\"container\" data-e-type=\"container\">\n\t\t\t\t<div class=\"elementor-element elementor-element-18d8d203 elementor-widget elementor-widget-heading\" data-id=\"18d8d203\" data-element_type=\"widget\" data-e-type=\"widget\" data-widget_type=\"heading.default\">\n\t\t\t\t<div class=\"elementor-widget-container\">\n\t\t\t\t\t<h1 class=\"elementor-heading-title elementor-size-default\">Libros blancos<\/h1>\t\t\t\t<\/div>\n\t\t\t\t<\/div>\n\t\t\t\t<div class=\"elementor-element elementor-element-68866ea form-message elementor-hidden-mobile elementor-widget elementor-widget-text-editor\" data-id=\"68866ea\" data-element_type=\"widget\" data-e-type=\"widget\" data-widget_type=\"text-editor.default\">\n\t\t\t\t<div class=\"elementor-widget-container\">\n\t\t\t\t\t\t\t\t\tDescubra todos nuestros libros blancos con an\u00e1lisis expertos sobre la evoluci\u00f3n del sector del trabajo temporal, la transformaci\u00f3n digital y la gesti\u00f3n de la fuerza laboral. Cada documento destaca tendencias clave, desaf\u00edos y las soluciones innovadoras de Pixid Group para apoyar a agencias de empleo, MSPs y empresas. Mant\u00e9ngase informado e insp\u00edrese con las \u00faltimas ideas de nuestros expertos.\t\t\t\t\t\t\t\t<\/div>\n\t\t\t\t<\/div>\n\t\t\t\t<\/div>\n\t\t\t\t\t<\/div>\n\t\t\t\t<\/div>\n\t\t\t\t<\/div>\n\t\t<div class=\"has_eae_slider elementor-element elementor-element-13cc844c e-con-full e-flex e-con e-parent\" data-eae-slider=\"66734\" data-id=\"13cc844c\" data-element_type=\"container\" data-e-type=\"container\">\n\t\t<div class=\"has_eae_slider elementor-element elementor-element-73513ae e-flex e-con-boxed e-con e-child\" data-eae-slider=\"60344\" data-id=\"73513ae\" data-element_type=\"container\" data-e-type=\"container\">\n\t\t\t\t\t<div class=\"e-con-inner\">\n\t\t\t\t<div class=\"elementor-element elementor-element-d1a0c3a elementor-widget elementor-widget-global elementor-global-32 elementor-widget-image\" data-id=\"d1a0c3a\" data-element_type=\"widget\" data-e-type=\"widget\" data-widget_type=\"image.default\">\n\t\t\t\t<div class=\"elementor-widget-container\">\n\t\t\t\t\t\t\t\t\t\t\t\t\t\t\t<img fetchpriority=\"high\" decoding=\"async\" width=\"480\" height=\"480\" src=\"https:\/\/www.pixid-vms.com\/es\/wp-content\/uploads\/sites\/13\/2025\/01\/24-01-favicon-pixid-1.png\" class=\"attachment-full size-full wp-image-7\" alt=\"\" srcset=\"https:\/\/www.pixid-vms.com\/es\/wp-content\/uploads\/sites\/13\/2025\/01\/24-01-favicon-pixid-1.png 480w, https:\/\/www.pixid-vms.com\/es\/wp-content\/uploads\/sites\/13\/2025\/01\/24-01-favicon-pixid-1-300x300.png 300w, https:\/\/www.pixid-vms.com\/es\/wp-content\/uploads\/sites\/13\/2025\/01\/24-01-favicon-pixid-1-150x150.png 150w, https:\/\/www.pixid-vms.com\/es\/wp-content\/uploads\/sites\/13\/2025\/01\/24-01-favicon-pixid-1-400x400.png 400w\" sizes=\"(max-width: 480px) 100vw, 480px\" \/>\t\t\t\t\t\t\t\t\t\t\t\t\t\t\t<\/div>\n\t\t\t\t<\/div>\n\t\t\t\t<div class=\"elementor-element elementor-element-4775cb49 white-paper elementor-posts__hover-none elementor-grid-3 elementor-grid-tablet-2 elementor-grid-mobile-1 elementor-posts--thumbnail-top elementor-card-shadow-yes elementor-widget elementor-widget-posts\" data-id=\"4775cb49\" data-element_type=\"widget\" data-e-type=\"widget\" data-settings=\"{&quot;pagination_type&quot;:&quot;prev_next&quot;,&quot;cards_columns&quot;:&quot;3&quot;,&quot;cards_columns_tablet&quot;:&quot;2&quot;,&quot;cards_columns_mobile&quot;:&quot;1&quot;,&quot;cards_row_gap&quot;:{&quot;unit&quot;:&quot;px&quot;,&quot;size&quot;:35,&quot;sizes&quot;:[]},&quot;cards_row_gap_laptop&quot;:{&quot;unit&quot;:&quot;px&quot;,&quot;size&quot;:&quot;&quot;,&quot;sizes&quot;:[]},&quot;cards_row_gap_tablet&quot;:{&quot;unit&quot;:&quot;px&quot;,&quot;size&quot;:&quot;&quot;,&quot;sizes&quot;:[]},&quot;cards_row_gap_mobile&quot;:{&quot;unit&quot;:&quot;px&quot;,&quot;size&quot;:&quot;&quot;,&quot;sizes&quot;:[]}}\" data-widget_type=\"posts.cards\">\n\t\t\t\t<div class=\"elementor-widget-container\">\n\t\t\t\t\t\t\t<div class=\"elementor-posts-container elementor-posts elementor-posts--skin-cards elementor-grid\" role=\"list\">\n\t\t\t\t<article class=\"elementor-post elementor-grid-item post-11991 white-paper type-white-paper status-publish format-standard has-post-thumbnail hentry\" role=\"listitem\">\n\t\t\t<div class=\"elementor-post__card\">\n\t\t\t\t<a class=\"elementor-post__thumbnail__link\" href=\"https:\/\/www.pixid-vms.com\/es\/libros-blancos\/checklist-la-nueva-ley-de-fichaje-digital\/\" tabindex=\"-1\" ><div class=\"elementor-post__thumbnail\"><img decoding=\"async\" width=\"250\" height=\"398\" src=\"https:\/\/www.pixid-vms.com\/es\/wp-content\/uploads\/sites\/13\/2026\/03\/Checklist-book-mock-up-pm-2.png\" class=\"attachment-full size-full wp-image-11992\" alt=\"\" srcset=\"https:\/\/www.pixid-vms.com\/es\/wp-content\/uploads\/sites\/13\/2026\/03\/Checklist-book-mock-up-pm-2.png 250w, https:\/\/www.pixid-vms.com\/es\/wp-content\/uploads\/sites\/13\/2026\/03\/Checklist-book-mock-up-pm-2-188x300.png 188w\" sizes=\"(max-width: 250px) 100vw, 250px\" \/><\/div><\/a>\n\t\t\t\t<div class=\"elementor-post__text\">\n\t\t\t\t<h3 class=\"elementor-post__title\">\n\t\t\t<a href=\"https:\/\/www.pixid-vms.com\/es\/libros-blancos\/checklist-la-nueva-ley-de-fichaje-digital\/\" >\n\t\t\t\tChecklist &#8211; Lo que necesitas saber sobre la nueva ley de fichaje digital\t\t\t<\/a>\n\t\t<\/h3>\n\t\t\t\t<div class=\"elementor-post__excerpt\">\n\t\t\t<p>C\u00f3mo prepararse y evitar sanciones antes de que sea oficial en el Bolet\u00edn Oficial del Estado.<\/p>\n\t\t<\/div>\n\t\t\t\t\t<div class=\"elementor-post__read-more-wrapper\">\n\t\t\n\t\t<a class=\"elementor-post__read-more\" href=\"https:\/\/www.pixid-vms.com\/es\/libros-blancos\/checklist-la-nueva-ley-de-fichaje-digital\/\" aria-label=\"M\u00e1s informaci\u00f3n sobre Checklist &#8211; Lo que necesitas saber sobre la nueva ley de fichaje digital\" tabindex=\"-1\" >\n\t\t\tDescubra m\u00e1s\t\t<\/a>\n\n\t\t\t\t\t<\/div>\n\t\t\t\t<\/div>\n\t\t\t\t\t<\/div>\n\t\t<\/article>\n\t\t\t\t<article class=\"elementor-post elementor-grid-item post-11899 white-paper type-white-paper status-publish format-standard has-post-thumbnail hentry\" role=\"listitem\">\n\t\t\t<div class=\"elementor-post__card\">\n\t\t\t\t<a class=\"elementor-post__thumbnail__link\" href=\"https:\/\/www.pixid-vms.com\/es\/libros-blancos\/manual-de-contratacion-crecimiento-ett\/\" tabindex=\"-1\" ><div class=\"elementor-post__thumbnail\"><img decoding=\"async\" width=\"571\" height=\"626\" src=\"https:\/\/www.pixid-vms.com\/es\/wp-content\/uploads\/sites\/13\/2025\/12\/2026-playbook-ES.png\" class=\"attachment-full size-full wp-image-11993\" alt=\"\" srcset=\"https:\/\/www.pixid-vms.com\/es\/wp-content\/uploads\/sites\/13\/2025\/12\/2026-playbook-ES.png 571w, https:\/\/www.pixid-vms.com\/es\/wp-content\/uploads\/sites\/13\/2025\/12\/2026-playbook-ES-274x300.png 274w\" sizes=\"(max-width: 571px) 100vw, 571px\" \/><\/div><\/a>\n\t\t\t\t<div class=\"elementor-post__text\">\n\t\t\t\t<h3 class=\"elementor-post__title\">\n\t\t\t<a href=\"https:\/\/www.pixid-vms.com\/es\/libros-blancos\/manual-de-contratacion-crecimiento-ett\/\" >\n\t\t\t\tManual de contrataci\u00f3n para el crecimiento de su ETT\t\t\t<\/a>\n\t\t<\/h3>\n\t\t\t\t<div class=\"elementor-post__excerpt\">\n\t\t\t<p>Un manual pr\u00e1ctico para ayudar a su ETT a crecer con m\u00e1s control, eficiencia y datos fiables. Aprenda c\u00f3mo mejorar la visibilidad operativa, automatizar procesos clave y ofrecer m\u00e1s valor a sus clientes utilizando un VMS avanzado.<\/p>\n\t\t<\/div>\n\t\t\t\t\t<div class=\"elementor-post__read-more-wrapper\">\n\t\t\n\t\t<a class=\"elementor-post__read-more\" href=\"https:\/\/www.pixid-vms.com\/es\/libros-blancos\/manual-de-contratacion-crecimiento-ett\/\" aria-label=\"M\u00e1s informaci\u00f3n sobre Manual de contrataci\u00f3n para el crecimiento de su ETT\" tabindex=\"-1\" >\n\t\t\tDescubra m\u00e1s\t\t<\/a>\n\n\t\t\t\t\t<\/div>\n\t\t\t\t<\/div>\n\t\t\t\t\t<\/div>\n\t\t<\/article>\n\t\t\t\t<article class=\"elementor-post elementor-grid-item post-11669 white-paper type-white-paper status-publish format-standard has-post-thumbnail hentry\" role=\"listitem\">\n\t\t\t<div class=\"elementor-post__card\">\n\t\t\t\t<a class=\"elementor-post__thumbnail__link\" href=\"https:\/\/www.pixid-vms.com\/es\/libros-blancos\/como-elegir-plataformade-gestion-proveedores-vms-adecuada\/\" tabindex=\"-1\" ><div class=\"elementor-post__thumbnail\"><img loading=\"lazy\" decoding=\"async\" width=\"300\" height=\"300\" src=\"https:\/\/www.pixid-vms.com\/es\/wp-content\/uploads\/sites\/13\/2025\/07\/Como-elegir-plataformade-gestion-proveedores-VMS-adecuada-thumbnail.png\" class=\"attachment-full size-full wp-image-11755\" alt=\"\" srcset=\"https:\/\/www.pixid-vms.com\/es\/wp-content\/uploads\/sites\/13\/2025\/07\/Como-elegir-plataformade-gestion-proveedores-VMS-adecuada-thumbnail.png 300w, https:\/\/www.pixid-vms.com\/es\/wp-content\/uploads\/sites\/13\/2025\/07\/Como-elegir-plataformade-gestion-proveedores-VMS-adecuada-thumbnail-150x150.png 150w\" sizes=\"(max-width: 300px) 100vw, 300px\" \/><\/div><\/a>\n\t\t\t\t<div class=\"elementor-post__text\">\n\t\t\t\t<h3 class=\"elementor-post__title\">\n\t\t\t<a href=\"https:\/\/www.pixid-vms.com\/es\/libros-blancos\/como-elegir-plataformade-gestion-proveedores-vms-adecuada\/\" >\n\t\t\t\tC\u00f3mo elegir la plataforma de gesti\u00f3n de proveedores (VMS) adecuada\t\t\t<\/a>\n\t\t<\/h3>\n\t\t\t\t<div class=\"elementor-post__excerpt\">\n\t\t\t<p>Aprenda a seleccionar la plataforma ideal de gesti\u00f3n de proveedores (VMS) para gestionar eficientemente su personal temporal. Este libro blanco ofrece consejos pr\u00e1cticos para digitalizar procesos, reducir costes y garantizar el cumplimiento normativo en toda Europa.<\/p>\n\t\t<\/div>\n\t\t\t\t\t<div class=\"elementor-post__read-more-wrapper\">\n\t\t\n\t\t<a class=\"elementor-post__read-more\" href=\"https:\/\/www.pixid-vms.com\/es\/libros-blancos\/como-elegir-plataformade-gestion-proveedores-vms-adecuada\/\" aria-label=\"M\u00e1s informaci\u00f3n sobre C\u00f3mo elegir la plataforma de gesti\u00f3n de proveedores (VMS) adecuada\" tabindex=\"-1\" >\n\t\t\tDescubra m\u00e1s\t\t<\/a>\n\n\t\t\t\t\t<\/div>\n\t\t\t\t<\/div>\n\t\t\t\t\t<\/div>\n\t\t<\/article>\n\t\t\t\t<\/div>\n\t\t\n\t\t\t\t\t\t<\/div>\n\t\t\t\t<\/div>\n\t\t\t\t\t<\/div>\n\t\t\t\t<\/div>\n\t\t\t\t<\/div>\n\t\t\t\t<\/div>\n\t\t","protected":false},"excerpt":{"rendered":"<p>Libros blancos Descubra todos nuestros libros blancos con an\u00e1lisis expertos sobre la evoluci\u00f3n del sector del trabajo temporal, la transformaci\u00f3n digital y la gesti\u00f3n de la fuerza laboral. Cada documento destaca tendencias clave, desaf\u00edos y las soluciones innovadoras de Pixid Group para apoyar a agencias de empleo, MSPs y empresas. Mant\u00e9ngase informado e insp\u00edrese con [&hellip;]<\/p>\n","protected":false},"author":9,"featured_media":11721,"parent":0,"menu_order":0,"comment_status":"closed","ping_status":"closed","template":"","meta":{"_acf_changed":false,"footnotes":""},"class_list":["post-11720","page","type-page","status-publish","has-post-thumbnail","hentry"],"acf":[],"yoast_head":"<!-- This site is optimized with the Yoast SEO plugin v27.4 - https:\/\/yoast.com\/product\/yoast-seo-wordpress\/ -->\n<title>Libros blancos: Transformaci\u00f3n digital y trabajo temporal<\/title>\n<meta name=\"description\" content=\"Explora libros blancos de Pixid VMS con informaci\u00f3n experta sobre contrataci\u00f3n, transformaci\u00f3n digital y gesti\u00f3n de trabajo temporal.\" \/>\n<meta name=\"robots\" content=\"index, follow, max-snippet:-1, max-image-preview:large, max-video-preview:-1\" \/>\n<link rel=\"canonical\" href=\"https:\/\/www.pixid-vms.com\/es\/libros-blancos\/\" \/>\n<meta property=\"og:locale\" content=\"es_ES\" \/>\n<meta property=\"og:type\" content=\"article\" \/>\n<meta property=\"og:title\" content=\"Libros blancos: Transformaci\u00f3n digital y trabajo temporal\" \/>\n<meta property=\"og:description\" content=\"Explora libros blancos de Pixid VMS con informaci\u00f3n experta sobre contrataci\u00f3n, transformaci\u00f3n digital y gesti\u00f3n de trabajo temporal.\" \/>\n<meta property=\"og:url\" content=\"https:\/\/www.pixid-vms.com\/es\/libros-blancos\/\" \/>\n<meta property=\"og:site_name\" content=\"PIXID VMS ESPA\u00d1A\" \/>\n<meta property=\"article:modified_time\" content=\"2025-07-31T14:31:17+00:00\" \/>\n<meta property=\"og:image\" content=\"https:\/\/www.pixid-vms.com\/es\/wp-content\/uploads\/sites\/13\/2025\/07\/white-papers.jpg\" \/>\n\t<meta property=\"og:image:width\" content=\"1920\" \/>\n\t<meta property=\"og:image:height\" content=\"667\" \/>\n\t<meta property=\"og:image:type\" content=\"image\/jpeg\" \/>\n<meta name=\"twitter:card\" content=\"summary_large_image\" \/>\n<meta name=\"twitter:image\" content=\"https:\/\/www.pixid-vms.com\/es\/wp-content\/uploads\/sites\/13\/2025\/07\/white-papers.jpg\" \/>\n<meta name=\"twitter:site\" content=\"@PIXID_Group\" \/>\n<meta name=\"twitter:label1\" content=\"Tiempo de lectura\" \/>\n\t<meta name=\"twitter:data1\" content=\"1 minuto\" \/>\n<script type=\"application\/ld+json\" class=\"yoast-schema-graph\">{\"@context\":\"https:\\\/\\\/schema.org\",\"@graph\":[{\"@type\":\"WebPage\",\"@id\":\"https:\\\/\\\/www.pixid-vms.com\\\/es\\\/libros-blancos\\\/\",\"url\":\"https:\\\/\\\/www.pixid-vms.com\\\/es\\\/libros-blancos\\\/\",\"name\":\"Libros blancos: Transformaci\u00f3n digital y trabajo temporal\",\"isPartOf\":{\"@id\":\"https:\\\/\\\/www.pixid-vms.com\\\/es\\\/#website\"},\"primaryImageOfPage\":{\"@id\":\"https:\\\/\\\/www.pixid-vms.com\\\/es\\\/libros-blancos\\\/#primaryimage\"},\"image\":{\"@id\":\"https:\\\/\\\/www.pixid-vms.com\\\/es\\\/libros-blancos\\\/#primaryimage\"},\"thumbnailUrl\":\"https:\\\/\\\/www.pixid-vms.com\\\/es\\\/wp-content\\\/uploads\\\/sites\\\/13\\\/2025\\\/07\\\/thumbnail-white-paper.jpg\",\"datePublished\":\"2025-07-31T14:21:30+00:00\",\"dateModified\":\"2025-07-31T14:31:17+00:00\",\"description\":\"Explora libros blancos de Pixid VMS con informaci\u00f3n experta sobre contrataci\u00f3n, transformaci\u00f3n digital y gesti\u00f3n de trabajo temporal.\",\"breadcrumb\":{\"@id\":\"https:\\\/\\\/www.pixid-vms.com\\\/es\\\/libros-blancos\\\/#breadcrumb\"},\"inLanguage\":\"es\",\"potentialAction\":[{\"@type\":\"ReadAction\",\"target\":[\"https:\\\/\\\/www.pixid-vms.com\\\/es\\\/libros-blancos\\\/\"]}]},{\"@type\":\"ImageObject\",\"inLanguage\":\"es\",\"@id\":\"https:\\\/\\\/www.pixid-vms.com\\\/es\\\/libros-blancos\\\/#primaryimage\",\"url\":\"https:\\\/\\\/www.pixid-vms.com\\\/es\\\/wp-content\\\/uploads\\\/sites\\\/13\\\/2025\\\/07\\\/thumbnail-white-paper.jpg\",\"contentUrl\":\"https:\\\/\\\/www.pixid-vms.com\\\/es\\\/wp-content\\\/uploads\\\/sites\\\/13\\\/2025\\\/07\\\/thumbnail-white-paper.jpg\",\"width\":300,\"height\":300},{\"@type\":\"BreadcrumbList\",\"@id\":\"https:\\\/\\\/www.pixid-vms.com\\\/es\\\/libros-blancos\\\/#breadcrumb\",\"itemListElement\":[{\"@type\":\"ListItem\",\"position\":1,\"name\":\"Home\",\"item\":\"https:\\\/\\\/www.pixid-vms.com\\\/es\\\/\"},{\"@type\":\"ListItem\",\"position\":2,\"name\":\"Libros blancos: Contrataci\u00f3n, Transformaci\u00f3n Digital y Gesti\u00f3n del Talento\"}]},{\"@type\":\"WebSite\",\"@id\":\"https:\\\/\\\/www.pixid-vms.com\\\/es\\\/#website\",\"url\":\"https:\\\/\\\/www.pixid-vms.com\\\/es\\\/\",\"name\":\"PIXID VMS ESPA\u00d1A\",\"description\":\"Soluci\u00f3n de personal temporal\",\"publisher\":{\"@id\":\"https:\\\/\\\/www.pixid-vms.com\\\/es\\\/#organization\"},\"potentialAction\":[{\"@type\":\"SearchAction\",\"target\":{\"@type\":\"EntryPoint\",\"urlTemplate\":\"https:\\\/\\\/www.pixid-vms.com\\\/es\\\/?s={search_term_string}\"},\"query-input\":{\"@type\":\"PropertyValueSpecification\",\"valueRequired\":true,\"valueName\":\"search_term_string\"}}],\"inLanguage\":\"es\"},{\"@type\":\"Organization\",\"@id\":\"https:\\\/\\\/www.pixid-vms.com\\\/es\\\/#organization\",\"name\":\"PIXID VMS\",\"url\":\"https:\\\/\\\/www.pixid-vms.com\\\/es\\\/\",\"logo\":{\"@type\":\"ImageObject\",\"inLanguage\":\"es\",\"@id\":\"https:\\\/\\\/www.pixid-vms.com\\\/es\\\/#\\\/schema\\\/logo\\\/image\\\/\",\"url\":\"https:\\\/\\\/www.pixid-vms.com\\\/es\\\/wp-content\\\/uploads\\\/sites\\\/13\\\/2025\\\/01\\\/PIXIDVMS-logo-colour-1.png\",\"contentUrl\":\"https:\\\/\\\/www.pixid-vms.com\\\/es\\\/wp-content\\\/uploads\\\/sites\\\/13\\\/2025\\\/01\\\/PIXIDVMS-logo-colour-1.png\",\"width\":3238,\"height\":625,\"caption\":\"PIXID VMS\"},\"image\":{\"@id\":\"https:\\\/\\\/www.pixid-vms.com\\\/es\\\/#\\\/schema\\\/logo\\\/image\\\/\"},\"sameAs\":[\"https:\\\/\\\/x.com\\\/PIXID_Group\",\"https:\\\/\\\/www.linkedin.com\\\/company\\\/pixid\\\/\"]}]}<\/script>\n<!-- \/ Yoast SEO plugin. -->","yoast_head_json":{"title":"Libros blancos: Transformaci\u00f3n digital y trabajo temporal","description":"Explora libros blancos de Pixid VMS con informaci\u00f3n experta sobre contrataci\u00f3n, transformaci\u00f3n digital y gesti\u00f3n de trabajo temporal.","robots":{"index":"index","follow":"follow","max-snippet":"max-snippet:-1","max-image-preview":"max-image-preview:large","max-video-preview":"max-video-preview:-1"},"canonical":"https:\/\/www.pixid-vms.com\/es\/libros-blancos\/","og_locale":"es_ES","og_type":"article","og_title":"Libros blancos: Transformaci\u00f3n digital y trabajo temporal","og_description":"Explora libros blancos de Pixid VMS con informaci\u00f3n experta sobre contrataci\u00f3n, transformaci\u00f3n digital y gesti\u00f3n de trabajo temporal.","og_url":"https:\/\/www.pixid-vms.com\/es\/libros-blancos\/","og_site_name":"PIXID VMS ESPA\u00d1A","article_modified_time":"2025-07-31T14:31:17+00:00","og_image":[{"width":1920,"height":667,"url":"https:\/\/www.pixid-vms.com\/es\/wp-content\/uploads\/sites\/13\/2025\/07\/white-papers.jpg","type":"image\/jpeg"}],"twitter_card":"summary_large_image","twitter_image":"https:\/\/www.pixid-vms.com\/es\/wp-content\/uploads\/sites\/13\/2025\/07\/white-papers.jpg","twitter_site":"@PIXID_Group","twitter_misc":{"Tiempo de lectura":"1 minuto"},"schema":{"@context":"https:\/\/schema.org","@graph":[{"@type":"WebPage","@id":"https:\/\/www.pixid-vms.com\/es\/libros-blancos\/","url":"https:\/\/www.pixid-vms.com\/es\/libros-blancos\/","name":"Libros blancos: Transformaci\u00f3n digital y trabajo temporal","isPartOf":{"@id":"https:\/\/www.pixid-vms.com\/es\/#website"},"primaryImageOfPage":{"@id":"https:\/\/www.pixid-vms.com\/es\/libros-blancos\/#primaryimage"},"image":{"@id":"https:\/\/www.pixid-vms.com\/es\/libros-blancos\/#primaryimage"},"thumbnailUrl":"https:\/\/www.pixid-vms.com\/es\/wp-content\/uploads\/sites\/13\/2025\/07\/thumbnail-white-paper.jpg","datePublished":"2025-07-31T14:21:30+00:00","dateModified":"2025-07-31T14:31:17+00:00","description":"Explora libros blancos de Pixid VMS con informaci\u00f3n experta sobre contrataci\u00f3n, transformaci\u00f3n digital y gesti\u00f3n de trabajo temporal.","breadcrumb":{"@id":"https:\/\/www.pixid-vms.com\/es\/libros-blancos\/#breadcrumb"},"inLanguage":"es","potentialAction":[{"@type":"ReadAction","target":["https:\/\/www.pixid-vms.com\/es\/libros-blancos\/"]}]},{"@type":"ImageObject","inLanguage":"es","@id":"https:\/\/www.pixid-vms.com\/es\/libros-blancos\/#primaryimage","url":"https:\/\/www.pixid-vms.com\/es\/wp-content\/uploads\/sites\/13\/2025\/07\/thumbnail-white-paper.jpg","contentUrl":"https:\/\/www.pixid-vms.com\/es\/wp-content\/uploads\/sites\/13\/2025\/07\/thumbnail-white-paper.jpg","width":300,"height":300},{"@type":"BreadcrumbList","@id":"https:\/\/www.pixid-vms.com\/es\/libros-blancos\/#breadcrumb","itemListElement":[{"@type":"ListItem","position":1,"name":"Home","item":"https:\/\/www.pixid-vms.com\/es\/"},{"@type":"ListItem","position":2,"name":"Libros blancos: Contrataci\u00f3n, Transformaci\u00f3n Digital y Gesti\u00f3n del Talento"}]},{"@type":"WebSite","@id":"https:\/\/www.pixid-vms.com\/es\/#website","url":"https:\/\/www.pixid-vms.com\/es\/","name":"PIXID VMS ESPA\u00d1A","description":"Soluci\u00f3n de personal temporal","publisher":{"@id":"https:\/\/www.pixid-vms.com\/es\/#organization"},"potentialAction":[{"@type":"SearchAction","target":{"@type":"EntryPoint","urlTemplate":"https:\/\/www.pixid-vms.com\/es\/?s={search_term_string}"},"query-input":{"@type":"PropertyValueSpecification","valueRequired":true,"valueName":"search_term_string"}}],"inLanguage":"es"},{"@type":"Organization","@id":"https:\/\/www.pixid-vms.com\/es\/#organization","name":"PIXID VMS","url":"https:\/\/www.pixid-vms.com\/es\/","logo":{"@type":"ImageObject","inLanguage":"es","@id":"https:\/\/www.pixid-vms.com\/es\/#\/schema\/logo\/image\/","url":"https:\/\/www.pixid-vms.com\/es\/wp-content\/uploads\/sites\/13\/2025\/01\/PIXIDVMS-logo-colour-1.png","contentUrl":"https:\/\/www.pixid-vms.com\/es\/wp-content\/uploads\/sites\/13\/2025\/01\/PIXIDVMS-logo-colour-1.png","width":3238,"height":625,"caption":"PIXID VMS"},"image":{"@id":"https:\/\/www.pixid-vms.com\/es\/#\/schema\/logo\/image\/"},"sameAs":["https:\/\/x.com\/PIXID_Group","https:\/\/www.linkedin.com\/company\/pixid\/"]}]}},"lang":false,"translations":[],"_links":{"self":[{"href":"https:\/\/www.pixid-vms.com\/es\/wp-json\/wp\/v2\/pages\/11720","targetHints":{"allow":["GET"]}}],"collection":[{"href":"https:\/\/www.pixid-vms.com\/es\/wp-json\/wp\/v2\/pages"}],"about":[{"href":"https:\/\/www.pixid-vms.com\/es\/wp-json\/wp\/v2\/types\/page"}],"author":[{"embeddable":true,"href":"https:\/\/www.pixid-vms.com\/es\/wp-json\/wp\/v2\/users\/9"}],"replies":[{"embeddable":true,"href":"https:\/\/www.pixid-vms.com\/es\/wp-json\/wp\/v2\/comments?post=11720"}],"version-history":[{"count":0,"href":"https:\/\/www.pixid-vms.com\/es\/wp-json\/wp\/v2\/pages\/11720\/revisions"}],"wp:featuredmedia":[{"embeddable":true,"href":"https:\/\/www.pixid-vms.com\/es\/wp-json\/wp\/v2\/media\/11721"}],"wp:attachment":[{"href":"https:\/\/www.pixid-vms.com\/es\/wp-json\/wp\/v2\/media?parent=11720"}],"curies":[{"name":"wp","href":"https:\/\/api.w.org\/{rel}","templated":true}]}}