{"id":5274,"date":"2020-06-16T10:46:22","date_gmt":"2020-06-16T09:46:22","guid":{"rendered":"https:\/\/pixidvms2dev.wpengine.com\/es\/sitemap\/"},"modified":"2025-01-17T12:46:20","modified_gmt":"2025-01-17T11:46:20","slug":"mapa-de-la-web","status":"publish","type":"page","link":"https:\/\/www.pixid-vms.com\/es\/mapa-de-la-web\/","title":{"rendered":"Mapa de la web de Pixid VMS: Gu\u00eda completa de navegaci\u00f3n"},"content":{"rendered":"\t\t<div data-elementor-type=\"wp-page\" data-elementor-id=\"5274\" class=\"elementor elementor-5274\" data-elementor-post-type=\"page\">\n\t\t\t\t<div class=\"has_eae_slider elementor-element elementor-element-6c9ee3e e-con-full legal e-flex e-con e-parent\" data-eae-slider=\"53264\" data-id=\"6c9ee3e\" data-element_type=\"container\" data-e-type=\"container\" data-settings=\"{&quot;background_background&quot;:&quot;classic&quot;}\">\n\t\t<div class=\"has_eae_slider elementor-element elementor-element-809feb5 e-flex e-con-boxed e-con e-child\" data-eae-slider=\"36114\" data-id=\"809feb5\" data-element_type=\"container\" data-e-type=\"container\">\n\t\t\t\t\t<div class=\"e-con-inner\">\n\t\t\t\t<div class=\"elementor-element elementor-element-51ca47a elementor-widget elementor-widget-global elementor-global-32 elementor-widget-image\" data-id=\"51ca47a\" data-element_type=\"widget\" data-e-type=\"widget\" data-widget_type=\"image.default\">\n\t\t\t\t<div class=\"elementor-widget-container\">\n\t\t\t\t\t\t\t\t\t\t\t\t\t\t\t<img fetchpriority=\"high\" decoding=\"async\" width=\"480\" height=\"480\" src=\"https:\/\/www.pixid-vms.com\/es\/wp-content\/uploads\/sites\/13\/2025\/01\/24-01-favicon-pixid-1.png\" class=\"attachment-full size-full wp-image-7\" alt=\"\" srcset=\"https:\/\/www.pixid-vms.com\/es\/wp-content\/uploads\/sites\/13\/2025\/01\/24-01-favicon-pixid-1.png 480w, https:\/\/www.pixid-vms.com\/es\/wp-content\/uploads\/sites\/13\/2025\/01\/24-01-favicon-pixid-1-300x300.png 300w, https:\/\/www.pixid-vms.com\/es\/wp-content\/uploads\/sites\/13\/2025\/01\/24-01-favicon-pixid-1-150x150.png 150w, https:\/\/www.pixid-vms.com\/es\/wp-content\/uploads\/sites\/13\/2025\/01\/24-01-favicon-pixid-1-400x400.png 400w\" sizes=\"(max-width: 480px) 100vw, 480px\" \/>\t\t\t\t\t\t\t\t\t\t\t\t\t\t\t<\/div>\n\t\t\t\t<\/div>\n\t\t\t\t<div class=\"elementor-element elementor-element-77b69a28 elementor-widget elementor-widget-heading\" data-id=\"77b69a28\" data-element_type=\"widget\" data-e-type=\"widget\" data-widget_type=\"heading.default\">\n\t\t\t\t<div class=\"elementor-widget-container\">\n\t\t\t\t\t<h1 class=\"elementor-heading-title elementor-size-default\">Mapa de la web\n<\/h1>\t\t\t\t<\/div>\n\t\t\t\t<\/div>\n\t\t\t\t<div class=\"elementor-element elementor-element-77181ad2 elementor-widget elementor-widget-sitemap\" data-id=\"77181ad2\" data-element_type=\"widget\" data-e-type=\"widget\" data-widget_type=\"sitemap.default\">\n\t\t\t\t<div class=\"elementor-widget-container\">\n\t\t\t\t\t<div class=\"elementor-sitemap-wrap\"><div class=\"elementor-sitemap-section\"><p class=\"elementor-sitemap-title elementor-sitemap-page-title\"> <\/p><ul class=\"elementor-sitemap-list elementor-sitemap-page-list\"><li class=\"elementor-sitemap-item elementor-sitemap-item-page page_item page-item-5268\"><a href=\"https:\/\/www.pixid-vms.com\/es\/quienes-somos\/\">Acerca de Pixid VMS | Nuestra historia en la gesti\u00f3n de trabajo temporal<\/a><\/li><li class=\"elementor-sitemap-item elementor-sitemap-item-page page_item page-item-5270\"><a href=\"https:\/\/www.pixid-vms.com\/es\/aviso-legal\/\">Aviso legal Pixid VMS<\/a><\/li><li class=\"elementor-sitemap-item elementor-sitemap-item-page page_item page-item-11234\"><a href=\"https:\/\/www.pixid-vms.com\/es\/blog\/\">Blog Pixid VMS &#8211; Noticias y Actualidades<\/a><\/li><li class=\"elementor-sitemap-item elementor-sitemap-item-page page_item page-item-11199\"><a href=\"https:\/\/www.pixid-vms.com\/es\/caso-clientes\/\">Casos de \u00e9xito de clientes<\/a><\/li><li class=\"elementor-sitemap-item elementor-sitemap-item-page page_item page-item-11225\"><a href=\"https:\/\/www.pixid-vms.com\/es\/contacto\/\">Contacte con Pixid VMS &#8211; Software de gesti\u00f3n de trabajo temporal<\/a><\/li><li class=\"elementor-sitemap-item elementor-sitemap-item-page page_item page-item-11918\"><a href=\"https:\/\/www.pixid-vms.com\/es\/personal-temporal-con-ia\/\">Gesti\u00f3n de personal temporal con IA<\/a><\/li><li class=\"elementor-sitemap-item elementor-sitemap-item-page page_item page-item-5275\"><a href=\"https:\/\/www.pixid-vms.com\/es\/politica-cookies\/\">Informaci\u00f3n sobre cookies<\/a><\/li><li class=\"elementor-sitemap-item elementor-sitemap-item-page page_item page-item-11720\"><a href=\"https:\/\/www.pixid-vms.com\/es\/libros-blancos\/\">Libros blancos: Contrataci\u00f3n, Transformaci\u00f3n Digital y Gesti\u00f3n del Talento<\/a><\/li><li class=\"elementor-sitemap-item elementor-sitemap-item-page page_item page-item-5274\"><a href=\"https:\/\/www.pixid-vms.com\/es\/mapa-de-la-web\/\">Mapa de la web de Pixid VMS: Gu\u00eda completa de navegaci\u00f3n<\/a><\/li><li class=\"elementor-sitemap-item elementor-sitemap-item-page page_item page-item-5272\"><a href=\"https:\/\/www.pixid-vms.com\/es\/socio\/\">Pixid VMS | Integraci\u00f3n y API<\/a><\/li><li class=\"elementor-sitemap-item elementor-sitemap-item-page page_item page-item-5265\"><a href=\"https:\/\/www.pixid-vms.com\/es\/\">Pixid VMS | Software de gesti\u00f3n de trabajo temporal<\/a><\/li><li class=\"elementor-sitemap-item elementor-sitemap-item-page page_item page-item-11935\"><a href=\"https:\/\/www.pixid-vms.com\/es\/gestion-fuerza-laboral-logistica\/\">Pixid VMS para Log\u00edstica<\/a><\/li><li class=\"elementor-sitemap-item elementor-sitemap-item-page page_item page-item-5276\"><a href=\"https:\/\/www.pixid-vms.com\/es\/proteccion-datos-personales\/\">Protecci\u00f3n de datos personales &#8211; Pixid VMS<\/a><\/li><\/ul><\/div><\/div>\t\t\t\t<\/div>\n\t\t\t\t<\/div>\n\t\t\t\t\t<\/div>\n\t\t\t\t<\/div>\n\t\t\t\t<\/div>\n\t\t\t\t<\/div>\n\t\t","protected":false},"excerpt":{"rendered":"<p>Mapa de la web<\/p>\n","protected":false},"author":9,"featured_media":5404,"parent":0,"menu_order":0,"comment_status":"closed","ping_status":"closed","template":"","meta":{"_acf_changed":false,"footnotes":""},"class_list":["post-5274","page","type-page","status-publish","has-post-thumbnail","hentry"],"acf":[],"yoast_head":"<!-- This site is optimized with the Yoast SEO plugin v27.4 - https:\/\/yoast.com\/product\/yoast-seo-wordpress\/ -->\n<title>Mapa de la web de Pixid VMS: Gu\u00eda completa de navegaci\u00f3n<\/title>\n<meta name=\"description\" content=\"Descubra la mapa de la web de Pixid VMS y encuentre f\u00e1cilmente la informaci\u00f3n que busca.\" \/>\n<meta name=\"robots\" content=\"index, follow, max-snippet:-1, max-image-preview:large, max-video-preview:-1\" \/>\n<link rel=\"canonical\" href=\"https:\/\/www.pixid-vms.com\/es\/mapa-de-la-web\/\" \/>\n<meta property=\"og:locale\" content=\"es_ES\" \/>\n<meta property=\"og:type\" content=\"article\" \/>\n<meta property=\"og:title\" content=\"Mapa de la web de Pixid VMS: Gu\u00eda completa de navegaci\u00f3n\" \/>\n<meta property=\"og:description\" content=\"Descubra la mapa de la web de Pixid VMS y encuentre f\u00e1cilmente la informaci\u00f3n que busca.\" \/>\n<meta property=\"og:url\" content=\"https:\/\/www.pixid-vms.com\/es\/mapa-de-la-web\/\" \/>\n<meta property=\"og:site_name\" content=\"PIXID VMS ESPA\u00d1A\" \/>\n<meta property=\"article:modified_time\" content=\"2025-01-17T11:46:20+00:00\" \/>\n<meta property=\"og:image\" content=\"https:\/\/www.pixid-vms.com\/es\/wp-content\/uploads\/sites\/13\/2024\/03\/generic-page.jpg\" \/>\n\t<meta property=\"og:image:width\" content=\"1920\" \/>\n\t<meta property=\"og:image:height\" content=\"667\" \/>\n\t<meta property=\"og:image:type\" content=\"image\/jpeg\" \/>\n<meta name=\"twitter:card\" content=\"summary_large_image\" \/>\n<meta name=\"twitter:image\" content=\"https:\/\/www.pixid-vms.com\/es\/wp-content\/uploads\/sites\/13\/2024\/03\/generic-page.jpg\" \/>\n<meta name=\"twitter:site\" content=\"@PIXID_Group\" \/>\n<meta name=\"twitter:label1\" content=\"Tiempo de lectura\" \/>\n\t<meta name=\"twitter:data1\" content=\"1 minuto\" \/>\n<script type=\"application\/ld+json\" class=\"yoast-schema-graph\">{\"@context\":\"https:\\\/\\\/schema.org\",\"@graph\":[{\"@type\":\"WebPage\",\"@id\":\"https:\\\/\\\/www.pixid-vms.com\\\/es\\\/mapa-de-la-web\\\/\",\"url\":\"https:\\\/\\\/www.pixid-vms.com\\\/es\\\/mapa-de-la-web\\\/\",\"name\":\"Mapa de la web de Pixid VMS: Gu\u00eda completa de navegaci\u00f3n\",\"isPartOf\":{\"@id\":\"https:\\\/\\\/www.pixid-vms.com\\\/es\\\/#website\"},\"primaryImageOfPage\":{\"@id\":\"https:\\\/\\\/www.pixid-vms.com\\\/es\\\/mapa-de-la-web\\\/#primaryimage\"},\"image\":{\"@id\":\"https:\\\/\\\/www.pixid-vms.com\\\/es\\\/mapa-de-la-web\\\/#primaryimage\"},\"thumbnailUrl\":\"https:\\\/\\\/www.pixid-vms.com\\\/es\\\/wp-content\\\/uploads\\\/sites\\\/13\\\/2024\\\/03\\\/thumbnail-generic-page.jpg\",\"datePublished\":\"2020-06-16T09:46:22+00:00\",\"dateModified\":\"2025-01-17T11:46:20+00:00\",\"description\":\"Descubra la mapa de la web de Pixid VMS y encuentre f\u00e1cilmente la informaci\u00f3n que busca.\",\"breadcrumb\":{\"@id\":\"https:\\\/\\\/www.pixid-vms.com\\\/es\\\/mapa-de-la-web\\\/#breadcrumb\"},\"inLanguage\":\"es\",\"potentialAction\":[{\"@type\":\"ReadAction\",\"target\":[\"https:\\\/\\\/www.pixid-vms.com\\\/es\\\/mapa-de-la-web\\\/\"]}]},{\"@type\":\"ImageObject\",\"inLanguage\":\"es\",\"@id\":\"https:\\\/\\\/www.pixid-vms.com\\\/es\\\/mapa-de-la-web\\\/#primaryimage\",\"url\":\"https:\\\/\\\/www.pixid-vms.com\\\/es\\\/wp-content\\\/uploads\\\/sites\\\/13\\\/2024\\\/03\\\/thumbnail-generic-page.jpg\",\"contentUrl\":\"https:\\\/\\\/www.pixid-vms.com\\\/es\\\/wp-content\\\/uploads\\\/sites\\\/13\\\/2024\\\/03\\\/thumbnail-generic-page.jpg\",\"width\":300,\"height\":300},{\"@type\":\"BreadcrumbList\",\"@id\":\"https:\\\/\\\/www.pixid-vms.com\\\/es\\\/mapa-de-la-web\\\/#breadcrumb\",\"itemListElement\":[{\"@type\":\"ListItem\",\"position\":1,\"name\":\"Home\",\"item\":\"https:\\\/\\\/www.pixid-vms.com\\\/es\\\/\"},{\"@type\":\"ListItem\",\"position\":2,\"name\":\"Mapa de la web de Pixid VMS: Gu\u00eda completa de navegaci\u00f3n\"}]},{\"@type\":\"WebSite\",\"@id\":\"https:\\\/\\\/www.pixid-vms.com\\\/es\\\/#website\",\"url\":\"https:\\\/\\\/www.pixid-vms.com\\\/es\\\/\",\"name\":\"PIXID VMS ESPA\u00d1A\",\"description\":\"Soluci\u00f3n de personal temporal\",\"publisher\":{\"@id\":\"https:\\\/\\\/www.pixid-vms.com\\\/es\\\/#organization\"},\"potentialAction\":[{\"@type\":\"SearchAction\",\"target\":{\"@type\":\"EntryPoint\",\"urlTemplate\":\"https:\\\/\\\/www.pixid-vms.com\\\/es\\\/?s={search_term_string}\"},\"query-input\":{\"@type\":\"PropertyValueSpecification\",\"valueRequired\":true,\"valueName\":\"search_term_string\"}}],\"inLanguage\":\"es\"},{\"@type\":\"Organization\",\"@id\":\"https:\\\/\\\/www.pixid-vms.com\\\/es\\\/#organization\",\"name\":\"PIXID VMS\",\"url\":\"https:\\\/\\\/www.pixid-vms.com\\\/es\\\/\",\"logo\":{\"@type\":\"ImageObject\",\"inLanguage\":\"es\",\"@id\":\"https:\\\/\\\/www.pixid-vms.com\\\/es\\\/#\\\/schema\\\/logo\\\/image\\\/\",\"url\":\"https:\\\/\\\/www.pixid-vms.com\\\/es\\\/wp-content\\\/uploads\\\/sites\\\/13\\\/2025\\\/01\\\/PIXIDVMS-logo-colour-1.png\",\"contentUrl\":\"https:\\\/\\\/www.pixid-vms.com\\\/es\\\/wp-content\\\/uploads\\\/sites\\\/13\\\/2025\\\/01\\\/PIXIDVMS-logo-colour-1.png\",\"width\":3238,\"height\":625,\"caption\":\"PIXID VMS\"},\"image\":{\"@id\":\"https:\\\/\\\/www.pixid-vms.com\\\/es\\\/#\\\/schema\\\/logo\\\/image\\\/\"},\"sameAs\":[\"https:\\\/\\\/x.com\\\/PIXID_Group\",\"https:\\\/\\\/www.linkedin.com\\\/company\\\/pixid\\\/\"]}]}<\/script>\n<!-- \/ Yoast SEO plugin. -->","yoast_head_json":{"title":"Mapa de la web de Pixid VMS: Gu\u00eda completa de navegaci\u00f3n","description":"Descubra la mapa de la web de Pixid VMS y encuentre f\u00e1cilmente la informaci\u00f3n que busca.","robots":{"index":"index","follow":"follow","max-snippet":"max-snippet:-1","max-image-preview":"max-image-preview:large","max-video-preview":"max-video-preview:-1"},"canonical":"https:\/\/www.pixid-vms.com\/es\/mapa-de-la-web\/","og_locale":"es_ES","og_type":"article","og_title":"Mapa de la web de Pixid VMS: Gu\u00eda completa de navegaci\u00f3n","og_description":"Descubra la mapa de la web de Pixid VMS y encuentre f\u00e1cilmente la informaci\u00f3n que busca.","og_url":"https:\/\/www.pixid-vms.com\/es\/mapa-de-la-web\/","og_site_name":"PIXID VMS ESPA\u00d1A","article_modified_time":"2025-01-17T11:46:20+00:00","og_image":[{"width":1920,"height":667,"url":"https:\/\/www.pixid-vms.com\/es\/wp-content\/uploads\/sites\/13\/2024\/03\/generic-page.jpg","type":"image\/jpeg"}],"twitter_card":"summary_large_image","twitter_image":"https:\/\/www.pixid-vms.com\/es\/wp-content\/uploads\/sites\/13\/2024\/03\/generic-page.jpg","twitter_site":"@PIXID_Group","twitter_misc":{"Tiempo de lectura":"1 minuto"},"schema":{"@context":"https:\/\/schema.org","@graph":[{"@type":"WebPage","@id":"https:\/\/www.pixid-vms.com\/es\/mapa-de-la-web\/","url":"https:\/\/www.pixid-vms.com\/es\/mapa-de-la-web\/","name":"Mapa de la web de Pixid VMS: Gu\u00eda completa de navegaci\u00f3n","isPartOf":{"@id":"https:\/\/www.pixid-vms.com\/es\/#website"},"primaryImageOfPage":{"@id":"https:\/\/www.pixid-vms.com\/es\/mapa-de-la-web\/#primaryimage"},"image":{"@id":"https:\/\/www.pixid-vms.com\/es\/mapa-de-la-web\/#primaryimage"},"thumbnailUrl":"https:\/\/www.pixid-vms.com\/es\/wp-content\/uploads\/sites\/13\/2024\/03\/thumbnail-generic-page.jpg","datePublished":"2020-06-16T09:46:22+00:00","dateModified":"2025-01-17T11:46:20+00:00","description":"Descubra la mapa de la web de Pixid VMS y encuentre f\u00e1cilmente la informaci\u00f3n que busca.","breadcrumb":{"@id":"https:\/\/www.pixid-vms.com\/es\/mapa-de-la-web\/#breadcrumb"},"inLanguage":"es","potentialAction":[{"@type":"ReadAction","target":["https:\/\/www.pixid-vms.com\/es\/mapa-de-la-web\/"]}]},{"@type":"ImageObject","inLanguage":"es","@id":"https:\/\/www.pixid-vms.com\/es\/mapa-de-la-web\/#primaryimage","url":"https:\/\/www.pixid-vms.com\/es\/wp-content\/uploads\/sites\/13\/2024\/03\/thumbnail-generic-page.jpg","contentUrl":"https:\/\/www.pixid-vms.com\/es\/wp-content\/uploads\/sites\/13\/2024\/03\/thumbnail-generic-page.jpg","width":300,"height":300},{"@type":"BreadcrumbList","@id":"https:\/\/www.pixid-vms.com\/es\/mapa-de-la-web\/#breadcrumb","itemListElement":[{"@type":"ListItem","position":1,"name":"Home","item":"https:\/\/www.pixid-vms.com\/es\/"},{"@type":"ListItem","position":2,"name":"Mapa de la web de Pixid VMS: Gu\u00eda completa de navegaci\u00f3n"}]},{"@type":"WebSite","@id":"https:\/\/www.pixid-vms.com\/es\/#website","url":"https:\/\/www.pixid-vms.com\/es\/","name":"PIXID VMS ESPA\u00d1A","description":"Soluci\u00f3n de personal temporal","publisher":{"@id":"https:\/\/www.pixid-vms.com\/es\/#organization"},"potentialAction":[{"@type":"SearchAction","target":{"@type":"EntryPoint","urlTemplate":"https:\/\/www.pixid-vms.com\/es\/?s={search_term_string}"},"query-input":{"@type":"PropertyValueSpecification","valueRequired":true,"valueName":"search_term_string"}}],"inLanguage":"es"},{"@type":"Organization","@id":"https:\/\/www.pixid-vms.com\/es\/#organization","name":"PIXID VMS","url":"https:\/\/www.pixid-vms.com\/es\/","logo":{"@type":"ImageObject","inLanguage":"es","@id":"https:\/\/www.pixid-vms.com\/es\/#\/schema\/logo\/image\/","url":"https:\/\/www.pixid-vms.com\/es\/wp-content\/uploads\/sites\/13\/2025\/01\/PIXIDVMS-logo-colour-1.png","contentUrl":"https:\/\/www.pixid-vms.com\/es\/wp-content\/uploads\/sites\/13\/2025\/01\/PIXIDVMS-logo-colour-1.png","width":3238,"height":625,"caption":"PIXID VMS"},"image":{"@id":"https:\/\/www.pixid-vms.com\/es\/#\/schema\/logo\/image\/"},"sameAs":["https:\/\/x.com\/PIXID_Group","https:\/\/www.linkedin.com\/company\/pixid\/"]}]}},"lang":false,"translations":[],"_links":{"self":[{"href":"https:\/\/www.pixid-vms.com\/es\/wp-json\/wp\/v2\/pages\/5274","targetHints":{"allow":["GET"]}}],"collection":[{"href":"https:\/\/www.pixid-vms.com\/es\/wp-json\/wp\/v2\/pages"}],"about":[{"href":"https:\/\/www.pixid-vms.com\/es\/wp-json\/wp\/v2\/types\/page"}],"author":[{"embeddable":true,"href":"https:\/\/www.pixid-vms.com\/es\/wp-json\/wp\/v2\/users\/9"}],"replies":[{"embeddable":true,"href":"https:\/\/www.pixid-vms.com\/es\/wp-json\/wp\/v2\/comments?post=5274"}],"version-history":[{"count":0,"href":"https:\/\/www.pixid-vms.com\/es\/wp-json\/wp\/v2\/pages\/5274\/revisions"}],"wp:featuredmedia":[{"embeddable":true,"href":"https:\/\/www.pixid-vms.com\/es\/wp-json\/wp\/v2\/media\/5404"}],"wp:attachment":[{"href":"https:\/\/www.pixid-vms.com\/es\/wp-json\/wp\/v2\/media?parent=5274"}],"curies":[{"name":"wp","href":"https:\/\/api.w.org\/{rel}","templated":true}]}}