{"id":5275,"date":"2020-06-16T09:58:06","date_gmt":"2020-06-16T08:58:06","guid":{"rendered":"https:\/\/pixidvms2dev.wpengine.com\/es\/information-on-cookies\/"},"modified":"2025-01-17T12:42:33","modified_gmt":"2025-01-17T11:42:33","slug":"politica-cookies","status":"publish","type":"page","link":"https:\/\/www.pixid-vms.com\/es\/politica-cookies\/","title":{"rendered":"Informaci\u00f3n sobre cookies"},"content":{"rendered":"\t\t<div data-elementor-type=\"wp-page\" data-elementor-id=\"5275\" class=\"elementor elementor-5275\" data-elementor-post-type=\"page\">\n\t\t\t\t<div class=\"has_eae_slider elementor-element elementor-element-350a7170 e-con-full legalpage e-flex e-con e-parent\" data-eae-slider=\"34361\" data-id=\"350a7170\" data-element_type=\"container\" data-e-type=\"container\" data-settings=\"{&quot;background_background&quot;:&quot;classic&quot;}\">\n\t\t<div class=\"has_eae_slider elementor-element elementor-element-4529f25 e-flex e-con-boxed e-con e-child\" data-eae-slider=\"27319\" data-id=\"4529f25\" data-element_type=\"container\" data-e-type=\"container\">\n\t\t\t\t\t<div class=\"e-con-inner\">\n\t\t\t\t<div class=\"elementor-element elementor-element-f787c87 elementor-widget elementor-widget-global elementor-global-32 elementor-widget-image\" data-id=\"f787c87\" data-element_type=\"widget\" data-e-type=\"widget\" data-widget_type=\"image.default\">\n\t\t\t\t<div class=\"elementor-widget-container\">\n\t\t\t\t\t\t\t\t\t\t\t\t\t\t\t<img fetchpriority=\"high\" decoding=\"async\" width=\"480\" height=\"480\" src=\"https:\/\/www.pixid-vms.com\/es\/wp-content\/uploads\/sites\/13\/2025\/01\/24-01-favicon-pixid-1.png\" class=\"attachment-full size-full wp-image-7\" alt=\"\" srcset=\"https:\/\/www.pixid-vms.com\/es\/wp-content\/uploads\/sites\/13\/2025\/01\/24-01-favicon-pixid-1.png 480w, https:\/\/www.pixid-vms.com\/es\/wp-content\/uploads\/sites\/13\/2025\/01\/24-01-favicon-pixid-1-300x300.png 300w, https:\/\/www.pixid-vms.com\/es\/wp-content\/uploads\/sites\/13\/2025\/01\/24-01-favicon-pixid-1-150x150.png 150w, https:\/\/www.pixid-vms.com\/es\/wp-content\/uploads\/sites\/13\/2025\/01\/24-01-favicon-pixid-1-400x400.png 400w\" sizes=\"(max-width: 480px) 100vw, 480px\" \/>\t\t\t\t\t\t\t\t\t\t\t\t\t\t\t<\/div>\n\t\t\t\t<\/div>\n\t\t\t\t<div class=\"elementor-element elementor-element-8b5e1f elementor-widget elementor-widget-heading\" data-id=\"8b5e1f\" data-element_type=\"widget\" data-e-type=\"widget\" data-widget_type=\"heading.default\">\n\t\t\t\t<div class=\"elementor-widget-container\">\n\t\t\t\t\t<h1 class=\"elementor-heading-title elementor-size-default\">Informaci\u00f3n sobre las cookies<\/h1>\t\t\t\t<\/div>\n\t\t\t\t<\/div>\n\t\t\t\t<div class=\"elementor-element elementor-element-2dc8b9b1 elementor-toc--minimized-on-tablet elementor-widget elementor-widget-table-of-contents\" data-id=\"2dc8b9b1\" data-element_type=\"widget\" data-e-type=\"widget\" data-settings=\"{&quot;exclude_headings_by_selector&quot;:[],&quot;marker_view&quot;:&quot;bullets&quot;,&quot;icon&quot;:{&quot;value&quot;:&quot;fas fa-caret-right&quot;,&quot;library&quot;:&quot;fa-solid&quot;,&quot;rendered_tag&quot;:&quot;&lt;svg class=\\&quot;e-font-icon-svg e-fas-caret-right\\&quot; viewBox=\\&quot;0 0 192 512\\&quot; xmlns=\\&quot;http:\\\/\\\/www.w3.org\\\/2000\\\/svg\\&quot;&gt;&lt;path d=\\&quot;M0 384.662V127.338c0-17.818 21.543-26.741 34.142-14.142l128.662 128.662c7.81 7.81 7.81 20.474 0 28.284L34.142 398.804C21.543 411.404 0 402.48 0 384.662z\\&quot;&gt;&lt;\\\/path&gt;&lt;\\\/svg&gt;&quot;},&quot;no_headings_message&quot;:&quot;No headings were found on this page.&quot;,&quot;headings_by_tags&quot;:[&quot;h2&quot;,&quot;h3&quot;,&quot;h4&quot;,&quot;h5&quot;,&quot;h6&quot;],&quot;minimize_box&quot;:&quot;yes&quot;,&quot;minimized_on&quot;:&quot;tablet&quot;,&quot;hierarchical_view&quot;:&quot;yes&quot;,&quot;min_height&quot;:{&quot;unit&quot;:&quot;px&quot;,&quot;size&quot;:&quot;&quot;,&quot;sizes&quot;:[]},&quot;min_height_laptop&quot;:{&quot;unit&quot;:&quot;px&quot;,&quot;size&quot;:&quot;&quot;,&quot;sizes&quot;:[]},&quot;min_height_tablet&quot;:{&quot;unit&quot;:&quot;px&quot;,&quot;size&quot;:&quot;&quot;,&quot;sizes&quot;:[]},&quot;min_height_mobile&quot;:{&quot;unit&quot;:&quot;px&quot;,&quot;size&quot;:&quot;&quot;,&quot;sizes&quot;:[]}}\" data-widget_type=\"table-of-contents.default\">\n\t\t\t\t<div class=\"elementor-widget-container\">\n\t\t\t\t\t\t\t\t\t<div class=\"elementor-toc__header\">\n\t\t\t\t\t\t<div class=\"elementor-toc__header-title\">\n\t\t\t\tRevista\t\t\t<\/div>\n\t\t\t\t\t\t\t\t\t\t<div class=\"elementor-toc__toggle-button elementor-toc__toggle-button--expand\" role=\"button\" tabindex=\"0\" aria-controls=\"elementor-toc__2dc8b9b1\" aria-expanded=\"true\" aria-label=\"Abrir la tabla de contenidos\"><svg aria-hidden=\"true\" class=\"e-font-icon-svg e-fas-chevron-down\" viewBox=\"0 0 448 512\" xmlns=\"http:\/\/www.w3.org\/2000\/svg\"><path d=\"M207.029 381.476L12.686 187.132c-9.373-9.373-9.373-24.569 0-33.941l22.667-22.667c9.357-9.357 24.522-9.375 33.901-.04L224 284.505l154.745-154.021c9.379-9.335 24.544-9.317 33.901.04l22.667 22.667c9.373 9.373 9.373 24.569 0 33.941L240.971 381.476c-9.373 9.372-24.569 9.372-33.942 0z\"><\/path><\/svg><\/div>\n\t\t\t\t<div class=\"elementor-toc__toggle-button elementor-toc__toggle-button--collapse\" role=\"button\" tabindex=\"0\" aria-controls=\"elementor-toc__2dc8b9b1\" aria-expanded=\"true\" aria-label=\"Cerrar la tabla de contenidos\"><svg aria-hidden=\"true\" class=\"e-font-icon-svg e-fas-chevron-up\" viewBox=\"0 0 448 512\" xmlns=\"http:\/\/www.w3.org\/2000\/svg\"><path d=\"M240.971 130.524l194.343 194.343c9.373 9.373 9.373 24.569 0 33.941l-22.667 22.667c-9.357 9.357-24.522 9.375-33.901.04L224 227.495 69.255 381.516c-9.379 9.335-24.544 9.317-33.901-.04l-22.667-22.667c-9.373-9.373-9.373-24.569 0-33.941L207.03 130.525c9.372-9.373 24.568-9.373 33.941-.001z\"><\/path><\/svg><\/div>\n\t\t\t\t\t<\/div>\n\t\t\t\t<div id=\"elementor-toc__2dc8b9b1\" class=\"elementor-toc__body\">\n\t\t\t<div class=\"elementor-toc__spinner-container\">\n\t\t\t\t<svg class=\"elementor-toc__spinner eicon-animation-spin e-font-icon-svg e-eicon-loading\" aria-hidden=\"true\" viewBox=\"0 0 1000 1000\" xmlns=\"http:\/\/www.w3.org\/2000\/svg\"><path d=\"M500 975V858C696 858 858 696 858 500S696 142 500 142 142 304 142 500H25C25 237 238 25 500 25S975 237 975 500 763 975 500 975Z\"><\/path><\/svg>\t\t\t<\/div>\n\t\t<\/div>\n\t\t\t\t\t\t<\/div>\n\t\t\t\t<\/div>\n\t\t\t\t<div class=\"elementor-element elementor-element-8b4de6d elementor-widget elementor-widget-heading\" data-id=\"8b4de6d\" data-element_type=\"widget\" data-e-type=\"widget\" data-widget_type=\"heading.default\">\n\t\t\t\t<div class=\"elementor-widget-container\">\n\t\t\t\t\t<h2 class=\"elementor-heading-title elementor-size-default\">1- \u00bfQu\u00e9 son las cookies?<\/h2>\t\t\t\t<\/div>\n\t\t\t\t<\/div>\n\t\t\t\t<div class=\"elementor-element elementor-element-1e18c21f elementor-widget elementor-widget-text-editor\" data-id=\"1e18c21f\" data-element_type=\"widget\" data-e-type=\"widget\" data-widget_type=\"text-editor.default\">\n\t\t\t\t<div class=\"elementor-widget-container\">\n\t\t\t\t\t\t\t\t\t<p>Las cookies son peque\u00f1os archivos que contienen letras y n\u00fameros que se descargan en su ordenador, tableta o tel\u00e9fono m\u00f3vil cada vez que accede a un sitio web.<\/p><p>PIXID VMS utiliza estos archivos para gestionar su sesi\u00f3n de usuario y recopilar informaci\u00f3n sobre el navegador (el navegador utilizado, el tiempo de conexi\u00f3n, las p\u00e1ginas visitadas, etc.) con el fin de elaborar estad\u00edsticas de usuarios con vistas a mejorar nuestros servicios.<\/p>\t\t\t\t\t\t\t\t<\/div>\n\t\t\t\t<\/div>\n\t\t\t\t<div class=\"elementor-element elementor-element-2c05278 elementor-widget elementor-widget-heading\" data-id=\"2c05278\" data-element_type=\"widget\" data-e-type=\"widget\" data-widget_type=\"heading.default\">\n\t\t\t\t<div class=\"elementor-widget-container\">\n\t\t\t\t\t<h2 class=\"elementor-heading-title elementor-size-default\">2- \u00bfC\u00f3mo configurar las cookies?<\/h2>\t\t\t\t<\/div>\n\t\t\t\t<\/div>\n\t\t\t\t<div class=\"elementor-element elementor-element-f4eec56 elementor-widget elementor-widget-text-editor\" data-id=\"f4eec56\" data-element_type=\"widget\" data-e-type=\"widget\" data-widget_type=\"text-editor.default\">\n\t\t\t\t<div class=\"elementor-widget-container\">\n\t\t\t\t\t\t\t\t\tNormalmente, los navegadores de Internet est\u00e1n configurados por defecto para aceptar cookies, pero esto puede cambiarse f\u00e1cilmente modificando la configuraci\u00f3n de su navegador. No obstante, le informamos de que, si opta por desactivar las cookies, es posible que se restrinja el uso del sitio web, de lo cual PIXID VMS no se podr\u00e1 responsabilizar.\t\t\t\t\t\t\t\t<\/div>\n\t\t\t\t<\/div>\n\t\t\t\t<div class=\"elementor-element elementor-element-662f937 elementor-widget elementor-widget-heading\" data-id=\"662f937\" data-element_type=\"widget\" data-e-type=\"widget\" data-widget_type=\"heading.default\">\n\t\t\t\t<div class=\"elementor-widget-container\">\n\t\t\t\t\t<h2 class=\"elementor-heading-title elementor-size-default\">3- \u00bfQu\u00e9 cookies utilizamos?<\/h2>\t\t\t\t<\/div>\n\t\t\t\t<\/div>\n\t\t\t\t<div class=\"elementor-element elementor-element-75efd59 elementor-widget elementor-widget-text-editor\" data-id=\"75efd59\" data-element_type=\"widget\" data-e-type=\"widget\" data-widget_type=\"text-editor.default\">\n\t\t\t\t<div class=\"elementor-widget-container\">\n\t\t\t\t\t\t\t\t\t<p>A continuaci\u00f3n encontrar\u00e1 una lista de las cookies que podemos utilizar:<\/p>\n<table>\n<tbody>\n<tr style=\"font-weight: bold; text-align: center;\">\n<td width=\"150px;\">Cookie<\/td>\n<td width=\"200px;\">ID de la cookie<\/td>\n<td>Finalidad de la cookie<\/td>\n<\/tr>\n<tr>\n<td style=\"font-weight: bold;\">pixid-vms.com cookie<\/td>\n<td>pixid-vms.com<\/td>\n<td>Interna del framework utilizado por el sitio (WordPress).<\/td>\n<\/tr>\n<tr>\n<td style=\"font-weight: bold;\">Google Analytics<\/td>\n<td>google-analytics.com<\/td>\n<td>Recopila la siguiente informaci\u00f3n: navegador utilizado, experiencia del sitio, p\u00e1ginas visitadas, acciones realizadas y tiempo de permanencia, para elaborar informes estad\u00edsticos.<\/td>\n<\/tr>\n<tr>\n<td style=\"font-weight: bold;\">\u00a0Vimeo<\/td>\n<td>\u00a0vimeo.com<\/td>\n<td>Vimeo instala esta cookie para recopilar informaci\u00f3n de seguimiento estableciendo un ID \u00fanico para incrustar v\u00eddeos en el sitio web.<\/td>\n<\/tr>\n<\/tbody>\n<\/table>\t\t\t\t\t\t\t\t<\/div>\n\t\t\t\t<\/div>\n\t\t\t\t<div class=\"elementor-element elementor-element-44d623e elementor-widget elementor-widget-heading\" data-id=\"44d623e\" data-element_type=\"widget\" data-e-type=\"widget\" data-widget_type=\"heading.default\">\n\t\t\t\t<div class=\"elementor-widget-container\">\n\t\t\t\t\t<h2 class=\"elementor-heading-title elementor-size-default\">4- \u00bfC\u00f3mo eliminar mis cookies?<\/h2>\t\t\t\t<\/div>\n\t\t\t\t<\/div>\n\t\t\t\t<div class=\"elementor-element elementor-element-e525390 elementor-widget elementor-widget-text-editor\" data-id=\"e525390\" data-element_type=\"widget\" data-e-type=\"widget\" data-widget_type=\"text-editor.default\">\n\t\t\t\t<div class=\"elementor-widget-container\">\n\t\t\t\t\t\t\t\t\t<p>Puede optar por desactivar las cookies en cualquier momento. Tambi\u00e9n puede configurar su navegador para que le notifique las cookies almacenadas en su ordenador y le pregunte si desea aceptarlas o no. Puede aceptar o rechazar las cookies caso por caso o puede decidir rechazarlas sistem\u00e1ticamente.<\/p><p>A continuaci\u00f3n le indicamos c\u00f3mo controlar las cookies o impedir que se guarden:<\/p>\t\t\t\t\t\t\t\t<\/div>\n\t\t\t\t<\/div>\n\t\t\t\t<div class=\"elementor-element elementor-element-6ae9d96 elementor-widget elementor-widget-heading\" data-id=\"6ae9d96\" data-element_type=\"widget\" data-e-type=\"widget\" data-widget_type=\"heading.default\">\n\t\t\t\t<div class=\"elementor-widget-container\">\n\t\t\t\t\t<h3 class=\"elementor-heading-title elementor-size-default\">4.1 Con Internet Explorer<\/h3>\t\t\t\t<\/div>\n\t\t\t\t<\/div>\n\t\t\t\t<div class=\"elementor-element elementor-element-2cf272b elementor-widget elementor-widget-text-editor\" data-id=\"2cf272b\" data-element_type=\"widget\" data-e-type=\"widget\" data-widget_type=\"text-editor.default\">\n\t\t\t\t<div class=\"elementor-widget-container\">\n\t\t\t\t\t\t\t\t\t<p>En Internet Explorer, haga clic en el bot\u00f3n Herramientas y luego en Opciones de Internet. Vaya a la pesta\u00f1a General, luego Historial del navegador y haga clic en el bot\u00f3n Eliminar. Aseg\u00farese de que la opci\u00f3n Cookies y datos de sitios web est\u00e1 seleccionada y pulse el bot\u00f3n Eliminar.<\/p><p>Vaya a la pesta\u00f1a Privacidad, luego a Configuraci\u00f3n y mueva el cursor hacia arriba para bloquear todas las cookies. Ahora haga clic en Aceptar.<\/p>\t\t\t\t\t\t\t\t<\/div>\n\t\t\t\t<\/div>\n\t\t\t\t<div class=\"elementor-element elementor-element-8733f4d elementor-widget elementor-widget-heading\" data-id=\"8733f4d\" data-element_type=\"widget\" data-e-type=\"widget\" data-widget_type=\"heading.default\">\n\t\t\t\t<div class=\"elementor-widget-container\">\n\t\t\t\t\t<h3 class=\"elementor-heading-title elementor-size-default\">4.2 Con Firefox<\/h3>\t\t\t\t<\/div>\n\t\t\t\t<\/div>\n\t\t\t\t<div class=\"elementor-element elementor-element-f0a2be4 elementor-widget elementor-widget-text-editor\" data-id=\"f0a2be4\" data-element_type=\"widget\" data-e-type=\"widget\" data-widget_type=\"text-editor.default\">\n\t\t\t\t<div class=\"elementor-widget-container\">\n\t\t\t\t\t\t\t\t\t<p>Vaya a la pesta\u00f1a Herramientas del navegador y, a continuaci\u00f3n, seleccione el men\u00fa Opciones. En la ventana que se muestra, seleccione Privacidad y, a continuaci\u00f3n, haga clic en Eliminar cookies individuales. Identifique aquellos archivos que contengan el nombre PIXID.\u00a0<\/p><p>Selecci\u00f3nelos y elim\u00ednelos.<\/p>\t\t\t\t\t\t\t\t<\/div>\n\t\t\t\t<\/div>\n\t\t\t\t<div class=\"elementor-element elementor-element-5c76d8b elementor-widget elementor-widget-heading\" data-id=\"5c76d8b\" data-element_type=\"widget\" data-e-type=\"widget\" data-widget_type=\"heading.default\">\n\t\t\t\t<div class=\"elementor-widget-container\">\n\t\t\t\t\t<h3 class=\"elementor-heading-title elementor-size-default\">4.3 Con Google Chrome<\/h3>\t\t\t\t<\/div>\n\t\t\t\t<\/div>\n\t\t\t\t<div class=\"elementor-element elementor-element-eb6f684 elementor-widget elementor-widget-text-editor\" data-id=\"eb6f684\" data-element_type=\"widget\" data-e-type=\"widget\" data-widget_type=\"text-editor.default\">\n\t\t\t\t<div class=\"elementor-widget-container\">\n\t\t\t\t\t\t\t\t\t<p>En la esquina superior derecha, haga clic en los tres puntos y luego en Configuraci\u00f3n. En la parte inferior de la p\u00e1gina, haga clic en Avanzado. En la secci\u00f3n Privacidad y seguridad, haga clic en Configuraci\u00f3n de contenido. En Cookies, seleccione el nivel de bloqueo que desea aplicar.<\/p><p>\nHaga clic en Todas las cookies y datos del sitio. Seleccione las cookies que desea eliminar y haga clic en la cruz de la derecha.<\/p>\t\t\t\t\t\t\t\t<\/div>\n\t\t\t\t<\/div>\n\t\t\t\t\t<\/div>\n\t\t\t\t<\/div>\n\t\t\t\t<\/div>\n\t\t\t\t<\/div>\n\t\t","protected":false},"excerpt":{"rendered":"<p>Informaci\u00f3n sobre las cookies Revista 1- \u00bfQu\u00e9 son las cookies? Las cookies son peque\u00f1os archivos que contienen letras y n\u00fameros que se descargan en su ordenador, tableta o tel\u00e9fono m\u00f3vil cada vez que accede a un sitio web. PIXID VMS utiliza estos archivos para gestionar su sesi\u00f3n de usuario y recopilar informaci\u00f3n sobre el navegador [&hellip;]<\/p>\n","protected":false},"author":9,"featured_media":5404,"parent":0,"menu_order":0,"comment_status":"closed","ping_status":"closed","template":"","meta":{"_acf_changed":false,"footnotes":""},"class_list":["post-5275","page","type-page","status-publish","has-post-thumbnail","hentry"],"acf":[],"yoast_head":"<!-- This site is optimized with the Yoast SEO plugin v27.3 - https:\/\/yoast.com\/product\/yoast-seo-wordpress\/ -->\n<title>Informaci\u00f3n sobre cookies<\/title>\n<meta name=\"description\" content=\"Descubra nuestra pol\u00edtica de cookies y c\u00f3mo PIXID utiliza las cookies. Comprenda sus opciones y preferencias sobre el seguimiento en l\u00ednea.\" \/>\n<meta name=\"robots\" content=\"index, follow, max-snippet:-1, max-image-preview:large, max-video-preview:-1\" \/>\n<link rel=\"canonical\" href=\"https:\/\/www.pixid-vms.com\/es\/politica-cookies\/\" \/>\n<meta property=\"og:locale\" content=\"es_ES\" \/>\n<meta property=\"og:type\" content=\"article\" \/>\n<meta property=\"og:title\" content=\"Informaci\u00f3n sobre cookies\" \/>\n<meta property=\"og:description\" content=\"Descubra nuestra pol\u00edtica de cookies y c\u00f3mo PIXID utiliza las cookies. Comprenda sus opciones y preferencias sobre el seguimiento en l\u00ednea.\" \/>\n<meta property=\"og:url\" content=\"https:\/\/www.pixid-vms.com\/es\/politica-cookies\/\" \/>\n<meta property=\"og:site_name\" content=\"PIXID VMS ESPA\u00d1A\" \/>\n<meta property=\"article:modified_time\" content=\"2025-01-17T11:42:33+00:00\" \/>\n<meta property=\"og:image\" content=\"https:\/\/www.pixid-vms.com\/es\/wp-content\/uploads\/sites\/13\/2024\/03\/generic-page.jpg\" \/>\n\t<meta property=\"og:image:width\" content=\"1920\" \/>\n\t<meta property=\"og:image:height\" content=\"667\" \/>\n\t<meta property=\"og:image:type\" content=\"image\/jpeg\" \/>\n<meta name=\"twitter:card\" content=\"summary_large_image\" \/>\n<meta name=\"twitter:image\" content=\"https:\/\/www.pixid-vms.com\/es\/wp-content\/uploads\/sites\/13\/2024\/03\/generic-page.jpg\" \/>\n<meta name=\"twitter:site\" content=\"@PIXID_Group\" \/>\n<meta name=\"twitter:label1\" content=\"Tiempo de lectura\" \/>\n\t<meta name=\"twitter:data1\" content=\"3 minutos\" \/>\n<script type=\"application\/ld+json\" class=\"yoast-schema-graph\">{\"@context\":\"https:\\\/\\\/schema.org\",\"@graph\":[{\"@type\":\"WebPage\",\"@id\":\"https:\\\/\\\/www.pixid-vms.com\\\/es\\\/politica-cookies\\\/\",\"url\":\"https:\\\/\\\/www.pixid-vms.com\\\/es\\\/politica-cookies\\\/\",\"name\":\"Informaci\u00f3n sobre cookies\",\"isPartOf\":{\"@id\":\"https:\\\/\\\/www.pixid-vms.com\\\/es\\\/#website\"},\"primaryImageOfPage\":{\"@id\":\"https:\\\/\\\/www.pixid-vms.com\\\/es\\\/politica-cookies\\\/#primaryimage\"},\"image\":{\"@id\":\"https:\\\/\\\/www.pixid-vms.com\\\/es\\\/politica-cookies\\\/#primaryimage\"},\"thumbnailUrl\":\"https:\\\/\\\/www.pixid-vms.com\\\/es\\\/wp-content\\\/uploads\\\/sites\\\/13\\\/2024\\\/03\\\/thumbnail-generic-page.jpg\",\"datePublished\":\"2020-06-16T08:58:06+00:00\",\"dateModified\":\"2025-01-17T11:42:33+00:00\",\"description\":\"Descubra nuestra pol\u00edtica de cookies y c\u00f3mo PIXID utiliza las cookies. Comprenda sus opciones y preferencias sobre el seguimiento en l\u00ednea.\",\"breadcrumb\":{\"@id\":\"https:\\\/\\\/www.pixid-vms.com\\\/es\\\/politica-cookies\\\/#breadcrumb\"},\"inLanguage\":\"es\",\"potentialAction\":[{\"@type\":\"ReadAction\",\"target\":[\"https:\\\/\\\/www.pixid-vms.com\\\/es\\\/politica-cookies\\\/\"]}]},{\"@type\":\"ImageObject\",\"inLanguage\":\"es\",\"@id\":\"https:\\\/\\\/www.pixid-vms.com\\\/es\\\/politica-cookies\\\/#primaryimage\",\"url\":\"https:\\\/\\\/www.pixid-vms.com\\\/es\\\/wp-content\\\/uploads\\\/sites\\\/13\\\/2024\\\/03\\\/thumbnail-generic-page.jpg\",\"contentUrl\":\"https:\\\/\\\/www.pixid-vms.com\\\/es\\\/wp-content\\\/uploads\\\/sites\\\/13\\\/2024\\\/03\\\/thumbnail-generic-page.jpg\",\"width\":300,\"height\":300},{\"@type\":\"BreadcrumbList\",\"@id\":\"https:\\\/\\\/www.pixid-vms.com\\\/es\\\/politica-cookies\\\/#breadcrumb\",\"itemListElement\":[{\"@type\":\"ListItem\",\"position\":1,\"name\":\"Home\",\"item\":\"https:\\\/\\\/www.pixid-vms.com\\\/es\\\/\"},{\"@type\":\"ListItem\",\"position\":2,\"name\":\"Informaci\u00f3n sobre cookies\"}]},{\"@type\":\"WebSite\",\"@id\":\"https:\\\/\\\/www.pixid-vms.com\\\/es\\\/#website\",\"url\":\"https:\\\/\\\/www.pixid-vms.com\\\/es\\\/\",\"name\":\"PIXID VMS ESPA\u00d1A\",\"description\":\"Soluci\u00f3n de personal temporal\",\"publisher\":{\"@id\":\"https:\\\/\\\/www.pixid-vms.com\\\/es\\\/#organization\"},\"potentialAction\":[{\"@type\":\"SearchAction\",\"target\":{\"@type\":\"EntryPoint\",\"urlTemplate\":\"https:\\\/\\\/www.pixid-vms.com\\\/es\\\/?s={search_term_string}\"},\"query-input\":{\"@type\":\"PropertyValueSpecification\",\"valueRequired\":true,\"valueName\":\"search_term_string\"}}],\"inLanguage\":\"es\"},{\"@type\":\"Organization\",\"@id\":\"https:\\\/\\\/www.pixid-vms.com\\\/es\\\/#organization\",\"name\":\"PIXID VMS\",\"url\":\"https:\\\/\\\/www.pixid-vms.com\\\/es\\\/\",\"logo\":{\"@type\":\"ImageObject\",\"inLanguage\":\"es\",\"@id\":\"https:\\\/\\\/www.pixid-vms.com\\\/es\\\/#\\\/schema\\\/logo\\\/image\\\/\",\"url\":\"https:\\\/\\\/www.pixid-vms.com\\\/es\\\/wp-content\\\/uploads\\\/sites\\\/13\\\/2025\\\/01\\\/PIXIDVMS-logo-colour-1.png\",\"contentUrl\":\"https:\\\/\\\/www.pixid-vms.com\\\/es\\\/wp-content\\\/uploads\\\/sites\\\/13\\\/2025\\\/01\\\/PIXIDVMS-logo-colour-1.png\",\"width\":3238,\"height\":625,\"caption\":\"PIXID VMS\"},\"image\":{\"@id\":\"https:\\\/\\\/www.pixid-vms.com\\\/es\\\/#\\\/schema\\\/logo\\\/image\\\/\"},\"sameAs\":[\"https:\\\/\\\/x.com\\\/PIXID_Group\",\"https:\\\/\\\/www.linkedin.com\\\/company\\\/pixid\\\/\"]}]}<\/script>\n<!-- \/ Yoast SEO plugin. -->","yoast_head_json":{"title":"Informaci\u00f3n sobre cookies","description":"Descubra nuestra pol\u00edtica de cookies y c\u00f3mo PIXID utiliza las cookies. Comprenda sus opciones y preferencias sobre el seguimiento en l\u00ednea.","robots":{"index":"index","follow":"follow","max-snippet":"max-snippet:-1","max-image-preview":"max-image-preview:large","max-video-preview":"max-video-preview:-1"},"canonical":"https:\/\/www.pixid-vms.com\/es\/politica-cookies\/","og_locale":"es_ES","og_type":"article","og_title":"Informaci\u00f3n sobre cookies","og_description":"Descubra nuestra pol\u00edtica de cookies y c\u00f3mo PIXID utiliza las cookies. Comprenda sus opciones y preferencias sobre el seguimiento en l\u00ednea.","og_url":"https:\/\/www.pixid-vms.com\/es\/politica-cookies\/","og_site_name":"PIXID VMS ESPA\u00d1A","article_modified_time":"2025-01-17T11:42:33+00:00","og_image":[{"width":1920,"height":667,"url":"https:\/\/www.pixid-vms.com\/es\/wp-content\/uploads\/sites\/13\/2024\/03\/generic-page.jpg","type":"image\/jpeg"}],"twitter_card":"summary_large_image","twitter_image":"https:\/\/www.pixid-vms.com\/es\/wp-content\/uploads\/sites\/13\/2024\/03\/generic-page.jpg","twitter_site":"@PIXID_Group","twitter_misc":{"Tiempo de lectura":"3 minutos"},"schema":{"@context":"https:\/\/schema.org","@graph":[{"@type":"WebPage","@id":"https:\/\/www.pixid-vms.com\/es\/politica-cookies\/","url":"https:\/\/www.pixid-vms.com\/es\/politica-cookies\/","name":"Informaci\u00f3n sobre cookies","isPartOf":{"@id":"https:\/\/www.pixid-vms.com\/es\/#website"},"primaryImageOfPage":{"@id":"https:\/\/www.pixid-vms.com\/es\/politica-cookies\/#primaryimage"},"image":{"@id":"https:\/\/www.pixid-vms.com\/es\/politica-cookies\/#primaryimage"},"thumbnailUrl":"https:\/\/www.pixid-vms.com\/es\/wp-content\/uploads\/sites\/13\/2024\/03\/thumbnail-generic-page.jpg","datePublished":"2020-06-16T08:58:06+00:00","dateModified":"2025-01-17T11:42:33+00:00","description":"Descubra nuestra pol\u00edtica de cookies y c\u00f3mo PIXID utiliza las cookies. Comprenda sus opciones y preferencias sobre el seguimiento en l\u00ednea.","breadcrumb":{"@id":"https:\/\/www.pixid-vms.com\/es\/politica-cookies\/#breadcrumb"},"inLanguage":"es","potentialAction":[{"@type":"ReadAction","target":["https:\/\/www.pixid-vms.com\/es\/politica-cookies\/"]}]},{"@type":"ImageObject","inLanguage":"es","@id":"https:\/\/www.pixid-vms.com\/es\/politica-cookies\/#primaryimage","url":"https:\/\/www.pixid-vms.com\/es\/wp-content\/uploads\/sites\/13\/2024\/03\/thumbnail-generic-page.jpg","contentUrl":"https:\/\/www.pixid-vms.com\/es\/wp-content\/uploads\/sites\/13\/2024\/03\/thumbnail-generic-page.jpg","width":300,"height":300},{"@type":"BreadcrumbList","@id":"https:\/\/www.pixid-vms.com\/es\/politica-cookies\/#breadcrumb","itemListElement":[{"@type":"ListItem","position":1,"name":"Home","item":"https:\/\/www.pixid-vms.com\/es\/"},{"@type":"ListItem","position":2,"name":"Informaci\u00f3n sobre cookies"}]},{"@type":"WebSite","@id":"https:\/\/www.pixid-vms.com\/es\/#website","url":"https:\/\/www.pixid-vms.com\/es\/","name":"PIXID VMS ESPA\u00d1A","description":"Soluci\u00f3n de personal temporal","publisher":{"@id":"https:\/\/www.pixid-vms.com\/es\/#organization"},"potentialAction":[{"@type":"SearchAction","target":{"@type":"EntryPoint","urlTemplate":"https:\/\/www.pixid-vms.com\/es\/?s={search_term_string}"},"query-input":{"@type":"PropertyValueSpecification","valueRequired":true,"valueName":"search_term_string"}}],"inLanguage":"es"},{"@type":"Organization","@id":"https:\/\/www.pixid-vms.com\/es\/#organization","name":"PIXID VMS","url":"https:\/\/www.pixid-vms.com\/es\/","logo":{"@type":"ImageObject","inLanguage":"es","@id":"https:\/\/www.pixid-vms.com\/es\/#\/schema\/logo\/image\/","url":"https:\/\/www.pixid-vms.com\/es\/wp-content\/uploads\/sites\/13\/2025\/01\/PIXIDVMS-logo-colour-1.png","contentUrl":"https:\/\/www.pixid-vms.com\/es\/wp-content\/uploads\/sites\/13\/2025\/01\/PIXIDVMS-logo-colour-1.png","width":3238,"height":625,"caption":"PIXID VMS"},"image":{"@id":"https:\/\/www.pixid-vms.com\/es\/#\/schema\/logo\/image\/"},"sameAs":["https:\/\/x.com\/PIXID_Group","https:\/\/www.linkedin.com\/company\/pixid\/"]}]}},"lang":false,"translations":[],"_links":{"self":[{"href":"https:\/\/www.pixid-vms.com\/es\/wp-json\/wp\/v2\/pages\/5275","targetHints":{"allow":["GET"]}}],"collection":[{"href":"https:\/\/www.pixid-vms.com\/es\/wp-json\/wp\/v2\/pages"}],"about":[{"href":"https:\/\/www.pixid-vms.com\/es\/wp-json\/wp\/v2\/types\/page"}],"author":[{"embeddable":true,"href":"https:\/\/www.pixid-vms.com\/es\/wp-json\/wp\/v2\/users\/9"}],"replies":[{"embeddable":true,"href":"https:\/\/www.pixid-vms.com\/es\/wp-json\/wp\/v2\/comments?post=5275"}],"version-history":[{"count":0,"href":"https:\/\/www.pixid-vms.com\/es\/wp-json\/wp\/v2\/pages\/5275\/revisions"}],"wp:featuredmedia":[{"embeddable":true,"href":"https:\/\/www.pixid-vms.com\/es\/wp-json\/wp\/v2\/media\/5404"}],"wp:attachment":[{"href":"https:\/\/www.pixid-vms.com\/es\/wp-json\/wp\/v2\/media?parent=5275"}],"curies":[{"name":"wp","href":"https:\/\/api.w.org\/{rel}","templated":true}]}}