{"id":5530,"date":"2024-02-27T13:00:12","date_gmt":"2024-02-27T12:00:12","guid":{"rendered":"https:\/\/www.pixid-vms.com\/it\/?page_id=5530"},"modified":"2024-03-26T18:37:10","modified_gmt":"2024-03-26T17:37:10","slug":"menzioni-legali","status":"publish","type":"page","link":"https:\/\/www.pixid-vms.com\/it\/menzioni-legali\/","title":{"rendered":"PIXID VMS menzioni legali"},"content":{"rendered":"\t\t<div data-elementor-type=\"wp-page\" data-elementor-id=\"5530\" class=\"elementor elementor-5530\" data-elementor-post-type=\"page\">\n\t\t\t\t<div class=\"elementor-element elementor-element-585e52d9 e-con-full e-flex e-con e-parent\" data-id=\"585e52d9\" data-element_type=\"container\" data-settings=\"{&quot;background_background&quot;:&quot;classic&quot;}\">\n\t\t<div class=\"elementor-element elementor-element-3cfeb64c e-flex e-con-boxed e-con e-child\" data-id=\"3cfeb64c\" data-element_type=\"container\">\n\t\t\t\t\t<div class=\"e-con-inner\">\n\t\t\t\t<div class=\"elementor-element elementor-element-7a04bf0c elementor-widget elementor-widget-global elementor-global-5298 elementor-widget-image\" data-id=\"7a04bf0c\" data-element_type=\"widget\" data-widget_type=\"image.default\">\n\t\t\t\t<div class=\"elementor-widget-container\">\n\t\t\t\t\t\t\t\t\t\t\t\t\t\t\t<img fetchpriority=\"high\" decoding=\"async\" width=\"480\" height=\"480\" src=\"https:\/\/www.pixid-vms.com\/it\/wp-content\/uploads\/sites\/9\/2024\/01\/24-01-favicon-pixid.png\" class=\"attachment-full size-full wp-image-5277\" alt=\"\" srcset=\"https:\/\/www.pixid-vms.com\/it\/wp-content\/uploads\/sites\/9\/2024\/01\/24-01-favicon-pixid.png 480w, https:\/\/www.pixid-vms.com\/it\/wp-content\/uploads\/sites\/9\/2024\/01\/24-01-favicon-pixid-300x300.png 300w, https:\/\/www.pixid-vms.com\/it\/wp-content\/uploads\/sites\/9\/2024\/01\/24-01-favicon-pixid-150x150.png 150w\" sizes=\"(max-width: 480px) 100vw, 480px\" \/>\t\t\t\t\t\t\t\t\t\t\t\t\t\t\t<\/div>\n\t\t\t\t<\/div>\n\t\t\t\t<div class=\"elementor-element elementor-element-64d3ea2a elementor-widget elementor-widget-heading\" data-id=\"64d3ea2a\" data-element_type=\"widget\" data-widget_type=\"heading.default\">\n\t\t\t\t<div class=\"elementor-widget-container\">\n\t\t\t\t\t<h1 class=\"elementor-heading-title elementor-size-default\">Menzioni legali<\/h1>\t\t\t\t<\/div>\n\t\t\t\t<\/div>\n\t\t\t\t<div class=\"elementor-element elementor-element-32169fd1 elementor-widget elementor-widget-heading\" data-id=\"32169fd1\" data-element_type=\"widget\" data-widget_type=\"heading.default\">\n\t\t\t\t<div class=\"elementor-widget-container\">\n\t\t\t\t\t<h2 class=\"elementor-heading-title elementor-size-default\">Pubblicazione<\/h2>\t\t\t\t<\/div>\n\t\t\t\t<\/div>\n\t\t\t\t<div class=\"elementor-element elementor-element-50f6b6d3 elementor-widget elementor-widget-text-editor\" data-id=\"50f6b6d3\" data-element_type=\"widget\" data-widget_type=\"text-editor.default\">\n\t\t\t\t<div class=\"elementor-widget-container\">\n\t\t\t\t\t\t\t\t\t<p>Il sito <a href=\"https:\/\/www.pixid-vms.com\/it\/\">www.pixid-vms.com\/it\/<\/a> \u00e8 pubblicato dalla societ\u00e0 PIXID, societ\u00e0 con capitale di 300.000,00 EUR, iscritta al Registro delle Imprese di Nanterre con numero B 479 730 046.<\/p><p>Sede legale : 53-55 rue du Capitaine Guynemer, 92400 Courbevoie FRANCIA<br \/>Numero di telefono: +33 1 41 16 34 00<br \/>Rappresentante legale : M. Etienne COLELLA, Presidente<br \/>Direttore editoriale : M. Etienne COLELLA<\/p>\t\t\t\t\t\t\t\t<\/div>\n\t\t\t\t<\/div>\n\t\t\t\t<div class=\"elementor-element elementor-element-4e11bbe7 elementor-widget elementor-widget-heading\" data-id=\"4e11bbe7\" data-element_type=\"widget\" data-widget_type=\"heading.default\">\n\t\t\t\t<div class=\"elementor-widget-container\">\n\t\t\t\t\t<h2 class=\"elementor-heading-title elementor-size-default\">Hosting<\/h2>\t\t\t\t<\/div>\n\t\t\t\t<\/div>\n\t\t\t\t<div class=\"elementor-element elementor-element-5e11a115 elementor-widget elementor-widget-text-editor\" data-id=\"5e11a115\" data-element_type=\"widget\" data-widget_type=\"text-editor.default\">\n\t\t\t\t<div class=\"elementor-widget-container\">\n\t\t\t\t\t\t\t\t\t<p>Il sito web \u00e8 ospitato dalla societ\u00e0 WP Engine.<br>\nSede centrale: Irongate House, 22-30 Duke&#8217;s Place &#8211; Londra, EC3A 7LP Regno Unito<\/p>\n\t\t\t\t\t\t\t\t<\/div>\n\t\t\t\t<\/div>\n\t\t\t\t<div class=\"elementor-element elementor-element-7c4c4cf5 elementor-widget elementor-widget-heading\" data-id=\"7c4c4cf5\" data-element_type=\"widget\" data-widget_type=\"heading.default\">\n\t\t\t\t<div class=\"elementor-widget-container\">\n\t\t\t\t\t<h2 class=\"elementor-heading-title elementor-size-default\">Avviso legale<\/h2>\t\t\t\t<\/div>\n\t\t\t\t<\/div>\n\t\t\t\t<div class=\"elementor-element elementor-element-532a77c4 elementor-widget elementor-widget-text-editor\" data-id=\"532a77c4\" data-element_type=\"widget\" data-widget_type=\"text-editor.default\">\n\t\t\t\t<div class=\"elementor-widget-container\">\n\t\t\t\t\t\t\t\t\t<p>PIXID si impegna a rispettare tutte le leggi relative alla creazione e al funzionamento di un sito web. L&#8217;editore desidera richiamare l&#8217;attenzione degli utenti del suo sito web sui seguenti punti:\n<ul>\n \t<li>Questo sito web, in lingua inglese, \u00e8 un sito informativo destinato ai clienti, al personale e ai &#8220;navigatori&#8221; di PIXID VMS. Questo sito web \u00e8 soggetto alla legge francese. Navigando su questo sito web, accetta l&#8217;utilizzo di cookie o altri traccianti per facilitare la sua navigazione sul nostro sito e\/o aiutarci a effettuare visite statistiche. Pu\u00f2 impostare il suo browser in modo da rifiutare l&#8217;installazione di qualsiasi cookie, ma ci\u00f2 potrebbe comunque limitare la sua navigazione sul nostro sito. Il navigatore riconosce di aver preso conoscenza della presente Carta e accetta di rispettarla.<\/li>\n \t<li>Si ricorda che la riservatezza degli scambi di dati non \u00e8 garantita su Internet e che \u00e8 responsabilit\u00e0 del navigatore adottare tutte le misure appropriate per proteggere i propri dati e\/o software. Se non espressamente menzionato, tutti i contenuti del sito, compresi i testi e le immagini e il loro layout, sono di propriet\u00e0 di PIXID. Tutti i marchi utilizzati o citati in questo sito web appartengono ai rispettivi proprietari.<\/li>\n \t<li>Nessun contenuto del sito pu\u00f2 essere interpretato come un conferimento di diritti di qualsiasi tipo sui contenuti protetti da copyright, brevetti, marchi e altri interessi specifici di PIXID VMS o di terzi.<\/li>\n<\/ul>\t\t\t\t\t\t\t\t<\/div>\n\t\t\t\t<\/div>\n\t\t\t\t\t<\/div>\n\t\t\t\t<\/div>\n\t\t\t\t<\/div>\n\t\t\t\t<\/div>\n\t\t","protected":false},"excerpt":{"rendered":"<p>Menzioni legali Pubblicazione Il sito www.pixid-vms.com\/it\/ \u00e8 pubblicato dalla societ\u00e0 PIXID, societ\u00e0 con capitale di 300.000,00 EUR, iscritta al Registro delle Imprese di Nanterre con numero B 479 730 046. Sede legale : 53-55 rue du Capitaine Guynemer, 92400 Courbevoie FRANCIANumero di telefono: +33 1 41 16 34 00Rappresentante legale : M. Etienne COLELLA, PresidenteDirettore [&hellip;]<\/p>\n","protected":false},"author":9,"featured_media":5718,"parent":0,"menu_order":0,"comment_status":"closed","ping_status":"closed","template":"","meta":{"_acf_changed":false,"footnotes":""},"class_list":["post-5530","page","type-page","status-publish","has-post-thumbnail","hentry"],"acf":[],"yoast_head":"<!-- This site is optimized with the Yoast SEO plugin v27.2 - https:\/\/yoast.com\/product\/yoast-seo-wordpress\/ -->\n<title>Legal Information - Pixid VMS<\/title>\n<meta name=\"description\" content=\"Esplora le informazioni legali del gruppo PIXID, incluse politiche e dettagli di conformit\u00e0. Scopri come garantiamo trasparenza e conformit\u00e0 alle normative\" \/>\n<meta name=\"robots\" content=\"index, follow, max-snippet:-1, max-image-preview:large, max-video-preview:-1\" \/>\n<link rel=\"canonical\" href=\"https:\/\/www.pixid-vms.com\/it\/menzioni-legali\/\" \/>\n<meta property=\"og:locale\" content=\"it_IT\" \/>\n<meta property=\"og:type\" content=\"article\" \/>\n<meta property=\"og:title\" content=\"Legal Information - Pixid VMS\" \/>\n<meta property=\"og:description\" content=\"Esplora le informazioni legali del gruppo PIXID, incluse politiche e dettagli di conformit\u00e0. Scopri come garantiamo trasparenza e conformit\u00e0 alle normative\" \/>\n<meta property=\"og:url\" content=\"https:\/\/www.pixid-vms.com\/it\/menzioni-legali\/\" \/>\n<meta property=\"og:site_name\" content=\"PIXID VMS ITALIA\" \/>\n<meta property=\"article:modified_time\" content=\"2024-03-26T17:37:10+00:00\" \/>\n<meta property=\"og:image\" content=\"https:\/\/www.pixid-vms.com\/it\/wp-content\/uploads\/sites\/9\/2024\/03\/generic-page-2.jpg\" \/>\n\t<meta property=\"og:image:width\" content=\"1920\" \/>\n\t<meta property=\"og:image:height\" content=\"667\" \/>\n\t<meta property=\"og:image:type\" content=\"image\/jpeg\" \/>\n<meta name=\"twitter:card\" content=\"summary_large_image\" \/>\n<meta name=\"twitter:image\" content=\"https:\/\/www.pixid-vms.com\/it\/wp-content\/uploads\/sites\/9\/2024\/03\/generic-page-2.jpg\" \/>\n<meta name=\"twitter:site\" content=\"@PIXID_Group\" \/>\n<meta name=\"twitter:label1\" content=\"Tempo di lettura stimato\" \/>\n\t<meta name=\"twitter:data1\" content=\"2 minuti\" \/>\n<script type=\"application\/ld+json\" class=\"yoast-schema-graph\">{\"@context\":\"https:\/\/schema.org\",\"@graph\":[{\"@type\":\"WebPage\",\"@id\":\"https:\/\/www.pixid-vms.com\/it\/menzioni-legali\/\",\"url\":\"https:\/\/www.pixid-vms.com\/it\/menzioni-legali\/\",\"name\":\"Legal Information - Pixid VMS\",\"isPartOf\":{\"@id\":\"https:\/\/www.pixid-vms.com\/it\/#website\"},\"primaryImageOfPage\":{\"@id\":\"https:\/\/www.pixid-vms.com\/it\/menzioni-legali\/#primaryimage\"},\"image\":{\"@id\":\"https:\/\/www.pixid-vms.com\/it\/menzioni-legali\/#primaryimage\"},\"thumbnailUrl\":\"https:\/\/www.pixid-vms.com\/it\/wp-content\/uploads\/sites\/9\/2024\/03\/thumbnail-generic-page-2.jpg\",\"datePublished\":\"2024-02-27T12:00:12+00:00\",\"dateModified\":\"2024-03-26T17:37:10+00:00\",\"description\":\"Esplora le informazioni legali del gruppo PIXID, incluse politiche e dettagli di conformit\u00e0. Scopri come garantiamo trasparenza e conformit\u00e0 alle normative\",\"breadcrumb\":{\"@id\":\"https:\/\/www.pixid-vms.com\/it\/menzioni-legali\/#breadcrumb\"},\"inLanguage\":\"it-IT\",\"potentialAction\":[{\"@type\":\"ReadAction\",\"target\":[\"https:\/\/www.pixid-vms.com\/it\/menzioni-legali\/\"]}]},{\"@type\":\"ImageObject\",\"inLanguage\":\"it-IT\",\"@id\":\"https:\/\/www.pixid-vms.com\/it\/menzioni-legali\/#primaryimage\",\"url\":\"https:\/\/www.pixid-vms.com\/it\/wp-content\/uploads\/sites\/9\/2024\/03\/thumbnail-generic-page-2.jpg\",\"contentUrl\":\"https:\/\/www.pixid-vms.com\/it\/wp-content\/uploads\/sites\/9\/2024\/03\/thumbnail-generic-page-2.jpg\",\"width\":300,\"height\":300},{\"@type\":\"BreadcrumbList\",\"@id\":\"https:\/\/www.pixid-vms.com\/it\/menzioni-legali\/#breadcrumb\",\"itemListElement\":[{\"@type\":\"ListItem\",\"position\":1,\"name\":\"Home\",\"item\":\"https:\/\/www.pixid-vms.com\/it\/\"},{\"@type\":\"ListItem\",\"position\":2,\"name\":\"PIXID VMS menzioni legali\"}]},{\"@type\":\"WebSite\",\"@id\":\"https:\/\/www.pixid-vms.com\/it\/#website\",\"url\":\"https:\/\/www.pixid-vms.com\/it\/\",\"name\":\"PIXID VMS ITALIA\",\"description\":\"Software di gestione temporanea\",\"publisher\":{\"@id\":\"https:\/\/www.pixid-vms.com\/it\/#organization\"},\"potentialAction\":[{\"@type\":\"SearchAction\",\"target\":{\"@type\":\"EntryPoint\",\"urlTemplate\":\"https:\/\/www.pixid-vms.com\/it\/?s={search_term_string}\"},\"query-input\":{\"@type\":\"PropertyValueSpecification\",\"valueRequired\":true,\"valueName\":\"search_term_string\"}}],\"inLanguage\":\"it-IT\"},{\"@type\":\"Organization\",\"@id\":\"https:\/\/www.pixid-vms.com\/it\/#organization\",\"name\":\"PIXID VMS\",\"url\":\"https:\/\/www.pixid-vms.com\/it\/\",\"logo\":{\"@type\":\"ImageObject\",\"inLanguage\":\"it-IT\",\"@id\":\"https:\/\/www.pixid-vms.com\/it\/#\/schema\/logo\/image\/\",\"url\":\"https:\/\/www.pixid-vms.com\/it\/wp-content\/uploads\/sites\/9\/2022\/10\/PIXIDVMS-logo-colour.png\",\"contentUrl\":\"https:\/\/www.pixid-vms.com\/it\/wp-content\/uploads\/sites\/9\/2022\/10\/PIXIDVMS-logo-colour.png\",\"width\":3238,\"height\":625,\"caption\":\"PIXID VMS\"},\"image\":{\"@id\":\"https:\/\/www.pixid-vms.com\/it\/#\/schema\/logo\/image\/\"},\"sameAs\":[\"https:\/\/x.com\/PIXID_Group\",\"https:\/\/www.linkedin.com\/company\/pixid\/\"]}]}<\/script>\n<!-- \/ Yoast SEO plugin. -->","yoast_head_json":{"title":"Legal Information - Pixid VMS","description":"Esplora le informazioni legali del gruppo PIXID, incluse politiche e dettagli di conformit\u00e0. Scopri come garantiamo trasparenza e conformit\u00e0 alle normative","robots":{"index":"index","follow":"follow","max-snippet":"max-snippet:-1","max-image-preview":"max-image-preview:large","max-video-preview":"max-video-preview:-1"},"canonical":"https:\/\/www.pixid-vms.com\/it\/menzioni-legali\/","og_locale":"it_IT","og_type":"article","og_title":"Legal Information - Pixid VMS","og_description":"Esplora le informazioni legali del gruppo PIXID, incluse politiche e dettagli di conformit\u00e0. Scopri come garantiamo trasparenza e conformit\u00e0 alle normative","og_url":"https:\/\/www.pixid-vms.com\/it\/menzioni-legali\/","og_site_name":"PIXID VMS ITALIA","article_modified_time":"2024-03-26T17:37:10+00:00","og_image":[{"width":1920,"height":667,"url":"https:\/\/www.pixid-vms.com\/it\/wp-content\/uploads\/sites\/9\/2024\/03\/generic-page-2.jpg","type":"image\/jpeg"}],"twitter_card":"summary_large_image","twitter_image":"https:\/\/www.pixid-vms.com\/it\/wp-content\/uploads\/sites\/9\/2024\/03\/generic-page-2.jpg","twitter_site":"@PIXID_Group","twitter_misc":{"Tempo di lettura stimato":"2 minuti"},"schema":{"@context":"https:\/\/schema.org","@graph":[{"@type":"WebPage","@id":"https:\/\/www.pixid-vms.com\/it\/menzioni-legali\/","url":"https:\/\/www.pixid-vms.com\/it\/menzioni-legali\/","name":"Legal Information - Pixid VMS","isPartOf":{"@id":"https:\/\/www.pixid-vms.com\/it\/#website"},"primaryImageOfPage":{"@id":"https:\/\/www.pixid-vms.com\/it\/menzioni-legali\/#primaryimage"},"image":{"@id":"https:\/\/www.pixid-vms.com\/it\/menzioni-legali\/#primaryimage"},"thumbnailUrl":"https:\/\/www.pixid-vms.com\/it\/wp-content\/uploads\/sites\/9\/2024\/03\/thumbnail-generic-page-2.jpg","datePublished":"2024-02-27T12:00:12+00:00","dateModified":"2024-03-26T17:37:10+00:00","description":"Esplora le informazioni legali del gruppo PIXID, incluse politiche e dettagli di conformit\u00e0. Scopri come garantiamo trasparenza e conformit\u00e0 alle normative","breadcrumb":{"@id":"https:\/\/www.pixid-vms.com\/it\/menzioni-legali\/#breadcrumb"},"inLanguage":"it-IT","potentialAction":[{"@type":"ReadAction","target":["https:\/\/www.pixid-vms.com\/it\/menzioni-legali\/"]}]},{"@type":"ImageObject","inLanguage":"it-IT","@id":"https:\/\/www.pixid-vms.com\/it\/menzioni-legali\/#primaryimage","url":"https:\/\/www.pixid-vms.com\/it\/wp-content\/uploads\/sites\/9\/2024\/03\/thumbnail-generic-page-2.jpg","contentUrl":"https:\/\/www.pixid-vms.com\/it\/wp-content\/uploads\/sites\/9\/2024\/03\/thumbnail-generic-page-2.jpg","width":300,"height":300},{"@type":"BreadcrumbList","@id":"https:\/\/www.pixid-vms.com\/it\/menzioni-legali\/#breadcrumb","itemListElement":[{"@type":"ListItem","position":1,"name":"Home","item":"https:\/\/www.pixid-vms.com\/it\/"},{"@type":"ListItem","position":2,"name":"PIXID VMS menzioni legali"}]},{"@type":"WebSite","@id":"https:\/\/www.pixid-vms.com\/it\/#website","url":"https:\/\/www.pixid-vms.com\/it\/","name":"PIXID VMS ITALIA","description":"Software di gestione temporanea","publisher":{"@id":"https:\/\/www.pixid-vms.com\/it\/#organization"},"potentialAction":[{"@type":"SearchAction","target":{"@type":"EntryPoint","urlTemplate":"https:\/\/www.pixid-vms.com\/it\/?s={search_term_string}"},"query-input":{"@type":"PropertyValueSpecification","valueRequired":true,"valueName":"search_term_string"}}],"inLanguage":"it-IT"},{"@type":"Organization","@id":"https:\/\/www.pixid-vms.com\/it\/#organization","name":"PIXID VMS","url":"https:\/\/www.pixid-vms.com\/it\/","logo":{"@type":"ImageObject","inLanguage":"it-IT","@id":"https:\/\/www.pixid-vms.com\/it\/#\/schema\/logo\/image\/","url":"https:\/\/www.pixid-vms.com\/it\/wp-content\/uploads\/sites\/9\/2022\/10\/PIXIDVMS-logo-colour.png","contentUrl":"https:\/\/www.pixid-vms.com\/it\/wp-content\/uploads\/sites\/9\/2022\/10\/PIXIDVMS-logo-colour.png","width":3238,"height":625,"caption":"PIXID VMS"},"image":{"@id":"https:\/\/www.pixid-vms.com\/it\/#\/schema\/logo\/image\/"},"sameAs":["https:\/\/x.com\/PIXID_Group","https:\/\/www.linkedin.com\/company\/pixid\/"]}]}},"lang":false,"translations":[],"_links":{"self":[{"href":"https:\/\/www.pixid-vms.com\/it\/wp-json\/wp\/v2\/pages\/5530","targetHints":{"allow":["GET"]}}],"collection":[{"href":"https:\/\/www.pixid-vms.com\/it\/wp-json\/wp\/v2\/pages"}],"about":[{"href":"https:\/\/www.pixid-vms.com\/it\/wp-json\/wp\/v2\/types\/page"}],"author":[{"embeddable":true,"href":"https:\/\/www.pixid-vms.com\/it\/wp-json\/wp\/v2\/users\/9"}],"replies":[{"embeddable":true,"href":"https:\/\/www.pixid-vms.com\/it\/wp-json\/wp\/v2\/comments?post=5530"}],"version-history":[{"count":0,"href":"https:\/\/www.pixid-vms.com\/it\/wp-json\/wp\/v2\/pages\/5530\/revisions"}],"wp:featuredmedia":[{"embeddable":true,"href":"https:\/\/www.pixid-vms.com\/it\/wp-json\/wp\/v2\/media\/5718"}],"wp:attachment":[{"href":"https:\/\/www.pixid-vms.com\/it\/wp-json\/wp\/v2\/media?parent=5530"}],"curies":[{"name":"wp","href":"https:\/\/api.w.org\/{rel}","templated":true}]}}